{"id":59746,"date":"2019-01-02T13:09:42","date_gmt":"2019-01-02T13:09:42","guid":{"rendered":"https:\/\/cliniccenter.co.uk\/doctors\/dr-cagri\/"},"modified":"2025-09-10T07:47:47","modified_gmt":"2025-09-10T07:47:47","slug":"dr-cagri","status":"publish","type":"page","link":"https:\/\/cliniccenter.co.uk\/ro\/dr-cagri\/","title":{"rendered":"Dr. Cagri | Medic \u00een Chirurgie Plastic\u0103 | Clinic Center"},"content":{"rendered":"\n<div class=\"wp-block-columns is-layout-flex wp-container-core-columns-is-layout-3 wp-block-columns-is-layout-flex\">\n<div class=\"wp-block-column is-layout-flow wp-block-column-is-layout-flow\" style=\"flex-basis:33.33%\">\n<figure class=\"wp-block-image alignleft size-large is-resized\"><img decoding=\"async\" src=\"https:\/\/cliniccenter.co.uk\/wp-content\/uploads\/2023\/11\/cagri-sade-1-517x1024-1.webp\" alt=\"\" class=\"wp-image-24229 skip-lazy\" style=\"aspect-ratio:0.5048828125;width:322px;height:auto\"\/><\/figure>\n<\/div>\n\n\n\n<div class=\"wp-block-column is-layout-flow wp-block-column-is-layout-flow\" style=\"flex-basis:66.66%\">\n<div class=\"wp-block-columns is-layout-flex wp-container-core-columns-is-layout-1 wp-block-columns-is-layout-flex\">\n<div class=\"wp-block-column leftpadbox is-layout-flow wp-block-column-is-layout-flow\">\n<p>Doctor Cagri a absolvit Facultatea de Medicin\u0103 a Universit\u0103\u021bii din Ankara \u00een anul 1994 \u0219i \u0219i-a finalizat reziden\u021biatul \u00een anul 2001, \u00eentr-unul dintre cele mai importante spitale universitare \u0219i de cercetare din Istanbul, Turcia.<br>Dup\u0103 realizarea a mii de opera\u021bii de succes, doctor Cagri a dob\u00e2ndit o experien\u021b\u0103 vast\u0103, lucr\u00e2nd al\u0103turi de unii dintre cei mai renumi\u021bi speciali\u0219ti din domeniul chirurgiei plastice \u0219i reconstructive. Dup\u0103 finalizarea reziden\u021biatului \u00een 2001, a avut privilegiul de a colabora cu unul dintre cei mai cunoscu\u021bi pionieri ai chirurgiei plastice din Turcia.<\/p>\n\n\n\n<p>\u00cen anul 2002, doctor Cagri a participat la un program de observare sub \u00eendrumarea chirurgului plastician american Dr. Sherrell J. Aston, iar \u00een acela\u0219i an a devenit chirurg \u00een cadrul Spitalului American din Istanbul. Dr. Cagri se axeaz\u0103 \u00een principal pe proceduri estetice \u0219i reconstructive, chirurgicale \u0219i nechirurgicale, adresate at\u00e2t femeilor, c\u00e2t \u0219i b\u0103rba\u021bilor. Cu o experien\u021b\u0103 de peste 10 ani \u00een domeniu, pacien\u021bii sunt foarte mul\u021bumi\u021bi de abordarea sa prietenoas\u0103, de abilit\u0103\u021bile sale excelente de comunicare \u0219i de rezultatele ob\u021binute \u00een urma fiec\u0103rei opera\u021bii.<\/p>\n<\/div>\n<\/div>\n\n\n\n<h3 class=\"wp-block-heading\">Certificate<\/h3>\n\n\n\n<figure class=\"wp-block-gallery has-nested-images columns-default is-cropped wp-block-gallery-1 is-layout-flex wp-block-gallery-is-layout-flex\">\n<figure class=\"wp-block-image size-large\"><img decoding=\"async\" width=\"300\" height=\"221\" src=\"https:\/\/cliniccenter.co.uk\/wp-content\/uploads\/2021\/09\/cagri-sade-2-1.jpeg\" alt=\"\" class=\"wp-image-16625\"\/><\/figure>\n\n\n\n<figure class=\"wp-block-image size-large\"><img decoding=\"async\" width=\"300\" height=\"230\" src=\"https:\/\/cliniccenter.co.uk\/wp-content\/uploads\/2021\/09\/Cagri-Sade-Certificate-1.jpeg\" alt=\"\" class=\"wp-image-16631\"\/><\/figure>\n<\/figure>\n\n\n\n<div class=\"wp-block-columns is-layout-flex wp-container-core-columns-is-layout-2 wp-block-columns-is-layout-flex\">\n<div class=\"wp-block-column leftpadbox is-layout-flow wp-block-column-is-layout-flow\">\n<p><strong>Experien\u021b\u0103:<\/strong> 18 ani<br><span id=\"docs-internal-guid-a10687cf-7fff-8960-f921-af86324b529e\"><span style=\"font-size: 11.5pt; font-family: Roboto, sans-serif; background-color: transparent; font-weight: 700; font-variant-numeric: normal; font-variant-east-asian: normal; font-variant-alternates: normal; font-variant-position: normal; font-variant-emoji: normal; vertical-align: baseline;\">P<\/span><\/span><strong>acien\u021bi interna\u021bionali trata\u021bi:<\/strong> Regatul Unit, Irlanda, Australia, Statele Unite ale Americii, Emiratele Arabe Unite, Arabia Saudit\u0103, Kuweit<br><strong>Domenii de specializare:<\/strong> <a href=\"https:\/\/cliniccenter.co.uk\/ro\/implanturi-mamare-in-turcia\/\">Augmentare mamar\u0103 (implanturi mamare, m\u0103rirea s\u00e2nilor)<\/a>, <a href=\"https:\/\/cliniccenter.co.uk\/ro\/lifting-mamar-in-turcia\/\">lifting mamar<\/a>, <a href=\"#\">reduc\u021bie mamar\u0103<\/a>, <a href=\"https:\/\/cliniccenter.co.uk\/ro\/rinoplastie-in-turcia\/\">rinoplastie (opera\u021bie estetic\u0103 a nasului)<\/a>, <a href=\"#\">\u00a0septorinoplastie<\/a>, <a href=\"https:\/\/cliniccenter.co.uk\/ro\/liposuctie-in-turcia\/\">liposuc\u021bie (\u00eendep\u0103rtarea gr\u0103simii)<\/a>, <a href=\"https:\/\/cliniccenter.co.uk\/ro\/liposuctie-in-turcia\/\">liposuc\u021bie Vaser &amp; Hi-Def Vaser<\/a>, <a href=\"#\">abdominoplastie<\/a>, <a href=\"#\">liftingul brazilian de feselor (BBL)<\/a>, <a href=\"#\">lifting facial (ritidectomie)<\/a>, <a href=\"#\">blefaroplastie (chirurgia pleoapelor)<\/a>, <a href=\"https:\/\/cliniccenter.co.uk\/gynecomastia-in-turkey\/\">g<\/a><a href=\"#\">inecomastie (reduc\u021bia s\u00e2nilor la b\u0103rba\u021bi)<\/a>, <a href=\"#\">Mommy Makeover<\/a>, <a href=\"#\">lifting cervical (platismoplastie)<\/a>, <a href=\"#\">lifting brahial (brahioplastie)<\/a>, <a href=\"#\">lifting al spr\u00e2ncenelor<\/a>, <a href=\"#\">otoplastie (chirurgie estetic\u0103 a urechilor)<\/a>, <a href=\"#\">Cosmetic Surgeries<\/a>.<br><strong>Ora\u0219:<\/strong> Istanbul, Turcia<br><strong>Zile de lucru:<\/strong> Zilele lucr\u0103toare \u0219i s\u00e2mb\u0103ta<br><strong>Contact<\/strong>:\u00a0+44 20 3575 1039 &amp; info@cliniccenter.co.uk<br><strong><a href=\"https:\/\/cliniccenter.co.uk\/ro\/chirurgie-estetica\/\">Chirurgi plasticieni<\/a><\/strong><\/p>\n<\/div>\n<\/div>\n<\/div>\n<\/div>\n\n\n\n<script type=\"application\/ld+json\">\n    {\n        \"@context\": \"http:\\\/\\\/schema.org\",\n        \"@type\": \"Physician\",\n        \"@id\": \"https:\/\/cliniccenter.co.uk\/dr-cagri\/\",\n        \"areaServed\": {\n            \"@type\": \"Place\",\n            \"name\": \"Istanbul, Turkey\"\n        },\n        \"alumniOf\": {\n            \"@type\": \"OrganizationRole\",\n            \"alumniOf\": {\n                \"@type\": \"CollegeOrUniversity\",\n                \"name\": \"Ankara University\"\n            }\n        },\n        \"employee\": {\n            \"@type\": \"Person\",\n            \"@id\": \"https:\/\/cliniccenter.co.uk\/dr-cagri\/\",\n            \"description\": \"Doctor Cagri graduated from Ankara University, Faculty of Medicine in 1994 and completed his residency at one of the most teaching research hospitals in Istanbul, Turkey in 2001.Having performed thousands of successful surgeries, Dr. Cagri gained high experience practicing under some of the leading names in the field of plastic and reconstructive surgery. Following the completion of his residency in 2001, he had the privilege of working with one of the most popular pioneers in the field of plastic surgery in Turkey.Doctor Cagri joined the observer-ship program of the American plastic surgeon Dr. Sherrell J. Aston\u2019s in 2002 and the same year became a staff surgeon at the American Hospital in Istanbul.  MD, Cagri Sade mainly focuses on surgical and non-surgical, aesthetic, and reconstructive procedures for both men and women. With more than 10 years of experience in the field, Dr. Cagri\u2019s patients are very pleased with his friendly approach, communication skills, and surgery results.\",\n            \"hasOccupation\": {\n                \"@type\": \"Occupation\",\n                \"name\": \"Plastic Surgeon\"\n            },\n            \"knowsLanguage\": {\n                \"@type\": \"Language\",\n                \"name\": \"English\",\n                \"alternateName\": \"en\"\n            },\n            \"honorificSuffix\": \"Dr.\"\n        },\n        \"hospitalAffiliation\": {\n            \"image\": {\n                \"@type\": \"ImageObject\",\n                \"@id\": \"https:\/\/cliniccenter.co.uk\/wp-content\/uploads\/2022\/01\/cagri-sade-1.jpg\"\n            }\n        },\n        \"isAcceptingNewPatients\": \"https:\\\/\\\/schema.org\\\/True\",\n        \"isAccessibleForFree\": \"https:\\\/\\\/schema.org\\\/False\",\n        \"medicalSpecialty\": {\n            \"@type\": \"MedicalSpecialty\",\n            \"name\": \"Breast Augmentation (Breast Implants, Breast Enlargement), Breast Lift, Breast Reduction, Rhinoplasty (Nose Job), Septorhinoplasty, Liposuction (Fat Removal), Vaser & Hi-Def Vaser Liposuction, Tummy Tuck, Brazilian Butt Lift (BBL), Facelift (Rhytidectomy), Eyelid Surgery (Blepharoplasty), Gynecomastia (Male Breast Reduction), Mommy Makeover, Thigh Lift (Thighplasty), Neck Lift (Platysmaplasty), Arm Lift  (Brachioplasty), Brow Lift, Cosmetic Ear Surgery (Otoplasty), Cosmetic Surgeries.\"\n        },\n        \"name\": \"Dr. Cagri\"\n    }\n<\/script>\n","protected":false},"excerpt":{"rendered":"<p>Doctor Cagri a absolvit Facultatea de Medicin\u0103 a Universit\u0103\u021bii din Ankara \u00een anul 1994 \u0219i \u0219i-a finalizat reziden\u021biatul \u00een anul 2001, \u00eentr-unul dintre cele mai importante spitale universitare \u0219i de cercetare din Istanbul, Turcia.Dup\u0103 realizarea a mii de opera\u021bii de succes, doctor Cagri a dob\u00e2ndit o experien\u021b\u0103 vast\u0103, lucr\u00e2nd al\u0103turi de unii dintre cei mai [&hellip;]<\/p>\n","protected":false},"author":2,"featured_media":0,"parent":59660,"menu_order":0,"comment_status":"closed","ping_status":"closed","template":"","meta":{"_uag_custom_page_level_css":"","_lmt_disableupdate":"no","_lmt_disable":"","site-sidebar-layout":"default","site-content-layout":"default","ast-site-content-layout":"default","site-content-style":"default","site-sidebar-style":"default","ast-global-header-display":"","ast-banner-title-visibility":"","ast-main-header-display":"","ast-hfb-above-header-display":"","ast-hfb-below-header-display":"","ast-hfb-mobile-header-display":"","site-post-title":"","ast-breadcrumbs-content":"","ast-featured-img":"","footer-sml-layout":"","theme-transparent-header-meta":"default","adv-header-id-meta":"","stick-header-meta":"","header-above-stick-meta":"","header-main-stick-meta":"","header-below-stick-meta":"","astra-migrate-meta-layouts":"set","ast-page-background-enabled":"default","ast-page-background-meta":{"desktop":{"background-color":"","background-image":"","background-repeat":"repeat","background-position":"center center","background-size":"auto","background-attachment":"scroll","background-type":"","background-media":"","overlay-type":"","overlay-color":"","overlay-opacity":"","overlay-gradient":""},"tablet":{"background-color":"","background-image":"","background-repeat":"repeat","background-position":"center center","background-size":"auto","background-attachment":"scroll","background-type":"","background-media":"","overlay-type":"","overlay-color":"","overlay-opacity":"","overlay-gradient":""},"mobile":{"background-color":"","background-image":"","background-repeat":"repeat","background-position":"center center","background-size":"auto","background-attachment":"scroll","background-type":"","background-media":"","overlay-type":"","overlay-color":"","overlay-opacity":"","overlay-gradient":""}},"ast-content-background-meta":{"desktop":{"background-color":"var(--ast-global-color-5)","background-image":"","background-repeat":"repeat","background-position":"center center","background-size":"auto","background-attachment":"scroll","background-type":"","background-media":"","overlay-type":"","overlay-color":"","overlay-opacity":"","overlay-gradient":""},"tablet":{"background-color":"var(--ast-global-color-5)","background-image":"","background-repeat":"repeat","background-position":"center center","background-size":"auto","background-attachment":"scroll","background-type":"","background-media":"","overlay-type":"","overlay-color":"","overlay-opacity":"","overlay-gradient":""},"mobile":{"background-color":"var(--ast-global-color-5)","background-image":"","background-repeat":"repeat","background-position":"center center","background-size":"auto","background-attachment":"scroll","background-type":"","background-media":"","overlay-type":"","overlay-color":"","overlay-opacity":"","overlay-gradient":""}},"footnotes":""},"class_list":["post-59746","page","type-page","status-publish","hentry"],"yoast_head":"<!-- This site is optimized with the Yoast SEO plugin v25.3.1 - https:\/\/yoast.com\/wordpress\/plugins\/seo\/ -->\n<title>Dr. Cagri | Medic \u00een Chirurgie Plastic\u0103 | Clinic Center<\/title>\n<meta name=\"description\" content=\"Cite\u0219te mai multe despre Dr. Cagri de la Clinic Center, cu o experien\u021b\u0103 de 18 ani \u00een chirurgia plastic\u0103.\" \/>\n<meta name=\"robots\" content=\"index, follow, max-snippet:-1, max-image-preview:large, max-video-preview:-1\" \/>\n<link rel=\"canonical\" href=\"https:\/\/cliniccenter.co.uk\/ro\/dr-cagri\/\" \/>\n<meta property=\"og:locale\" content=\"ro_RO\" \/>\n<meta property=\"og:type\" content=\"article\" \/>\n<meta property=\"og:title\" content=\"Dr. Cagri | Medic \u00een Chirurgie Plastic\u0103 | Clinic Center\" \/>\n<meta property=\"og:description\" content=\"Cite\u0219te mai multe despre Dr. Cagri de la Clinic Center, cu o experien\u021b\u0103 de 18 ani \u00een chirurgia plastic\u0103.\" \/>\n<meta property=\"og:url\" content=\"https:\/\/cliniccenter.co.uk\/ro\/dr-cagri\/\" \/>\n<meta property=\"article:publisher\" content=\"https:\/\/www.facebook.com\/cliniccenter.co.uk\/\" \/>\n<meta property=\"article:modified_time\" content=\"2025-09-10T07:47:47+00:00\" \/>\n<meta property=\"og:image\" content=\"https:\/\/cliniccenter.co.uk\/wp-content\/uploads\/2023\/11\/cagri-sade-1-517x1024-1.webp\" \/>\n<meta name=\"twitter:card\" content=\"summary_large_image\" \/>\n<meta name=\"twitter:site\" content=\"@cliniccenteruk\" \/>\n<meta name=\"twitter:label1\" content=\"Timp estimat pentru citire\" \/>\n\t<meta name=\"twitter:data1\" content=\"2 minute\" \/>\n<!-- \/ Yoast SEO plugin. -->","yoast_head_json":{"title":"Dr. Cagri | Medic \u00een Chirurgie Plastic\u0103 | Clinic Center","description":"Cite\u0219te mai multe despre Dr. Cagri de la Clinic Center, cu o experien\u021b\u0103 de 18 ani \u00een chirurgia plastic\u0103.","robots":{"index":"index","follow":"follow","max-snippet":"max-snippet:-1","max-image-preview":"max-image-preview:large","max-video-preview":"max-video-preview:-1"},"canonical":"https:\/\/cliniccenter.co.uk\/ro\/dr-cagri\/","og_locale":"ro_RO","og_type":"article","og_title":"Dr. Cagri | Medic \u00een Chirurgie Plastic\u0103 | Clinic Center","og_description":"Cite\u0219te mai multe despre Dr. Cagri de la Clinic Center, cu o experien\u021b\u0103 de 18 ani \u00een chirurgia plastic\u0103.","og_url":"https:\/\/cliniccenter.co.uk\/ro\/dr-cagri\/","article_publisher":"https:\/\/www.facebook.com\/cliniccenter.co.uk\/","article_modified_time":"2025-09-10T07:47:47+00:00","og_image":[{"url":"https:\/\/cliniccenter.co.uk\/wp-content\/uploads\/2023\/11\/cagri-sade-1-517x1024-1.webp","type":"","width":"","height":""}],"twitter_card":"summary_large_image","twitter_site":"@cliniccenteruk","twitter_misc":{"Timp estimat pentru citire":"2 minute"},"schema":{"@context":"https:\/\/schema.org","@graph":[{"@type":"WebPage","@id":"https:\/\/cliniccenter.co.uk\/ro\/dr-cagri\/","url":"https:\/\/cliniccenter.co.uk\/ro\/dr-cagri\/","name":"Dr. Cagri | Medic \u00een Chirurgie Plastic\u0103 | Clinic Center","isPartOf":{"@id":"https:\/\/cliniccenter.co.uk\/ro\/#website"},"primaryImageOfPage":{"@id":"https:\/\/cliniccenter.co.uk\/ro\/dr-cagri\/#primaryimage"},"image":{"@id":"https:\/\/cliniccenter.co.uk\/ro\/dr-cagri\/#primaryimage"},"thumbnailUrl":"https:\/\/cliniccenter.co.uk\/wp-content\/uploads\/2023\/11\/cagri-sade-1-517x1024-1.webp","datePublished":"2019-01-02T13:09:42+00:00","dateModified":"2025-09-10T07:47:47+00:00","description":"Cite\u0219te mai multe despre Dr. Cagri de la Clinic Center, cu o experien\u021b\u0103 de 18 ani \u00een chirurgia plastic\u0103.","breadcrumb":{"@id":"https:\/\/cliniccenter.co.uk\/ro\/dr-cagri\/#breadcrumb"},"inLanguage":"ro-RO","potentialAction":[{"@type":"ReadAction","target":["https:\/\/cliniccenter.co.uk\/ro\/dr-cagri\/"]}]},{"@type":"ImageObject","inLanguage":"ro-RO","@id":"https:\/\/cliniccenter.co.uk\/ro\/dr-cagri\/#primaryimage","url":"https:\/\/cliniccenter.co.uk\/wp-content\/uploads\/2023\/11\/cagri-sade-1-517x1024-1.webp","contentUrl":"https:\/\/cliniccenter.co.uk\/wp-content\/uploads\/2023\/11\/cagri-sade-1-517x1024-1.webp"},{"@type":"BreadcrumbList","@id":"https:\/\/cliniccenter.co.uk\/ro\/dr-cagri\/#breadcrumb","itemListElement":[{"@type":"ListItem","position":1,"name":"Home","item":"https:\/\/cliniccenter.co.uk\/ro\/"},{"@type":"ListItem","position":2,"name":"Cei Mai Buni Chirurgi din Turcia | Cele Mai Bune Chirurgii din Turcia","item":"https:\/\/cliniccenter.co.uk\/ro\/doctors\/"},{"@type":"ListItem","position":3,"name":"Dr. Cagri | Medic \u00een Chirurgie Plastic\u0103 | Clinic Center"}]},{"@type":"WebSite","@id":"https:\/\/cliniccenter.co.uk\/ro\/#website","url":"https:\/\/cliniccenter.co.uk\/ro\/","name":"","description":"","potentialAction":[{"@type":"SearchAction","target":{"@type":"EntryPoint","urlTemplate":"https:\/\/cliniccenter.co.uk\/ro\/?s={search_term_string}"},"query-input":{"@type":"PropertyValueSpecification","valueRequired":true,"valueName":"search_term_string"}}],"inLanguage":"ro-RO"}]}},"uagb_featured_image_src":{"full":false,"thumbnail":false,"medium":false,"medium_large":false,"large":false,"1536x1536":false,"2048x2048":false},"uagb_author_info":{"display_name":"Sertac Ceki","author_link":"https:\/\/cliniccenter.co.uk\/ro\/blog\/author\/sertaccliniccenter-co-uk\/"},"uagb_comment_info":0,"uagb_excerpt":"Doctor Cagri a absolvit Facultatea de Medicin\u0103 a Universit\u0103\u021bii din Ankara \u00een anul 1994 \u0219i \u0219i-a finalizat reziden\u021biatul \u00een anul 2001, \u00eentr-unul dintre cele mai importante spitale universitare \u0219i de cercetare din Istanbul, Turcia.Dup\u0103 realizarea a mii de opera\u021bii de succes, doctor Cagri a dob\u00e2ndit o experien\u021b\u0103 vast\u0103, lucr\u00e2nd al\u0103turi de unii dintre cei mai&hellip;","_links":{"self":[{"href":"https:\/\/cliniccenter.co.uk\/ro\/wp-json\/wp\/v2\/pages\/59746"}],"collection":[{"href":"https:\/\/cliniccenter.co.uk\/ro\/wp-json\/wp\/v2\/pages"}],"about":[{"href":"https:\/\/cliniccenter.co.uk\/ro\/wp-json\/wp\/v2\/types\/page"}],"author":[{"embeddable":true,"href":"https:\/\/cliniccenter.co.uk\/ro\/wp-json\/wp\/v2\/users\/2"}],"replies":[{"embeddable":true,"href":"https:\/\/cliniccenter.co.uk\/ro\/wp-json\/wp\/v2\/comments?post=59746"}],"version-history":[{"count":2,"href":"https:\/\/cliniccenter.co.uk\/ro\/wp-json\/wp\/v2\/pages\/59746\/revisions"}],"predecessor-version":[{"id":61122,"href":"https:\/\/cliniccenter.co.uk\/ro\/wp-json\/wp\/v2\/pages\/59746\/revisions\/61122"}],"up":[{"embeddable":true,"href":"https:\/\/cliniccenter.co.uk\/ro\/wp-json\/wp\/v2\/pages\/59660"}],"wp:attachment":[{"href":"https:\/\/cliniccenter.co.uk\/ro\/wp-json\/wp\/v2\/media?parent=59746"}],"curies":[{"name":"wp","href":"https:\/\/api.w.org\/{rel}","templated":true}]}}