{"id":59774,"date":"2024-01-08T12:47:04","date_gmt":"2024-01-08T12:47:04","guid":{"rendered":"https:\/\/cliniccenter.co.uk\/services-in-the-uk\/"},"modified":"2025-04-17T10:51:47","modified_gmt":"2025-04-17T10:51:47","slug":"services-in-the-uk","status":"publish","type":"page","link":"https:\/\/cliniccenter.co.uk\/ro\/servicii-in-regatul-unit","title":{"rendered":"Servicii \u00een Regatul Unit \u2013 Clinic Center"},"content":{"rendered":"\n<div class=\"wp-block-columns is-layout-flex wp-container-core-columns-is-layout-1 wp-block-columns-is-layout-flex\"><\/div>\n\n\n\n<div class=\"wp-block-columns is-layout-flex wp-container-core-columns-is-layout-2 wp-block-columns-is-layout-flex\">\n<div class=\"wp-block-column is-layout-flow wp-block-column-is-layout-flow\"><\/div>\n\n\n\n<div class=\"wp-block-column is-layout-flow wp-block-column-is-layout-flow\"><\/div>\n<\/div>\n\n\n\n<div class=\"wp-block-columns is-layout-flex wp-container-core-columns-is-layout-3 wp-block-columns-is-layout-flex\">\n<div class=\"wp-block-column is-layout-flow wp-block-column-is-layout-flow\">\n<figure class=\"wp-block-image size-full\"><img decoding=\"async\" width=\"600\" height=\"400\" src=\"https:\/\/cliniccenter.co.uk\/wp-content\/uploads\/2024\/01\/Credit-Card-Instalment-Plan.jpg\" alt=\"\" class=\"wp-image-49801\" srcset=\"https:\/\/cliniccenter.co.uk\/wp-content\/uploads\/2024\/01\/Credit-Card-Instalment-Plan.jpg 600w, https:\/\/cliniccenter.co.uk\/wp-content\/uploads\/2024\/01\/Credit-Card-Instalment-Plan-300x200.jpg 300w\" sizes=\"(max-width: 600px) 100vw, 600px\" \/><\/figure>\n\n\n\n<h2 class=\"wp-block-heading has-text-align-center\">Plan de plat\u0103 \u00een rate cu cardul de credit<\/h2>\n\n\n\n<p class=\"has-text-align-center\">Clinic Center colaboreaz\u0103 cu Splitit pentru a v\u0103 oferi o modalitate simpl\u0103 de a \u00eemp\u0103r\u021bi costul, f\u0103r\u0103 a fi nevoie s\u0103 accesa\u021bi un nou \u00eemprumut. Folosind cardul dumneavoastr\u0103 de credit existent, pute\u021bi alege s\u0103 pl\u0103ti\u021bi \u00een 3, 6 sau 12 rate, ceea ce v\u0103 ajut\u0103 s\u0103 gestiona\u021bi mai bine bugetul personal.<br>Pute\u021bi efectua plata p\u00e2n\u0103 la limita disponibil\u0103 a cardului de credit. Plata prin Splitit este u\u0219oar\u0103, sigur\u0103 \u0219i convenabil\u0103, deoarece folose\u0219te creditul pe care \u00eel ave\u021bi deja disponibil. Atunci c\u00e2nd alege\u021bi s\u0103 pl\u0103ti\u021bi cu cardul de credit \u00een rate, suma total\u0103 a comenzii este \u00eemp\u0103r\u021bit\u0103 \u00een pl\u0103\u021bi lunare egale, iar dumneavoastr\u0103 nu trebuie s\u0103 achita\u021bi \u00eentreaga sum\u0103 dintr-o singur\u0103 dat\u0103.<\/p>\n\n\n\n<div class=\"wp-block-button has-text-align-center\"><a class=\"wp-block-button__link\" href=\"#\">Cite\u015fte mai mult<\/a><br><br><\/div>\n<\/div>\n<\/div>\n\n\n\n<div class=\"wp-block-columns is-layout-flex wp-container-core-columns-is-layout-4 wp-block-columns-is-layout-flex\">\n<div class=\"wp-block-column is-layout-flow wp-block-column-is-layout-flow\"><\/div>\n<\/div>\n\n\n\n<div class=\"wp-block-columns is-layout-flex wp-container-core-columns-is-layout-5 wp-block-columns-is-layout-flex\">\n<div class=\"wp-block-column is-layout-flow wp-block-column-is-layout-flow\">\n<p><\/p>\n\n\n\n<p><\/p>\n<\/div>\n<\/div>\n","protected":false},"excerpt":{"rendered":"<p>Plan de plat\u0103 \u00een rate cu cardul de credit Clinic Center colaboreaz\u0103 cu Splitit pentru a v\u0103 oferi o modalitate simpl\u0103 de a \u00eemp\u0103r\u021bi costul, f\u0103r\u0103 a fi nevoie s\u0103 accesa\u021bi un nou \u00eemprumut. Folosind cardul dumneavoastr\u0103 de credit existent, pute\u021bi alege s\u0103 pl\u0103ti\u021bi \u00een 3, 6 sau 12 rate, ceea ce v\u0103 ajut\u0103 s\u0103 [&hellip;]<\/p>\n","protected":false},"author":8,"featured_media":0,"parent":0,"menu_order":0,"comment_status":"closed","ping_status":"closed","template":"","meta":{"_uag_custom_page_level_css":"","_lmt_disableupdate":"no","_lmt_disable":"","site-sidebar-layout":"default","site-content-layout":"default","ast-site-content-layout":"default","site-content-style":"default","site-sidebar-style":"default","ast-global-header-display":"","ast-banner-title-visibility":"","ast-main-header-display":"","ast-hfb-above-header-display":"","ast-hfb-below-header-display":"","ast-hfb-mobile-header-display":"","site-post-title":"","ast-breadcrumbs-content":"","ast-featured-img":"disabled","footer-sml-layout":"","theme-transparent-header-meta":"default","adv-header-id-meta":"","stick-header-meta":"","header-above-stick-meta":"","header-main-stick-meta":"","header-below-stick-meta":"","astra-migrate-meta-layouts":"set","ast-page-background-enabled":"default","ast-page-background-meta":{"desktop":{"background-color":"","background-image":"","background-repeat":"repeat","background-position":"center center","background-size":"auto","background-attachment":"scroll","background-type":"","background-media":"","overlay-type":"","overlay-color":"","overlay-opacity":"","overlay-gradient":""},"tablet":{"background-color":"","background-image":"","background-repeat":"repeat","background-position":"center center","background-size":"auto","background-attachment":"scroll","background-type":"","background-media":"","overlay-type":"","overlay-color":"","overlay-opacity":"","overlay-gradient":""},"mobile":{"background-color":"","background-image":"","background-repeat":"repeat","background-position":"center center","background-size":"auto","background-attachment":"scroll","background-type":"","background-media":"","overlay-type":"","overlay-color":"","overlay-opacity":"","overlay-gradient":""}},"ast-content-background-meta":{"desktop":{"background-color":"var(--ast-global-color-5)","background-image":"","background-repeat":"repeat","background-position":"center center","background-size":"auto","background-attachment":"scroll","background-type":"","background-media":"","overlay-type":"","overlay-color":"","overlay-opacity":"","overlay-gradient":""},"tablet":{"background-color":"var(--ast-global-color-5)","background-image":"","background-repeat":"repeat","background-position":"center center","background-size":"auto","background-attachment":"scroll","background-type":"","background-media":"","overlay-type":"","overlay-color":"","overlay-opacity":"","overlay-gradient":""},"mobile":{"background-color":"var(--ast-global-color-5)","background-image":"","background-repeat":"repeat","background-position":"center center","background-size":"auto","background-attachment":"scroll","background-type":"","background-media":"","overlay-type":"","overlay-color":"","overlay-opacity":"","overlay-gradient":""}},"footnotes":""},"class_list":["post-59774","page","type-page","status-publish","hentry"],"yoast_head":"<!-- This site is optimized with the Yoast SEO plugin v25.3.1 - https:\/\/yoast.com\/wordpress\/plugins\/seo\/ -->\n<title>Servicii \u00een Regatul Unit \u2013 Clinic Center<\/title>\n<meta name=\"robots\" content=\"noindex, follow\" \/>\n<meta property=\"og:locale\" content=\"ro_RO\" \/>\n<meta property=\"og:type\" content=\"article\" \/>\n<meta property=\"og:title\" content=\"Servicii \u00een Regatul Unit \u2013 Clinic Center\" \/>\n<meta property=\"og:description\" content=\"Plan de plat\u0103 \u00een rate cu cardul de credit Clinic Center colaboreaz\u0103 cu Splitit pentru a v\u0103 oferi o modalitate simpl\u0103 de a \u00eemp\u0103r\u021bi costul, f\u0103r\u0103 a fi nevoie s\u0103 accesa\u021bi un nou \u00eemprumut. Folosind cardul dumneavoastr\u0103 de credit existent, pute\u021bi alege s\u0103 pl\u0103ti\u021bi \u00een 3, 6 sau 12 rate, ceea ce v\u0103 ajut\u0103 s\u0103 [&hellip;]\" \/>\n<meta property=\"og:url\" content=\"https:\/\/cliniccenter.co.uk\/ro\/servicii-in-regatul-unit\/\" \/>\n<meta property=\"article:publisher\" content=\"https:\/\/www.facebook.com\/cliniccenter.co.uk\/\" \/>\n<meta property=\"article:modified_time\" content=\"2025-04-17T10:51:47+00:00\" \/>\n<meta property=\"og:image\" content=\"https:\/\/cliniccenter.co.uk\/wp-content\/uploads\/2024\/01\/Credit-Card-Instalment-Plan.jpg\" \/>\n<meta name=\"twitter:card\" content=\"summary_large_image\" \/>\n<meta name=\"twitter:site\" content=\"@cliniccenteruk\" \/>\n<meta name=\"twitter:label1\" content=\"Timp estimat pentru citire\" \/>\n\t<meta name=\"twitter:data1\" content=\"1 minut\" \/>\n<!-- \/ Yoast SEO plugin. -->","yoast_head_json":{"title":"Servicii \u00een Regatul Unit \u2013 Clinic Center","robots":{"index":"noindex","follow":"follow"},"og_locale":"ro_RO","og_type":"article","og_title":"Servicii \u00een Regatul Unit \u2013 Clinic Center","og_description":"Plan de plat\u0103 \u00een rate cu cardul de credit Clinic Center colaboreaz\u0103 cu Splitit pentru a v\u0103 oferi o modalitate simpl\u0103 de a \u00eemp\u0103r\u021bi costul, f\u0103r\u0103 a fi nevoie s\u0103 accesa\u021bi un nou \u00eemprumut. Folosind cardul dumneavoastr\u0103 de credit existent, pute\u021bi alege s\u0103 pl\u0103ti\u021bi \u00een 3, 6 sau 12 rate, ceea ce v\u0103 ajut\u0103 s\u0103 [&hellip;]","og_url":"https:\/\/cliniccenter.co.uk\/ro\/servicii-in-regatul-unit\/","article_publisher":"https:\/\/www.facebook.com\/cliniccenter.co.uk\/","article_modified_time":"2025-04-17T10:51:47+00:00","og_image":[{"url":"https:\/\/cliniccenter.co.uk\/wp-content\/uploads\/2024\/01\/Credit-Card-Instalment-Plan.jpg","type":"","width":"","height":""}],"twitter_card":"summary_large_image","twitter_site":"@cliniccenteruk","twitter_misc":{"Timp estimat pentru citire":"1 minut"},"schema":{"@context":"https:\/\/schema.org","@graph":[{"@type":"WebPage","@id":"https:\/\/cliniccenter.co.uk\/ro\/servicii-in-regatul-unit\/","url":"https:\/\/cliniccenter.co.uk\/ro\/servicii-in-regatul-unit\/","name":"Servicii \u00een Regatul Unit \u2013 Clinic Center","isPartOf":{"@id":"https:\/\/cliniccenter.co.uk\/ro\/#website"},"primaryImageOfPage":{"@id":"https:\/\/cliniccenter.co.uk\/ro\/servicii-in-regatul-unit\/#primaryimage"},"image":{"@id":"https:\/\/cliniccenter.co.uk\/ro\/servicii-in-regatul-unit\/#primaryimage"},"thumbnailUrl":"https:\/\/cliniccenter.co.uk\/wp-content\/uploads\/2024\/01\/Credit-Card-Instalment-Plan.jpg","datePublished":"2024-01-08T12:47:04+00:00","dateModified":"2025-04-17T10:51:47+00:00","breadcrumb":{"@id":"https:\/\/cliniccenter.co.uk\/ro\/servicii-in-regatul-unit\/#breadcrumb"},"inLanguage":"ro-RO","potentialAction":[{"@type":"ReadAction","target":["https:\/\/cliniccenter.co.uk\/ro\/servicii-in-regatul-unit\/"]}]},{"@type":"ImageObject","inLanguage":"ro-RO","@id":"https:\/\/cliniccenter.co.uk\/ro\/servicii-in-regatul-unit\/#primaryimage","url":"https:\/\/cliniccenter.co.uk\/wp-content\/uploads\/2024\/01\/Credit-Card-Instalment-Plan.jpg","contentUrl":"https:\/\/cliniccenter.co.uk\/wp-content\/uploads\/2024\/01\/Credit-Card-Instalment-Plan.jpg"},{"@type":"BreadcrumbList","@id":"https:\/\/cliniccenter.co.uk\/ro\/servicii-in-regatul-unit\/#breadcrumb","itemListElement":[{"@type":"ListItem","position":1,"name":"Home","item":"https:\/\/cliniccenter.co.uk\/ro\/"},{"@type":"ListItem","position":2,"name":"Servicii \u00een Regatul Unit \u2013 Clinic Center"}]},{"@type":"WebSite","@id":"https:\/\/cliniccenter.co.uk\/ro\/#website","url":"https:\/\/cliniccenter.co.uk\/ro\/","name":"","description":"","potentialAction":[{"@type":"SearchAction","target":{"@type":"EntryPoint","urlTemplate":"https:\/\/cliniccenter.co.uk\/ro\/?s={search_term_string}"},"query-input":{"@type":"PropertyValueSpecification","valueRequired":true,"valueName":"search_term_string"}}],"inLanguage":"ro-RO"}]}},"uagb_featured_image_src":{"full":false,"thumbnail":false,"medium":false,"medium_large":false,"large":false,"1536x1536":false,"2048x2048":false},"uagb_author_info":{"display_name":"Kadir Uysal","author_link":"https:\/\/cliniccenter.co.uk\/ro\/blog\/author\/kadircliniccenter-co-uk\/"},"uagb_comment_info":0,"uagb_excerpt":"Plan de plat\u0103 \u00een rate cu cardul de credit Clinic Center colaboreaz\u0103 cu Splitit pentru a v\u0103 oferi o modalitate simpl\u0103 de a \u00eemp\u0103r\u021bi costul, f\u0103r\u0103 a fi nevoie s\u0103 accesa\u021bi un nou \u00eemprumut. Folosind cardul dumneavoastr\u0103 de credit existent, pute\u021bi alege s\u0103 pl\u0103ti\u021bi \u00een 3, 6 sau 12 rate, ceea ce v\u0103 ajut\u0103 s\u0103&hellip;","_links":{"self":[{"href":"https:\/\/cliniccenter.co.uk\/ro\/wp-json\/wp\/v2\/pages\/59774"}],"collection":[{"href":"https:\/\/cliniccenter.co.uk\/ro\/wp-json\/wp\/v2\/pages"}],"about":[{"href":"https:\/\/cliniccenter.co.uk\/ro\/wp-json\/wp\/v2\/types\/page"}],"author":[{"embeddable":true,"href":"https:\/\/cliniccenter.co.uk\/ro\/wp-json\/wp\/v2\/users\/8"}],"replies":[{"embeddable":true,"href":"https:\/\/cliniccenter.co.uk\/ro\/wp-json\/wp\/v2\/comments?post=59774"}],"version-history":[{"count":2,"href":"https:\/\/cliniccenter.co.uk\/ro\/wp-json\/wp\/v2\/pages\/59774\/revisions"}],"predecessor-version":[{"id":59779,"href":"https:\/\/cliniccenter.co.uk\/ro\/wp-json\/wp\/v2\/pages\/59774\/revisions\/59779"}],"wp:attachment":[{"href":"https:\/\/cliniccenter.co.uk\/ro\/wp-json\/wp\/v2\/media?parent=59774"}],"curies":[{"name":"wp","href":"https:\/\/api.w.org\/{rel}","templated":true}]}}