{"id":59883,"date":"2015-07-20T12:09:29","date_gmt":"2015-07-20T12:09:29","guid":{"rendered":"https:\/\/cliniccenter.co.uk\/contact-us\/"},"modified":"2025-05-29T14:40:09","modified_gmt":"2025-05-29T14:40:09","slug":"contacteaza-ne","status":"publish","type":"page","link":"https:\/\/cliniccenter.co.uk\/ro\/contacteaza-ne\/","title":{"rendered":"Contacteaz\u0103-ne"},"content":{"rendered":"\n<div class=\"wp-block-columns is-layout-flex wp-container-core-columns-is-layout-1 wp-block-columns-is-layout-flex\">\n<div class=\"wp-block-column is-layout-flow wp-block-column-is-layout-flow\">\n<h2 class=\"wp-block-heading\"><span class=\"ez-toc-section\" id=\"Formular_de_Contact\"><\/span>Formular de Contact<span class=\"ez-toc-section-end\"><\/span><\/h2>\n\n\n\n<p>V\u0103 rug\u0103m s\u0103 ne trimite\u021bi informa\u021biile de contact \u00eempreun\u0103 cu pozele dvs. actuale, astfel \u00eenc\u00e2t echipa noastr\u0103 medical\u0103 s\u0103 poat\u0103 evalua pozele dvs. Apoi, v\u0103 vom oferi un plan de tratament personalizat \u00eentr-o zi lucr\u0103toare. De asemenea, ne pute\u021bi contacta \u0219i apel\u00e2nd la +44 20 3575 1039.<\/p>\n\n\n\n<div class=\"wpcf7 no-js\" id=\"wpcf7-f59903-o1\" lang=\"en-US\" dir=\"ltr\" data-wpcf7-id=\"59903\">\n<div class=\"screen-reader-response\"><p role=\"status\" aria-live=\"polite\" aria-atomic=\"true\"><\/p><div id=\"ez-toc-container\" class=\"ez-toc-v2_0_82_2 counter-hierarchy ez-toc-counter ez-toc-grey ez-toc-container-direction\">\n<div class=\"ez-toc-title-container\">\n<p class=\"ez-toc-title\" style=\"cursor:inherit\">Table of Contents<\/p>\n<span class=\"ez-toc-title-toggle\"><a href=\"#\" class=\"ez-toc-pull-right ez-toc-btn ez-toc-btn-xs ez-toc-btn-default ez-toc-toggle\" aria-label=\"Toggle Table of Content\"><span class=\"ez-toc-js-icon-con\"><span class=\"\"><span class=\"eztoc-hide\" style=\"display:none;\">Toggle<\/span><span class=\"ez-toc-icon-toggle-span\"><svg style=\"fill: #999;color:#999\" xmlns=\"http:\/\/www.w3.org\/2000\/svg\" class=\"list-377408\" width=\"20px\" height=\"20px\" viewBox=\"0 0 24 24\" fill=\"none\"><path d=\"M6 6H4v2h2V6zm14 0H8v2h12V6zM4 11h2v2H4v-2zm16 0H8v2h12v-2zM4 16h2v2H4v-2zm16 0H8v2h12v-2z\" fill=\"currentColor\"><\/path><\/svg><svg style=\"fill: #999;color:#999\" class=\"arrow-unsorted-368013\" xmlns=\"http:\/\/www.w3.org\/2000\/svg\" width=\"10px\" height=\"10px\" viewBox=\"0 0 24 24\" version=\"1.2\" baseProfile=\"tiny\"><path d=\"M18.2 9.3l-6.2-6.3-6.2 6.3c-.2.2-.3.4-.3.7s.1.5.3.7c.2.2.4.3.7.3h11c.3 0 .5-.1.7-.3.2-.2.3-.5.3-.7s-.1-.5-.3-.7zM5.8 14.7l6.2 6.3 6.2-6.3c.2-.2.3-.5.3-.7s-.1-.5-.3-.7c-.2-.2-.4-.3-.7-.3h-11c-.3 0-.5.1-.7.3-.2.2-.3.5-.3.7s.1.5.3.7z\"\/><\/svg><\/span><\/span><\/span><\/a><\/span><\/div>\n<nav><ul class='ez-toc-list ez-toc-list-level-1 ' ><li class='ez-toc-page-1 ez-toc-heading-level-2'><a class=\"ez-toc-link ez-toc-heading-1\" href=\"https:\/\/cliniccenter.co.uk\/ro\/contacteaza-ne\/#Formular_de_Contact\" >Formular de Contact<\/a><\/li><li class='ez-toc-page-1 ez-toc-heading-level-2'><a class=\"ez-toc-link ez-toc-heading-2\" href=\"https:\/\/cliniccenter.co.uk\/ro\/contacteaza-ne\/#Izmir_Office\" >Izmir Office<\/a><\/li><\/ul><\/nav><\/div>\n <ul><\/ul><\/div>\n<form action=\"\/ro\/wp-json\/wp\/v2\/pages\/59883#wpcf7-f59903-o1\" method=\"post\" class=\"wpcf7-form init\" aria-label=\"Contact form\" enctype=\"multipart\/form-data\" novalidate=\"novalidate\" data-status=\"init\">\n<div style=\"display: none;\">\n<input type=\"hidden\" name=\"_wpcf7\" value=\"59903\" \/>\n<input type=\"hidden\" name=\"_wpcf7_version\" value=\"6.0.6\" \/>\n<input type=\"hidden\" name=\"_wpcf7_locale\" value=\"en_US\" \/>\n<input type=\"hidden\" name=\"_wpcf7_unit_tag\" value=\"wpcf7-f59903-o1\" \/>\n<input type=\"hidden\" name=\"_wpcf7_container_post\" value=\"0\" \/>\n<input type=\"hidden\" name=\"_wpcf7_posted_data_hash\" value=\"\" \/>\n<\/div>\n<p>Nume - Prenume<br \/>\n<span class=\"wpcf7-form-control-wrap\" data-name=\"Name\"><input size=\"40\" maxlength=\"400\" class=\"wpcf7-form-control wpcf7-text wpcf7-validates-as-required\" aria-required=\"true\" aria-invalid=\"false\" value=\"\" type=\"text\" name=\"Name\" \/><\/span>\n<\/p>\n<p><br \/>\nEmail\n<\/p>\n<p><span class=\"wpcf7-form-control-wrap\" data-name=\"Email\"><input size=\"40\" maxlength=\"400\" class=\"wpcf7-form-control wpcf7-email wpcf7-validates-as-required wpcf7-text wpcf7-validates-as-email\" aria-required=\"true\" aria-invalid=\"false\" value=\"\" type=\"email\" name=\"Email\" \/><\/span>\n<\/p>\n<p>\u021aar\u0103<br \/>\n<span class=\"wpcf7-form-control-wrap\" data-name=\"Country\"><select class=\"wpcf7-form-control wpcf7-select wpcf7-validates-as-required\" aria-required=\"true\" aria-invalid=\"false\" name=\"Country\"><option value=\"Rom\u00e2nia\">Rom\u00e2nia<\/option><option value=\"Regatul Unit\">Regatul Unit<\/option><option value=\"Albania\">Albania<\/option><option value=\"Australia\">Australia<\/option><option value=\"Austria\">Austria<\/option><option value=\"Azerbaidjan\">Azerbaidjan<\/option><option value=\"Belarus\">Belarus<\/option><option value=\"Belgia\">Belgia<\/option><option value=\"Bosnia \u0219i Her\u021begovina\">Bosnia \u0219i Her\u021begovina<\/option><option value=\"Bulgaria\">Bulgaria<\/option><option value=\"Canada\">Canada<\/option><option value=\"China\">China<\/option><option value=\"Croa\u021bia (Hrvatska)\">Croa\u021bia (Hrvatska)<\/option><option value=\"Cipru\">Cipru<\/option><option value=\"Republica Ceh\u0103\">Republica Ceh\u0103<\/option><option value=\"Danemarca\">Danemarca<\/option><option value=\"Estonia\">Estonia<\/option><option value=\"Finlanda\">Finlanda<\/option><option value=\"Fran\u021ba\">Fran\u021ba<\/option><option value=\"Germania\">Germania<\/option><option value=\"Grecia\">Grecia<\/option><option value=\"Ungaria\">Ungaria<\/option><option value=\"Islanda\">Islanda<\/option><option value=\"Irak\">Irak<\/option><option value=\"Irlanda\">Irlanda<\/option><option value=\"Insula Man\">Insula Man<\/option><option value=\"Israel\">Israel<\/option><option value=\"Italia\">Italia<\/option><option value=\"Jamaica\">Jamaica<\/option><option value=\"Japonia\">Japonia<\/option><option value=\"Iordania\">Iordania<\/option><option value=\"Coreea\">Coreea<\/option><option value=\"Kosovo\">Kosovo<\/option><option value=\"Kuweit\">Kuweit<\/option><option value=\"Letonia\">Letonia<\/option><option value=\"Liban\">Liban<\/option><option value=\"Liechtenstein\">Liechtenstein<\/option><option value=\"Lituania\">Lituania<\/option><option value=\"Luxemburg\">Luxemburg<\/option><option value=\"Malaezia\">Malaezia<\/option><option value=\"Malta\">Malta<\/option><option value=\"Moldova\">Moldova<\/option><option value=\"Muntenegru\">Muntenegru<\/option><option value=\"Olanda\">Olanda<\/option><option value=\"Noua Zeeland\u0103\">Noua Zeeland\u0103<\/option><option value=\"Macedonia de Nord\">Macedonia de Nord<\/option><option value=\"Norvegia\">Norvegia<\/option><option value=\"Palestina\">Palestina<\/option><option value=\"Polonia\">Polonia<\/option><option value=\"Portugalia\">Portugalia<\/option><option value=\"Qatar\">Qatar<\/option><option value=\"Federa\u021bia Rus\u0103\">Federa\u021bia Rus\u0103<\/option><option value=\"Arabia Saudit\u0103\">Arabia Saudit\u0103<\/option><option value=\"Serbia\">Serbia<\/option><option value=\"Slovacia\">Slovacia<\/option><option value=\"Slovenia\">Slovenia<\/option><option value=\"Africa de Sud\">Africa de Sud<\/option><option value=\"Spania\">Spania<\/option><option value=\"Suedia\">Suedia<\/option><option value=\"Elve\u021bia\">Elve\u021bia<\/option><option value=\"Republica Arab\u0103 Sirian\u0103\">Republica Arab\u0103 Sirian\u0103<\/option><option value=\"Turcia\">Turcia<\/option><option value=\"Ucraina\">Ucraina<\/option><option value=\"Emiratele Arabe Unite\">Emiratele Arabe Unite<\/option><option value=\"Statele Unite\">Statele Unite<\/option><option value=\"Altele (specifica\u021bi \u00een sec\u021biunea mesajului)\">Altele (specifica\u021bi \u00een sec\u021biunea mesajului)<\/option><\/select><\/span>\n<\/p>\n<p>De unde ne-a\u021bi g\u0103sit?<br \/>\n<span class=\"wpcf7-form-control-wrap\" data-name=\"Where\"><input size=\"40\" maxlength=\"400\" class=\"wpcf7-form-control wpcf7-text\" aria-invalid=\"false\" value=\"\" type=\"text\" name=\"Where\" \/><\/span>\n<\/p>\n<p>Tratament\n<\/p>\n<p><span class=\"wpcf7-form-control-wrap\" data-name=\"Treatment\"><select class=\"wpcf7-form-control wpcf7-select wpcf7-validates-as-required\" aria-required=\"true\" aria-invalid=\"false\" multiple=\"multiple\" name=\"Treatment[]\"><option value=\"Implant de p\u0103r\">Implant de p\u0103r<\/option><option value=\"Implant Mamar\">Implant Mamar<\/option><option value=\"Lifting Mamara\">Lifting Mamara<\/option><option value=\"Reductie Mamar\">Reductie Mamar<\/option><option value=\"Liposuc\u021bie\">Liposuc\u021bie<\/option><option value=\"Abdominoplastie\">Abdominoplastie<\/option><option value=\"Rinoplastie\">Rinoplastie<\/option><option value=\"Lifting facial\">Lifting facial<\/option><option value=\"Chirurgie pleoapelor\">Chirurgie pleoapelor<\/option><option value=\"BBL\">BBL<\/option><option value=\"Coroane dentare\">Coroane dentare<\/option><option value=\"Fa\u021bete dentare\">Fa\u021bete dentare<\/option><option value=\"Implanturi dentare\">Implanturi dentare<\/option><option value=\"Altele\">Altele<\/option><\/select><\/span>\n<\/p>\n<p>Num\u0103r de telefon<br \/>\n<span class=\"wpcf7-form-control-wrap\" data-name=\"PhoneNumber\"><input size=\"40\" maxlength=\"400\" class=\"wpcf7-form-control wpcf7-tel wpcf7-text wpcf7-validates-as-tel\" aria-invalid=\"false\" placeholder=\"Including country code\" value=\"\" type=\"tel\" name=\"PhoneNumber\" \/><\/span>\n<\/p>\n<p>V\u0103 rug\u0103m s\u0103 \u00eenc\u0103rca\u021bi pozele dvs. sau rezultatul testelor referitoare la tratamentul dumneavoastr\u0103\n<\/p>\n<p><span class=\"wpcf7-form-control-wrap\" data-name=\"Attachments\"><input size=\"40\" class=\"wpcf7-form-control wpcf7-file\" accept=\"audio\/*,video\/*,image\/*\" aria-invalid=\"false\" type=\"file\" name=\"Attachments\" \/><\/span><br \/>\n<span class=\"wpcf7-form-control-wrap\" data-name=\"Attachments2\"><input size=\"40\" class=\"wpcf7-form-control wpcf7-file\" accept=\"audio\/*,video\/*,image\/*\" aria-invalid=\"false\" type=\"file\" name=\"Attachments2\" \/><\/span><br \/>\n<span class=\"wpcf7-form-control-wrap\" data-name=\"Attachments3\"><input size=\"40\" class=\"wpcf7-form-control wpcf7-file\" accept=\"audio\/*,video\/*,image\/*\" aria-invalid=\"false\" type=\"file\" name=\"Attachments3\" \/><\/span>\n<\/p>\n<p>Mesaj<br \/>\n<span class=\"wpcf7-form-control-wrap\" data-name=\"Message\"><textarea cols=\"40\" rows=\"4\" maxlength=\"2000\" class=\"wpcf7-form-control wpcf7-textarea\" aria-invalid=\"false\" name=\"Message\"><\/textarea><\/span>\n<\/p>\n<p><span class=\"wpcf7-form-control-wrap\" data-name=\"approve-check\"><span class=\"wpcf7-form-control wpcf7-checkbox\"><span class=\"wpcf7-list-item first last\"><input type=\"checkbox\" name=\"approve-check[]\" value=\"A\u0219 dori s\u0103 primesc actualiz\u0103ri prin email.\" \/><span class=\"wpcf7-list-item-label\">A\u0219 dori s\u0103 primesc actualiz\u0103ri prin email.<\/span><\/span><\/span><\/span>\n<\/p>\n<p><div class=\"cf7-cf-turnstile\" style=\"margin-top: 0px; margin-bottom: -15px;\"> <div id=\"cf-turnstile-cf7-2050318572\" class=\"cf-turnstile\" data-sitekey=\"0x4AAAAAAAMc9haAStrzwgEc\" data-theme=\"light\" data-language=\"auto\" data-size=\"normal\" data-retry=\"auto\" data-retry-interval=\"1000\" data-refresh-expired=\"auto\" data-refresh-timeout=\"auto\" data-action=\"contact-form-7\" data-callback=\"turnstileCF7Callback\" data-appearance=\"always\"><\/div> <script>document.addEventListener(\"DOMContentLoaded\", function() { setTimeout(function(){ var e=document.getElementById(\"cf-turnstile-cf7-2050318572\"); if(e&&!e.innerHTML.trim()){turnstile.render(e, {sitekey:\"0x4AAAAAAAMc9haAStrzwgEc\"});} }, 200); });<\/script> <br class=\"cf-turnstile-br cf-turnstile-br-cf7-2050318572\"> <style>#cf-turnstile-cf7-2050318572 { margin-left: -15px; }<\/style> <script>document.addEventListener(\"DOMContentLoaded\",function(){document.querySelectorAll('.wpcf7-form').forEach(function(e){e.addEventListener('submit',function(){if(document.getElementById('cf-turnstile-cf7-2050318572')){setTimeout(function(){turnstile.reset('#cf-turnstile-cf7-2050318572');},1000)}})})});<\/script> <\/div><br\/><input class=\"wpcf7-form-control wpcf7-submit has-spinner\" type=\"submit\" value=\"Trimite\" \/>\n<\/p><p style=\"display: none !important;\" class=\"akismet-fields-container\" data-prefix=\"_wpcf7_ak_\"><label>&#916;<textarea name=\"_wpcf7_ak_hp_textarea\" cols=\"45\" rows=\"8\" maxlength=\"100\"><\/textarea><\/label><input type=\"hidden\" id=\"ak_js_1\" name=\"_wpcf7_ak_js\" value=\"35\"\/><script>document.getElementById( \"ak_js_1\" ).setAttribute( \"value\", ( new Date() ).getTime() );<\/script><\/p><div class=\"wpcf7-response-output\" aria-hidden=\"true\"><\/div>\n<\/form>\n<\/div>\n\n<\/div>\n\n\n\n<div class=\"wp-block-column is-layout-flow wp-block-column-is-layout-flow\">\n<p><\/p>\n\n\n\n<h2 class=\"wp-block-heading\"><span class=\"ez-toc-section\" id=\"Izmir_Office\"><\/span>Izmir Office<span class=\"ez-toc-section-end\"><\/span><\/h2>\n\n\n\n<p><strong>Address :&nbsp;<\/strong>Cumhuriyet Bulvar\u0131 Muzaffer Bey \u0130\u015f Han\u0131 No:88 Kat:6 Daire:601 Konak\/\u0130ZM\u0130R<\/p>\n\n\n\n<iframe src=\"https:\/\/www.google.com\/maps\/embed?pb=!1m18!1m12!1m3!1d3125.6999505131635!2d27.130425815735425!3d38.42529847964628!2m3!1f0!2f0!3f0!3m2!1i1024!2i768!4f13.1!3m3!1m2!1s0x14bbd8fb88a817bf%3A0x8ce044ffc1cf90bc!2zTXV6YWZmZXIgQmV5IMSwxZ8gSGFuxLE!5e0!3m2!1str!2str!4v1517817430250\" width=\"100%\" height=\"350\" frameborder=\"0\" style=\"border:0\" allowfullscreen=\"\"><\/iframe>\n<\/div>\n<\/div>\n<\/p>","protected":false},"excerpt":{"rendered":"<p>Formular de Contact V\u0103 rug\u0103m s\u0103 ne trimite\u021bi informa\u021biile de contact \u00eempreun\u0103 cu pozele dvs. actuale, astfel \u00eenc\u00e2t echipa noastr\u0103 medical\u0103 s\u0103 poat\u0103 evalua pozele dvs. Apoi, v\u0103 vom oferi un plan de tratament personalizat \u00eentr-o zi lucr\u0103toare. De asemenea, ne pute\u021bi contacta \u0219i apel\u00e2nd la +44 20 3575 1039. Izmir Office Address :&nbsp;Cumhuriyet Bulvar\u0131 [&hellip;]<\/p>\n","protected":false},"author":1,"featured_media":0,"parent":0,"menu_order":0,"comment_status":"closed","ping_status":"open","template":"","meta":{"_uag_custom_page_level_css":"","_lmt_disableupdate":"no","_lmt_disable":"","site-sidebar-layout":"default","site-content-layout":"default","ast-site-content-layout":"default","site-content-style":"default","site-sidebar-style":"default","ast-global-header-display":"","ast-banner-title-visibility":"","ast-main-header-display":"","ast-hfb-above-header-display":"","ast-hfb-below-header-display":"","ast-hfb-mobile-header-display":"","site-post-title":"","ast-breadcrumbs-content":"","ast-featured-img":"disabled","footer-sml-layout":"","theme-transparent-header-meta":"default","adv-header-id-meta":"","stick-header-meta":"","header-above-stick-meta":"","header-main-stick-meta":"","header-below-stick-meta":"","astra-migrate-meta-layouts":"set","ast-page-background-enabled":"default","ast-page-background-meta":{"desktop":{"background-color":"","background-image":"","background-repeat":"repeat","background-position":"center center","background-size":"auto","background-attachment":"scroll","background-type":"","background-media":"","overlay-type":"","overlay-color":"","overlay-opacity":"","overlay-gradient":""},"tablet":{"background-color":"","background-image":"","background-repeat":"repeat","background-position":"center center","background-size":"auto","background-attachment":"scroll","background-type":"","background-media":"","overlay-type":"","overlay-color":"","overlay-opacity":"","overlay-gradient":""},"mobile":{"background-color":"","background-image":"","background-repeat":"repeat","background-position":"center center","background-size":"auto","background-attachment":"scroll","background-type":"","background-media":"","overlay-type":"","overlay-color":"","overlay-opacity":"","overlay-gradient":""}},"ast-content-background-meta":{"desktop":{"background-color":"var(--ast-global-color-5)","background-image":"","background-repeat":"repeat","background-position":"center center","background-size":"auto","background-attachment":"scroll","background-type":"","background-media":"","overlay-type":"","overlay-color":"","overlay-opacity":"","overlay-gradient":""},"tablet":{"background-color":"var(--ast-global-color-5)","background-image":"","background-repeat":"repeat","background-position":"center center","background-size":"auto","background-attachment":"scroll","background-type":"","background-media":"","overlay-type":"","overlay-color":"","overlay-opacity":"","overlay-gradient":""},"mobile":{"background-color":"var(--ast-global-color-5)","background-image":"","background-repeat":"repeat","background-position":"center center","background-size":"auto","background-attachment":"scroll","background-type":"","background-media":"","overlay-type":"","overlay-color":"","overlay-opacity":"","overlay-gradient":""}},"footnotes":""},"class_list":["post-59883","page","type-page","status-publish","hentry"],"yoast_head":"<!-- This site is optimized with the Yoast SEO plugin v25.3.1 - https:\/\/yoast.com\/wordpress\/plugins\/seo\/ -->\n<title>Contacteaz\u0103-ne<\/title>\n<meta name=\"description\" content=\"Contacta\u021bi-ne \u0219i ob\u021bine\u021bi un plan de tratament personalizat gratuit pentru transplant de p\u0103r de \u00eenalt\u0103 calitate \u0219i la pre\u021buri accesibile, chirurgie plastic\u0103 \u0219i stomatologie cosmetic\u0103 \u00een Turcia.\" \/>\n<meta name=\"robots\" content=\"index, follow, max-snippet:-1, max-image-preview:large, max-video-preview:-1\" \/>\n<link rel=\"canonical\" href=\"https:\/\/cliniccenter.co.uk\/ro\/contacteaza-ne\/\" \/>\n<meta property=\"og:locale\" content=\"ro_RO\" \/>\n<meta property=\"og:type\" content=\"article\" \/>\n<meta property=\"og:title\" content=\"Contacteaz\u0103-ne\" \/>\n<meta property=\"og:description\" content=\"Contacta\u021bi-ne \u0219i ob\u021bine\u021bi un plan de tratament personalizat gratuit pentru transplant de p\u0103r de \u00eenalt\u0103 calitate \u0219i la pre\u021buri accesibile, chirurgie plastic\u0103 \u0219i stomatologie cosmetic\u0103 \u00een Turcia.\" \/>\n<meta property=\"og:url\" content=\"https:\/\/cliniccenter.co.uk\/ro\/contacteaza-ne\/\" \/>\n<meta property=\"article:publisher\" content=\"https:\/\/www.facebook.com\/cliniccenter.co.uk\/\" \/>\n<meta property=\"article:modified_time\" content=\"2025-05-29T14:40:09+00:00\" \/>\n<meta name=\"twitter:card\" content=\"summary_large_image\" \/>\n<meta name=\"twitter:site\" content=\"@cliniccenteruk\" \/>\n<meta name=\"twitter:label1\" content=\"Timp estimat pentru citire\" \/>\n\t<meta name=\"twitter:data1\" content=\"1 minut\" \/>\n<!-- \/ Yoast SEO plugin. -->","yoast_head_json":{"title":"Contacteaz\u0103-ne","description":"Contacta\u021bi-ne \u0219i ob\u021bine\u021bi un plan de tratament personalizat gratuit pentru transplant de p\u0103r de \u00eenalt\u0103 calitate \u0219i la pre\u021buri accesibile, chirurgie plastic\u0103 \u0219i stomatologie cosmetic\u0103 \u00een Turcia.","robots":{"index":"index","follow":"follow","max-snippet":"max-snippet:-1","max-image-preview":"max-image-preview:large","max-video-preview":"max-video-preview:-1"},"canonical":"https:\/\/cliniccenter.co.uk\/ro\/contacteaza-ne\/","og_locale":"ro_RO","og_type":"article","og_title":"Contacteaz\u0103-ne","og_description":"Contacta\u021bi-ne \u0219i ob\u021bine\u021bi un plan de tratament personalizat gratuit pentru transplant de p\u0103r de \u00eenalt\u0103 calitate \u0219i la pre\u021buri accesibile, chirurgie plastic\u0103 \u0219i stomatologie cosmetic\u0103 \u00een Turcia.","og_url":"https:\/\/cliniccenter.co.uk\/ro\/contacteaza-ne\/","article_publisher":"https:\/\/www.facebook.com\/cliniccenter.co.uk\/","article_modified_time":"2025-05-29T14:40:09+00:00","twitter_card":"summary_large_image","twitter_site":"@cliniccenteruk","twitter_misc":{"Timp estimat pentru citire":"1 minut"},"schema":{"@context":"https:\/\/schema.org","@graph":[{"@type":"WebPage","@id":"https:\/\/cliniccenter.co.uk\/ro\/contacteaza-ne\/","url":"https:\/\/cliniccenter.co.uk\/ro\/contacteaza-ne\/","name":"Contacteaz\u0103-ne","isPartOf":{"@id":"https:\/\/cliniccenter.co.uk\/ro\/#website"},"datePublished":"2015-07-20T12:09:29+00:00","dateModified":"2025-05-29T14:40:09+00:00","description":"Contacta\u021bi-ne \u0219i ob\u021bine\u021bi un plan de tratament personalizat gratuit pentru transplant de p\u0103r de \u00eenalt\u0103 calitate \u0219i la pre\u021buri accesibile, chirurgie plastic\u0103 \u0219i stomatologie cosmetic\u0103 \u00een Turcia.","breadcrumb":{"@id":"https:\/\/cliniccenter.co.uk\/ro\/contacteaza-ne\/#breadcrumb"},"inLanguage":"ro-RO","potentialAction":[{"@type":"ReadAction","target":["https:\/\/cliniccenter.co.uk\/ro\/contacteaza-ne\/"]}]},{"@type":"BreadcrumbList","@id":"https:\/\/cliniccenter.co.uk\/ro\/contacteaza-ne\/#breadcrumb","itemListElement":[{"@type":"ListItem","position":1,"name":"Home","item":"https:\/\/cliniccenter.co.uk\/ro\/"},{"@type":"ListItem","position":2,"name":"Contacteaz\u0103-ne"}]},{"@type":"WebSite","@id":"https:\/\/cliniccenter.co.uk\/ro\/#website","url":"https:\/\/cliniccenter.co.uk\/ro\/","name":"","description":"","potentialAction":[{"@type":"SearchAction","target":{"@type":"EntryPoint","urlTemplate":"https:\/\/cliniccenter.co.uk\/ro\/?s={search_term_string}"},"query-input":{"@type":"PropertyValueSpecification","valueRequired":true,"valueName":"search_term_string"}}],"inLanguage":"ro-RO"}]}},"uagb_featured_image_src":{"full":false,"thumbnail":false,"medium":false,"medium_large":false,"large":false,"1536x1536":false,"2048x2048":false},"uagb_author_info":{"display_name":"cliniccenter","author_link":"https:\/\/cliniccenter.co.uk\/ro\/blog\/author\/cliniccenter\/"},"uagb_comment_info":0,"uagb_excerpt":"Formular de Contact V\u0103 rug\u0103m s\u0103 ne trimite\u021bi informa\u021biile de contact \u00eempreun\u0103 cu pozele dvs. actuale, astfel \u00eenc\u00e2t echipa noastr\u0103 medical\u0103 s\u0103 poat\u0103 evalua pozele dvs. Apoi, v\u0103 vom oferi un plan de tratament personalizat \u00eentr-o zi lucr\u0103toare. De asemenea, ne pute\u021bi contacta \u0219i apel\u00e2nd la +44 20 3575 1039. Izmir Office Address :&nbsp;Cumhuriyet Bulvar\u0131&hellip;","_links":{"self":[{"href":"https:\/\/cliniccenter.co.uk\/ro\/wp-json\/wp\/v2\/pages\/59883"}],"collection":[{"href":"https:\/\/cliniccenter.co.uk\/ro\/wp-json\/wp\/v2\/pages"}],"about":[{"href":"https:\/\/cliniccenter.co.uk\/ro\/wp-json\/wp\/v2\/types\/page"}],"author":[{"embeddable":true,"href":"https:\/\/cliniccenter.co.uk\/ro\/wp-json\/wp\/v2\/users\/1"}],"replies":[{"embeddable":true,"href":"https:\/\/cliniccenter.co.uk\/ro\/wp-json\/wp\/v2\/comments?post=59883"}],"version-history":[{"count":6,"href":"https:\/\/cliniccenter.co.uk\/ro\/wp-json\/wp\/v2\/pages\/59883\/revisions"}],"predecessor-version":[{"id":60489,"href":"https:\/\/cliniccenter.co.uk\/ro\/wp-json\/wp\/v2\/pages\/59883\/revisions\/60489"}],"wp:attachment":[{"href":"https:\/\/cliniccenter.co.uk\/ro\/wp-json\/wp\/v2\/media?parent=59883"}],"curies":[{"name":"wp","href":"https:\/\/api.w.org\/{rel}","templated":true}]}}