{"id":60072,"date":"2022-12-13T07:35:07","date_gmt":"2022-12-13T07:35:07","guid":{"rendered":"https:\/\/cliniccenter.co.uk\/doctors\/dentist-bilge\/"},"modified":"2025-04-23T18:47:09","modified_gmt":"2025-04-23T18:47:09","slug":"medic-stomatolog-bilge","status":"publish","type":"page","link":"https:\/\/cliniccenter.co.uk\/ro\/medic-stomatolog-bilge\/","title":{"rendered":"Medic Stomatolog Bilge"},"content":{"rendered":"\n<div class=\"wp-block-columns is-layout-flex wp-container-core-columns-is-layout-3 wp-block-columns-is-layout-flex\">\n<div class=\"wp-block-column is-layout-flow wp-block-column-is-layout-flow\" style=\"flex-basis:33.33%\">\n<figure class=\"wp-block-image alignleft size-large\"><img decoding=\"async\" src=\"https:\/\/cliniccenter.co.uk\/wp-content\/uploads\/2023\/11\/UZMAN-DT.-BILGE-UNAL-517x1024-1.webp\" alt=\"\" class=\"wp-image-41294\"\/><\/figure>\n<\/div>\n\n\n\n<div class=\"wp-block-column is-layout-flow wp-block-column-is-layout-flow\" style=\"flex-basis:66.66%\">\n<div class=\"wp-block-columns is-layout-flex wp-container-core-columns-is-layout-1 wp-block-columns-is-layout-flex\">\n<div class=\"wp-block-column leftpadbox is-layout-flow wp-block-column-is-layout-flow\">\n<p><strong>Specialist\u0103 \u00een endodon\u021bie<\/strong><br><br><span style=\"font-size: 11.5pt; font-family: Arial, sans-serif; color: rgb(0, 0, 0); background-color: transparent; font-variant-numeric: normal; font-variant-east-asian: normal; font-variant-alternates: normal; font-variant-position: normal; font-variant-emoji: normal; vertical-align: baseline;\"><\/span>Dup\u0103 ce \u0219i-a finalizat studiile liceale la Liceul Anatolian Karacabey, a \u00eenceput \u00een anul 2010 studiile la Facultatea de Medicin\u0103 Dentar\u0103 a Universit\u0103\u021bii din Istanbul. A absolvit \u00een 2015, iar \u00een urma examenului de specializare \u00een stomatologie (DUS), a urmat formarea \u00een cadrul Departamentului de Endodon\u021bie al Facult\u0103\u021bii de Medicin\u0103 Dentar\u0103 a Universit\u0103\u021bii Cumhuriyet. \u00cen anul 2021, a sus\u021binut teza cu titlul \u201eEvaluarea comparativ\u0103 a efectelor diferitelor sisteme rotative asupra cantit\u0103\u021bii de resturi extrudate apical\u201d, ob\u021bin\u00e2nd astfel titlul de specialist\u0103 \u00een endodon\u021bie.<\/p>\n\n\n\n<p>Cu o experien\u021b\u0103 vast\u0103 acumulat\u0103 de-a lungul anilor, doamna doctor Bilge a realizat sute de tratamente \u00een cariera sa. Dup\u0103 finalizarea studiilor la Facultatea de Medicin\u0103 Dentar\u0103 a Universit\u0103\u021bii din Istanbul, a participat la conferin\u021be \u0219i seminare pentru a-\u0219i \u00eembun\u0103t\u0103\u021bi cuno\u0219tin\u021bele \u00een domeniul stomatologic. Este o medic\u0103 stomatolog\u0103 atent\u0103, pasionat\u0103 de profesia sa. Este orientat\u0103 spre detalii \u0219i \u00ee\u0219i lini\u0219te\u0219te pacien\u021bii oferindu-le informa\u021bii clare despre problemele \u0219i tratamentele dentare. Fiecare pacient care a beneficiat de tratament stomatologic din partea doamnei doctor Bilge pleac\u0103 cu un z\u00e2mbet larg \u0219i din\u021bi s\u0103n\u0103to\u0219i.<\/p>\n<\/div>\n<\/div>\n\n\n\n<div class=\"wp-block-columns is-layout-flex wp-container-core-columns-is-layout-2 wp-block-columns-is-layout-flex\">\n<div class=\"wp-block-column leftpadbox is-layout-flow wp-block-column-is-layout-flow\">\n<p><strong>Experien\u021b\u0103: <\/strong>8 ani<span style=\"font-size: 11.5pt; font-family: Arial, sans-serif; color: rgb(0, 0, 0); background-color: transparent; font-variant-numeric: normal; font-variant-east-asian: normal; font-variant-alternates: normal; font-variant-position: normal; font-variant-emoji: normal; vertical-align: baseline;\"><\/span><br><strong>Pacien\u021bi interna\u021bionali trata\u021bi:<\/strong> Regatul Unit, Irlanda, Australia, Statele Unite ale Americii, Emiratele Arabe Unite, Arabia Saudit\u0103, Kuweit, \u021a\u0103rile Uniunii Europene<br><strong>Domenii de specializare:<\/strong> <a href=\"#\">fa\u021bete din por\u021belan<\/a>, <a href=\"#\">coroane dentare<\/a>, <a href=\"#\">implanturi dentare<\/a>, <a href=\"#\">z\u00e2mbet de Hollywood<\/a>, <a href=\"#\">tratament endodontic (tratament de canal)<\/a>, <a href=\"#\">gingivoplastie<\/a>, <a href=\"#\">gingivectomie<\/a>, <a href=\"#\">All-On-4, All-On-6 \u0219i All-On-8<\/a>, <a href=\"#\">albire dentar\u0103<\/a>, <a href=\"#\">tratamente dentare generale<\/a><span style=\"font-size: 12pt; font-family: Arial, sans-serif; color: rgb(0, 7, 188); background-color: transparent; font-variant-numeric: normal; font-variant-east-asian: normal; font-variant-alternates: normal; font-variant-position: normal; font-variant-emoji: normal; vertical-align: baseline;\"><\/span><br><strong>Ora\u0219:<\/strong> Izmir, Turcia<br><strong>Zile de lucru:<\/strong> Zilele lucr\u0103toare \u0219i s\u00e2mb\u0103ta<br><strong>Contact<\/strong>:\u00a0+44 20 3575 1039 &amp; info@cliniccenter.co.uk<br><strong><a href=\"#\">Medicii no\u0219tri stomatologi<\/a><\/strong><\/p>\n<\/div>\n<\/div>\n<\/div>\n<\/div>\n\n\n\n<script type=\"application\/ld+json\">\n        {\n            \"@context\": \"http:\\\/\\\/schema.org\",\n            \"@type\": \"Physician\",\n            \"@id\": \"https:\/\/cliniccenter.co.uk\/dentist-bilge\/\",\n            \"areaServed\": {\n                \"@type\": \"Place\",\n                \"name\": \"Izmir, Turkey\"\n            },\n            \"alumniOf\": {\n                \"@type\": \"OrganizationRole\",\n                \"alumniOf\": {\n                    \"@type\": \"CollegeOrUniversity\",\n                    \"name\": \"Istanbul University\"\n                }\n            },\n            \"employee\": {\n                \"@type\": \"Person\",\n                \"@id\": \"https:\/\/cliniccenter.co.uk\/dentist-bilge\/\",\n                \"description\": \"After completing her high school education at Karacabey Anatolian High School, she started at Istanbul University Faculty of Dentistry in 2010. After graduating in 2015, as a result of the Dentistry Specialization Examination (DUS), she received training in the Department of Endodontics of the Faculty of Dentistry at Cumhuriyet University. In 2021, she gave her thesis on the Comparative Evaluation of the Effects of Different Rotary Instrument Systems on the Amount of Debris Overflowing from the Apical and received the title of 'Endodontics Specialist'.\",\n                \"hasOccupation\": {\n                    \"@type\": \"Occupation\",\n                    \"name\": \"Dentistry\"\n                },\n                \"knowsLanguage\": {\n                    \"@type\": \"Language\",\n                    \"name\": \"English\",\n                    \"alternateName\": \"en\"\n                },\n                \"honorificSuffix\": \"Dentist\"\n            },\n            \"hospitalAffiliation\": {\n                \"image\": {\n                    \"@type\": \"ImageObject\",\n                    \"@id\": \"https:\/\/cliniccenter.co.uk\/wp-content\/uploads\/2022\/12\/UZMAN-DT.-BILGE-UNAL.jpg\"\n                }\n            },\n            \"isAcceptingNewPatients\": \"https:\\\/\\\/schema.org\\\/True\",\n            \"isAccessibleForFree\": \"https:\\\/\\\/schema.org\\\/False\",\n            \"medicalSpecialty\": {\n                \"@type\": \"MedicalSpecialty\",\n                \"name\": \" Porcelain Veneers, Dental Crowns, Dental Implants, Hollywood Smile, Root-Canal Treatment, Gingivoplasty & Gingivectomy, All-On-4 , All-On-6 & All-On-8, Teeth Whitening, Dental Treatments\"\n            },\n\n            \"name\": \"Dentist Bilge\"\n        }\n    <\/script>\n","protected":false},"excerpt":{"rendered":"<p>Specialist\u0103 \u00een endodon\u021bie Dup\u0103 ce \u0219i-a finalizat studiile liceale la Liceul Anatolian Karacabey, a \u00eenceput \u00een anul 2010 studiile la Facultatea de Medicin\u0103 Dentar\u0103 a Universit\u0103\u021bii din Istanbul. A absolvit \u00een 2015, iar \u00een urma examenului de specializare \u00een stomatologie (DUS), a urmat formarea \u00een cadrul Departamentului de Endodon\u021bie al Facult\u0103\u021bii de Medicin\u0103 Dentar\u0103 a [&hellip;]<\/p>\n","protected":false},"author":15,"featured_media":0,"parent":59660,"menu_order":0,"comment_status":"closed","ping_status":"closed","template":"","meta":{"_uag_custom_page_level_css":"","_lmt_disableupdate":"no","_lmt_disable":"","site-sidebar-layout":"default","site-content-layout":"default","ast-site-content-layout":"default","site-content-style":"default","site-sidebar-style":"default","ast-global-header-display":"","ast-banner-title-visibility":"","ast-main-header-display":"","ast-hfb-above-header-display":"","ast-hfb-below-header-display":"","ast-hfb-mobile-header-display":"","site-post-title":"","ast-breadcrumbs-content":"","ast-featured-img":"","footer-sml-layout":"","theme-transparent-header-meta":"default","adv-header-id-meta":"","stick-header-meta":"","header-above-stick-meta":"","header-main-stick-meta":"","header-below-stick-meta":"","astra-migrate-meta-layouts":"set","ast-page-background-enabled":"default","ast-page-background-meta":{"desktop":{"background-color":"","background-image":"","background-repeat":"repeat","background-position":"center center","background-size":"auto","background-attachment":"scroll","background-type":"","background-media":"","overlay-type":"","overlay-color":"","overlay-opacity":"","overlay-gradient":""},"tablet":{"background-color":"","background-image":"","background-repeat":"repeat","background-position":"center center","background-size":"auto","background-attachment":"scroll","background-type":"","background-media":"","overlay-type":"","overlay-color":"","overlay-opacity":"","overlay-gradient":""},"mobile":{"background-color":"","background-image":"","background-repeat":"repeat","background-position":"center center","background-size":"auto","background-attachment":"scroll","background-type":"","background-media":"","overlay-type":"","overlay-color":"","overlay-opacity":"","overlay-gradient":""}},"ast-content-background-meta":{"desktop":{"background-color":"var(--ast-global-color-5)","background-image":"","background-repeat":"repeat","background-position":"center center","background-size":"auto","background-attachment":"scroll","background-type":"","background-media":"","overlay-type":"","overlay-color":"","overlay-opacity":"","overlay-gradient":""},"tablet":{"background-color":"var(--ast-global-color-5)","background-image":"","background-repeat":"repeat","background-position":"center center","background-size":"auto","background-attachment":"scroll","background-type":"","background-media":"","overlay-type":"","overlay-color":"","overlay-opacity":"","overlay-gradient":""},"mobile":{"background-color":"var(--ast-global-color-5)","background-image":"","background-repeat":"repeat","background-position":"center center","background-size":"auto","background-attachment":"scroll","background-type":"","background-media":"","overlay-type":"","overlay-color":"","overlay-opacity":"","overlay-gradient":""}},"footnotes":""},"class_list":["post-60072","page","type-page","status-publish","hentry"],"yoast_head":"<!-- This site is optimized with the Yoast SEO plugin v25.3.1 - https:\/\/yoast.com\/wordpress\/plugins\/seo\/ -->\n<title>Medic Stomatolog Bilge | Clinic Center<\/title>\n<meta name=\"description\" content=\"Partenerul nostru, medic stomatolog Bilge de la Clinic Center, are o experien\u021b\u0103 de 8 ani \u00een implanturi dentare, fa\u021bete din por\u021belan \u0219i coroane dentare.\" \/>\n<meta name=\"robots\" content=\"index, follow, max-snippet:-1, max-image-preview:large, max-video-preview:-1\" \/>\n<link rel=\"canonical\" href=\"https:\/\/cliniccenter.co.uk\/ro\/medic-stomatolog-bilge\/\" \/>\n<meta property=\"og:locale\" content=\"ro_RO\" \/>\n<meta property=\"og:type\" content=\"article\" \/>\n<meta property=\"og:title\" content=\"Medic Stomatolog Bilge | Clinic Center\" \/>\n<meta property=\"og:description\" content=\"Partenerul nostru, medic stomatolog Bilge de la Clinic Center, are o experien\u021b\u0103 de 8 ani \u00een implanturi dentare, fa\u021bete din por\u021belan \u0219i coroane dentare.\" \/>\n<meta property=\"og:url\" content=\"https:\/\/cliniccenter.co.uk\/ro\/medic-stomatolog-bilge\/\" \/>\n<meta property=\"article:publisher\" content=\"https:\/\/www.facebook.com\/cliniccenter.co.uk\/\" \/>\n<meta property=\"article:modified_time\" content=\"2025-04-23T18:47:09+00:00\" \/>\n<meta property=\"og:image\" content=\"https:\/\/cliniccenter.co.uk\/wp-content\/uploads\/2023\/11\/UZMAN-DT.-BILGE-UNAL-517x1024-1.webp\" \/>\n<meta name=\"twitter:card\" content=\"summary_large_image\" \/>\n<meta name=\"twitter:site\" content=\"@cliniccenteruk\" \/>\n<meta name=\"twitter:label1\" content=\"Timp estimat pentru citire\" \/>\n\t<meta name=\"twitter:data1\" content=\"2 minute\" \/>\n<!-- \/ Yoast SEO plugin. -->","yoast_head_json":{"title":"Medic Stomatolog Bilge | Clinic Center","description":"Partenerul nostru, medic stomatolog Bilge de la Clinic Center, are o experien\u021b\u0103 de 8 ani \u00een implanturi dentare, fa\u021bete din por\u021belan \u0219i coroane dentare.","robots":{"index":"index","follow":"follow","max-snippet":"max-snippet:-1","max-image-preview":"max-image-preview:large","max-video-preview":"max-video-preview:-1"},"canonical":"https:\/\/cliniccenter.co.uk\/ro\/medic-stomatolog-bilge\/","og_locale":"ro_RO","og_type":"article","og_title":"Medic Stomatolog Bilge | Clinic Center","og_description":"Partenerul nostru, medic stomatolog Bilge de la Clinic Center, are o experien\u021b\u0103 de 8 ani \u00een implanturi dentare, fa\u021bete din por\u021belan \u0219i coroane dentare.","og_url":"https:\/\/cliniccenter.co.uk\/ro\/medic-stomatolog-bilge\/","article_publisher":"https:\/\/www.facebook.com\/cliniccenter.co.uk\/","article_modified_time":"2025-04-23T18:47:09+00:00","og_image":[{"url":"https:\/\/cliniccenter.co.uk\/wp-content\/uploads\/2023\/11\/UZMAN-DT.-BILGE-UNAL-517x1024-1.webp","type":"","width":"","height":""}],"twitter_card":"summary_large_image","twitter_site":"@cliniccenteruk","twitter_misc":{"Timp estimat pentru citire":"2 minute"},"schema":{"@context":"https:\/\/schema.org","@graph":[{"@type":"WebPage","@id":"https:\/\/cliniccenter.co.uk\/ro\/medic-stomatolog-bilge\/","url":"https:\/\/cliniccenter.co.uk\/ro\/medic-stomatolog-bilge\/","name":"Medic Stomatolog Bilge | Clinic Center","isPartOf":{"@id":"https:\/\/cliniccenter.co.uk\/ro\/#website"},"primaryImageOfPage":{"@id":"https:\/\/cliniccenter.co.uk\/ro\/medic-stomatolog-bilge\/#primaryimage"},"image":{"@id":"https:\/\/cliniccenter.co.uk\/ro\/medic-stomatolog-bilge\/#primaryimage"},"thumbnailUrl":"https:\/\/cliniccenter.co.uk\/wp-content\/uploads\/2023\/11\/UZMAN-DT.-BILGE-UNAL-517x1024-1.webp","datePublished":"2022-12-13T07:35:07+00:00","dateModified":"2025-04-23T18:47:09+00:00","description":"Partenerul nostru, medic stomatolog Bilge de la Clinic Center, are o experien\u021b\u0103 de 8 ani \u00een implanturi dentare, fa\u021bete din por\u021belan \u0219i coroane dentare.","breadcrumb":{"@id":"https:\/\/cliniccenter.co.uk\/ro\/medic-stomatolog-bilge\/#breadcrumb"},"inLanguage":"ro-RO","potentialAction":[{"@type":"ReadAction","target":["https:\/\/cliniccenter.co.uk\/ro\/medic-stomatolog-bilge\/"]}]},{"@type":"ImageObject","inLanguage":"ro-RO","@id":"https:\/\/cliniccenter.co.uk\/ro\/medic-stomatolog-bilge\/#primaryimage","url":"https:\/\/cliniccenter.co.uk\/wp-content\/uploads\/2023\/11\/UZMAN-DT.-BILGE-UNAL-517x1024-1.webp","contentUrl":"https:\/\/cliniccenter.co.uk\/wp-content\/uploads\/2023\/11\/UZMAN-DT.-BILGE-UNAL-517x1024-1.webp"},{"@type":"BreadcrumbList","@id":"https:\/\/cliniccenter.co.uk\/ro\/medic-stomatolog-bilge\/#breadcrumb","itemListElement":[{"@type":"ListItem","position":1,"name":"Home","item":"https:\/\/cliniccenter.co.uk\/ro\/"},{"@type":"ListItem","position":2,"name":"Cei Mai Buni Chirurgi din Turcia | Cele Mai Bune Chirurgii din Turcia","item":"https:\/\/cliniccenter.co.uk\/ro\/doctors\/"},{"@type":"ListItem","position":3,"name":"Medic Stomatolog Bilge"}]},{"@type":"WebSite","@id":"https:\/\/cliniccenter.co.uk\/ro\/#website","url":"https:\/\/cliniccenter.co.uk\/ro\/","name":"","description":"","potentialAction":[{"@type":"SearchAction","target":{"@type":"EntryPoint","urlTemplate":"https:\/\/cliniccenter.co.uk\/ro\/?s={search_term_string}"},"query-input":{"@type":"PropertyValueSpecification","valueRequired":true,"valueName":"search_term_string"}}],"inLanguage":"ro-RO"}]}},"uagb_featured_image_src":{"full":false,"thumbnail":false,"medium":false,"medium_large":false,"large":false,"1536x1536":false,"2048x2048":false},"uagb_author_info":{"display_name":"G\u00f6rkem G\u00fcng\u00f6r","author_link":"https:\/\/cliniccenter.co.uk\/ro\/blog\/author\/gorkem\/"},"uagb_comment_info":0,"uagb_excerpt":"Specialist\u0103 \u00een endodon\u021bie Dup\u0103 ce \u0219i-a finalizat studiile liceale la Liceul Anatolian Karacabey, a \u00eenceput \u00een anul 2010 studiile la Facultatea de Medicin\u0103 Dentar\u0103 a Universit\u0103\u021bii din Istanbul. A absolvit \u00een 2015, iar \u00een urma examenului de specializare \u00een stomatologie (DUS), a urmat formarea \u00een cadrul Departamentului de Endodon\u021bie al Facult\u0103\u021bii de Medicin\u0103 Dentar\u0103 a&hellip;","_links":{"self":[{"href":"https:\/\/cliniccenter.co.uk\/ro\/wp-json\/wp\/v2\/pages\/60072"}],"collection":[{"href":"https:\/\/cliniccenter.co.uk\/ro\/wp-json\/wp\/v2\/pages"}],"about":[{"href":"https:\/\/cliniccenter.co.uk\/ro\/wp-json\/wp\/v2\/types\/page"}],"author":[{"embeddable":true,"href":"https:\/\/cliniccenter.co.uk\/ro\/wp-json\/wp\/v2\/users\/15"}],"replies":[{"embeddable":true,"href":"https:\/\/cliniccenter.co.uk\/ro\/wp-json\/wp\/v2\/comments?post=60072"}],"version-history":[{"count":2,"href":"https:\/\/cliniccenter.co.uk\/ro\/wp-json\/wp\/v2\/pages\/60072\/revisions"}],"predecessor-version":[{"id":60076,"href":"https:\/\/cliniccenter.co.uk\/ro\/wp-json\/wp\/v2\/pages\/60072\/revisions\/60076"}],"up":[{"embeddable":true,"href":"https:\/\/cliniccenter.co.uk\/ro\/wp-json\/wp\/v2\/pages\/59660"}],"wp:attachment":[{"href":"https:\/\/cliniccenter.co.uk\/ro\/wp-json\/wp\/v2\/media?parent=60072"}],"curies":[{"name":"wp","href":"https:\/\/api.w.org\/{rel}","templated":true}]}}