{"id":60110,"date":"2023-07-19T06:28:44","date_gmt":"2023-07-19T06:28:44","guid":{"rendered":"https:\/\/cliniccenter.co.uk\/doctors\/dr-cem\/"},"modified":"2025-04-24T07:57:22","modified_gmt":"2025-04-24T07:57:22","slug":"dr-cem","status":"publish","type":"page","link":"https:\/\/cliniccenter.co.uk\/ro\/dr-cem\/","title":{"rendered":"Dr. Cem"},"content":{"rendered":"\n<div class=\"wp-block-columns is-layout-flex wp-container-core-columns-is-layout-4 wp-block-columns-is-layout-flex\">\n<div class=\"wp-block-column is-layout-flow wp-block-column-is-layout-flow\" style=\"flex-basis:33.33%\">\n<figure class=\"wp-block-gallery has-nested-images columns-default is-cropped wp-block-gallery-1 is-layout-flex wp-block-gallery-is-layout-flex\">\n<figure class=\"wp-block-image size-large\"><img decoding=\"async\" src=\"https:\/\/cliniccenter.co.uk\/wp-content\/uploads\/2023\/11\/cem-arslan-dik-517x1024-1.webp\" alt=\"cem-arslan-dik\" class=\"wp-image-44086\"\/><\/figure>\n<\/figure>\n<\/div>\n\n\n\n<div class=\"wp-block-column is-layout-flow wp-block-column-is-layout-flow\" style=\"flex-basis:66.66%\">\n<div class=\"wp-block-columns is-layout-flex wp-container-core-columns-is-layout-1 wp-block-columns-is-layout-flex\">\n<div class=\"wp-block-column leftpadbox is-layout-flow wp-block-column-is-layout-flow\">\n<p><strong>Dr. Cem<\/strong> este un profesionist medical dedicat \u0219i calificat, cu o vast\u0103 experien\u021b\u0103 \u00een domeniul <strong>chirurgiei bariatrice<\/strong>. A ob\u021binut diploma de medic de la Facultatea de Medicin\u0103 a Universit\u0103\u021bii din Istanbul.<\/p>\n\n\n\n<p><strong>Dr. Cem<\/strong> \u0219i-a perfec\u021bionat ulterior expertiza prin <strong>reziden\u021biatul<\/strong> la Spitalul de Educa\u021bie \u0219i Cercetare <strong>Haydarpa\u015fa Numune<\/strong> din Istanbul, specializ\u00e2ndu-se \u00een <strong>chirurgia bariatric\u0103<\/strong>. De-a lungul carierei sale, a demonstrat constant o pasiune pentru furnizarea de servicii de s\u0103n\u0103tate de \u00eenalt\u0103 calitate pacien\u021bilor s\u0103i.<\/p>\n\n\n\n<p>C\u0103l\u0103toria sa profesional\u0103 l-a purtat prin diverse institu\u021bii medicale. A lucrat \u00een mai multe clinici \u0219i spitale \u0219i a efectuat mii de interven\u021bii chirurgicale bariatrice de-a lungul carierei sale. <strong>Dr. Cem<\/strong>, chirurg partener Clinic Center pentru <strong>chirurgia sleeve gastric<\/strong>, a primit mii de pacien\u021bi pentru opera\u021bii de gastrectomie vertical\u0103 \u0219i are ca obiectiv principal <strong>fericirea pacien\u021bilor<\/strong> atunci c\u00e2nd vine vorba de tratamentele bariatrice.<\/p>\n\n\n\n<p>Cu o preg\u0103tire medical\u0103 cuprinz\u0103toare, dedicare fa\u021b\u0103 de \u00eengrijirea pacientului \u0219i interese diverse, <strong>Dr. Cem<\/strong> continu\u0103 s\u0103 aduc\u0103 o schimbare pozitiv\u0103 \u00een domeniul chirurgiei bariatrice \u0219i s\u0103 transforme vie\u021bile pacien\u021bilor s\u0103i. Cu 15 ani de experien\u021b\u0103, <strong>Dr. Cem<\/strong> realizeaz\u0103 interven\u021bii chirurgicale bariatrice care schimb\u0103 vie\u021bi.<\/p>\n<\/div>\n<\/div>\n\n\n\n<div class=\"wp-block-columns is-layout-flex wp-container-core-columns-is-layout-2 wp-block-columns-is-layout-flex\">\n<div class=\"wp-block-column is-layout-flow wp-block-column-is-layout-flow\">\n<figure class=\"wp-block-image aligncenter size-large skip-lazy\"><img decoding=\"async\" src=\"https:\/\/cliniccenter.co.uk\/wp-content\/uploads\/2023\/11\/cem-arslan-diplama.webp\" alt=\"cem-arslan-diplama\" class=\"wp-image-44091\"\/><\/figure>\n\n\n\n<p><\/p>\n\n\n\n<figure class=\"wp-block-image size-large\"><img decoding=\"async\" width=\"1024\" height=\"704\" src=\"https:\/\/cliniccenter.co.uk\/wp-content\/uploads\/2024\/02\/WhatsApp-Gorsel-2024-02-15-saat-20.40.05_ee03fa5b-1024x704.jpg\" alt=\"\" class=\"wp-image-50692\" srcset=\"https:\/\/cliniccenter.co.uk\/wp-content\/uploads\/2024\/02\/WhatsApp-Gorsel-2024-02-15-saat-20.40.05_ee03fa5b-1024x704.jpg 1024w, https:\/\/cliniccenter.co.uk\/wp-content\/uploads\/2024\/02\/WhatsApp-Gorsel-2024-02-15-saat-20.40.05_ee03fa5b-300x206.jpg 300w, https:\/\/cliniccenter.co.uk\/wp-content\/uploads\/2024\/02\/WhatsApp-Gorsel-2024-02-15-saat-20.40.05_ee03fa5b-768x528.jpg 768w, https:\/\/cliniccenter.co.uk\/wp-content\/uploads\/2024\/02\/WhatsApp-Gorsel-2024-02-15-saat-20.40.05_ee03fa5b.jpg 1179w\" sizes=\"(max-width: 1024px) 100vw, 1024px\" \/><\/figure>\n<\/div>\n\n\n\n<div class=\"wp-block-column is-layout-flow wp-block-column-is-layout-flow\">\n<figure class=\"wp-block-image aligncenter size-large skip-lazy\"><img decoding=\"async\" src=\"https:\/\/cliniccenter.co.uk\/wp-content\/uploads\/2023\/11\/cem-arslan-uzmanlikbelgesi.webp\" alt=\"cem-arslan-uzmanl\u0131kbelgesi\" class=\"wp-image-44101\"\/><\/figure>\n\n\n\n<p><\/p>\n\n\n\n<figure class=\"wp-block-image size-large\"><img decoding=\"async\" width=\"1024\" height=\"726\" src=\"https:\/\/cliniccenter.co.uk\/wp-content\/uploads\/2024\/02\/WhatsApp-Gorsel-2024-02-15-saat-20.40.06_5acb5bd7-1024x726.jpg\" alt=\"\" class=\"wp-image-50697\" srcset=\"https:\/\/cliniccenter.co.uk\/wp-content\/uploads\/2024\/02\/WhatsApp-Gorsel-2024-02-15-saat-20.40.06_5acb5bd7-1024x726.jpg 1024w, https:\/\/cliniccenter.co.uk\/wp-content\/uploads\/2024\/02\/WhatsApp-Gorsel-2024-02-15-saat-20.40.06_5acb5bd7-300x213.jpg 300w, https:\/\/cliniccenter.co.uk\/wp-content\/uploads\/2024\/02\/WhatsApp-Gorsel-2024-02-15-saat-20.40.06_5acb5bd7-768x545.jpg 768w, https:\/\/cliniccenter.co.uk\/wp-content\/uploads\/2024\/02\/WhatsApp-Gorsel-2024-02-15-saat-20.40.06_5acb5bd7.jpg 1159w\" sizes=\"(max-width: 1024px) 100vw, 1024px\" \/><\/figure>\n<\/div>\n<\/div>\n\n\n\n<div class=\"wp-block-columns is-layout-flex wp-container-core-columns-is-layout-3 wp-block-columns-is-layout-flex\">\n<div class=\"wp-block-column leftpadbox is-layout-flow wp-block-column-is-layout-flow\">\n<p><strong>Experien\u021b\u0103:<\/strong> 15 ani<br><strong>Pacien\u021bi interna\u021bionali trata\u021bi:<\/strong> Regatul Unit, Irlanda, Australia, Statele Unite ale Americii, Canada, Germania, Fran\u021ba, Emiratele Arabe Unite, Arabia Saudit\u0103<br><strong>Domenii de specializare: <\/strong><a href=\"https:\/\/cliniccenter.co.uk\/ro\/gastric-sleeve-in-turcia\/\">sleeve gastric<\/a>, <a href=\"https:\/\/cliniccenter.co.uk\/ro\/bypass-gastric-in-turcia\/\">bypass gastric<\/a>, <a href=\"https:\/\/cliniccenter.co.uk\/ro\/interventia-cu-balon-intragastric-in-turcia\/\">balon gastric<\/a><br><strong>Afilieri:<\/strong> Asocia\u021bia Medical\u0103 din Turcia<br><strong><span id=\"docs-internal-guid-0df5c900-7fff-2c3b-eeae-c352102c0a70\"><span style=\"font-size: 11.5pt; font-family: Roboto, sans-serif; background-color: transparent; font-weight: 700; font-variant-numeric: normal; font-variant-east-asian: normal; font-variant-alternates: normal; font-variant-position: normal; font-variant-emoji: normal; vertical-align: baseline;\">O<\/span><\/span>ra\u0219<\/strong>: Istanbul, Turcia<br><strong>Zile lucr\u0103toare: <\/strong>Luni &#8211; Vineri<br><strong>Limbi vorbite:<\/strong> Englez\u0103<br><strong>Contact<\/strong>:\u00a0info@cliniccenter.co.uk<\/p>\n<\/div>\n<\/div>\n<\/div>\n<\/div>\n\n\n\n<script type=\"application\/ld+json\">\n    {\n        \"@context\": \"http:\\\/\\\/schema.org\",\n        \"@type\": \"Physician\",\n        \"@id\": \"https:\/\/cliniccenter.co.uk\/dr-cem\/\",\n        \"areaServed\": {\n            \"@type\": \"Place\",\n            \"name\": \"Istanbul, Turkey\"\n        },\n        \"alumniOf\": {\n            \"@type\": \"OrganizationRole\",\n            \"alumniOf\": {\n                \"@type\": \"CollegeOrUniversity\",\n                \"name\": \"Marmara University Faculty of Medicine\"\n            }\n        },\n        \"employee\": {\n            \"@type\": \"Person\",\n            \"@id\": \"https:\/\/cliniccenter.co.uk\/dr-cem\/\",\n            \"description\": \"Dr Cem is a skilled and dedicated medical professional with extensive experience in the field of general surgery. Born on April 30, 1982, in Turkey, he obtained his education from reputable institutions. He completed his high school education at Gemlik Anatolian Lycee and Tan College, followed by earning his medical degree from Istanbul University's Faculty of Medicine from 2000 to 2006. Dr Cem further honed his expertise through his residency at Istanbul Haydarpasa Numune Education and Research Hospital, specializing in general surgery from 2008 to 2013. Throughout his career, he has consistently demonstrated a passion for providing high-quality healthcare services to his patients. His professional journey has taken him through various healthcare institutions. From 2014 to 2021, he worked in various clinics and hospitals and performed thousands of bariatric surgery in his career.  With his comprehensive medical background, dedication to patient care, and diverse interests, Dr. Cem continues to make a positive impact in the field of general surgery and the lives of his patients.\",\n            \"hasOccupation\": {\n                \"@type\": \"Occupation\",\n                \"name\": \"Gastric Surgeon\"\n            },\n            \"knowsLanguage\": {\n                \"@type\": \"Language\",\n                \"name\": \"English\",\n                \"alternateName\": \"en\"\n            },\n            \"honorificSuffix\": \"Dr.\"\n        },\n        \"hospitalAffiliation\": {\n            \"image\": {\n                \"@type\": \"ImageObject\",\n                \"@id\": \"https:\/\/cliniccenter.co.uk\/wp-content\/uploads\/2023\/07\/cem-arslan-dik.jpg\"\n            }\n        },\n        \"isAcceptingNewPatients\": \"https:\\\/\\\/schema.org\\\/True\",\n        \"isAccessibleForFree\": \"https:\\\/\\\/schema.org\\\/False\",\n        \"medicalSpecialty\": {\n            \"@type\": \"MedicalSpecialty\",\n            \"name\": \"Gastric Bypass, Gastric Sleeve, Gastric Balloon\"\n        },\n        \"memberOf\": {\n            \"@type\": \"Organization\",\n            \"name\": [\n                \"Turkish Medical Association\"\n            ]\n        },\n        \"name\": \"Dr. Cem\"\n    }\n<\/script>\n","protected":false},"excerpt":{"rendered":"<p>Dr. Cem este un profesionist medical dedicat \u0219i calificat, cu o vast\u0103 experien\u021b\u0103 \u00een domeniul chirurgiei bariatrice. A ob\u021binut diploma de medic de la Facultatea de Medicin\u0103 a Universit\u0103\u021bii din Istanbul. Dr. Cem \u0219i-a perfec\u021bionat ulterior expertiza prin reziden\u021biatul la Spitalul de Educa\u021bie \u0219i Cercetare Haydarpa\u015fa Numune din Istanbul, specializ\u00e2ndu-se \u00een chirurgia bariatric\u0103. De-a lungul [&hellip;]<\/p>\n","protected":false},"author":15,"featured_media":0,"parent":59660,"menu_order":0,"comment_status":"closed","ping_status":"closed","template":"","meta":{"_uag_custom_page_level_css":"","_lmt_disableupdate":"no","_lmt_disable":"","site-sidebar-layout":"default","site-content-layout":"default","ast-site-content-layout":"default","site-content-style":"default","site-sidebar-style":"default","ast-global-header-display":"","ast-banner-title-visibility":"","ast-main-header-display":"","ast-hfb-above-header-display":"","ast-hfb-below-header-display":"","ast-hfb-mobile-header-display":"","site-post-title":"","ast-breadcrumbs-content":"","ast-featured-img":"","footer-sml-layout":"","theme-transparent-header-meta":"default","adv-header-id-meta":"","stick-header-meta":"","header-above-stick-meta":"","header-main-stick-meta":"","header-below-stick-meta":"","astra-migrate-meta-layouts":"set","ast-page-background-enabled":"default","ast-page-background-meta":{"desktop":{"background-color":"","background-image":"","background-repeat":"repeat","background-position":"center center","background-size":"auto","background-attachment":"scroll","background-type":"","background-media":"","overlay-type":"","overlay-color":"","overlay-opacity":"","overlay-gradient":""},"tablet":{"background-color":"","background-image":"","background-repeat":"repeat","background-position":"center center","background-size":"auto","background-attachment":"scroll","background-type":"","background-media":"","overlay-type":"","overlay-color":"","overlay-opacity":"","overlay-gradient":""},"mobile":{"background-color":"","background-image":"","background-repeat":"repeat","background-position":"center center","background-size":"auto","background-attachment":"scroll","background-type":"","background-media":"","overlay-type":"","overlay-color":"","overlay-opacity":"","overlay-gradient":""}},"ast-content-background-meta":{"desktop":{"background-color":"var(--ast-global-color-5)","background-image":"","background-repeat":"repeat","background-position":"center center","background-size":"auto","background-attachment":"scroll","background-type":"","background-media":"","overlay-type":"","overlay-color":"","overlay-opacity":"","overlay-gradient":""},"tablet":{"background-color":"var(--ast-global-color-5)","background-image":"","background-repeat":"repeat","background-position":"center center","background-size":"auto","background-attachment":"scroll","background-type":"","background-media":"","overlay-type":"","overlay-color":"","overlay-opacity":"","overlay-gradient":""},"mobile":{"background-color":"var(--ast-global-color-5)","background-image":"","background-repeat":"repeat","background-position":"center center","background-size":"auto","background-attachment":"scroll","background-type":"","background-media":"","overlay-type":"","overlay-color":"","overlay-opacity":"","overlay-gradient":""}},"footnotes":""},"class_list":["post-60110","page","type-page","status-publish","hentry"],"yoast_head":"<!-- This site is optimized with the Yoast SEO plugin v25.3.1 - https:\/\/yoast.com\/wordpress\/plugins\/seo\/ -->\n<title>Dr. Cem | Chirurg Gastric | Clinic Center<\/title>\n<meta name=\"description\" content=\"Partenerul nostru expert, Dr. Cem, are o experien\u021b\u0103 de peste 15 ani \u00een domeniul chirurgiei bariatrice. Afl\u0103 mai multe despre el.\" \/>\n<meta name=\"robots\" content=\"index, follow, max-snippet:-1, max-image-preview:large, max-video-preview:-1\" \/>\n<link rel=\"canonical\" href=\"https:\/\/cliniccenter.co.uk\/ro\/dr-cem\/\" \/>\n<meta property=\"og:locale\" content=\"ro_RO\" \/>\n<meta property=\"og:type\" content=\"article\" \/>\n<meta property=\"og:title\" content=\"Dr. Cem | Chirurg Gastric | Clinic Center\" \/>\n<meta property=\"og:description\" content=\"Partenerul nostru expert, Dr. Cem, are o experien\u021b\u0103 de peste 15 ani \u00een domeniul chirurgiei bariatrice. Afl\u0103 mai multe despre el.\" \/>\n<meta property=\"og:url\" content=\"https:\/\/cliniccenter.co.uk\/ro\/dr-cem\/\" \/>\n<meta property=\"article:publisher\" content=\"https:\/\/www.facebook.com\/cliniccenter.co.uk\/\" \/>\n<meta property=\"article:modified_time\" content=\"2025-04-24T07:57:22+00:00\" \/>\n<meta property=\"og:image\" content=\"https:\/\/cliniccenter.co.uk\/wp-content\/uploads\/2023\/11\/cem-arslan-dik-517x1024-1.webp\" \/>\n<meta name=\"twitter:card\" content=\"summary_large_image\" \/>\n<meta name=\"twitter:site\" content=\"@cliniccenteruk\" \/>\n<meta name=\"twitter:label1\" content=\"Timp estimat pentru citire\" \/>\n\t<meta name=\"twitter:data1\" content=\"3 minute\" \/>\n<!-- \/ Yoast SEO plugin. -->","yoast_head_json":{"title":"Dr. Cem | Chirurg Gastric | Clinic Center","description":"Partenerul nostru expert, Dr. Cem, are o experien\u021b\u0103 de peste 15 ani \u00een domeniul chirurgiei bariatrice. Afl\u0103 mai multe despre el.","robots":{"index":"index","follow":"follow","max-snippet":"max-snippet:-1","max-image-preview":"max-image-preview:large","max-video-preview":"max-video-preview:-1"},"canonical":"https:\/\/cliniccenter.co.uk\/ro\/dr-cem\/","og_locale":"ro_RO","og_type":"article","og_title":"Dr. Cem | Chirurg Gastric | Clinic Center","og_description":"Partenerul nostru expert, Dr. Cem, are o experien\u021b\u0103 de peste 15 ani \u00een domeniul chirurgiei bariatrice. Afl\u0103 mai multe despre el.","og_url":"https:\/\/cliniccenter.co.uk\/ro\/dr-cem\/","article_publisher":"https:\/\/www.facebook.com\/cliniccenter.co.uk\/","article_modified_time":"2025-04-24T07:57:22+00:00","og_image":[{"url":"https:\/\/cliniccenter.co.uk\/wp-content\/uploads\/2023\/11\/cem-arslan-dik-517x1024-1.webp","type":"","width":"","height":""}],"twitter_card":"summary_large_image","twitter_site":"@cliniccenteruk","twitter_misc":{"Timp estimat pentru citire":"3 minute"},"schema":{"@context":"https:\/\/schema.org","@graph":[{"@type":"WebPage","@id":"https:\/\/cliniccenter.co.uk\/ro\/dr-cem\/","url":"https:\/\/cliniccenter.co.uk\/ro\/dr-cem\/","name":"Dr. Cem | Chirurg Gastric | Clinic Center","isPartOf":{"@id":"https:\/\/cliniccenter.co.uk\/ro\/#website"},"primaryImageOfPage":{"@id":"https:\/\/cliniccenter.co.uk\/ro\/dr-cem\/#primaryimage"},"image":{"@id":"https:\/\/cliniccenter.co.uk\/ro\/dr-cem\/#primaryimage"},"thumbnailUrl":"https:\/\/cliniccenter.co.uk\/wp-content\/uploads\/2023\/11\/cem-arslan-dik-517x1024-1.webp","datePublished":"2023-07-19T06:28:44+00:00","dateModified":"2025-04-24T07:57:22+00:00","description":"Partenerul nostru expert, Dr. Cem, are o experien\u021b\u0103 de peste 15 ani \u00een domeniul chirurgiei bariatrice. Afl\u0103 mai multe despre el.","breadcrumb":{"@id":"https:\/\/cliniccenter.co.uk\/ro\/dr-cem\/#breadcrumb"},"inLanguage":"ro-RO","potentialAction":[{"@type":"ReadAction","target":["https:\/\/cliniccenter.co.uk\/ro\/dr-cem\/"]}]},{"@type":"ImageObject","inLanguage":"ro-RO","@id":"https:\/\/cliniccenter.co.uk\/ro\/dr-cem\/#primaryimage","url":"https:\/\/cliniccenter.co.uk\/wp-content\/uploads\/2023\/11\/cem-arslan-dik-517x1024-1.webp","contentUrl":"https:\/\/cliniccenter.co.uk\/wp-content\/uploads\/2023\/11\/cem-arslan-dik-517x1024-1.webp"},{"@type":"BreadcrumbList","@id":"https:\/\/cliniccenter.co.uk\/ro\/dr-cem\/#breadcrumb","itemListElement":[{"@type":"ListItem","position":1,"name":"Home","item":"https:\/\/cliniccenter.co.uk\/ro\/"},{"@type":"ListItem","position":2,"name":"Cei Mai Buni Chirurgi din Turcia | Cele Mai Bune Chirurgii din Turcia","item":"https:\/\/cliniccenter.co.uk\/ro\/doctors\/"},{"@type":"ListItem","position":3,"name":"Dr. Cem"}]},{"@type":"WebSite","@id":"https:\/\/cliniccenter.co.uk\/ro\/#website","url":"https:\/\/cliniccenter.co.uk\/ro\/","name":"","description":"","potentialAction":[{"@type":"SearchAction","target":{"@type":"EntryPoint","urlTemplate":"https:\/\/cliniccenter.co.uk\/ro\/?s={search_term_string}"},"query-input":{"@type":"PropertyValueSpecification","valueRequired":true,"valueName":"search_term_string"}}],"inLanguage":"ro-RO"}]}},"uagb_featured_image_src":{"full":false,"thumbnail":false,"medium":false,"medium_large":false,"large":false,"1536x1536":false,"2048x2048":false},"uagb_author_info":{"display_name":"G\u00f6rkem G\u00fcng\u00f6r","author_link":"https:\/\/cliniccenter.co.uk\/ro\/blog\/author\/gorkem\/"},"uagb_comment_info":0,"uagb_excerpt":"Dr. Cem este un profesionist medical dedicat \u0219i calificat, cu o vast\u0103 experien\u021b\u0103 \u00een domeniul chirurgiei bariatrice. A ob\u021binut diploma de medic de la Facultatea de Medicin\u0103 a Universit\u0103\u021bii din Istanbul. Dr. Cem \u0219i-a perfec\u021bionat ulterior expertiza prin reziden\u021biatul la Spitalul de Educa\u021bie \u0219i Cercetare Haydarpa\u015fa Numune din Istanbul, specializ\u00e2ndu-se \u00een chirurgia bariatric\u0103. De-a lungul&hellip;","_links":{"self":[{"href":"https:\/\/cliniccenter.co.uk\/ro\/wp-json\/wp\/v2\/pages\/60110"}],"collection":[{"href":"https:\/\/cliniccenter.co.uk\/ro\/wp-json\/wp\/v2\/pages"}],"about":[{"href":"https:\/\/cliniccenter.co.uk\/ro\/wp-json\/wp\/v2\/types\/page"}],"author":[{"embeddable":true,"href":"https:\/\/cliniccenter.co.uk\/ro\/wp-json\/wp\/v2\/users\/15"}],"replies":[{"embeddable":true,"href":"https:\/\/cliniccenter.co.uk\/ro\/wp-json\/wp\/v2\/comments?post=60110"}],"version-history":[{"count":1,"href":"https:\/\/cliniccenter.co.uk\/ro\/wp-json\/wp\/v2\/pages\/60110\/revisions"}],"predecessor-version":[{"id":60119,"href":"https:\/\/cliniccenter.co.uk\/ro\/wp-json\/wp\/v2\/pages\/60110\/revisions\/60119"}],"up":[{"embeddable":true,"href":"https:\/\/cliniccenter.co.uk\/ro\/wp-json\/wp\/v2\/pages\/59660"}],"wp:attachment":[{"href":"https:\/\/cliniccenter.co.uk\/ro\/wp-json\/wp\/v2\/media?parent=60110"}],"curies":[{"name":"wp","href":"https:\/\/api.w.org\/{rel}","templated":true}]}}