{"id":60123,"date":"2022-05-05T08:35:49","date_gmt":"2022-05-05T08:35:49","guid":{"rendered":"https:\/\/cliniccenter.co.uk\/doctors\/dr-gungor\/"},"modified":"2025-04-24T08:11:01","modified_gmt":"2025-04-24T08:11:01","slug":"dr-gungor","status":"publish","type":"page","link":"https:\/\/cliniccenter.co.uk\/ro\/dr-gungor\/","title":{"rendered":"Dr. G\u00fcng\u00f6r"},"content":{"rendered":"\n<div class=\"wp-block-columns is-layout-flex wp-container-core-columns-is-layout-3 wp-block-columns-is-layout-flex\">\n<div class=\"wp-block-column is-layout-flow wp-block-column-is-layout-flow\" style=\"flex-basis:33.33%\">\n<figure class=\"wp-block-gallery has-nested-images columns-default is-cropped wp-block-gallery-1 is-layout-flex wp-block-gallery-is-layout-flex\">\n<figure class=\"wp-block-image size-large\"><img decoding=\"async\" src=\"https:\/\/cliniccenter.co.uk\/wp-content\/uploads\/2023\/11\/gungor-gul-dik-517x1024-1.webp\" alt=\"G\u00fcng\u00f6r G\u00fcl Dikey\" class=\"wp-image-37393\"\/><\/figure>\n<\/figure>\n<\/div>\n\n\n\n<div class=\"wp-block-column is-layout-flow wp-block-column-is-layout-flow\" style=\"flex-basis:66.66%\">\n<div class=\"wp-block-columns is-layout-flex wp-container-core-columns-is-layout-1 wp-block-columns-is-layout-flex\">\n<div class=\"wp-block-column leftpadbox is-layout-flow wp-block-column-is-layout-flow\">\n<p>Dr. G\u00fcng\u00f6r este un specialist \u00een chirurgie general\u0103 cu o vast\u0103 experien\u021b\u0103, care colaboreaz\u0103 cu Clinic Center pentru a oferi pacien\u021bilor no\u0219tri cele mai bune interven\u021bii chirurgicale gastrice. Dr. G\u00fcng\u00f6r activeaz\u0103 \u00een domeniul medical de 24 de ani, dup\u0103 ce a absolvit Facultatea de Medicin\u0103 a Universit\u0103\u021bii Marmara \u00een 1998.<\/p>\n\n\n\n<p>Dr. G\u00fcng\u00f6r este un chirurg care consider\u0103 c\u0103 cea mai mare virtute a unui medic ar trebui s\u0103 fie empatia, motiv pentru care a construit o baz\u0103 de \u00eencredere \u0219i empatie fa\u021b\u0103 de pacien\u021bii s\u0103i. Crede c\u0103 acest lucru conduce la cele mai bune rezultate ale oric\u0103rei interven\u021bii chirurgicale. Dr. G\u00fcng\u00f6r a lucrat \u00een mai multe spitale diferite pe parcursul carierei sale \u0219i \u00een prezent \u00ee\u0219i continu\u0103 activitatea \u00een cabinetul s\u0103u privat.<\/p>\n\n\n\n<p>El efectueaz\u0103 interven\u021bii chirurgicale gastrice \u00een colaborare cu Clinic Center. De asemenea, este membru al mai multor organiza\u021bii medicale na\u021bionale \u0219i interna\u021bionale.<\/p>\n<\/div>\n<\/div>\n\n\n\n<div class=\"wp-block-columns is-layout-flex wp-container-core-columns-is-layout-2 wp-block-columns-is-layout-flex\">\n<div class=\"wp-block-column leftpadbox is-layout-flow wp-block-column-is-layout-flow\">\n<p><strong>Experien\u021b\u0103:<\/strong> 24 de ani<br><strong>Pacien\u021bi interna\u021bionali trata\u021bi:<\/strong> Regatul Unit, Irlanda, Australia, Statele Unite ale Americii, Canada, Germania, Fran\u021ba, Emiratele Arabe Unite, Arabia Saudit\u0103<br><strong>Domenii de specializare: <\/strong><a href=\"https:\/\/cliniccenter.co.uk\/ro\/gastric-sleeve-in-turcia\/\">sleeve gastric<\/a>, <a href=\"https:\/\/cliniccenter.co.uk\/ro\/bypass-gastric-in-turcia\/\">bypass gastric<\/a>, <a href=\"https:\/\/cliniccenter.co.uk\/ro\/interventia-cu-balon-intragastric-in-turcia\/\">balon gastric<\/a><br><strong>Afilieri:<\/strong> Asocia\u021bia Medical\u0103 din Turcia<br><strong><span id=\"docs-internal-guid-0df5c900-7fff-2c3b-eeae-c352102c0a70\"><span style=\"font-size: 11.5pt; font-family: Roboto, sans-serif; background-color: transparent; font-weight: 700; font-variant-numeric: normal; font-variant-east-asian: normal; font-variant-alternates: normal; font-variant-position: normal; font-variant-emoji: normal; vertical-align: baseline;\">O<\/span><\/span>ra\u0219<\/strong>: Istanbul, Turcia<br><strong>Zile lucr\u0103toare: <\/strong>Luni &#8211; Vineri<br><strong>Limbi vorbite:<\/strong> Englez\u0103, Spaniol\u0103<br><strong>Contact<\/strong>:&nbsp;info@cliniccenter.co.uk<\/p>\n<\/div>\n<\/div>\n<\/div>\n<\/div>\n\n\n\n<script type=\"application\/ld+json\">\n    {\n        \"@context\": \"http:\\\/\\\/schema.org\",\n        \"@type\": \"Physician\",\n        \"@id\": \"https:\/\/cliniccenter.co.uk\/dr-gungor\/\",\n        \"areaServed\": {\n            \"@type\": \"Place\",\n            \"name\": \"Istanbul, Turkey\"\n        },\n        \"alumniOf\": {\n            \"@type\": \"OrganizationRole\",\n            \"alumniOf\": {\n                \"@type\": \"CollegeOrUniversity\",\n                \"name\": \"Marmara University Faculty of Medicine\"\n            }\n        },\n        \"employee\": {\n            \"@type\": \"Person\",\n            \"@id\": \"https:\/\/cliniccenter.co.uk\/dr-gungor\/\",\n            \"description\": \"Dr. G\u00fcng\u00f6r is an experienced general surgery specialist who works with Clinic Center in order to provide our patients with the best gastric surgeries. G\u00fcng\u00f6r has been in the medical field for 24 years, following his graduation from Marmara University Faculty of Medicine in 1998. Dr. G\u00fcng\u00f6r is a surgeon who believes that a doctor\u2019s biggest virtue should be empathy, hence why he has built a base of trust and empathy for his patients. He believes that this leads to the best outcome of any surgery. Dr. G\u00fcng\u00f6r has worked in several different hospitals throughout his career and is now continuing his services in his private practise.He is performing gastric surgeries with Clinic Center. He is also the member of several national and international medical establishments.\",\n            \"hasOccupation\": {\n                \"@type\": \"Occupation\",\n                \"name\": \"Gastric Surgeon\"\n            },\n            \"knowsLanguage\": {\n                \"@type\": \"Language\",\n                \"name\": \"English\",\n                \"alternateName\": \"en\"\n            },\n            \"honorificSuffix\": \"Dr.\"\n        },\n        \"hospitalAffiliation\": {\n            \"image\": {\n                \"@type\": \"ImageObject\",\n                \"@id\": \"https:\/\/cliniccenter.co.uk\/wp-content\/uploads\/2022\/05\/gungor-gul-dik-517x1024.jpg\"\n            }\n        },\n        \"isAcceptingNewPatients\": \"https:\\\/\\\/schema.org\\\/True\",\n        \"isAccessibleForFree\": \"https:\\\/\\\/schema.org\\\/False\",\n        \"medicalSpecialty\": {\n            \"@type\": \"MedicalSpecialty\",\n            \"name\": \"Gastric Bypass, Gastric Sleeve, Gastric Balloon\"\n        },\n        \"memberOf\": {\n            \"@type\": \"Organization\",\n            \"name\": [\n                \"Turkish Medical Association\"\n            ]\n        },\n        \"name\": \"Dr. G\u00fcng\u00f6r\"\n    }\n<\/script>\n","protected":false},"excerpt":{"rendered":"<p>Dr. G\u00fcng\u00f6r este un specialist \u00een chirurgie general\u0103 cu o vast\u0103 experien\u021b\u0103, care colaboreaz\u0103 cu Clinic Center pentru a oferi pacien\u021bilor no\u0219tri cele mai bune interven\u021bii chirurgicale gastrice. Dr. G\u00fcng\u00f6r activeaz\u0103 \u00een domeniul medical de 24 de ani, dup\u0103 ce a absolvit Facultatea de Medicin\u0103 a Universit\u0103\u021bii Marmara \u00een 1998. Dr. G\u00fcng\u00f6r este un chirurg [&hellip;]<\/p>\n","protected":false},"author":14,"featured_media":0,"parent":59660,"menu_order":0,"comment_status":"closed","ping_status":"closed","template":"","meta":{"_uag_custom_page_level_css":"","_lmt_disableupdate":"no","_lmt_disable":"","site-sidebar-layout":"default","site-content-layout":"default","ast-site-content-layout":"default","site-content-style":"default","site-sidebar-style":"default","ast-global-header-display":"","ast-banner-title-visibility":"","ast-main-header-display":"","ast-hfb-above-header-display":"","ast-hfb-below-header-display":"","ast-hfb-mobile-header-display":"","site-post-title":"","ast-breadcrumbs-content":"","ast-featured-img":"","footer-sml-layout":"","theme-transparent-header-meta":"default","adv-header-id-meta":"","stick-header-meta":"","header-above-stick-meta":"","header-main-stick-meta":"","header-below-stick-meta":"","astra-migrate-meta-layouts":"set","ast-page-background-enabled":"default","ast-page-background-meta":{"desktop":{"background-color":"","background-image":"","background-repeat":"repeat","background-position":"center center","background-size":"auto","background-attachment":"scroll","background-type":"","background-media":"","overlay-type":"","overlay-color":"","overlay-opacity":"","overlay-gradient":""},"tablet":{"background-color":"","background-image":"","background-repeat":"repeat","background-position":"center center","background-size":"auto","background-attachment":"scroll","background-type":"","background-media":"","overlay-type":"","overlay-color":"","overlay-opacity":"","overlay-gradient":""},"mobile":{"background-color":"","background-image":"","background-repeat":"repeat","background-position":"center center","background-size":"auto","background-attachment":"scroll","background-type":"","background-media":"","overlay-type":"","overlay-color":"","overlay-opacity":"","overlay-gradient":""}},"ast-content-background-meta":{"desktop":{"background-color":"var(--ast-global-color-5)","background-image":"","background-repeat":"repeat","background-position":"center center","background-size":"auto","background-attachment":"scroll","background-type":"","background-media":"","overlay-type":"","overlay-color":"","overlay-opacity":"","overlay-gradient":""},"tablet":{"background-color":"var(--ast-global-color-5)","background-image":"","background-repeat":"repeat","background-position":"center center","background-size":"auto","background-attachment":"scroll","background-type":"","background-media":"","overlay-type":"","overlay-color":"","overlay-opacity":"","overlay-gradient":""},"mobile":{"background-color":"var(--ast-global-color-5)","background-image":"","background-repeat":"repeat","background-position":"center center","background-size":"auto","background-attachment":"scroll","background-type":"","background-media":"","overlay-type":"","overlay-color":"","overlay-opacity":"","overlay-gradient":""}},"footnotes":""},"class_list":["post-60123","page","type-page","status-publish","hentry"],"yoast_head":"<!-- This site is optimized with the Yoast SEO plugin v25.3.1 - https:\/\/yoast.com\/wordpress\/plugins\/seo\/ -->\n<title>Dr. G\u00fcng\u00f6r | Chirurg Gastric | Clinic Center<\/title>\n<meta name=\"description\" content=\"Partenerul nostru expert, Dr. Gungor, are o experien\u021b\u0103 de peste 24 ani \u00een domeniul chirurgiei bariatrice. Afl\u0103 mai multe despre el.\" \/>\n<meta name=\"robots\" content=\"index, follow, max-snippet:-1, max-image-preview:large, max-video-preview:-1\" \/>\n<link rel=\"canonical\" href=\"https:\/\/cliniccenter.co.uk\/ro\/dr-gungor\/\" \/>\n<meta property=\"og:locale\" content=\"ro_RO\" \/>\n<meta property=\"og:type\" content=\"article\" \/>\n<meta property=\"og:title\" content=\"Dr. G\u00fcng\u00f6r | Chirurg Gastric | Clinic Center\" \/>\n<meta property=\"og:description\" content=\"Partenerul nostru expert, Dr. Gungor, are o experien\u021b\u0103 de peste 24 ani \u00een domeniul chirurgiei bariatrice. Afl\u0103 mai multe despre el.\" \/>\n<meta property=\"og:url\" content=\"https:\/\/cliniccenter.co.uk\/ro\/dr-gungor\/\" \/>\n<meta property=\"article:publisher\" content=\"https:\/\/www.facebook.com\/cliniccenter.co.uk\/\" \/>\n<meta property=\"article:modified_time\" content=\"2025-04-24T08:11:01+00:00\" \/>\n<meta property=\"og:image\" content=\"https:\/\/cliniccenter.co.uk\/wp-content\/uploads\/2023\/11\/gungor-gul-dik-517x1024-1.webp\" \/>\n<meta name=\"twitter:card\" content=\"summary_large_image\" \/>\n<meta name=\"twitter:site\" content=\"@cliniccenteruk\" \/>\n<meta name=\"twitter:label1\" content=\"Timp estimat pentru citire\" \/>\n\t<meta name=\"twitter:data1\" content=\"2 minute\" \/>\n<!-- \/ Yoast SEO plugin. -->","yoast_head_json":{"title":"Dr. G\u00fcng\u00f6r | Chirurg Gastric | Clinic Center","description":"Partenerul nostru expert, Dr. Gungor, are o experien\u021b\u0103 de peste 24 ani \u00een domeniul chirurgiei bariatrice. Afl\u0103 mai multe despre el.","robots":{"index":"index","follow":"follow","max-snippet":"max-snippet:-1","max-image-preview":"max-image-preview:large","max-video-preview":"max-video-preview:-1"},"canonical":"https:\/\/cliniccenter.co.uk\/ro\/dr-gungor\/","og_locale":"ro_RO","og_type":"article","og_title":"Dr. G\u00fcng\u00f6r | Chirurg Gastric | Clinic Center","og_description":"Partenerul nostru expert, Dr. Gungor, are o experien\u021b\u0103 de peste 24 ani \u00een domeniul chirurgiei bariatrice. Afl\u0103 mai multe despre el.","og_url":"https:\/\/cliniccenter.co.uk\/ro\/dr-gungor\/","article_publisher":"https:\/\/www.facebook.com\/cliniccenter.co.uk\/","article_modified_time":"2025-04-24T08:11:01+00:00","og_image":[{"url":"https:\/\/cliniccenter.co.uk\/wp-content\/uploads\/2023\/11\/gungor-gul-dik-517x1024-1.webp","type":"","width":"","height":""}],"twitter_card":"summary_large_image","twitter_site":"@cliniccenteruk","twitter_misc":{"Timp estimat pentru citire":"2 minute"},"schema":{"@context":"https:\/\/schema.org","@graph":[{"@type":"WebPage","@id":"https:\/\/cliniccenter.co.uk\/ro\/dr-gungor\/","url":"https:\/\/cliniccenter.co.uk\/ro\/dr-gungor\/","name":"Dr. G\u00fcng\u00f6r | Chirurg Gastric | Clinic Center","isPartOf":{"@id":"https:\/\/cliniccenter.co.uk\/ro\/#website"},"primaryImageOfPage":{"@id":"https:\/\/cliniccenter.co.uk\/ro\/dr-gungor\/#primaryimage"},"image":{"@id":"https:\/\/cliniccenter.co.uk\/ro\/dr-gungor\/#primaryimage"},"thumbnailUrl":"https:\/\/cliniccenter.co.uk\/wp-content\/uploads\/2023\/11\/gungor-gul-dik-517x1024-1.webp","datePublished":"2022-05-05T08:35:49+00:00","dateModified":"2025-04-24T08:11:01+00:00","description":"Partenerul nostru expert, Dr. Gungor, are o experien\u021b\u0103 de peste 24 ani \u00een domeniul chirurgiei bariatrice. Afl\u0103 mai multe despre el.","breadcrumb":{"@id":"https:\/\/cliniccenter.co.uk\/ro\/dr-gungor\/#breadcrumb"},"inLanguage":"ro-RO","potentialAction":[{"@type":"ReadAction","target":["https:\/\/cliniccenter.co.uk\/ro\/dr-gungor\/"]}]},{"@type":"ImageObject","inLanguage":"ro-RO","@id":"https:\/\/cliniccenter.co.uk\/ro\/dr-gungor\/#primaryimage","url":"https:\/\/cliniccenter.co.uk\/wp-content\/uploads\/2023\/11\/gungor-gul-dik-517x1024-1.webp","contentUrl":"https:\/\/cliniccenter.co.uk\/wp-content\/uploads\/2023\/11\/gungor-gul-dik-517x1024-1.webp"},{"@type":"BreadcrumbList","@id":"https:\/\/cliniccenter.co.uk\/ro\/dr-gungor\/#breadcrumb","itemListElement":[{"@type":"ListItem","position":1,"name":"Home","item":"https:\/\/cliniccenter.co.uk\/ro\/"},{"@type":"ListItem","position":2,"name":"Cei Mai Buni Chirurgi din Turcia | Cele Mai Bune Chirurgii din Turcia","item":"https:\/\/cliniccenter.co.uk\/ro\/doctors\/"},{"@type":"ListItem","position":3,"name":"Dr. G\u00fcng\u00f6r"}]},{"@type":"WebSite","@id":"https:\/\/cliniccenter.co.uk\/ro\/#website","url":"https:\/\/cliniccenter.co.uk\/ro\/","name":"","description":"","potentialAction":[{"@type":"SearchAction","target":{"@type":"EntryPoint","urlTemplate":"https:\/\/cliniccenter.co.uk\/ro\/?s={search_term_string}"},"query-input":{"@type":"PropertyValueSpecification","valueRequired":true,"valueName":"search_term_string"}}],"inLanguage":"ro-RO"}]}},"uagb_featured_image_src":{"full":false,"thumbnail":false,"medium":false,"medium_large":false,"large":false,"1536x1536":false,"2048x2048":false},"uagb_author_info":{"display_name":"Derya Ayd\u0131n","author_link":"https:\/\/cliniccenter.co.uk\/ro\/blog\/author\/deryacliniccenter-co-uk\/"},"uagb_comment_info":0,"uagb_excerpt":"Dr. G\u00fcng\u00f6r este un specialist \u00een chirurgie general\u0103 cu o vast\u0103 experien\u021b\u0103, care colaboreaz\u0103 cu Clinic Center pentru a oferi pacien\u021bilor no\u0219tri cele mai bune interven\u021bii chirurgicale gastrice. Dr. G\u00fcng\u00f6r activeaz\u0103 \u00een domeniul medical de 24 de ani, dup\u0103 ce a absolvit Facultatea de Medicin\u0103 a Universit\u0103\u021bii Marmara \u00een 1998. Dr. G\u00fcng\u00f6r este un chirurg&hellip;","_links":{"self":[{"href":"https:\/\/cliniccenter.co.uk\/ro\/wp-json\/wp\/v2\/pages\/60123"}],"collection":[{"href":"https:\/\/cliniccenter.co.uk\/ro\/wp-json\/wp\/v2\/pages"}],"about":[{"href":"https:\/\/cliniccenter.co.uk\/ro\/wp-json\/wp\/v2\/types\/page"}],"author":[{"embeddable":true,"href":"https:\/\/cliniccenter.co.uk\/ro\/wp-json\/wp\/v2\/users\/14"}],"replies":[{"embeddable":true,"href":"https:\/\/cliniccenter.co.uk\/ro\/wp-json\/wp\/v2\/comments?post=60123"}],"version-history":[{"count":1,"href":"https:\/\/cliniccenter.co.uk\/ro\/wp-json\/wp\/v2\/pages\/60123\/revisions"}],"predecessor-version":[{"id":60125,"href":"https:\/\/cliniccenter.co.uk\/ro\/wp-json\/wp\/v2\/pages\/60123\/revisions\/60125"}],"up":[{"embeddable":true,"href":"https:\/\/cliniccenter.co.uk\/ro\/wp-json\/wp\/v2\/pages\/59660"}],"wp:attachment":[{"href":"https:\/\/cliniccenter.co.uk\/ro\/wp-json\/wp\/v2\/media?parent=60123"}],"curies":[{"name":"wp","href":"https:\/\/api.w.org\/{rel}","templated":true}]}}