{"id":60222,"date":"2016-02-22T05:30:57","date_gmt":"2016-02-22T05:30:57","guid":{"rendered":"https:\/\/cliniccenter.co.uk\/facelift-before-after-gallery\/"},"modified":"2025-04-24T13:15:24","modified_gmt":"2025-04-24T13:15:24","slug":"galerie-cu-lifting-facial-si-chirurgie-a-pleoapelor","status":"publish","type":"page","link":"https:\/\/cliniccenter.co.uk\/ro\/galerie-cu-lifting-facial-si-chirurgie-a-pleoapelor\/","title":{"rendered":"Galerie cu Fotografii \u00cenainte \u0219i Dup\u0103 Lifting Facial \u0219i Chirurgie a Pleoapelor"},"content":{"rendered":"\n<p>Pute\u021bi rezista timpului care zboar\u0103 \u0219i rezolva problemele de riduri \u0219i piele l\u0103sat\u0103 printr-un <a href=\"https:\/\/cliniccenter.co.uk\/ro\/lifting-facial-in-turcia\/\">lifting facial<\/a>, lifting al spr\u00e2ncenei, lifting al g\u00e2tului \u0219i<a href=\"https:\/\/cliniccenter.co.uk\/ro\/chirurgia-pleoapelor-in-turcia\/\"> chirurgie a pleoapelor \u00een Turcia<\/a>, realizate de Clinic Center.<\/p>\n\n\n\n<p>Aici pute\u021bi vizualiza fotografii before&amp;after ale pacien\u021bilor no\u0219tri care au beneficiat de lifting facial, lifting al g\u00e2tului, lifting al spr\u00e2ncenelor \u0219i corec\u021bie a pleoapelor. Toate interven\u021biile sunt realizate prin \u00eendep\u0103rtarea pielii \u00een exces \u0219i ridicarea acesteia.<\/p>\n\n\n\n<div class=\"wp-block-columns is-layout-flex wp-container-core-columns-is-layout-1 wp-block-columns-is-layout-flex\">\n<div class=\"wp-block-column is-layout-flow wp-block-column-is-layout-flow\">\n<figure class=\"wp-block-gallery has-nested-images columns-default is-cropped wp-block-gallery-1 is-layout-flex wp-block-gallery-is-layout-flex\">\n<figure class=\"wp-block-image size-full skip-lazy\"><img decoding=\"async\" width=\"436\" height=\"196\" src=\"https:\/\/cliniccenter.co.uk\/wp-content\/uploads\/2023\/11\/Facelift-2-1-1.webp\" alt=\"\" class=\"wp-image-47117\" srcset=\"https:\/\/cliniccenter.co.uk\/wp-content\/uploads\/2023\/11\/Facelift-2-1-1.webp 436w, https:\/\/cliniccenter.co.uk\/wp-content\/uploads\/2023\/11\/Facelift-2-1-1-300x135.webp 300w\" sizes=\"(max-width: 436px) 100vw, 436px\" \/><\/figure>\n\n\n\n<figure class=\"wp-block-image size-full skip-lazy\"><img decoding=\"async\" width=\"436\" height=\"196\" src=\"https:\/\/cliniccenter.co.uk\/wp-content\/uploads\/2023\/11\/FACELIFT-98-1.webp\" alt=\"\" class=\"wp-image-47122\" srcset=\"https:\/\/cliniccenter.co.uk\/wp-content\/uploads\/2023\/11\/FACELIFT-98-1.webp 436w, https:\/\/cliniccenter.co.uk\/wp-content\/uploads\/2023\/11\/FACELIFT-98-1-300x135.webp 300w\" sizes=\"(max-width: 436px) 100vw, 436px\" \/><\/figure>\n\n\n\n<figure class=\"wp-block-image size-full\"><img decoding=\"async\" width=\"436\" height=\"196\" src=\"https:\/\/cliniccenter.co.uk\/wp-content\/uploads\/2023\/11\/FACELIFT-99-1.webp\" alt=\"\" class=\"wp-image-47127\" srcset=\"https:\/\/cliniccenter.co.uk\/wp-content\/uploads\/2023\/11\/FACELIFT-99-1.webp 436w, https:\/\/cliniccenter.co.uk\/wp-content\/uploads\/2023\/11\/FACELIFT-99-1-300x135.webp 300w\" sizes=\"(max-width: 436px) 100vw, 436px\" \/><\/figure>\n\n\n\n<figure class=\"wp-block-image size-large\"><img decoding=\"async\" width=\"436\" height=\"196\" src=\"https:\/\/cliniccenter.co.uk\/wp-content\/uploads\/2020\/04\/Facelift-1-1.jpg\" alt=\"Facelift\" class=\"wp-image-4381\" srcset=\"https:\/\/cliniccenter.co.uk\/wp-content\/uploads\/2020\/04\/Facelift-1-1.jpg 436w, https:\/\/cliniccenter.co.uk\/wp-content\/uploads\/2020\/04\/Facelift-1-1-300x135.jpg 300w\" sizes=\"(max-width: 436px) 100vw, 436px\" \/><\/figure>\n\n\n\n<figure class=\"wp-block-image size-large\"><img decoding=\"async\" width=\"436\" height=\"196\" src=\"https:\/\/cliniccenter.co.uk\/wp-content\/uploads\/2020\/04\/Facelift-1-2.jpg\" alt=\"Facelift\" class=\"wp-image-4380\" srcset=\"https:\/\/cliniccenter.co.uk\/wp-content\/uploads\/2020\/04\/Facelift-1-2.jpg 436w, https:\/\/cliniccenter.co.uk\/wp-content\/uploads\/2020\/04\/Facelift-1-2-300x135.jpg 300w\" sizes=\"(max-width: 436px) 100vw, 436px\" \/><\/figure>\n\n\n\n<figure class=\"wp-block-image size-large\"><img decoding=\"async\" width=\"436\" height=\"196\" src=\"https:\/\/cliniccenter.co.uk\/wp-content\/uploads\/2020\/04\/Facelift-1-3.jpg\" alt=\"Facelift\" class=\"wp-image-4379\" srcset=\"https:\/\/cliniccenter.co.uk\/wp-content\/uploads\/2020\/04\/Facelift-1-3.jpg 436w, https:\/\/cliniccenter.co.uk\/wp-content\/uploads\/2020\/04\/Facelift-1-3-300x135.jpg 300w\" sizes=\"(max-width: 436px) 100vw, 436px\" \/><\/figure>\n\n\n\n<figure class=\"wp-block-image size-large\"><img decoding=\"async\" width=\"436\" height=\"196\" src=\"https:\/\/cliniccenter.co.uk\/wp-content\/uploads\/2020\/04\/Facelift-2-2.jpg\" alt=\"Facelift\" class=\"wp-image-4377\" srcset=\"https:\/\/cliniccenter.co.uk\/wp-content\/uploads\/2020\/04\/Facelift-2-2.jpg 436w, https:\/\/cliniccenter.co.uk\/wp-content\/uploads\/2020\/04\/Facelift-2-2-300x135.jpg 300w\" sizes=\"(max-width: 436px) 100vw, 436px\" \/><\/figure>\n\n\n\n<figure class=\"wp-block-image size-large\"><img decoding=\"async\" width=\"436\" height=\"196\" src=\"https:\/\/cliniccenter.co.uk\/wp-content\/uploads\/2020\/04\/Facelift-3-1.jpg\" alt=\"Facelift\" class=\"wp-image-4375\" srcset=\"https:\/\/cliniccenter.co.uk\/wp-content\/uploads\/2020\/04\/Facelift-3-1.jpg 436w, https:\/\/cliniccenter.co.uk\/wp-content\/uploads\/2020\/04\/Facelift-3-1-300x135.jpg 300w\" sizes=\"(max-width: 436px) 100vw, 436px\" \/><\/figure>\n\n\n\n<figure class=\"wp-block-image size-large\"><img decoding=\"async\" width=\"436\" height=\"196\" src=\"https:\/\/cliniccenter.co.uk\/wp-content\/uploads\/2020\/04\/Facelift-3-2.jpg\" alt=\"Facelift\" class=\"wp-image-4374\" srcset=\"https:\/\/cliniccenter.co.uk\/wp-content\/uploads\/2020\/04\/Facelift-3-2.jpg 436w, https:\/\/cliniccenter.co.uk\/wp-content\/uploads\/2020\/04\/Facelift-3-2-300x135.jpg 300w\" sizes=\"(max-width: 436px) 100vw, 436px\" \/><\/figure>\n\n\n\n<figure class=\"wp-block-image size-large\"><img decoding=\"async\" width=\"436\" height=\"196\" src=\"https:\/\/cliniccenter.co.uk\/wp-content\/uploads\/2020\/04\/Facelift-3-3.jpg\" alt=\"Facelift\" class=\"wp-image-4373\" srcset=\"https:\/\/cliniccenter.co.uk\/wp-content\/uploads\/2020\/04\/Facelift-3-3.jpg 436w, https:\/\/cliniccenter.co.uk\/wp-content\/uploads\/2020\/04\/Facelift-3-3-300x135.jpg 300w\" sizes=\"(max-width: 436px) 100vw, 436px\" \/><\/figure>\n\n\n\n<figure class=\"wp-block-image size-large\"><img decoding=\"async\" width=\"436\" height=\"196\" src=\"https:\/\/cliniccenter.co.uk\/wp-content\/uploads\/2020\/04\/Facelift-4-1.jpg\" alt=\"Facelift\" class=\"wp-image-4372\" srcset=\"https:\/\/cliniccenter.co.uk\/wp-content\/uploads\/2020\/04\/Facelift-4-1.jpg 436w, https:\/\/cliniccenter.co.uk\/wp-content\/uploads\/2020\/04\/Facelift-4-1-300x135.jpg 300w\" sizes=\"(max-width: 436px) 100vw, 436px\" \/><\/figure>\n\n\n\n<figure class=\"wp-block-image size-large\"><img decoding=\"async\" width=\"436\" height=\"196\" src=\"https:\/\/cliniccenter.co.uk\/wp-content\/uploads\/2020\/04\/Facelift-4-2.jpg\" alt=\"Facelift\" class=\"wp-image-4371\" srcset=\"https:\/\/cliniccenter.co.uk\/wp-content\/uploads\/2020\/04\/Facelift-4-2.jpg 436w, https:\/\/cliniccenter.co.uk\/wp-content\/uploads\/2020\/04\/Facelift-4-2-300x135.jpg 300w\" sizes=\"(max-width: 436px) 100vw, 436px\" \/><\/figure>\n\n\n\n<figure class=\"wp-block-image size-large\"><img decoding=\"async\" width=\"436\" height=\"196\" src=\"https:\/\/cliniccenter.co.uk\/wp-content\/uploads\/2020\/04\/Facelift-4-3.jpg\" alt=\"Facelift\" class=\"wp-image-4370\" srcset=\"https:\/\/cliniccenter.co.uk\/wp-content\/uploads\/2020\/04\/Facelift-4-3.jpg 436w, https:\/\/cliniccenter.co.uk\/wp-content\/uploads\/2020\/04\/Facelift-4-3-300x135.jpg 300w\" sizes=\"(max-width: 436px) 100vw, 436px\" \/><\/figure>\n\n\n\n<figure class=\"wp-block-image size-large\"><img decoding=\"async\" width=\"436\" height=\"196\" src=\"https:\/\/cliniccenter.co.uk\/wp-content\/uploads\/2020\/04\/Facelift-5-1.jpg\" alt=\"Facelift\" class=\"wp-image-4369\" srcset=\"https:\/\/cliniccenter.co.uk\/wp-content\/uploads\/2020\/04\/Facelift-5-1.jpg 436w, https:\/\/cliniccenter.co.uk\/wp-content\/uploads\/2020\/04\/Facelift-5-1-300x135.jpg 300w\" sizes=\"(max-width: 436px) 100vw, 436px\" \/><\/figure>\n\n\n\n<figure class=\"wp-block-image size-large\"><img decoding=\"async\" width=\"436\" height=\"196\" src=\"https:\/\/cliniccenter.co.uk\/wp-content\/uploads\/2020\/04\/Facelift-5-2.jpg\" alt=\"Facelift\" class=\"wp-image-4368\" srcset=\"https:\/\/cliniccenter.co.uk\/wp-content\/uploads\/2020\/04\/Facelift-5-2.jpg 436w, https:\/\/cliniccenter.co.uk\/wp-content\/uploads\/2020\/04\/Facelift-5-2-300x135.jpg 300w\" sizes=\"(max-width: 436px) 100vw, 436px\" \/><\/figure>\n\n\n\n<figure class=\"wp-block-image size-large\"><img decoding=\"async\" width=\"436\" height=\"196\" src=\"https:\/\/cliniccenter.co.uk\/wp-content\/uploads\/2021\/05\/eyelid-surgery-in-turkey-images-5.jpg\" alt=\"\" class=\"wp-image-7693\" srcset=\"https:\/\/cliniccenter.co.uk\/wp-content\/uploads\/2021\/05\/eyelid-surgery-in-turkey-images-5.jpg 436w, https:\/\/cliniccenter.co.uk\/wp-content\/uploads\/2021\/05\/eyelid-surgery-in-turkey-images-5-300x135.jpg 300w\" sizes=\"(max-width: 436px) 100vw, 436px\" \/><\/figure>\n\n\n\n<figure class=\"wp-block-image size-large\"><img decoding=\"async\" width=\"436\" height=\"196\" src=\"https:\/\/cliniccenter.co.uk\/wp-content\/uploads\/2021\/05\/eyelid-surgery-in-turkey-images-4.jpg\" alt=\"\" class=\"wp-image-7692\" srcset=\"https:\/\/cliniccenter.co.uk\/wp-content\/uploads\/2021\/05\/eyelid-surgery-in-turkey-images-4.jpg 436w, https:\/\/cliniccenter.co.uk\/wp-content\/uploads\/2021\/05\/eyelid-surgery-in-turkey-images-4-300x135.jpg 300w\" sizes=\"(max-width: 436px) 100vw, 436px\" \/><\/figure>\n\n\n\n<figure class=\"wp-block-image size-large\"><img decoding=\"async\" width=\"436\" height=\"196\" src=\"https:\/\/cliniccenter.co.uk\/wp-content\/uploads\/2021\/05\/eyelid-surgery-in-turkey-images-3.jpg\" alt=\"\" class=\"wp-image-7691\" srcset=\"https:\/\/cliniccenter.co.uk\/wp-content\/uploads\/2021\/05\/eyelid-surgery-in-turkey-images-3.jpg 436w, https:\/\/cliniccenter.co.uk\/wp-content\/uploads\/2021\/05\/eyelid-surgery-in-turkey-images-3-300x135.jpg 300w\" sizes=\"(max-width: 436px) 100vw, 436px\" \/><\/figure>\n\n\n\n<figure class=\"wp-block-image size-large\"><img decoding=\"async\" width=\"436\" height=\"196\" src=\"https:\/\/cliniccenter.co.uk\/wp-content\/uploads\/2020\/04\/EYELID-07.jpg\" alt=\"Eyelid surgery\" class=\"wp-image-5246\" srcset=\"https:\/\/cliniccenter.co.uk\/wp-content\/uploads\/2020\/04\/EYELID-07.jpg 436w, https:\/\/cliniccenter.co.uk\/wp-content\/uploads\/2020\/04\/EYELID-07-300x135.jpg 300w\" sizes=\"(max-width: 436px) 100vw, 436px\" \/><\/figure>\n\n\n\n<figure class=\"wp-block-image size-large\"><img decoding=\"async\" width=\"436\" height=\"196\" src=\"https:\/\/cliniccenter.co.uk\/wp-content\/uploads\/2020\/04\/EYELID-08.jpg\" alt=\"Eyelid surgery\" class=\"wp-image-5244\" srcset=\"https:\/\/cliniccenter.co.uk\/wp-content\/uploads\/2020\/04\/EYELID-08.jpg 436w, https:\/\/cliniccenter.co.uk\/wp-content\/uploads\/2020\/04\/EYELID-08-300x135.jpg 300w\" sizes=\"(max-width: 436px) 100vw, 436px\" \/><\/figure>\n\n\n\n<figure class=\"wp-block-image size-large\"><img decoding=\"async\" width=\"436\" height=\"196\" src=\"https:\/\/cliniccenter.co.uk\/wp-content\/uploads\/2020\/04\/EYELID-06.jpg\" alt=\"Eyelid surgery\" class=\"wp-image-5243\" srcset=\"https:\/\/cliniccenter.co.uk\/wp-content\/uploads\/2020\/04\/EYELID-06.jpg 436w, https:\/\/cliniccenter.co.uk\/wp-content\/uploads\/2020\/04\/EYELID-06-300x135.jpg 300w\" sizes=\"(max-width: 436px) 100vw, 436px\" \/><\/figure>\n\n\n\n<figure class=\"wp-block-image size-large\"><img decoding=\"async\" width=\"436\" height=\"196\" src=\"https:\/\/cliniccenter.co.uk\/wp-content\/uploads\/2020\/04\/EYELID-02.jpg\" alt=\"Eyelid surgery\" class=\"wp-image-5240\" srcset=\"https:\/\/cliniccenter.co.uk\/wp-content\/uploads\/2020\/04\/EYELID-02.jpg 436w, https:\/\/cliniccenter.co.uk\/wp-content\/uploads\/2020\/04\/EYELID-02-300x135.jpg 300w\" sizes=\"(max-width: 436px) 100vw, 436px\" \/><\/figure>\n\n\n\n<figure class=\"wp-block-image size-large\"><img decoding=\"async\" width=\"436\" height=\"196\" src=\"https:\/\/cliniccenter.co.uk\/wp-content\/uploads\/2020\/04\/EYELID-04.jpg\" alt=\"Eyelid surgery\" class=\"wp-image-5241\" srcset=\"https:\/\/cliniccenter.co.uk\/wp-content\/uploads\/2020\/04\/EYELID-04.jpg 436w, https:\/\/cliniccenter.co.uk\/wp-content\/uploads\/2020\/04\/EYELID-04-300x135.jpg 300w\" sizes=\"(max-width: 436px) 100vw, 436px\" \/><\/figure>\n\n\n\n<figure class=\"wp-block-image size-large\"><img decoding=\"async\" width=\"436\" height=\"196\" src=\"https:\/\/cliniccenter.co.uk\/wp-content\/uploads\/2020\/04\/EYELID-05.jpg\" alt=\"Eyelid surgery\" class=\"wp-image-5242\" srcset=\"https:\/\/cliniccenter.co.uk\/wp-content\/uploads\/2020\/04\/EYELID-05.jpg 436w, https:\/\/cliniccenter.co.uk\/wp-content\/uploads\/2020\/04\/EYELID-05-300x135.jpg 300w\" sizes=\"(max-width: 436px) 100vw, 436px\" \/><\/figure>\n<\/figure>\n<\/div>\n<\/div>\n\n\n\n<p>\u00cen liftingul facial, liftingul g\u00e2tului \u0219i liftingul spr\u00e2ncenelor, chirurgul ridic\u0103 pielea pentru a rezolva aspectul l\u0103sat \u0219i a elimina apari\u021bia ridurilor profunde. \u00cen chirurgia pleoapelor, chirurgul ocular \u00eendep\u0103rteaz\u0103 excesul de piele de sub sau de deasupra pleoapelor pentru a rezolva aspectul obosit, somnoros \u0219i \u00eemb\u0103tr\u00e2nit, a\u0219a cum pute\u021bi observa \u0219i diferen\u021ba \u00een fotografiile \u201e\u00eenainte \u0219i dup\u0103\u201d blefaroplastie.<\/p>\n\n\n\n<p>&nbsp;Fiind una dintre cele mai de \u00eencredere clinici din domeniul medical, acord\u0103m o mare importan\u021b\u0103 confiden\u021bialit\u0103\u021bii pacien\u021bilor no\u0219tri \u0219i p\u0103str\u0103m unele dintre fotografiile acestora \u00een arhiva noastr\u0103. &nbsp;V\u0103 invit\u0103m s\u0103 vizita\u021bi paginile noastre dedicate <a href=\"https:\/\/cliniccenter.co.uk\/ro\/lifting-facial-in-turcia\/\">liftingului facial<\/a>, liftingului spr\u00e2ncenelor, liftingului g\u00e2tului \u0219i <a href=\"https:\/\/cliniccenter.co.uk\/ro\/chirurgia-pleoapelor-in-turcia\/\">chirurgiei pleoapelor<\/a> pentru a ob\u021bine mai multe informa\u021bii despre aceste proceduri \u0219i nu uita\u021bi s\u0103 <a href=\"https:\/\/cliniccenter.co.uk\/ro\/contacteaza-ne\/\">ne contacta\u021bi!<\/a><\/p>\n\n\n\n<div class=\"wp-block-columns is-layout-flex wp-container-core-columns-is-layout-2 wp-block-columns-is-layout-flex\">\n<div class=\"wp-block-column is-layout-flow wp-block-column-is-layout-flow\">\n<p><strong>Avertisment:<\/strong> Fotografiile de mai sus prezint\u0103 doar rezultate tipice ale liftingului facial. Nu toate persoanele care urmeaz\u0103 aceast\u0103 procedur\u0103 vor ob\u021bine acelea\u0219i rezultate.<\/p>\n<\/div>\n<\/div>\n","protected":false},"excerpt":{"rendered":"<p>Pute\u021bi rezista timpului care zboar\u0103 \u0219i rezolva problemele de riduri \u0219i piele l\u0103sat\u0103 printr-un lifting facial, lifting al spr\u00e2ncenei, lifting al g\u00e2tului \u0219i chirurgie a pleoapelor \u00een Turcia, realizate de Clinic Center. Aici pute\u021bi vizualiza fotografii before&amp;after ale pacien\u021bilor no\u0219tri care au beneficiat de lifting facial, lifting al g\u00e2tului, lifting al spr\u00e2ncenelor \u0219i corec\u021bie a [&hellip;]<\/p>\n","protected":false},"author":1,"featured_media":0,"parent":0,"menu_order":0,"comment_status":"closed","ping_status":"closed","template":"","meta":{"_uag_custom_page_level_css":"","_lmt_disableupdate":"no","_lmt_disable":"","site-sidebar-layout":"default","site-content-layout":"default","ast-site-content-layout":"default","site-content-style":"default","site-sidebar-style":"default","ast-global-header-display":"","ast-banner-title-visibility":"","ast-main-header-display":"","ast-hfb-above-header-display":"","ast-hfb-below-header-display":"","ast-hfb-mobile-header-display":"","site-post-title":"","ast-breadcrumbs-content":"","ast-featured-img":"","footer-sml-layout":"","theme-transparent-header-meta":"default","adv-header-id-meta":"","stick-header-meta":"","header-above-stick-meta":"","header-main-stick-meta":"","header-below-stick-meta":"","astra-migrate-meta-layouts":"set","ast-page-background-enabled":"default","ast-page-background-meta":{"desktop":{"background-color":"","background-image":"","background-repeat":"repeat","background-position":"center center","background-size":"auto","background-attachment":"scroll","background-type":"","background-media":"","overlay-type":"","overlay-color":"","overlay-opacity":"","overlay-gradient":""},"tablet":{"background-color":"","background-image":"","background-repeat":"repeat","background-position":"center center","background-size":"auto","background-attachment":"scroll","background-type":"","background-media":"","overlay-type":"","overlay-color":"","overlay-opacity":"","overlay-gradient":""},"mobile":{"background-color":"","background-image":"","background-repeat":"repeat","background-position":"center center","background-size":"auto","background-attachment":"scroll","background-type":"","background-media":"","overlay-type":"","overlay-color":"","overlay-opacity":"","overlay-gradient":""}},"ast-content-background-meta":{"desktop":{"background-color":"var(--ast-global-color-5)","background-image":"","background-repeat":"repeat","background-position":"center center","background-size":"auto","background-attachment":"scroll","background-type":"","background-media":"","overlay-type":"","overlay-color":"","overlay-opacity":"","overlay-gradient":""},"tablet":{"background-color":"var(--ast-global-color-5)","background-image":"","background-repeat":"repeat","background-position":"center center","background-size":"auto","background-attachment":"scroll","background-type":"","background-media":"","overlay-type":"","overlay-color":"","overlay-opacity":"","overlay-gradient":""},"mobile":{"background-color":"var(--ast-global-color-5)","background-image":"","background-repeat":"repeat","background-position":"center center","background-size":"auto","background-attachment":"scroll","background-type":"","background-media":"","overlay-type":"","overlay-color":"","overlay-opacity":"","overlay-gradient":""}},"footnotes":""},"class_list":["post-60222","page","type-page","status-publish","hentry"],"yoast_head":"<!-- This site is optimized with the Yoast SEO plugin v25.3.1 - https:\/\/yoast.com\/wordpress\/plugins\/seo\/ -->\n<title>Lifting facial: \u00eenainte \u0219i dup\u0103 | Galerie | Clinic Center<\/title>\n<meta name=\"robots\" content=\"index, follow, max-snippet:-1, max-image-preview:large, max-video-preview:-1\" \/>\n<link rel=\"canonical\" href=\"https:\/\/cliniccenter.co.uk\/ro\/galerie-cu-lifting-facial-si-chirurgie-a-pleoapelor\/\" \/>\n<meta property=\"og:locale\" content=\"ro_RO\" \/>\n<meta property=\"og:type\" content=\"article\" \/>\n<meta property=\"og:title\" content=\"Lifting facial: \u00eenainte \u0219i dup\u0103 | Galerie | Clinic Center\" \/>\n<meta property=\"og:description\" content=\"Pute\u021bi rezista timpului care zboar\u0103 \u0219i rezolva problemele de riduri \u0219i piele l\u0103sat\u0103 printr-un lifting facial, lifting al spr\u00e2ncenei, lifting al g\u00e2tului \u0219i chirurgie a pleoapelor \u00een Turcia, realizate de Clinic Center. Aici pute\u021bi vizualiza fotografii before&amp;after ale pacien\u021bilor no\u0219tri care au beneficiat de lifting facial, lifting al g\u00e2tului, lifting al spr\u00e2ncenelor \u0219i corec\u021bie a [&hellip;]\" \/>\n<meta property=\"og:url\" content=\"https:\/\/cliniccenter.co.uk\/ro\/galerie-cu-lifting-facial-si-chirurgie-a-pleoapelor\/\" \/>\n<meta property=\"article:publisher\" content=\"https:\/\/www.facebook.com\/cliniccenter.co.uk\/\" \/>\n<meta property=\"article:modified_time\" content=\"2025-04-24T13:15:24+00:00\" \/>\n<meta property=\"og:image\" content=\"https:\/\/cliniccenter.co.uk\/wp-content\/uploads\/2023\/11\/Facelift-2-1-1.webp\" \/>\n<meta name=\"twitter:card\" content=\"summary_large_image\" \/>\n<meta name=\"twitter:site\" content=\"@cliniccenteruk\" \/>\n<meta name=\"twitter:label1\" content=\"Timp estimat pentru citire\" \/>\n\t<meta name=\"twitter:data1\" content=\"6 minute\" \/>\n<!-- \/ Yoast SEO plugin. -->","yoast_head_json":{"title":"Lifting facial: \u00eenainte \u0219i dup\u0103 | Galerie | Clinic Center","robots":{"index":"index","follow":"follow","max-snippet":"max-snippet:-1","max-image-preview":"max-image-preview:large","max-video-preview":"max-video-preview:-1"},"canonical":"https:\/\/cliniccenter.co.uk\/ro\/galerie-cu-lifting-facial-si-chirurgie-a-pleoapelor\/","og_locale":"ro_RO","og_type":"article","og_title":"Lifting facial: \u00eenainte \u0219i dup\u0103 | Galerie | Clinic Center","og_description":"Pute\u021bi rezista timpului care zboar\u0103 \u0219i rezolva problemele de riduri \u0219i piele l\u0103sat\u0103 printr-un lifting facial, lifting al spr\u00e2ncenei, lifting al g\u00e2tului \u0219i chirurgie a pleoapelor \u00een Turcia, realizate de Clinic Center. Aici pute\u021bi vizualiza fotografii before&amp;after ale pacien\u021bilor no\u0219tri care au beneficiat de lifting facial, lifting al g\u00e2tului, lifting al spr\u00e2ncenelor \u0219i corec\u021bie a [&hellip;]","og_url":"https:\/\/cliniccenter.co.uk\/ro\/galerie-cu-lifting-facial-si-chirurgie-a-pleoapelor\/","article_publisher":"https:\/\/www.facebook.com\/cliniccenter.co.uk\/","article_modified_time":"2025-04-24T13:15:24+00:00","og_image":[{"url":"https:\/\/cliniccenter.co.uk\/wp-content\/uploads\/2023\/11\/Facelift-2-1-1.webp","type":"","width":"","height":""}],"twitter_card":"summary_large_image","twitter_site":"@cliniccenteruk","twitter_misc":{"Timp estimat pentru citire":"6 minute"},"schema":{"@context":"https:\/\/schema.org","@graph":[{"@type":"WebPage","@id":"https:\/\/cliniccenter.co.uk\/ro\/galerie-cu-lifting-facial-si-chirurgie-a-pleoapelor\/","url":"https:\/\/cliniccenter.co.uk\/ro\/galerie-cu-lifting-facial-si-chirurgie-a-pleoapelor\/","name":"Lifting facial: \u00eenainte \u0219i dup\u0103 | Galerie | Clinic Center","isPartOf":{"@id":"https:\/\/cliniccenter.co.uk\/ro\/#website"},"primaryImageOfPage":{"@id":"https:\/\/cliniccenter.co.uk\/ro\/galerie-cu-lifting-facial-si-chirurgie-a-pleoapelor\/#primaryimage"},"image":{"@id":"https:\/\/cliniccenter.co.uk\/ro\/galerie-cu-lifting-facial-si-chirurgie-a-pleoapelor\/#primaryimage"},"thumbnailUrl":"https:\/\/cliniccenter.co.uk\/wp-content\/uploads\/2023\/11\/Facelift-2-1-1.webp","datePublished":"2016-02-22T05:30:57+00:00","dateModified":"2025-04-24T13:15:24+00:00","breadcrumb":{"@id":"https:\/\/cliniccenter.co.uk\/ro\/galerie-cu-lifting-facial-si-chirurgie-a-pleoapelor\/#breadcrumb"},"inLanguage":"ro-RO","potentialAction":[{"@type":"ReadAction","target":["https:\/\/cliniccenter.co.uk\/ro\/galerie-cu-lifting-facial-si-chirurgie-a-pleoapelor\/"]}]},{"@type":"ImageObject","inLanguage":"ro-RO","@id":"https:\/\/cliniccenter.co.uk\/ro\/galerie-cu-lifting-facial-si-chirurgie-a-pleoapelor\/#primaryimage","url":"https:\/\/cliniccenter.co.uk\/wp-content\/uploads\/2023\/11\/Facelift-2-1-1.webp","contentUrl":"https:\/\/cliniccenter.co.uk\/wp-content\/uploads\/2023\/11\/Facelift-2-1-1.webp"},{"@type":"BreadcrumbList","@id":"https:\/\/cliniccenter.co.uk\/ro\/galerie-cu-lifting-facial-si-chirurgie-a-pleoapelor\/#breadcrumb","itemListElement":[{"@type":"ListItem","position":1,"name":"Home","item":"https:\/\/cliniccenter.co.uk\/ro\/"},{"@type":"ListItem","position":2,"name":"Galerie cu Fotografii \u00cenainte \u0219i Dup\u0103 Lifting Facial \u0219i Chirurgie a Pleoapelor"}]},{"@type":"WebSite","@id":"https:\/\/cliniccenter.co.uk\/ro\/#website","url":"https:\/\/cliniccenter.co.uk\/ro\/","name":"","description":"","potentialAction":[{"@type":"SearchAction","target":{"@type":"EntryPoint","urlTemplate":"https:\/\/cliniccenter.co.uk\/ro\/?s={search_term_string}"},"query-input":{"@type":"PropertyValueSpecification","valueRequired":true,"valueName":"search_term_string"}}],"inLanguage":"ro-RO"}]}},"uagb_featured_image_src":{"full":false,"thumbnail":false,"medium":false,"medium_large":false,"large":false,"1536x1536":false,"2048x2048":false},"uagb_author_info":{"display_name":"cliniccenter","author_link":"https:\/\/cliniccenter.co.uk\/ro\/blog\/author\/cliniccenter\/"},"uagb_comment_info":0,"uagb_excerpt":"Pute\u021bi rezista timpului care zboar\u0103 \u0219i rezolva problemele de riduri \u0219i piele l\u0103sat\u0103 printr-un lifting facial, lifting al spr\u00e2ncenei, lifting al g\u00e2tului \u0219i chirurgie a pleoapelor \u00een Turcia, realizate de Clinic Center. Aici pute\u021bi vizualiza fotografii before&amp;after ale pacien\u021bilor no\u0219tri care au beneficiat de lifting facial, lifting al g\u00e2tului, lifting al spr\u00e2ncenelor \u0219i corec\u021bie a&hellip;","_links":{"self":[{"href":"https:\/\/cliniccenter.co.uk\/ro\/wp-json\/wp\/v2\/pages\/60222"}],"collection":[{"href":"https:\/\/cliniccenter.co.uk\/ro\/wp-json\/wp\/v2\/pages"}],"about":[{"href":"https:\/\/cliniccenter.co.uk\/ro\/wp-json\/wp\/v2\/types\/page"}],"author":[{"embeddable":true,"href":"https:\/\/cliniccenter.co.uk\/ro\/wp-json\/wp\/v2\/users\/1"}],"replies":[{"embeddable":true,"href":"https:\/\/cliniccenter.co.uk\/ro\/wp-json\/wp\/v2\/comments?post=60222"}],"version-history":[{"count":1,"href":"https:\/\/cliniccenter.co.uk\/ro\/wp-json\/wp\/v2\/pages\/60222\/revisions"}],"predecessor-version":[{"id":60225,"href":"https:\/\/cliniccenter.co.uk\/ro\/wp-json\/wp\/v2\/pages\/60222\/revisions\/60225"}],"wp:attachment":[{"href":"https:\/\/cliniccenter.co.uk\/ro\/wp-json\/wp\/v2\/media?parent=60222"}],"curies":[{"name":"wp","href":"https:\/\/api.w.org\/{rel}","templated":true}]}}