{"id":60226,"date":"2022-05-24T12:21:03","date_gmt":"2022-05-24T12:21:03","guid":{"rendered":"https:\/\/cliniccenter.co.uk\/gastric-surgeries-before-after-gallery\/"},"modified":"2025-04-24T13:19:48","modified_gmt":"2025-04-24T13:19:48","slug":"galerie-cu-chirurgii-gastrice","status":"publish","type":"page","link":"https:\/\/cliniccenter.co.uk\/ro\/galerie-cu-chirurgii-gastrice\/","title":{"rendered":"Galerie cu Fotografii \u00cenainte \u0219i Dup\u0103 Chirurgii Gastrice"},"content":{"rendered":"\n<div class=\"wp-block-columns is-layout-flex wp-container-core-columns-is-layout-1 wp-block-columns-is-layout-flex\">\n<div class=\"wp-block-column is-layout-flow wp-block-column-is-layout-flow\">\n<figure class=\"wp-block-image size-large skip-lazy\"><img decoding=\"async\" width=\"436\" height=\"196\" src=\"https:\/\/cliniccenter.co.uk\/wp-content\/uploads\/2023\/02\/bf-1.jpg\" alt=\"\" class=\"wp-image-42250  skip-lazy\" srcset=\"https:\/\/cliniccenter.co.uk\/wp-content\/uploads\/2023\/02\/bf-1.jpg 436w, https:\/\/cliniccenter.co.uk\/wp-content\/uploads\/2023\/02\/bf-1-300x135.jpg 300w\" sizes=\"(max-width: 436px) 100vw, 436px\" \/><\/figure>\n<\/div>\n\n\n\n<div class=\"wp-block-column is-layout-flow wp-block-column-is-layout-flow\">\n<figure class=\"wp-block-image size-large\"><img decoding=\"async\" width=\"436\" height=\"196\" src=\"https:\/\/cliniccenter.co.uk\/wp-content\/uploads\/2023\/02\/bf-2.jpg\" alt=\"bf-2\" class=\"wp-image-42255 skip-lazy\" srcset=\"https:\/\/cliniccenter.co.uk\/wp-content\/uploads\/2023\/02\/bf-2.jpg 436w, https:\/\/cliniccenter.co.uk\/wp-content\/uploads\/2023\/02\/bf-2-300x135.jpg 300w\" sizes=\"(max-width: 436px) 100vw, 436px\" \/><\/figure>\n<\/div>\n\n\n\n<div class=\"wp-block-column is-layout-flow wp-block-column-is-layout-flow\">\n<figure class=\"wp-block-image size-large skip-lazy\"><img decoding=\"async\" width=\"436\" height=\"196\" src=\"https:\/\/cliniccenter.co.uk\/wp-content\/uploads\/2023\/02\/bf-3.jpg\" alt=\"\" class=\"wp-image-42260 skip-lazy\" srcset=\"https:\/\/cliniccenter.co.uk\/wp-content\/uploads\/2023\/02\/bf-3.jpg 436w, https:\/\/cliniccenter.co.uk\/wp-content\/uploads\/2023\/02\/bf-3-300x135.jpg 300w\" sizes=\"(max-width: 436px) 100vw, 436px\" \/><\/figure>\n<\/div>\n<\/div>\n\n\n\n<div class=\"wp-block-columns is-layout-flex wp-container-core-columns-is-layout-2 wp-block-columns-is-layout-flex\">\n<div class=\"wp-block-column is-layout-flow wp-block-column-is-layout-flow\">\n<figure class=\"wp-block-image size-large\"><img decoding=\"async\" width=\"436\" height=\"196\" src=\"https:\/\/cliniccenter.co.uk\/wp-content\/uploads\/2023\/02\/bf-4.jpg\" alt=\"bf-4\" class=\"wp-image-42265\" srcset=\"https:\/\/cliniccenter.co.uk\/wp-content\/uploads\/2023\/02\/bf-4.jpg 436w, https:\/\/cliniccenter.co.uk\/wp-content\/uploads\/2023\/02\/bf-4-300x135.jpg 300w\" sizes=\"(max-width: 436px) 100vw, 436px\" \/><\/figure>\n<\/div>\n\n\n\n<div class=\"wp-block-column is-layout-flow wp-block-column-is-layout-flow\">\n<figure class=\"wp-block-image size-large\"><img decoding=\"async\" width=\"436\" height=\"196\" src=\"https:\/\/cliniccenter.co.uk\/wp-content\/uploads\/2023\/02\/bf-5.jpg\" alt=\"bf-5\" class=\"wp-image-42270\" srcset=\"https:\/\/cliniccenter.co.uk\/wp-content\/uploads\/2023\/02\/bf-5.jpg 436w, https:\/\/cliniccenter.co.uk\/wp-content\/uploads\/2023\/02\/bf-5-300x135.jpg 300w\" sizes=\"(max-width: 436px) 100vw, 436px\" \/><\/figure>\n<\/div>\n\n\n\n<div class=\"wp-block-column is-layout-flow wp-block-column-is-layout-flow\">\n<figure class=\"wp-block-image size-large\"><img decoding=\"async\" width=\"436\" height=\"196\" src=\"https:\/\/cliniccenter.co.uk\/wp-content\/uploads\/2023\/02\/bf-6.jpg\" alt=\"bf-6\" class=\"wp-image-42275\" srcset=\"https:\/\/cliniccenter.co.uk\/wp-content\/uploads\/2023\/02\/bf-6.jpg 436w, https:\/\/cliniccenter.co.uk\/wp-content\/uploads\/2023\/02\/bf-6-300x135.jpg 300w\" sizes=\"(max-width: 436px) 100vw, 436px\" \/><\/figure>\n<\/div>\n<\/div>\n\n\n\n<div class=\"wp-block-columns is-layout-flex wp-container-core-columns-is-layout-3 wp-block-columns-is-layout-flex\">\n<div class=\"wp-block-column is-layout-flow wp-block-column-is-layout-flow\">\n<figure class=\"wp-block-image size-large\"><img decoding=\"async\" width=\"436\" height=\"196\" src=\"https:\/\/cliniccenter.co.uk\/wp-content\/uploads\/2023\/02\/bf-7.jpg\" alt=\"bf-7\" class=\"wp-image-42280\" srcset=\"https:\/\/cliniccenter.co.uk\/wp-content\/uploads\/2023\/02\/bf-7.jpg 436w, https:\/\/cliniccenter.co.uk\/wp-content\/uploads\/2023\/02\/bf-7-300x135.jpg 300w\" sizes=\"(max-width: 436px) 100vw, 436px\" \/><\/figure>\n<\/div>\n\n\n\n<div class=\"wp-block-column is-layout-flow wp-block-column-is-layout-flow\">\n<figure class=\"wp-block-image size-large\"><img decoding=\"async\" width=\"436\" height=\"196\" src=\"https:\/\/cliniccenter.co.uk\/wp-content\/uploads\/2023\/02\/bf-8.jpg\" alt=\"bf-8\" class=\"wp-image-42285\" srcset=\"https:\/\/cliniccenter.co.uk\/wp-content\/uploads\/2023\/02\/bf-8.jpg 436w, https:\/\/cliniccenter.co.uk\/wp-content\/uploads\/2023\/02\/bf-8-300x135.jpg 300w\" sizes=\"(max-width: 436px) 100vw, 436px\" \/><\/figure>\n<\/div>\n\n\n\n<div class=\"wp-block-column is-layout-flow wp-block-column-is-layout-flow\">\n<figure class=\"wp-block-image size-large\"><img decoding=\"async\" width=\"436\" height=\"196\" src=\"https:\/\/cliniccenter.co.uk\/wp-content\/uploads\/2023\/02\/bf-9.jpg\" alt=\"bf-9\" class=\"wp-image-42290\" srcset=\"https:\/\/cliniccenter.co.uk\/wp-content\/uploads\/2023\/02\/bf-9.jpg 436w, https:\/\/cliniccenter.co.uk\/wp-content\/uploads\/2023\/02\/bf-9-300x135.jpg 300w\" sizes=\"(max-width: 436px) 100vw, 436px\" \/><\/figure>\n<\/div>\n<\/div>\n\n\n\n<div class=\"wp-block-columns is-layout-flex wp-container-core-columns-is-layout-4 wp-block-columns-is-layout-flex\">\n<div class=\"wp-block-column is-layout-flow wp-block-column-is-layout-flow\">\n<figure class=\"wp-block-image size-large\"><img decoding=\"async\" width=\"436\" height=\"196\" src=\"https:\/\/cliniccenter.co.uk\/wp-content\/uploads\/2023\/02\/bf-10.jpg\" alt=\"bf-10\" class=\"wp-image-42295\" srcset=\"https:\/\/cliniccenter.co.uk\/wp-content\/uploads\/2023\/02\/bf-10.jpg 436w, https:\/\/cliniccenter.co.uk\/wp-content\/uploads\/2023\/02\/bf-10-300x135.jpg 300w\" sizes=\"(max-width: 436px) 100vw, 436px\" \/><\/figure>\n<\/div>\n\n\n\n<div class=\"wp-block-column is-layout-flow wp-block-column-is-layout-flow\">\n<figure class=\"wp-block-image size-large\"><img decoding=\"async\" width=\"436\" height=\"196\" src=\"https:\/\/cliniccenter.co.uk\/wp-content\/uploads\/2023\/02\/bf-11.jpg\" alt=\"bf-11\" class=\"wp-image-42300\" srcset=\"https:\/\/cliniccenter.co.uk\/wp-content\/uploads\/2023\/02\/bf-11.jpg 436w, https:\/\/cliniccenter.co.uk\/wp-content\/uploads\/2023\/02\/bf-11-300x135.jpg 300w\" sizes=\"(max-width: 436px) 100vw, 436px\" \/><\/figure>\n<\/div>\n\n\n\n<div class=\"wp-block-column is-layout-flow wp-block-column-is-layout-flow\">\n<figure class=\"wp-block-image size-large\"><img decoding=\"async\" width=\"436\" height=\"196\" src=\"https:\/\/cliniccenter.co.uk\/wp-content\/uploads\/2023\/02\/bf-12.jpg\" alt=\"bf-12\" class=\"wp-image-42305\" srcset=\"https:\/\/cliniccenter.co.uk\/wp-content\/uploads\/2023\/02\/bf-12.jpg 436w, https:\/\/cliniccenter.co.uk\/wp-content\/uploads\/2023\/02\/bf-12-300x135.jpg 300w\" sizes=\"(max-width: 436px) 100vw, 436px\" \/><\/figure>\n<\/div>\n<\/div>\n\n\n\n<p>Pute\u021bi sc\u0103pa de kilogramele \u00een exces prin efectuarea unor interven\u021bii<a href=\"https:\/\/cliniccenter.co.uk\/ro\/chirurgie-gastrica\/\"> chirurgicale gastrice<\/a> sigure \u0219i accesibile \u00een Turcia, realizate de Clinic Center.<\/p>\n\n\n\n<p>Aici pute\u021bi vizualiza fotografii \u201e\u00eenainte \u0219i dup\u0103\u201d ale clien\u021bilor no\u0219tri care au beneficiat de o interven\u021bie chirurgical\u0103 foarte satisf\u0103c\u0103toare.<\/p>\n\n\n\n<p>Pierderea \u00een greutate poate fi cu adev\u0103rat dificil\u0103 \u0219i stresant\u0103, mai ales dac\u0103 greutatea este \u00eenc\u0103p\u0103\u021b\u00e2nat\u0103 \u0219i nu scade indiferent de eforturile depuse. Dac\u0103 acesta este cazul dumneavoastr\u0103, interven\u021biile chirurgicale gastrice reprezint\u0103 solu\u021bia perfect\u0103.<\/p>\n\n\n\n<p>Clinic Center ofer\u0103 diferite tipuri de interven\u021bii chirurgicale gastrice: bypass gastric, sleeve gastric \u0219i procedura de balon intragastric. Aceste interven\u021bii prezint\u0103 diferen\u021be u\u0219oare, \u00eens\u0103 toate au ca scop s\u0103 v\u0103 ajute s\u0103 pierde\u021bi \u00een greutate mult mai u\u0219or.<\/p>\n\n\n\n<p>Dup\u0103 interven\u021bie, pacientul pierde \u00een greutate foarte rapid. Dup\u0103 12-18 luni de la interven\u021bie, se preconizeaz\u0103 c\u0103 pacientul va fi pierdut aproximativ 80% din greutatea \u00een exces.<\/p>\n\n\n\n<p>Aici pute\u021bi vedea c\u00e2\u021biva dintre pacien\u021bii no\u0219tri care au avut o interven\u021bie chirurgical\u0103 gastric de succes. Schimbarea pe care o provoac\u0103 chirurgia gastric este una care schimb\u0103 via\u021ba pacientului.<\/p>\n\n\n\n<p>Dac\u0103 dori\u021bi s\u0103 ob\u021bine\u021bi mai multe informa\u021bii despre procedurile noastre gastrice, pute\u021bi vizita site-urile noastre dedicate procedurii de <a href=\"https:\/\/cliniccenter.co.uk\/ro\/bypass-gastric-in-turcia\/\">bypass gastric<\/a>, <a href=\"https:\/\/cliniccenter.co.uk\/ro\/gastric-sleeve-in-turcia\/\">sleeve gastric<\/a> \u0219i <a href=\"https:\/\/cliniccenter.co.uk\/ro\/interventia-cu-balon-intragastric-in-turcia\/\">balon intragastric<\/a>. Programa\u021bi o consulta\u021bie pentru a afla mai multe detalii.<\/p>\n\n\n\n<div class=\"wp-block-columns is-layout-flex wp-container-core-columns-is-layout-5 wp-block-columns-is-layout-flex\">\n<div class=\"wp-block-column is-layout-flow wp-block-column-is-layout-flow\">\n<style>\n@media only screen and (max-width: 768px) {\n\nfigure.wp-block-image.size-large img {\n    width: 100%;\n}\n}\n<\/style>\n<\/div>\n<\/div>\n","protected":false},"excerpt":{"rendered":"<p>Pute\u021bi sc\u0103pa de kilogramele \u00een exces prin efectuarea unor interven\u021bii chirurgicale gastrice sigure \u0219i accesibile \u00een Turcia, realizate de Clinic Center. Aici pute\u021bi vizualiza fotografii \u201e\u00eenainte \u0219i dup\u0103\u201d ale clien\u021bilor no\u0219tri care au beneficiat de o interven\u021bie chirurgical\u0103 foarte satisf\u0103c\u0103toare. Pierderea \u00een greutate poate fi cu adev\u0103rat dificil\u0103 \u0219i stresant\u0103, mai ales dac\u0103 greutatea este [&hellip;]<\/p>\n","protected":false},"author":8,"featured_media":0,"parent":0,"menu_order":0,"comment_status":"closed","ping_status":"closed","template":"","meta":{"_uag_custom_page_level_css":"","_lmt_disableupdate":"no","_lmt_disable":"","site-sidebar-layout":"default","site-content-layout":"default","ast-site-content-layout":"default","site-content-style":"default","site-sidebar-style":"default","ast-global-header-display":"","ast-banner-title-visibility":"","ast-main-header-display":"","ast-hfb-above-header-display":"","ast-hfb-below-header-display":"","ast-hfb-mobile-header-display":"","site-post-title":"","ast-breadcrumbs-content":"","ast-featured-img":"","footer-sml-layout":"","theme-transparent-header-meta":"default","adv-header-id-meta":"","stick-header-meta":"","header-above-stick-meta":"","header-main-stick-meta":"","header-below-stick-meta":"","astra-migrate-meta-layouts":"set","ast-page-background-enabled":"default","ast-page-background-meta":{"desktop":{"background-color":"","background-image":"","background-repeat":"repeat","background-position":"center center","background-size":"auto","background-attachment":"scroll","background-type":"","background-media":"","overlay-type":"","overlay-color":"","overlay-opacity":"","overlay-gradient":""},"tablet":{"background-color":"","background-image":"","background-repeat":"repeat","background-position":"center center","background-size":"auto","background-attachment":"scroll","background-type":"","background-media":"","overlay-type":"","overlay-color":"","overlay-opacity":"","overlay-gradient":""},"mobile":{"background-color":"","background-image":"","background-repeat":"repeat","background-position":"center center","background-size":"auto","background-attachment":"scroll","background-type":"","background-media":"","overlay-type":"","overlay-color":"","overlay-opacity":"","overlay-gradient":""}},"ast-content-background-meta":{"desktop":{"background-color":"var(--ast-global-color-5)","background-image":"","background-repeat":"repeat","background-position":"center center","background-size":"auto","background-attachment":"scroll","background-type":"","background-media":"","overlay-type":"","overlay-color":"","overlay-opacity":"","overlay-gradient":""},"tablet":{"background-color":"var(--ast-global-color-5)","background-image":"","background-repeat":"repeat","background-position":"center center","background-size":"auto","background-attachment":"scroll","background-type":"","background-media":"","overlay-type":"","overlay-color":"","overlay-opacity":"","overlay-gradient":""},"mobile":{"background-color":"var(--ast-global-color-5)","background-image":"","background-repeat":"repeat","background-position":"center center","background-size":"auto","background-attachment":"scroll","background-type":"","background-media":"","overlay-type":"","overlay-color":"","overlay-opacity":"","overlay-gradient":""}},"footnotes":""},"class_list":["post-60226","page","type-page","status-publish","hentry"],"yoast_head":"<!-- This site is optimized with the Yoast SEO plugin v25.3.1 - https:\/\/yoast.com\/wordpress\/plugins\/seo\/ -->\n<title>Galerie cu Fotografii \u00cenainte \u0219i Dup\u0103 Chirurgii Gastrice<\/title>\n<meta name=\"description\" content=\"Galeria noastr\u0103 \u201eBefore After\u201d \u00ee\u021bi arat\u0103 transform\u0103rile spectaculoase ale pacien\u021bilor no\u0219tri datorit\u0103 opera\u021biilor gastrice realizate de Clinic Center.\" \/>\n<meta name=\"robots\" content=\"index, follow, max-snippet:-1, max-image-preview:large, max-video-preview:-1\" \/>\n<link rel=\"canonical\" href=\"https:\/\/cliniccenter.co.uk\/ro\/galerie-cu-chirurgii-gastrice\/\" \/>\n<meta property=\"og:locale\" content=\"ro_RO\" \/>\n<meta property=\"og:type\" content=\"article\" \/>\n<meta property=\"og:title\" content=\"Galerie cu Fotografii \u00cenainte \u0219i Dup\u0103 Chirurgii Gastrice\" \/>\n<meta property=\"og:description\" content=\"Galeria noastr\u0103 \u201eBefore After\u201d \u00ee\u021bi arat\u0103 transform\u0103rile spectaculoase ale pacien\u021bilor no\u0219tri datorit\u0103 opera\u021biilor gastrice realizate de Clinic Center.\" \/>\n<meta property=\"og:url\" content=\"https:\/\/cliniccenter.co.uk\/ro\/galerie-cu-chirurgii-gastrice\/\" \/>\n<meta property=\"article:publisher\" content=\"https:\/\/www.facebook.com\/cliniccenter.co.uk\/\" \/>\n<meta property=\"article:modified_time\" content=\"2025-04-24T13:19:48+00:00\" \/>\n<meta property=\"og:image\" content=\"https:\/\/cliniccenter.co.uk\/wp-content\/uploads\/2023\/02\/bf-1.jpg\" \/>\n<meta name=\"twitter:card\" content=\"summary_large_image\" \/>\n<meta name=\"twitter:site\" content=\"@cliniccenteruk\" \/>\n<meta name=\"twitter:label1\" content=\"Timp estimat pentru citire\" \/>\n\t<meta name=\"twitter:data1\" content=\"4 minute\" \/>\n<!-- \/ Yoast SEO plugin. -->","yoast_head_json":{"title":"Galerie cu Fotografii \u00cenainte \u0219i Dup\u0103 Chirurgii Gastrice","description":"Galeria noastr\u0103 \u201eBefore After\u201d \u00ee\u021bi arat\u0103 transform\u0103rile spectaculoase ale pacien\u021bilor no\u0219tri datorit\u0103 opera\u021biilor gastrice realizate de Clinic Center.","robots":{"index":"index","follow":"follow","max-snippet":"max-snippet:-1","max-image-preview":"max-image-preview:large","max-video-preview":"max-video-preview:-1"},"canonical":"https:\/\/cliniccenter.co.uk\/ro\/galerie-cu-chirurgii-gastrice\/","og_locale":"ro_RO","og_type":"article","og_title":"Galerie cu Fotografii \u00cenainte \u0219i Dup\u0103 Chirurgii Gastrice","og_description":"Galeria noastr\u0103 \u201eBefore After\u201d \u00ee\u021bi arat\u0103 transform\u0103rile spectaculoase ale pacien\u021bilor no\u0219tri datorit\u0103 opera\u021biilor gastrice realizate de Clinic Center.","og_url":"https:\/\/cliniccenter.co.uk\/ro\/galerie-cu-chirurgii-gastrice\/","article_publisher":"https:\/\/www.facebook.com\/cliniccenter.co.uk\/","article_modified_time":"2025-04-24T13:19:48+00:00","og_image":[{"url":"https:\/\/cliniccenter.co.uk\/wp-content\/uploads\/2023\/02\/bf-1.jpg","type":"","width":"","height":""}],"twitter_card":"summary_large_image","twitter_site":"@cliniccenteruk","twitter_misc":{"Timp estimat pentru citire":"4 minute"},"schema":{"@context":"https:\/\/schema.org","@graph":[{"@type":"WebPage","@id":"https:\/\/cliniccenter.co.uk\/ro\/galerie-cu-chirurgii-gastrice\/","url":"https:\/\/cliniccenter.co.uk\/ro\/galerie-cu-chirurgii-gastrice\/","name":"Galerie cu Fotografii \u00cenainte \u0219i Dup\u0103 Chirurgii Gastrice","isPartOf":{"@id":"https:\/\/cliniccenter.co.uk\/ro\/#website"},"primaryImageOfPage":{"@id":"https:\/\/cliniccenter.co.uk\/ro\/galerie-cu-chirurgii-gastrice\/#primaryimage"},"image":{"@id":"https:\/\/cliniccenter.co.uk\/ro\/galerie-cu-chirurgii-gastrice\/#primaryimage"},"thumbnailUrl":"https:\/\/cliniccenter.co.uk\/wp-content\/uploads\/2023\/02\/bf-1.jpg","datePublished":"2022-05-24T12:21:03+00:00","dateModified":"2025-04-24T13:19:48+00:00","description":"Galeria noastr\u0103 \u201eBefore After\u201d \u00ee\u021bi arat\u0103 transform\u0103rile spectaculoase ale pacien\u021bilor no\u0219tri datorit\u0103 opera\u021biilor gastrice realizate de Clinic Center.","breadcrumb":{"@id":"https:\/\/cliniccenter.co.uk\/ro\/galerie-cu-chirurgii-gastrice\/#breadcrumb"},"inLanguage":"ro-RO","potentialAction":[{"@type":"ReadAction","target":["https:\/\/cliniccenter.co.uk\/ro\/galerie-cu-chirurgii-gastrice\/"]}]},{"@type":"ImageObject","inLanguage":"ro-RO","@id":"https:\/\/cliniccenter.co.uk\/ro\/galerie-cu-chirurgii-gastrice\/#primaryimage","url":"https:\/\/cliniccenter.co.uk\/wp-content\/uploads\/2023\/02\/bf-1.jpg","contentUrl":"https:\/\/cliniccenter.co.uk\/wp-content\/uploads\/2023\/02\/bf-1.jpg"},{"@type":"BreadcrumbList","@id":"https:\/\/cliniccenter.co.uk\/ro\/galerie-cu-chirurgii-gastrice\/#breadcrumb","itemListElement":[{"@type":"ListItem","position":1,"name":"Home","item":"https:\/\/cliniccenter.co.uk\/ro\/"},{"@type":"ListItem","position":2,"name":"Galerie cu Fotografii \u00cenainte \u0219i Dup\u0103 Chirurgii Gastrice"}]},{"@type":"WebSite","@id":"https:\/\/cliniccenter.co.uk\/ro\/#website","url":"https:\/\/cliniccenter.co.uk\/ro\/","name":"","description":"","potentialAction":[{"@type":"SearchAction","target":{"@type":"EntryPoint","urlTemplate":"https:\/\/cliniccenter.co.uk\/ro\/?s={search_term_string}"},"query-input":{"@type":"PropertyValueSpecification","valueRequired":true,"valueName":"search_term_string"}}],"inLanguage":"ro-RO"}]}},"uagb_featured_image_src":{"full":false,"thumbnail":false,"medium":false,"medium_large":false,"large":false,"1536x1536":false,"2048x2048":false},"uagb_author_info":{"display_name":"Kadir Uysal","author_link":"https:\/\/cliniccenter.co.uk\/ro\/blog\/author\/kadircliniccenter-co-uk\/"},"uagb_comment_info":0,"uagb_excerpt":"Pute\u021bi sc\u0103pa de kilogramele \u00een exces prin efectuarea unor interven\u021bii chirurgicale gastrice sigure \u0219i accesibile \u00een Turcia, realizate de Clinic Center. Aici pute\u021bi vizualiza fotografii \u201e\u00eenainte \u0219i dup\u0103\u201d ale clien\u021bilor no\u0219tri care au beneficiat de o interven\u021bie chirurgical\u0103 foarte satisf\u0103c\u0103toare. Pierderea \u00een greutate poate fi cu adev\u0103rat dificil\u0103 \u0219i stresant\u0103, mai ales dac\u0103 greutatea este&hellip;","_links":{"self":[{"href":"https:\/\/cliniccenter.co.uk\/ro\/wp-json\/wp\/v2\/pages\/60226"}],"collection":[{"href":"https:\/\/cliniccenter.co.uk\/ro\/wp-json\/wp\/v2\/pages"}],"about":[{"href":"https:\/\/cliniccenter.co.uk\/ro\/wp-json\/wp\/v2\/types\/page"}],"author":[{"embeddable":true,"href":"https:\/\/cliniccenter.co.uk\/ro\/wp-json\/wp\/v2\/users\/8"}],"replies":[{"embeddable":true,"href":"https:\/\/cliniccenter.co.uk\/ro\/wp-json\/wp\/v2\/comments?post=60226"}],"version-history":[{"count":1,"href":"https:\/\/cliniccenter.co.uk\/ro\/wp-json\/wp\/v2\/pages\/60226\/revisions"}],"predecessor-version":[{"id":60262,"href":"https:\/\/cliniccenter.co.uk\/ro\/wp-json\/wp\/v2\/pages\/60226\/revisions\/60262"}],"wp:attachment":[{"href":"https:\/\/cliniccenter.co.uk\/ro\/wp-json\/wp\/v2\/media?parent=60226"}],"curies":[{"name":"wp","href":"https:\/\/api.w.org\/{rel}","templated":true}]}}