{"id":60328,"date":"2015-07-20T12:03:31","date_gmt":"2015-07-20T12:03:31","guid":{"rendered":"https:\/\/cliniccenter.co.uk\/about-us\/"},"modified":"2025-04-30T08:02:34","modified_gmt":"2025-04-30T08:02:34","slug":"despre-noi","status":"publish","type":"page","link":"https:\/\/cliniccenter.co.uk\/ro\/despre-noi\/","title":{"rendered":"Despre Noi"},"content":{"rendered":"\n<p>Clinic Center, \u00eenregistrat\u0103 \u00een Marea Britanie, ofer\u0103 tratamente de transplant de p\u0103r, chirurgie plastic\u0103 \u0219i stomatologie estetic\u0103, realizate \u00eentr-un mod modern, precis \u0219i eficient de c\u0103tre medici parteneri talenta\u021bi \u0219i acredita\u021bi la nivel interna\u021bional, combin\u00e2nd cele mai noi tehnologii \u0219i metode chirurgicale avansate, la costuri accesibile \u00een Turcia. Toate tratamentele oferite de Clinic Center sunt efectuate \u00een institu\u021bii medicale partenere, care de\u021bin certificatul de autorizare pentru turism medical. Mii de pacien\u021bi din Regatul Unit, Irlanda, Germania, Italia, Statele Unite ale Americii, Canada, Australia, Noua Zeelanda, Orientul Mijlociu, Africa \u0219i din multe alte \u021b\u0103ri au fost trata\u021bi de profesioni\u0219ti cu sprijinul Clinic Center.<\/p>\n\n\n\n<div class=\"wp-block-uagb-image alignright uagb-block-f8ed5f95 wp-block-uagb-image--layout-default wp-block-uagb-image--effect-static wp-block-uagb-image--align-right skip-lazy\"><figure class=\"wp-block-uagb-image__figure\"><img decoding=\"async\" srcset=\"https:\/\/cliniccenter.co.uk\/wp-content\/uploads\/2023\/12\/clinic-center-image-1-2.webp ,https:\/\/cliniccenter.co.uk\/wp-content\/uploads\/2023\/12\/clinic-center-image-1-2.webp 780w, https:\/\/cliniccenter.co.uk\/wp-content\/uploads\/2023\/12\/clinic-center-image-1-2.webp 360w\" sizes=\"(max-width: 480px) 150px\" src=\"https:\/\/cliniccenter.co.uk\/wp-content\/uploads\/2023\/12\/clinic-center-image-1-2.webp\" alt=\"\" class=\"uag-image-49601\" width=\"350\" height=\"411\" title=\"\" loading=\"lazy\"\/><\/figure><\/div>\n\n\n\n<p>Echipa Clinic Center reune\u0219te chirurgi \u0219i speciali\u0219ti cu reputa\u021bie \u0219i preg\u0103tire de \u00eenalt nivel. Credem \u00een oferirea de servicii medicale de \u00eenalt\u0103 calitate, la pre\u021buri competitive \u0219i accesibile, realizate de echipe medicale calificate, \u00een spitale moderne \u0219i cu cele mai noi tehnologii, pentru a garanta cele mai bune rezultate tuturor pacien\u021bilor. Toate tratamentele sunt efectuate \u00een spitale acreditate interna\u021bional. Toate echipamentele utilizate \u2013 precum \u0219i medicii, \u00eengrijitorii, personalul \u0219i condi\u021biile generale ale spitalului \u2013 precum \u0219i toate procesele sunt inspectate \u0219i autorizate de organisme medicale interna\u021bionale \u0219i de Ministerul S\u0103n\u0103t\u0103\u021bii din Turcia.<\/p>\n\n\n\n<p>De\u021bin\u0103toare a premiului pentru Cel Mai Bun Serviciu pentru Clien\u021bi acordat de WhatClinic.com, Echipa Clinic Center pentru Servicii Pacien\u021bi ofer\u0103 asisten\u021b\u0103 24\/7 pentru a v\u0103 sprijini \u00een ob\u021binerea celor mai calitative tratamente. Fiind o companie cu sediul \u00een Marea Britanie, o parte din echipa noastr\u0103 este disponibil\u0103 pentru a v\u0103 oferi consulta\u021bii fizice la biroul nostru din Londra. \u00cencep\u00e2nd cu prima consulta\u021bie, \u00eentreaga c\u0103l\u0103torie este monitorizat\u0103 \u0219i sus\u021binut\u0103 de echipa noastr\u0103 profesional\u0103. Fiecare membru al echipei investe\u0219te timp \u00een construirea unei rela\u021bii personale \u0219i \u00een luarea unor decizii atente \u00eempreun\u0103 cu pacien\u021bii no\u0219tri.<\/p>\n\n\n\n<p>Clinic Center este singura companie care ofer\u0103 servicii de \u00eengrijire post-tratament pentru pacien\u021bii care se \u00eentorc \u00een ora\u0219ele lor din Regatul Unit. Re\u021beaua noastr\u0103 unic\u0103 de \u00eengrijire postoperatorie, disponibil\u0103 \u00een 24 de clinici din Londra, Birmingham \u0219i Manchester, reprezint\u0103 un element distinctiv al serviciilor noastre. Mai mult, p\u0103str\u0103m leg\u0103tura cu pacien\u021bii \u0219i \u00eei sprijinim pentru efectuarea controalelor de urm\u0103rire \u00een Turcia.<\/p>\n\n\n\n<p>Echipa Clinic Center, orientat\u0103 c\u0103tre pacient, depune toate eforturile pentru ca dumneavoastr\u0103 s\u0103 beneficia\u021bi de cele mai calitative servicii \u0219i s\u0103 v\u0103 sim\u021bi\u021bi ca acas\u0103 \u00een timp ce ob\u021bine\u021bi aspectul dorit.<\/p>\n\n\n\n<p>Clinic Center este o institu\u021bie a companiei Ada Sa\u011fl\u0131k Seyahat Sa\u011fl\u0131k Turizmi ve Dan\u0131\u015fmanl\u0131\u011f\u0131 Ltd. \u015eti.<\/p>\n\n\n\n<div class=\"wp-block-columns is-layout-flex wp-container-core-columns-is-layout-1 wp-block-columns-is-layout-flex\">\n<div class=\"wp-block-column is-layout-flow wp-block-column-is-layout-flow\" style=\"flex-basis:25%\"><\/div>\n\n\n\n<div class=\"wp-block-column is-layout-flow wp-block-column-is-layout-flow\" style=\"flex-basis:50%\"><figure class=\"wp-block-embed is-type-video is-provider-youtube wp-block-embed-youtube wp-embed-aspect-16-9 wp-has-aspect-ratio\">\n<div class=\"wp-block-embed__wrapper\">\n<div class=\"ast-oembed-container \" style=\"height: 100%;\"><iframe title=\"Interview with CEO of Clinic Center I Dr. Alex George Visits Clinic Center I  Clinic Center Turkey\" width=\"500\" height=\"281\" src=\"https:\/\/www.youtube.com\/embed\/JX0EVNd37QM?feature=oembed\" frameborder=\"0\" allow=\"accelerometer; autoplay; clipboard-write; encrypted-media; gyroscope; picture-in-picture; web-share\" referrerpolicy=\"strict-origin-when-cross-origin\" allowfullscreen><\/iframe><\/div>\n<\/div>\n<\/figure>\n<\/div>\n\n\n\n<div class=\"wp-block-column is-layout-flow wp-block-column-is-layout-flow\" style=\"flex-basis:25%\"><\/div>\n<\/div>\n\n\n\n<p><\/p>\n\n\n\n<style>\n@media only screen and (max-width: 765px) {\nfigure.alignright.size-large.is-resized {\n    width: 100%;\n}\n\nfigure.alignright.size-large.is-resized img {\n    width: 100% !important;\n}\n}\n\n<\/style>\n","protected":false},"excerpt":{"rendered":"<p>Clinic Center, \u00eenregistrat\u0103 \u00een Marea Britanie, ofer\u0103 tratamente de transplant de p\u0103r, chirurgie plastic\u0103 \u0219i stomatologie estetic\u0103, realizate \u00eentr-un mod modern, precis \u0219i eficient de c\u0103tre medici parteneri talenta\u021bi \u0219i acredita\u021bi la nivel interna\u021bional, combin\u00e2nd cele mai noi tehnologii \u0219i metode chirurgicale avansate, la costuri accesibile \u00een Turcia. Toate tratamentele oferite de Clinic Center sunt [&hellip;]<\/p>\n","protected":false},"author":2,"featured_media":0,"parent":0,"menu_order":0,"comment_status":"closed","ping_status":"closed","template":"","meta":{"_uag_custom_page_level_css":"","_lmt_disableupdate":"no","_lmt_disable":"","site-sidebar-layout":"default","site-content-layout":"default","ast-site-content-layout":"default","site-content-style":"default","site-sidebar-style":"default","ast-global-header-display":"","ast-banner-title-visibility":"","ast-main-header-display":"","ast-hfb-above-header-display":"","ast-hfb-below-header-display":"","ast-hfb-mobile-header-display":"","site-post-title":"","ast-breadcrumbs-content":"","ast-featured-img":"","footer-sml-layout":"","theme-transparent-header-meta":"default","adv-header-id-meta":"","stick-header-meta":"","header-above-stick-meta":"","header-main-stick-meta":"","header-below-stick-meta":"","astra-migrate-meta-layouts":"set","ast-page-background-enabled":"default","ast-page-background-meta":{"desktop":{"background-color":"","background-image":"","background-repeat":"repeat","background-position":"center center","background-size":"auto","background-attachment":"scroll","background-type":"","background-media":"","overlay-type":"","overlay-color":"","overlay-opacity":"","overlay-gradient":""},"tablet":{"background-color":"","background-image":"","background-repeat":"repeat","background-position":"center center","background-size":"auto","background-attachment":"scroll","background-type":"","background-media":"","overlay-type":"","overlay-color":"","overlay-opacity":"","overlay-gradient":""},"mobile":{"background-color":"","background-image":"","background-repeat":"repeat","background-position":"center center","background-size":"auto","background-attachment":"scroll","background-type":"","background-media":"","overlay-type":"","overlay-color":"","overlay-opacity":"","overlay-gradient":""}},"ast-content-background-meta":{"desktop":{"background-color":"var(--ast-global-color-5)","background-image":"","background-repeat":"repeat","background-position":"center center","background-size":"auto","background-attachment":"scroll","background-type":"","background-media":"","overlay-type":"","overlay-color":"","overlay-opacity":"","overlay-gradient":""},"tablet":{"background-color":"var(--ast-global-color-5)","background-image":"","background-repeat":"repeat","background-position":"center center","background-size":"auto","background-attachment":"scroll","background-type":"","background-media":"","overlay-type":"","overlay-color":"","overlay-opacity":"","overlay-gradient":""},"mobile":{"background-color":"var(--ast-global-color-5)","background-image":"","background-repeat":"repeat","background-position":"center center","background-size":"auto","background-attachment":"scroll","background-type":"","background-media":"","overlay-type":"","overlay-color":"","overlay-opacity":"","overlay-gradient":""}},"footnotes":""},"class_list":["post-60328","page","type-page","status-publish","hentry"],"yoast_head":"<!-- This site is optimized with the Yoast SEO plugin v25.3.1 - https:\/\/yoast.com\/wordpress\/plugins\/seo\/ -->\n<title>Despre Noi | Clinic Center<\/title>\n<meta name=\"description\" content=\"Clinic Center ofer\u0103 transplant de p\u0103r, chirurgie plastic\u0103, stomatologie estetic\u0103 \u0219i proceduri FIV de \u00eenalt\u0103 calitate \u00een Turcia, al\u0103turi de un serviciu clien\u021bi premiat.\" \/>\n<meta name=\"robots\" content=\"index, follow, max-snippet:-1, max-image-preview:large, max-video-preview:-1\" \/>\n<link rel=\"canonical\" href=\"https:\/\/cliniccenter.co.uk\/ro\/despre-noi\/\" \/>\n<meta property=\"og:locale\" content=\"ro_RO\" \/>\n<meta property=\"og:type\" content=\"article\" \/>\n<meta property=\"og:title\" content=\"Despre Noi | Clinic Center\" \/>\n<meta property=\"og:description\" content=\"Clinic Center ofer\u0103 transplant de p\u0103r, chirurgie plastic\u0103, stomatologie estetic\u0103 \u0219i proceduri FIV de \u00eenalt\u0103 calitate \u00een Turcia, al\u0103turi de un serviciu clien\u021bi premiat.\" \/>\n<meta property=\"og:url\" content=\"https:\/\/cliniccenter.co.uk\/ro\/despre-noi\/\" \/>\n<meta property=\"article:publisher\" content=\"https:\/\/www.facebook.com\/cliniccenter.co.uk\/\" \/>\n<meta property=\"article:modified_time\" content=\"2025-04-30T08:02:34+00:00\" \/>\n<meta property=\"og:image\" content=\"https:\/\/cliniccenter.co.uk\/wp-content\/uploads\/2023\/12\/clinic-center-image-1-2.webp\" \/>\n<meta name=\"twitter:card\" content=\"summary_large_image\" \/>\n<meta name=\"twitter:site\" content=\"@cliniccenteruk\" \/>\n<meta name=\"twitter:label1\" content=\"Timp estimat pentru citire\" \/>\n\t<meta name=\"twitter:data1\" content=\"2 minute\" \/>\n<!-- \/ Yoast SEO plugin. -->","yoast_head_json":{"title":"Despre Noi | Clinic Center","description":"Clinic Center ofer\u0103 transplant de p\u0103r, chirurgie plastic\u0103, stomatologie estetic\u0103 \u0219i proceduri FIV de \u00eenalt\u0103 calitate \u00een Turcia, al\u0103turi de un serviciu clien\u021bi premiat.","robots":{"index":"index","follow":"follow","max-snippet":"max-snippet:-1","max-image-preview":"max-image-preview:large","max-video-preview":"max-video-preview:-1"},"canonical":"https:\/\/cliniccenter.co.uk\/ro\/despre-noi\/","og_locale":"ro_RO","og_type":"article","og_title":"Despre Noi | Clinic Center","og_description":"Clinic Center ofer\u0103 transplant de p\u0103r, chirurgie plastic\u0103, stomatologie estetic\u0103 \u0219i proceduri FIV de \u00eenalt\u0103 calitate \u00een Turcia, al\u0103turi de un serviciu clien\u021bi premiat.","og_url":"https:\/\/cliniccenter.co.uk\/ro\/despre-noi\/","article_publisher":"https:\/\/www.facebook.com\/cliniccenter.co.uk\/","article_modified_time":"2025-04-30T08:02:34+00:00","og_image":[{"url":"https:\/\/cliniccenter.co.uk\/wp-content\/uploads\/2023\/12\/clinic-center-image-1-2.webp","type":"","width":"","height":""}],"twitter_card":"summary_large_image","twitter_site":"@cliniccenteruk","twitter_misc":{"Timp estimat pentru citire":"2 minute"},"schema":{"@context":"https:\/\/schema.org","@graph":[{"@type":"WebPage","@id":"https:\/\/cliniccenter.co.uk\/ro\/despre-noi\/","url":"https:\/\/cliniccenter.co.uk\/ro\/despre-noi\/","name":"Despre Noi | Clinic Center","isPartOf":{"@id":"https:\/\/cliniccenter.co.uk\/ro\/#website"},"primaryImageOfPage":{"@id":"https:\/\/cliniccenter.co.uk\/ro\/despre-noi\/#primaryimage"},"image":{"@id":"https:\/\/cliniccenter.co.uk\/ro\/despre-noi\/#primaryimage"},"thumbnailUrl":"https:\/\/cliniccenter.co.uk\/wp-content\/uploads\/2023\/12\/clinic-center-image-1-2.webp","datePublished":"2015-07-20T12:03:31+00:00","dateModified":"2025-04-30T08:02:34+00:00","description":"Clinic Center ofer\u0103 transplant de p\u0103r, chirurgie plastic\u0103, stomatologie estetic\u0103 \u0219i proceduri FIV de \u00eenalt\u0103 calitate \u00een Turcia, al\u0103turi de un serviciu clien\u021bi premiat.","breadcrumb":{"@id":"https:\/\/cliniccenter.co.uk\/ro\/despre-noi\/#breadcrumb"},"inLanguage":"ro-RO","potentialAction":[{"@type":"ReadAction","target":["https:\/\/cliniccenter.co.uk\/ro\/despre-noi\/"]}]},{"@type":"ImageObject","inLanguage":"ro-RO","@id":"https:\/\/cliniccenter.co.uk\/ro\/despre-noi\/#primaryimage","url":"https:\/\/cliniccenter.co.uk\/wp-content\/uploads\/2023\/12\/clinic-center-image-1-2.webp","contentUrl":"https:\/\/cliniccenter.co.uk\/wp-content\/uploads\/2023\/12\/clinic-center-image-1-2.webp"},{"@type":"BreadcrumbList","@id":"https:\/\/cliniccenter.co.uk\/ro\/despre-noi\/#breadcrumb","itemListElement":[{"@type":"ListItem","position":1,"name":"Home","item":"https:\/\/cliniccenter.co.uk\/ro\/"},{"@type":"ListItem","position":2,"name":"Despre Noi"}]},{"@type":"WebSite","@id":"https:\/\/cliniccenter.co.uk\/ro\/#website","url":"https:\/\/cliniccenter.co.uk\/ro\/","name":"","description":"","potentialAction":[{"@type":"SearchAction","target":{"@type":"EntryPoint","urlTemplate":"https:\/\/cliniccenter.co.uk\/ro\/?s={search_term_string}"},"query-input":{"@type":"PropertyValueSpecification","valueRequired":true,"valueName":"search_term_string"}}],"inLanguage":"ro-RO"}]}},"uagb_featured_image_src":{"full":false,"thumbnail":false,"medium":false,"medium_large":false,"large":false,"1536x1536":false,"2048x2048":false},"uagb_author_info":{"display_name":"Sertac Ceki","author_link":"https:\/\/cliniccenter.co.uk\/ro\/blog\/author\/sertaccliniccenter-co-uk\/"},"uagb_comment_info":0,"uagb_excerpt":"Clinic Center, \u00eenregistrat\u0103 \u00een Marea Britanie, ofer\u0103 tratamente de transplant de p\u0103r, chirurgie plastic\u0103 \u0219i stomatologie estetic\u0103, realizate \u00eentr-un mod modern, precis \u0219i eficient de c\u0103tre medici parteneri talenta\u021bi \u0219i acredita\u021bi la nivel interna\u021bional, combin\u00e2nd cele mai noi tehnologii \u0219i metode chirurgicale avansate, la costuri accesibile \u00een Turcia. Toate tratamentele oferite de Clinic Center sunt&hellip;","_links":{"self":[{"href":"https:\/\/cliniccenter.co.uk\/ro\/wp-json\/wp\/v2\/pages\/60328"}],"collection":[{"href":"https:\/\/cliniccenter.co.uk\/ro\/wp-json\/wp\/v2\/pages"}],"about":[{"href":"https:\/\/cliniccenter.co.uk\/ro\/wp-json\/wp\/v2\/types\/page"}],"author":[{"embeddable":true,"href":"https:\/\/cliniccenter.co.uk\/ro\/wp-json\/wp\/v2\/users\/2"}],"replies":[{"embeddable":true,"href":"https:\/\/cliniccenter.co.uk\/ro\/wp-json\/wp\/v2\/comments?post=60328"}],"version-history":[{"count":1,"href":"https:\/\/cliniccenter.co.uk\/ro\/wp-json\/wp\/v2\/pages\/60328\/revisions"}],"predecessor-version":[{"id":60353,"href":"https:\/\/cliniccenter.co.uk\/ro\/wp-json\/wp\/v2\/pages\/60328\/revisions\/60353"}],"wp:attachment":[{"href":"https:\/\/cliniccenter.co.uk\/ro\/wp-json\/wp\/v2\/media?parent=60328"}],"curies":[{"name":"wp","href":"https:\/\/api.w.org\/{rel}","templated":true}]}}