{"id":61270,"date":"2025-10-02T08:20:20","date_gmt":"2025-10-02T08:20:20","guid":{"rendered":"https:\/\/cliniccenter.co.uk\/?page_id=61270"},"modified":"2025-12-29T11:04:11","modified_gmt":"2025-12-29T11:04:11","slug":"dr-soner","status":"publish","type":"page","link":"https:\/\/cliniccenter.co.uk\/ro\/dr-soner\/","title":{"rendered":"Dr. Soner | Medic Chirurgie Plastic\u0103 | Clinic Center"},"content":{"rendered":"\n<div class=\"wp-block-columns is-layout-flex wp-container-core-columns-is-layout-3 wp-block-columns-is-layout-flex\">\n<div class=\"wp-block-column is-layout-flow wp-block-column-is-layout-flow\" style=\"flex-basis:33.33%\">\n<figure class=\"wp-block-image size-large\"><img decoding=\"async\" width=\"517\" height=\"1024\" src=\"https:\/\/cliniccenter.co.uk\/wp-content\/uploads\/2025\/09\/cc-soner-dikey-517x1024.webp\" alt=\"\" class=\"wp-image-61277\" srcset=\"https:\/\/cliniccenter.co.uk\/wp-content\/uploads\/2025\/09\/cc-soner-dikey-517x1024.webp 517w, https:\/\/cliniccenter.co.uk\/wp-content\/uploads\/2025\/09\/cc-soner-dikey-152x300.webp 152w, https:\/\/cliniccenter.co.uk\/wp-content\/uploads\/2025\/09\/cc-soner-dikey.webp 548w\" sizes=\"(max-width: 517px) 100vw, 517px\" \/><\/figure>\n<\/div>\n\n\n\n<div class=\"wp-block-column is-layout-flow wp-block-column-is-layout-flow\" style=\"flex-basis:66.66%\">\n<div class=\"wp-block-columns is-layout-flex wp-container-core-columns-is-layout-1 wp-block-columns-is-layout-flex\">\n<div class=\"wp-block-column leftpadbox is-layout-flow wp-block-column-is-layout-flow\">\n<p>Dr. Soner este un chirurg plastician, reconstructiv \u0219i estetic foarte talentat din Turcia.<\/p>\n\n\n\n<p>S-a n\u0103scut \u00een Tokat \u00een anul 1984 \u0219i a urmat \u00eenv\u0103\u021b\u0103m\u00e2ntul primar \u0219i gimnazial \u00een ora\u0219ul natal, dup\u0103 care a continuat studiile la Liceul Militar Kuleli din Istanbul \u00een 1998.<\/p>\n\n\n\n<p>\u00centre 2002 \u0219i 2008, a urmat cursurile Facult\u0103\u021bii de Medicin\u0103 la Academia Medical\u0103 Militar\u0103 G\u00fclhane (GATA), una dintre cele mai prestigioase institu\u021bii din Turcia.<\/p>\n\n\n\n<p>Ulterior, s-a specializat \u00een Chirurgie Plastic\u0103, Reconstructiv\u0103 \u0219i Estetic\u0103 la Spitalul de Preg\u0103tire \u0219i Cercetare Ankara Ke\u00e7i\u00f6ren.<\/p>\n\n\n\n<p>De-a lungul carierei sale, Dr. Soner a acumulat o vast\u0103 experien\u021b\u0103 \u00een numeroase proceduri chirurgicale, concentr\u00e2ndu-se \u00een special pe interven\u021biile estetice ale fe\u021bei, corpului \u0219i s\u00e2nilor, precum \u0219i pe opera\u021biile reconstructive. Fundalul s\u0103u medical solid, combinat cu ani de experien\u021b\u0103 practic\u0103, \u00eei permite s\u0103 ofere rezultate sigure, naturale \u0219i orientate c\u0103tre pacient.<\/p>\n\n\n\n<p>Dedicat perfec\u021bion\u0103rii profesionale, Dr. Soner urm\u0103re\u0219te activ cele mai recente progrese \u0219i tehnici \u00een chirurgia plastic\u0103 \u0219i reconstructiv\u0103. Pacien\u021bii s\u0103i apreciaz\u0103 nu doar precizia sa chirurgical\u0103, ci \u0219i abordarea atent\u0103 \u0219i comunicarea clar\u0103 pe tot parcursul procesului de tratament.<\/p>\n\n\n\n<p>Cu o baz\u0103 academic\u0103 puternic\u0103 \u0219i peste un deceniu de experien\u021b\u0103 \u00een domeniu, Dr. Soner continu\u0103 s\u0103 ofere servicii pacien\u021bilor care caut\u0103 at\u00e2t \u00eembun\u0103t\u0103\u021biri func\u021bionale, c\u00e2t \u0219i estetice, cu rezultate excep\u021bionale.<\/p>\n<\/div>\n<\/div>\n\n\n\n<div class=\"wp-block-columns is-layout-flex wp-container-core-columns-is-layout-2 wp-block-columns-is-layout-flex\">\n<div class=\"wp-block-column leftpadbox is-layout-flow wp-block-column-is-layout-flow\">\n<p><strong>Experien\u021b\u0103<\/strong>: 17 ani<span style=\"font-size: 11.5pt; font-family: Roboto, sans-serif; background-color: transparent; font-variant-numeric: normal; font-variant-east-asian: normal; font-variant-alternates: normal; font-variant-position: normal; font-variant-emoji: normal; vertical-align: baseline;\"><\/span><br><span id=\"docs-internal-guid-a10687cf-7fff-8960-f921-af86324b529e\"><span style=\"font-size: 11.5pt; font-family: Roboto, sans-serif; background-color: transparent; font-weight: 700; font-variant-numeric: normal; font-variant-east-asian: normal; font-variant-alternates: normal; font-variant-position: normal; font-variant-emoji: normal; vertical-align: baseline;\">P<\/span><\/span><strong>acien\u021bi interna\u021bionali trata\u021bi:<\/strong> Regatul Unit, Irlanda, Australia, Statele Unite ale Americii, Canada, Germania, Fran\u021ba, Emiratele Arabe Unite, Arabia Saudit\u0103<br><strong>Domenii de specializare:<\/strong> <a href=\"https:\/\/cliniccenter.co.uk\/ro\/implanturi-mamare-in-turcia\/\">Augmentare mamar\u0103 (implanturi mamare, m\u0103rirea s\u00e2nilor)<\/a>, <a href=\"https:\/\/cliniccenter.co.uk\/ro\/lifting-mamar-in-turcia\/\">lifting mamar<\/a>, <a href=\"#\">reduc\u021bie mamar\u0103<\/a>, <a href=\"https:\/\/cliniccenter.co.uk\/ro\/rinoplastie-in-turcia\/\">rinoplastie (opera\u021bie estetic\u0103 a nasului)<\/a>, <a href=\"#\">&nbsp;septorinoplastie<\/a>, <a href=\"https:\/\/cliniccenter.co.uk\/ro\/liposuctie-in-turcia\/\">liposuc\u021bie (\u00eendep\u0103rtarea gr\u0103simii)<\/a>, <a href=\"https:\/\/cliniccenter.co.uk\/ro\/liposuctie-in-turcia\/\">liposuc\u021bie Vaser &amp; Hi-Def Vaser<\/a>, <a href=\"#\">abdominoplastie<\/a>, <a href=\"#\">liftingul brazilian de feselor (BBL)<\/a>, <a href=\"#\">lifting facial (ritidectomie)<\/a>, <a href=\"#\">blefaroplastie (chirurgia pleoapelor)<\/a>, <a href=\"https:\/\/cliniccenter.co.uk\/gynecomastia-in-turkey\/\">g<\/a><a href=\"#\">inecomastie (reduc\u021bia s\u00e2nilor la b\u0103rba\u021bi)<\/a>, <a href=\"#\">Mommy Makeover<\/a>, <a href=\"#\">lifting cervical (platismoplastie)<\/a>, <a href=\"#\">lifting brahial (brahioplastie)<\/a>, <a href=\"#\">lifting al spr\u00e2ncenelor<\/a>, <a href=\"#\">otoplastie (chirurgie estetic\u0103 a urechilor)<\/a>, <a href=\"#\">Cosmetic Surgeries<\/a>.<br><strong>Afilieri:<\/strong> Asocia\u021bia Turc\u0103 de Chirurgie Plastic\u0103, Reconstructiv\u0103 \u0219i Estetic\u0103, Asocia\u021bia Medical\u0103 Turc\u0103, EBOPRAS, ISAPS<br><strong>Ora\u0219:<\/strong> <strong>&nbsp;<\/strong>Istanbul, Turcia<\/p>\n\n\n\n<p><strong>Zile lucr\u0103toare:<\/strong> \u00cen timpul s\u0103pt\u0103m\u00e2nii \u0219i s\u00e2mb\u0103t\u0103<br><span style=\"font-size: 11.5pt; font-family: Roboto, sans-serif; background-color: transparent; font-weight: 700; font-variant-numeric: normal; font-variant-east-asian: normal; font-variant-alternates: normal; font-variant-position: normal; font-variant-emoji: normal; vertical-align: baseline;\"><\/span><strong>Limbi vorbite:<\/strong> Englez\u0103<br><strong>Contact<\/strong>:&nbsp;+44 20 3575 1039 &amp; info@cliniccenter.co.uk<br><strong><a href=\"https:\/\/cliniccenter.co.uk\/ro\/chirurgie-estetica\/\">Chirurgi plasticieni<\/a><\/strong><\/p>\n<\/div>\n<\/div>\n<\/div>\n<\/div>\n\n\n\n<script type=\"application\/ld+json\">\n{\n  \"@context\": \"https:\/\/schema.org\",\n  \"@graph\": [\n    {\n      \"@type\": \"Physician\",\n      \"@id\": \"https:\/\/cliniccenter.co.uk\/dr-soner\/\",\n      \"name\": \"Dr. Soner\",\n      \"description\": \"Dr. Soner is a highly skilled plastic, reconstructive, and aesthetic surgeon from Turkey. Born in Tokat in 1984, he completed his primary and secondary education in his hometown before continuing his studies at Istanbul Kuleli Military High School in 1998. Between 2002 and 2008, he pursued his medical education at G\u00fclhane Military Medical Academy (GATA). He later specialized in Plastic, Reconstructive, and Aesthetic Surgery at Ankara Ke\u00e7i\u00f6ren Training and Research Hospital.\",\n      \"honorificSuffix\": \"M.D.\",\n      \"alumniOf\": [\n        {\n          \"@type\": \"CollegeOrUniversity\",\n          \"name\": \"G\u00fclhane Military Medical Academy (GATA)\"\n        }\n      ],\n      \"areaServed\": {\n        \"@type\": \"Place\",\n        \"name\": \"Istanbul, Turkey\"\n      },\n      \"knowsLanguage\": {\n        \"@type\": \"Language\",\n        \"name\": \"English\",\n        \"alternateName\": \"en\"\n      },\n      \"isAcceptingNewPatients\": true,\n      \"isAccessibleForFree\": false,\n      \"medicalSpecialty\": {\n        \"@type\": \"MedicalSpecialty\",\n        \"name\": \"Plastic, Reconstructive and Aesthetic Surgery\"\n      },\n      \"worksFor\": {\n        \"@type\": \"MedicalClinic\",\n        \"@id\": \"https:\/\/cliniccenter.co.uk#clinic\"\n      },\n      \"address\": {\n        \"@type\": \"PostalAddress\",\n        \"streetAddress\": \"19 May\u0131s Mahallesi, \u00d6\u011fretmen Ha\u015fim \u00c7eken Caddesi No:15 Ceceli \u0130\u015f Merkezi\",\n        \"addressLocality\": \"\u0130stanbul\",\n        \"addressRegion\": \"TR\",\n        \"postalCode\": \"34360\"\n      }\n    },\n    {\n      \"@type\": \"MedicalClinic\",\n      \"@id\": \"https:\/\/cliniccenter.co.uk#clinic\",\n      \"name\": \"Clinic Center\",\n      \"url\": \"https:\/\/cliniccenter.co.uk\",\n      \"address\": {\n        \"@type\": \"PostalAddress\",\n        \"streetAddress\": \"19 May\u0131s Mahallesi, \u00d6\u011fretmen Ha\u015fim \u00c7eken Caddesi No:15 Ceceli \u0130\u015f Merkezi\",\n        \"addressLocality\": \"\u0130stanbul\",\n        \"addressRegion\": \"TR\",\n        \"postalCode\": \"34360\"\n      },\n      \"telephone\": \"+44 20 3575 1039\",\n      \"email\": \"info@cliniccenter.co.uk\",\n      \"geo\": {\n        \"@type\": \"GeoCoordinates\",\n        \"latitude\": 40.9882728,\n        \"longitude\": 29.0343543\n      }\n    }\n  ]\n}\n<\/script>\n","protected":false},"excerpt":{"rendered":"<p>Dr. Soner este un chirurg plastician, reconstructiv \u0219i estetic foarte talentat din Turcia. S-a n\u0103scut \u00een Tokat \u00een anul 1984 \u0219i a urmat \u00eenv\u0103\u021b\u0103m\u00e2ntul primar \u0219i gimnazial \u00een ora\u0219ul natal, dup\u0103 care a continuat studiile la Liceul Militar Kuleli din Istanbul \u00een 1998. \u00centre 2002 \u0219i 2008, a urmat cursurile Facult\u0103\u021bii de Medicin\u0103 la Academia [&hellip;]<\/p>\n","protected":false},"author":21,"featured_media":61284,"parent":59660,"menu_order":0,"comment_status":"closed","ping_status":"closed","template":"","meta":{"_uag_custom_page_level_css":"","_lmt_disableupdate":"no","_lmt_disable":"","site-sidebar-layout":"default","site-content-layout":"default","ast-site-content-layout":"default","site-content-style":"default","site-sidebar-style":"default","ast-global-header-display":"","ast-banner-title-visibility":"","ast-main-header-display":"","ast-hfb-above-header-display":"","ast-hfb-below-header-display":"","ast-hfb-mobile-header-display":"","site-post-title":"","ast-breadcrumbs-content":"","ast-featured-img":"","footer-sml-layout":"","theme-transparent-header-meta":"default","adv-header-id-meta":"","stick-header-meta":"","header-above-stick-meta":"","header-main-stick-meta":"","header-below-stick-meta":"","astra-migrate-meta-layouts":"set","ast-page-background-enabled":"default","ast-page-background-meta":{"desktop":{"background-color":"","background-image":"","background-repeat":"repeat","background-position":"center center","background-size":"auto","background-attachment":"scroll","background-type":"","background-media":"","overlay-type":"","overlay-color":"","overlay-opacity":"","overlay-gradient":""},"tablet":{"background-color":"","background-image":"","background-repeat":"repeat","background-position":"center center","background-size":"auto","background-attachment":"scroll","background-type":"","background-media":"","overlay-type":"","overlay-color":"","overlay-opacity":"","overlay-gradient":""},"mobile":{"background-color":"","background-image":"","background-repeat":"repeat","background-position":"center center","background-size":"auto","background-attachment":"scroll","background-type":"","background-media":"","overlay-type":"","overlay-color":"","overlay-opacity":"","overlay-gradient":""}},"ast-content-background-meta":{"desktop":{"background-color":"var(--ast-global-color-5)","background-image":"","background-repeat":"repeat","background-position":"center center","background-size":"auto","background-attachment":"scroll","background-type":"","background-media":"","overlay-type":"","overlay-color":"","overlay-opacity":"","overlay-gradient":""},"tablet":{"background-color":"var(--ast-global-color-5)","background-image":"","background-repeat":"repeat","background-position":"center center","background-size":"auto","background-attachment":"scroll","background-type":"","background-media":"","overlay-type":"","overlay-color":"","overlay-opacity":"","overlay-gradient":""},"mobile":{"background-color":"var(--ast-global-color-5)","background-image":"","background-repeat":"repeat","background-position":"center center","background-size":"auto","background-attachment":"scroll","background-type":"","background-media":"","overlay-type":"","overlay-color":"","overlay-opacity":"","overlay-gradient":""}},"footnotes":""},"class_list":["post-61270","page","type-page","status-publish","has-post-thumbnail","hentry"],"yoast_head":"<!-- This site is optimized with the Yoast SEO plugin v25.3.1 - https:\/\/yoast.com\/wordpress\/plugins\/seo\/ -->\n<title>Dr. Soner | Medic \u00een Chirurgie Plastic\u0103 | Clinic Center<\/title>\n<meta name=\"description\" content=\"Dr. Soner de la Clinic Center, cu o experien\u021b\u0103 de peste 17 ani \u00een chirurgia estetic\u0103.\" \/>\n<meta name=\"robots\" content=\"index, follow, max-snippet:-1, max-image-preview:large, max-video-preview:-1\" \/>\n<link rel=\"canonical\" href=\"https:\/\/cliniccenter.co.uk\/ro\/dr-soner\/\" \/>\n<meta property=\"og:locale\" content=\"ro_RO\" \/>\n<meta property=\"og:type\" content=\"article\" \/>\n<meta property=\"og:title\" content=\"Dr. Soner | Medic \u00een Chirurgie Plastic\u0103 | Clinic Center\" \/>\n<meta property=\"og:description\" content=\"Dr. Soner de la Clinic Center, cu o experien\u021b\u0103 de peste 17 ani \u00een chirurgia estetic\u0103.\" \/>\n<meta property=\"og:url\" content=\"https:\/\/cliniccenter.co.uk\/ro\/dr-soner\/\" \/>\n<meta property=\"article:publisher\" content=\"https:\/\/www.facebook.com\/cliniccenter.co.uk\/\" \/>\n<meta property=\"article:modified_time\" content=\"2025-12-29T11:04:11+00:00\" \/>\n<meta property=\"og:image\" content=\"https:\/\/cliniccenter.co.uk\/wp-content\/uploads\/2025\/09\/cc-soner-kare.webp\" \/>\n\t<meta property=\"og:image:width\" content=\"500\" \/>\n\t<meta property=\"og:image:height\" content=\"500\" \/>\n\t<meta property=\"og:image:type\" content=\"image\/webp\" \/>\n<meta name=\"twitter:card\" content=\"summary_large_image\" \/>\n<meta name=\"twitter:site\" content=\"@cliniccenteruk\" \/>\n<meta name=\"twitter:label1\" content=\"Timp estimat pentru citire\" \/>\n\t<meta name=\"twitter:data1\" content=\"2 minute\" \/>\n<!-- \/ Yoast SEO plugin. -->","yoast_head_json":{"title":"Dr. Soner | Medic \u00een Chirurgie Plastic\u0103 | Clinic Center","description":"Dr. Soner de la Clinic Center, cu o experien\u021b\u0103 de peste 17 ani \u00een chirurgia estetic\u0103.","robots":{"index":"index","follow":"follow","max-snippet":"max-snippet:-1","max-image-preview":"max-image-preview:large","max-video-preview":"max-video-preview:-1"},"canonical":"https:\/\/cliniccenter.co.uk\/ro\/dr-soner\/","og_locale":"ro_RO","og_type":"article","og_title":"Dr. Soner | Medic \u00een Chirurgie Plastic\u0103 | Clinic Center","og_description":"Dr. Soner de la Clinic Center, cu o experien\u021b\u0103 de peste 17 ani \u00een chirurgia estetic\u0103.","og_url":"https:\/\/cliniccenter.co.uk\/ro\/dr-soner\/","article_publisher":"https:\/\/www.facebook.com\/cliniccenter.co.uk\/","article_modified_time":"2025-12-29T11:04:11+00:00","og_image":[{"width":500,"height":500,"url":"https:\/\/cliniccenter.co.uk\/wp-content\/uploads\/2025\/09\/cc-soner-kare.webp","type":"image\/webp"}],"twitter_card":"summary_large_image","twitter_site":"@cliniccenteruk","twitter_misc":{"Timp estimat pentru citire":"2 minute"},"schema":{"@context":"https:\/\/schema.org","@graph":[{"@type":"WebPage","@id":"https:\/\/cliniccenter.co.uk\/ro\/dr-soner\/","url":"https:\/\/cliniccenter.co.uk\/ro\/dr-soner\/","name":"Dr. Soner | Medic \u00een Chirurgie Plastic\u0103 | Clinic Center","isPartOf":{"@id":"https:\/\/cliniccenter.co.uk\/ro\/#website"},"primaryImageOfPage":{"@id":"https:\/\/cliniccenter.co.uk\/ro\/dr-soner\/#primaryimage"},"image":{"@id":"https:\/\/cliniccenter.co.uk\/ro\/dr-soner\/#primaryimage"},"thumbnailUrl":"https:\/\/cliniccenter.co.uk\/wp-content\/uploads\/2025\/09\/cc-soner-kare.webp","datePublished":"2025-10-02T08:20:20+00:00","dateModified":"2025-12-29T11:04:11+00:00","description":"Dr. Soner de la Clinic Center, cu o experien\u021b\u0103 de peste 17 ani \u00een chirurgia estetic\u0103.","breadcrumb":{"@id":"https:\/\/cliniccenter.co.uk\/ro\/dr-soner\/#breadcrumb"},"inLanguage":"ro-RO","potentialAction":[{"@type":"ReadAction","target":["https:\/\/cliniccenter.co.uk\/ro\/dr-soner\/"]}]},{"@type":"ImageObject","inLanguage":"ro-RO","@id":"https:\/\/cliniccenter.co.uk\/ro\/dr-soner\/#primaryimage","url":"https:\/\/cliniccenter.co.uk\/wp-content\/uploads\/2025\/09\/cc-soner-kare.webp","contentUrl":"https:\/\/cliniccenter.co.uk\/wp-content\/uploads\/2025\/09\/cc-soner-kare.webp","width":500,"height":500},{"@type":"BreadcrumbList","@id":"https:\/\/cliniccenter.co.uk\/ro\/dr-soner\/#breadcrumb","itemListElement":[{"@type":"ListItem","position":1,"name":"Home","item":"https:\/\/cliniccenter.co.uk\/ro\/"},{"@type":"ListItem","position":2,"name":"Cei Mai Buni Chirurgi din Turcia | Cele Mai Bune Chirurgii din Turcia","item":"https:\/\/cliniccenter.co.uk\/ro\/doctors\/"},{"@type":"ListItem","position":3,"name":"Dr. Soner | Medic Chirurgie Plastic\u0103 | Clinic Center"}]},{"@type":"WebSite","@id":"https:\/\/cliniccenter.co.uk\/ro\/#website","url":"https:\/\/cliniccenter.co.uk\/ro\/","name":"","description":"","potentialAction":[{"@type":"SearchAction","target":{"@type":"EntryPoint","urlTemplate":"https:\/\/cliniccenter.co.uk\/ro\/?s={search_term_string}"},"query-input":{"@type":"PropertyValueSpecification","valueRequired":true,"valueName":"search_term_string"}}],"inLanguage":"ro-RO"}]}},"uagb_featured_image_src":{"full":["https:\/\/cliniccenter.co.uk\/wp-content\/uploads\/2025\/09\/cc-soner-kare.webp",500,500,false],"thumbnail":["https:\/\/cliniccenter.co.uk\/wp-content\/uploads\/2025\/09\/cc-soner-kare-150x150.webp",150,150,true],"medium":["https:\/\/cliniccenter.co.uk\/wp-content\/uploads\/2025\/09\/cc-soner-kare-300x300.webp",300,300,true],"medium_large":["https:\/\/cliniccenter.co.uk\/wp-content\/uploads\/2025\/09\/cc-soner-kare.webp",500,500,false],"large":["https:\/\/cliniccenter.co.uk\/wp-content\/uploads\/2025\/09\/cc-soner-kare.webp",500,500,false],"1536x1536":["https:\/\/cliniccenter.co.uk\/wp-content\/uploads\/2025\/09\/cc-soner-kare.webp",500,500,false],"2048x2048":["https:\/\/cliniccenter.co.uk\/wp-content\/uploads\/2025\/09\/cc-soner-kare.webp",500,500,false]},"uagb_author_info":{"display_name":"Emre Cinar","author_link":"https:\/\/cliniccenter.co.uk\/ro\/blog\/author\/emre-cinar\/"},"uagb_comment_info":0,"uagb_excerpt":"Dr. Soner este un chirurg plastician, reconstructiv \u0219i estetic foarte talentat din Turcia. S-a n\u0103scut \u00een Tokat \u00een anul 1984 \u0219i a urmat \u00eenv\u0103\u021b\u0103m\u00e2ntul primar \u0219i gimnazial \u00een ora\u0219ul natal, dup\u0103 care a continuat studiile la Liceul Militar Kuleli din Istanbul \u00een 1998. \u00centre 2002 \u0219i 2008, a urmat cursurile Facult\u0103\u021bii de Medicin\u0103 la Academia&hellip;","_links":{"self":[{"href":"https:\/\/cliniccenter.co.uk\/ro\/wp-json\/wp\/v2\/pages\/61270"}],"collection":[{"href":"https:\/\/cliniccenter.co.uk\/ro\/wp-json\/wp\/v2\/pages"}],"about":[{"href":"https:\/\/cliniccenter.co.uk\/ro\/wp-json\/wp\/v2\/types\/page"}],"author":[{"embeddable":true,"href":"https:\/\/cliniccenter.co.uk\/ro\/wp-json\/wp\/v2\/users\/21"}],"replies":[{"embeddable":true,"href":"https:\/\/cliniccenter.co.uk\/ro\/wp-json\/wp\/v2\/comments?post=61270"}],"version-history":[{"count":2,"href":"https:\/\/cliniccenter.co.uk\/ro\/wp-json\/wp\/v2\/pages\/61270\/revisions"}],"predecessor-version":[{"id":79621,"href":"https:\/\/cliniccenter.co.uk\/ro\/wp-json\/wp\/v2\/pages\/61270\/revisions\/79621"}],"up":[{"embeddable":true,"href":"https:\/\/cliniccenter.co.uk\/ro\/wp-json\/wp\/v2\/pages\/59660"}],"wp:featuredmedia":[{"embeddable":true,"href":"https:\/\/cliniccenter.co.uk\/ro\/wp-json\/wp\/v2\/media\/61284"}],"wp:attachment":[{"href":"https:\/\/cliniccenter.co.uk\/ro\/wp-json\/wp\/v2\/media?parent=61270"}],"curies":[{"name":"wp","href":"https:\/\/api.w.org\/{rel}","templated":true}]}}