{"id":61318,"date":"2025-10-02T07:45:06","date_gmt":"2025-10-02T07:45:06","guid":{"rendered":"https:\/\/cliniccenter.co.uk\/?page_id=61318"},"modified":"2025-12-29T11:07:06","modified_gmt":"2025-12-29T11:07:06","slug":"dr-mustafa","status":"publish","type":"page","link":"https:\/\/cliniccenter.co.uk\/ro\/dr-mustafa\/","title":{"rendered":"Dr. Mustafa |\u00a0 Expert Chirurg Plastician \u00een Izmir, Turcia"},"content":{"rendered":"\n<div class=\"wp-block-columns is-layout-flex wp-container-core-columns-is-layout-3 wp-block-columns-is-layout-flex\">\n<div class=\"wp-block-column is-layout-flow wp-block-column-is-layout-flow\" style=\"flex-basis:33.33%\">\n<figure class=\"wp-block-gallery has-nested-images columns-default is-cropped wp-block-gallery-1 is-layout-flex wp-block-gallery-is-layout-flex\">\n<figure class=\"wp-block-image size-large\"><img decoding=\"async\" width=\"517\" height=\"1024\" src=\"https:\/\/cliniccenter.co.uk\/wp-content\/uploads\/2025\/09\/dr-mustafa-517x1024.webp\" alt=\"\" class=\"wp-image-61325\" srcset=\"https:\/\/cliniccenter.co.uk\/wp-content\/uploads\/2025\/09\/dr-mustafa-517x1024.webp 517w, https:\/\/cliniccenter.co.uk\/wp-content\/uploads\/2025\/09\/dr-mustafa-152x300.webp 152w, https:\/\/cliniccenter.co.uk\/wp-content\/uploads\/2025\/09\/dr-mustafa.webp 548w\" sizes=\"(max-width: 517px) 100vw, 517px\" \/><\/figure>\n<\/figure>\n<\/div>\n\n\n\n<div class=\"wp-block-column is-layout-flow wp-block-column-is-layout-flow\" style=\"flex-basis:66.66%\">\n<div class=\"wp-block-columns is-layout-flex wp-container-core-columns-is-layout-1 wp-block-columns-is-layout-flex\">\n<div class=\"wp-block-column leftpadbox is-layout-flow wp-block-column-is-layout-flow\">\n<p>Dr. Mustafa este un chirurg plastician foarte priceput \u0219i cu experien\u021b\u0103 \u00een Turcia. A finalizat preg\u0103tirea sa \u00een specialitatea Chirurgie Plastic\u0103 \u0219i Estetic\u0103 la Universitatea Celal Bayar. \u00cen prezent, realizeaz\u0103 proceduri estetice chirurgicale cu norm\u0103 \u00eentreag\u0103, precum \u0219i aplica\u021bii de botox \u0219i filler la Spitalul Privat \u00d6zel \u0130zmir Gazi, Centrul Medical Privat \u00d6zel Alfa \u0219i Spitalul Privat \u00d6zel Ayd\u0131n Ege Liva.<\/p>\n\n\n\n<p>La \u00eenceputul carierei, a lucrat un an la Clinica de Chirurgie Plastic\u0103, Reconstructiv\u0103 \u0219i Estetic\u0103 a Universit\u0103\u021bii Y\u00fcz\u00fcnc\u00fc Y\u0131l, unde a efectuat numeroase interven\u021bii chirurgicale pediatrice, concentr\u00e2ndu-se pe labiopalatoschizis, revizuiri de cicatrici de arsuri \u0219i anomalii congenitale. \u00cen 2017, a activat la Spitalul de Stat Denizli Servergazi \u0219i Spitalul de Stat Bursa \u00c7ekirge, efectu\u00e2nd peste 2000 de interven\u021bii chirurgicale, inclusiv rinoplastie, chirurgia pleoapelor, chirurgie mamar\u0103, \u00eendep\u0103rtarea cancerului de piele, chirurgie maxilo-facial\u0103 \u0219i excizii de mase faciale.<\/p>\n\n\n\n<p>Dr. Mustafa este dedicat oferirii unui tratament chirurgical de \u00eenalt\u0103 calitate \u0219i combin\u0103 ani de experien\u021b\u0103 at\u00e2t \u00een proceduri estetice, c\u00e2t \u0219i reconstructive. Pacien\u021bii apreciaz\u0103 abilit\u0103\u021bile sale excelente de comunicare \u0219i rezultatele remarcabile pe care le ob\u021bine \u00een practica sa.<\/p>\n<\/div>\n<\/div>\n\n\n\n<div class=\"wp-block-columns is-layout-flex wp-container-core-columns-is-layout-2 wp-block-columns-is-layout-flex\">\n<div class=\"wp-block-column leftpadbox is-layout-flow wp-block-column-is-layout-flow\">\n<p><strong>Experien\u021b\u0103:<\/strong> 16 ani<br><strong><span id=\"docs-internal-guid-a10687cf-7fff-8960-f921-af86324b529e\"><span style=\"font-size: 11.5pt; font-family: Roboto, sans-serif; background-color: transparent; font-weight: 700; font-variant-numeric: normal; font-variant-east-asian: normal; font-variant-alternates: normal; font-variant-position: normal; font-variant-emoji: normal; vertical-align: baseline;\">P<\/span><\/span>acien\u021bi interna\u021bionali trata\u021bi:<\/strong> Regatul Unit, Irlanda, Australia, Statele Unite ale Americii, Canada, Germania, Fran\u021ba, Emiratele Arabe Unite, Arabia Saudit\u0103<br><strong>Domenii de specializare:<\/strong> <a href=\"https:\/\/cliniccenter.co.uk\/breast-augmentation-turkey\/\">Augmentare mamar\u0103 (implanturi mamare, m\u0103rirea s\u00e2nilor)<\/a>, <a href=\"https:\/\/cliniccenter.co.uk\/breast-uplift-turkey\/\">lifting mamar<\/a>, <a href=\"#\">reduc\u021bie mamar\u0103<\/a>, <a href=\"https:\/\/cliniccenter.co.uk\/nose-job-in-turkey\/\">rinoplastie (opera\u021bie estetic\u0103 a nasului)<\/a>, <a href=\"#\">&nbsp;septorinoplastie<\/a>, <a href=\"https:\/\/cliniccenter.co.uk\/liposuction-turkey\/\">liposuc\u021bie (\u00eendep\u0103rtarea gr\u0103simii)<\/a>, <a href=\"https:\/\/cliniccenter.co.uk\/liposuction-turkey\/\">liposuc\u021bie Vaser &amp; Hi-Def Vaser<\/a>, <a href=\"#\">abdominoplastie<\/a>, <a href=\"#\">liftingul brazilian de feselor (BBL)<\/a>, <a href=\"#\">lifting facial (ritidectomie)<\/a>, <a href=\"#\">blefaroplastie (chirurgia pleoapelor)<\/a>, <a href=\"https:\/\/cliniccenter.co.uk\/gynecomastia-in-turkey\/\">g<\/a><a href=\"#\">inecomastie (reduc\u021bia s\u00e2nilor la b\u0103rba\u021bi)<\/a>, <a href=\"#\">Mommy Makeover<\/a>, <a href=\"#\">lifting cervical (platismoplastie)<\/a>, <a href=\"#\">lifting brahial (brahioplastie)<\/a>, <a href=\"#\">lifting al spr\u00e2ncenelor<\/a>, <a href=\"#\">otoplastie (chirurgie estetic\u0103 a urechilor)<\/a>, <a href=\"#\">Cosmetic Surgeries<\/a>.<br><strong>Afilieri<\/strong>: Societatea Turc\u0103 de Chirurgie Plastic\u0103, Societatea de Chirurgie Estetic\u0103 Plastic\u0103, Comitetul \u0218tiin\u021bific pentru Transplant de P\u0103r, Societatea Turc\u0103 de Chirurgie Plastic\u0103, Membru adjunct al Consiliului Medical din Izmir, Asocia\u021bia Medical\u0103 Turc\u0103<br><strong>Ora\u0219:<\/strong> Istanbul, Turcia<br><strong>Zile lucr\u0103toare<\/strong>: \u00cen timpul s\u0103pt\u0103m\u00e2nii \u0219i s\u00e2mb\u0103ta<span style=\"font-size: 11.5pt; font-family: Roboto, sans-serif; background-color: transparent; font-variant-numeric: normal; font-variant-east-asian: normal; font-variant-alternates: normal; font-variant-position: normal; font-variant-emoji: normal; vertical-align: baseline;\"><\/span><br><strong>Limbi vorbite:<\/strong> Englez\u0103<br><strong>Contact<\/strong>:&nbsp;+44 20 3575 1039 &amp; info@cliniccenter.co.uk<br><strong><a href=\"https:\/\/cliniccenter.co.uk\/cosmetic-surgery\/\">Chirurgi plasticieni<\/a><\/strong><\/p>\n<\/div>\n<\/div>\n<\/div>\n<\/div>\n\n\n\n<script type=\"application\/ld+json\">\n{\n  \"@context\": \"https:\/\/schema.org\",\n  \"@graph\": [\n    {\n      \"@type\": \"Physician\",\n      \"@id\": \"https:\/\/cliniccenter.co.uk\/dr-mustafa-oksuz\/\",\n      \"name\": \"Op. Dr. Mustafa \u00d6ks\u00fcz\",\n      \"description\": \"Op. Dr. Mustafa \u00d6ks\u00fcz is a highly skilled plastic and aesthetic surgeon in Turkey. He completed his specialty training in Plastic and Aesthetic Surgery at Celal Bayar University. He currently performs full-time aesthetic surgical procedures as well as botox and filler applications at \u00d6zel \u0130zmir Gazi Hospital, \u00d6zel Alfa Medical Center, and \u00d6zel Ayd\u0131n Ege Liva Hospital. Earlier, he worked at Y\u00fcz\u00fcnc\u00fc Y\u0131l University and several state hospitals, performing over 2,000 surgeries, including rhinoplasty, eyelid surgery, breast surgery, skin cancer removal, maxillofacial surgery, and pediatric plastic surgeries. Dr. Mustafa is a member of several professional organizations, including the Turkish Society of Plastic Surgery and the Aesthetic Plastic Surgery Society.\",\n      \"honorificSuffix\": \"M.D.\",\n      \"alumniOf\": [\n        {\n          \"@type\": \"CollegeOrUniversity\",\n          \"name\": \"Celal Bayar University\"\n        }\n      ],\n      \"areaServed\": {\n        \"@type\": \"Place\",\n        \"name\": \"\u0130zmir, Turkey\"\n      },\n      \"knowsLanguage\": {\n        \"@type\": \"Language\",\n        \"name\": \"English\",\n        \"alternateName\": \"en\"\n      },\n      \"isAcceptingNewPatients\": true,\n      \"isAccessibleForFree\": false,\n      \"medicalSpecialty\": {\n        \"@type\": \"MedicalSpecialty\",\n        \"name\": \"Plastic and Aesthetic Surgery\"\n      },\n      \"worksFor\": {\n        \"@type\": \"MedicalClinic\",\n        \"@id\": \"https:\/\/cliniccenter.co.uk#clinic\"\n      },\n      \"address\": {\n        \"@type\": \"PostalAddress\",\n        \"streetAddress\": \"\u00d6zel \u0130zmir Gazi Hospital, \u00d6zel Alfa Medical Center, \u00d6zel Ayd\u0131n Ege Liva Hospital\",\n        \"addressLocality\": \"\u0130zmir\",\n        \"addressRegion\": \"TR\"\n      }\n    },\n    {\n      \"@type\": \"MedicalClinic\",\n      \"@id\": \"https:\/\/cliniccenter.co.uk#clinic\",\n      \"name\": \"Clinic Center\",\n      \"url\": \"https:\/\/cliniccenter.co.uk\",\n      \"address\": {\n        \"@type\": \"PostalAddress\",\n        \"streetAddress\": \"19 May\u0131s Mahallesi, \u00d6\u011fretmen Ha\u015fim \u00c7eken Caddesi No:15 Ceceli \u0130\u015f Merkezi\",\n        \"addressLocality\": \"\u0130stanbul\",\n        \"addressRegion\": \"TR\",\n        \"postalCode\": \"34360\"\n      },\n      \"telephone\": \"+44 20 3575 1039\",\n      \"email\": \"info@cliniccenter.co.uk\",\n      \"geo\": {\n        \"@type\": \"GeoCoordinates\",\n        \"latitude\": 40.9882728,\n        \"longitude\": 29.0343543\n      }\n    }\n  ]\n}\n<\/script>\n","protected":false},"excerpt":{"rendered":"<p>Dr. Mustafa este un chirurg plastician foarte priceput \u0219i cu experien\u021b\u0103 \u00een Turcia. A finalizat preg\u0103tirea sa \u00een specialitatea Chirurgie Plastic\u0103 \u0219i Estetic\u0103 la Universitatea Celal Bayar. \u00cen prezent, realizeaz\u0103 proceduri estetice chirurgicale cu norm\u0103 \u00eentreag\u0103, precum \u0219i aplica\u021bii de botox \u0219i filler la Spitalul Privat \u00d6zel \u0130zmir Gazi, Centrul Medical Privat \u00d6zel Alfa \u0219i [&hellip;]<\/p>\n","protected":false},"author":21,"featured_media":61332,"parent":59660,"menu_order":0,"comment_status":"closed","ping_status":"closed","template":"","meta":{"_uag_custom_page_level_css":"","_lmt_disableupdate":"no","_lmt_disable":"","site-sidebar-layout":"default","site-content-layout":"default","ast-site-content-layout":"default","site-content-style":"default","site-sidebar-style":"default","ast-global-header-display":"","ast-banner-title-visibility":"","ast-main-header-display":"","ast-hfb-above-header-display":"","ast-hfb-below-header-display":"","ast-hfb-mobile-header-display":"","site-post-title":"","ast-breadcrumbs-content":"","ast-featured-img":"","footer-sml-layout":"","theme-transparent-header-meta":"default","adv-header-id-meta":"","stick-header-meta":"","header-above-stick-meta":"","header-main-stick-meta":"","header-below-stick-meta":"","astra-migrate-meta-layouts":"set","ast-page-background-enabled":"default","ast-page-background-meta":{"desktop":{"background-color":"","background-image":"","background-repeat":"repeat","background-position":"center center","background-size":"auto","background-attachment":"scroll","background-type":"","background-media":"","overlay-type":"","overlay-color":"","overlay-opacity":"","overlay-gradient":""},"tablet":{"background-color":"","background-image":"","background-repeat":"repeat","background-position":"center center","background-size":"auto","background-attachment":"scroll","background-type":"","background-media":"","overlay-type":"","overlay-color":"","overlay-opacity":"","overlay-gradient":""},"mobile":{"background-color":"","background-image":"","background-repeat":"repeat","background-position":"center center","background-size":"auto","background-attachment":"scroll","background-type":"","background-media":"","overlay-type":"","overlay-color":"","overlay-opacity":"","overlay-gradient":""}},"ast-content-background-meta":{"desktop":{"background-color":"var(--ast-global-color-5)","background-image":"","background-repeat":"repeat","background-position":"center center","background-size":"auto","background-attachment":"scroll","background-type":"","background-media":"","overlay-type":"","overlay-color":"","overlay-opacity":"","overlay-gradient":""},"tablet":{"background-color":"var(--ast-global-color-5)","background-image":"","background-repeat":"repeat","background-position":"center center","background-size":"auto","background-attachment":"scroll","background-type":"","background-media":"","overlay-type":"","overlay-color":"","overlay-opacity":"","overlay-gradient":""},"mobile":{"background-color":"var(--ast-global-color-5)","background-image":"","background-repeat":"repeat","background-position":"center center","background-size":"auto","background-attachment":"scroll","background-type":"","background-media":"","overlay-type":"","overlay-color":"","overlay-opacity":"","overlay-gradient":""}},"footnotes":""},"class_list":["post-61318","page","type-page","status-publish","has-post-thumbnail","hentry"],"yoast_head":"<!-- This site is optimized with the Yoast SEO plugin v25.3.1 - https:\/\/yoast.com\/wordpress\/plugins\/seo\/ -->\n<title>Dr. Mustafa<\/title>\n<meta name=\"description\" content=\"Dr. Mustafa este un chirurg plastician foarte priceput \u0219i cu experien\u021b\u0103 \u00een Turcia.\" \/>\n<meta name=\"robots\" content=\"index, follow, max-snippet:-1, max-image-preview:large, max-video-preview:-1\" \/>\n<link rel=\"canonical\" href=\"https:\/\/cliniccenter.co.uk\/ro\/dr-mustafa\/\" \/>\n<meta property=\"og:locale\" content=\"ro_RO\" \/>\n<meta property=\"og:type\" content=\"article\" \/>\n<meta property=\"og:title\" content=\"Dr. Mustafa\" \/>\n<meta property=\"og:description\" content=\"Dr. Mustafa este un chirurg plastician foarte priceput \u0219i cu experien\u021b\u0103 \u00een Turcia.\" \/>\n<meta property=\"og:url\" content=\"https:\/\/cliniccenter.co.uk\/ro\/dr-mustafa\/\" \/>\n<meta property=\"article:publisher\" content=\"https:\/\/www.facebook.com\/cliniccenter.co.uk\/\" \/>\n<meta property=\"article:modified_time\" content=\"2025-12-29T11:07:06+00:00\" \/>\n<meta property=\"og:image\" content=\"https:\/\/cliniccenter.co.uk\/wp-content\/uploads\/2025\/09\/dr-mustafa-k.webp\" \/>\n\t<meta property=\"og:image:width\" content=\"500\" \/>\n\t<meta property=\"og:image:height\" content=\"500\" \/>\n\t<meta property=\"og:image:type\" content=\"image\/webp\" \/>\n<meta name=\"twitter:card\" content=\"summary_large_image\" \/>\n<meta name=\"twitter:site\" content=\"@cliniccenteruk\" \/>\n<meta name=\"twitter:label1\" content=\"Timp estimat pentru citire\" \/>\n\t<meta name=\"twitter:data1\" content=\"2 minute\" \/>\n<!-- \/ Yoast SEO plugin. -->","yoast_head_json":{"title":"Dr. Mustafa","description":"Dr. Mustafa este un chirurg plastician foarte priceput \u0219i cu experien\u021b\u0103 \u00een Turcia.","robots":{"index":"index","follow":"follow","max-snippet":"max-snippet:-1","max-image-preview":"max-image-preview:large","max-video-preview":"max-video-preview:-1"},"canonical":"https:\/\/cliniccenter.co.uk\/ro\/dr-mustafa\/","og_locale":"ro_RO","og_type":"article","og_title":"Dr. Mustafa","og_description":"Dr. Mustafa este un chirurg plastician foarte priceput \u0219i cu experien\u021b\u0103 \u00een Turcia.","og_url":"https:\/\/cliniccenter.co.uk\/ro\/dr-mustafa\/","article_publisher":"https:\/\/www.facebook.com\/cliniccenter.co.uk\/","article_modified_time":"2025-12-29T11:07:06+00:00","og_image":[{"width":500,"height":500,"url":"https:\/\/cliniccenter.co.uk\/wp-content\/uploads\/2025\/09\/dr-mustafa-k.webp","type":"image\/webp"}],"twitter_card":"summary_large_image","twitter_site":"@cliniccenteruk","twitter_misc":{"Timp estimat pentru citire":"2 minute"},"schema":{"@context":"https:\/\/schema.org","@graph":[{"@type":"WebPage","@id":"https:\/\/cliniccenter.co.uk\/ro\/dr-mustafa\/","url":"https:\/\/cliniccenter.co.uk\/ro\/dr-mustafa\/","name":"Dr. Mustafa","isPartOf":{"@id":"https:\/\/cliniccenter.co.uk\/ro\/#website"},"primaryImageOfPage":{"@id":"https:\/\/cliniccenter.co.uk\/ro\/dr-mustafa\/#primaryimage"},"image":{"@id":"https:\/\/cliniccenter.co.uk\/ro\/dr-mustafa\/#primaryimage"},"thumbnailUrl":"https:\/\/cliniccenter.co.uk\/wp-content\/uploads\/2025\/09\/dr-mustafa-k.webp","datePublished":"2025-10-02T07:45:06+00:00","dateModified":"2025-12-29T11:07:06+00:00","description":"Dr. Mustafa este un chirurg plastician foarte priceput \u0219i cu experien\u021b\u0103 \u00een Turcia.","breadcrumb":{"@id":"https:\/\/cliniccenter.co.uk\/ro\/dr-mustafa\/#breadcrumb"},"inLanguage":"ro-RO","potentialAction":[{"@type":"ReadAction","target":["https:\/\/cliniccenter.co.uk\/ro\/dr-mustafa\/"]}]},{"@type":"ImageObject","inLanguage":"ro-RO","@id":"https:\/\/cliniccenter.co.uk\/ro\/dr-mustafa\/#primaryimage","url":"https:\/\/cliniccenter.co.uk\/wp-content\/uploads\/2025\/09\/dr-mustafa-k.webp","contentUrl":"https:\/\/cliniccenter.co.uk\/wp-content\/uploads\/2025\/09\/dr-mustafa-k.webp","width":500,"height":500},{"@type":"BreadcrumbList","@id":"https:\/\/cliniccenter.co.uk\/ro\/dr-mustafa\/#breadcrumb","itemListElement":[{"@type":"ListItem","position":1,"name":"Home","item":"https:\/\/cliniccenter.co.uk\/ro\/"},{"@type":"ListItem","position":2,"name":"Cei Mai Buni Chirurgi din Turcia | Cele Mai Bune Chirurgii din Turcia","item":"https:\/\/cliniccenter.co.uk\/ro\/doctors\/"},{"@type":"ListItem","position":3,"name":"Dr. Mustafa |\u00a0 Expert Chirurg Plastician \u00een Izmir, Turcia"}]},{"@type":"WebSite","@id":"https:\/\/cliniccenter.co.uk\/ro\/#website","url":"https:\/\/cliniccenter.co.uk\/ro\/","name":"","description":"","potentialAction":[{"@type":"SearchAction","target":{"@type":"EntryPoint","urlTemplate":"https:\/\/cliniccenter.co.uk\/ro\/?s={search_term_string}"},"query-input":{"@type":"PropertyValueSpecification","valueRequired":true,"valueName":"search_term_string"}}],"inLanguage":"ro-RO"}]}},"uagb_featured_image_src":{"full":["https:\/\/cliniccenter.co.uk\/wp-content\/uploads\/2025\/09\/dr-mustafa-k.webp",500,500,false],"thumbnail":["https:\/\/cliniccenter.co.uk\/wp-content\/uploads\/2025\/09\/dr-mustafa-k-150x150.webp",150,150,true],"medium":["https:\/\/cliniccenter.co.uk\/wp-content\/uploads\/2025\/09\/dr-mustafa-k-300x300.webp",300,300,true],"medium_large":["https:\/\/cliniccenter.co.uk\/wp-content\/uploads\/2025\/09\/dr-mustafa-k.webp",500,500,false],"large":["https:\/\/cliniccenter.co.uk\/wp-content\/uploads\/2025\/09\/dr-mustafa-k.webp",500,500,false],"1536x1536":["https:\/\/cliniccenter.co.uk\/wp-content\/uploads\/2025\/09\/dr-mustafa-k.webp",500,500,false],"2048x2048":["https:\/\/cliniccenter.co.uk\/wp-content\/uploads\/2025\/09\/dr-mustafa-k.webp",500,500,false]},"uagb_author_info":{"display_name":"Emre Cinar","author_link":"https:\/\/cliniccenter.co.uk\/ro\/blog\/author\/emre-cinar\/"},"uagb_comment_info":0,"uagb_excerpt":"Dr. Mustafa este un chirurg plastician foarte priceput \u0219i cu experien\u021b\u0103 \u00een Turcia. A finalizat preg\u0103tirea sa \u00een specialitatea Chirurgie Plastic\u0103 \u0219i Estetic\u0103 la Universitatea Celal Bayar. \u00cen prezent, realizeaz\u0103 proceduri estetice chirurgicale cu norm\u0103 \u00eentreag\u0103, precum \u0219i aplica\u021bii de botox \u0219i filler la Spitalul Privat \u00d6zel \u0130zmir Gazi, Centrul Medical Privat \u00d6zel Alfa \u0219i&hellip;","_links":{"self":[{"href":"https:\/\/cliniccenter.co.uk\/ro\/wp-json\/wp\/v2\/pages\/61318"}],"collection":[{"href":"https:\/\/cliniccenter.co.uk\/ro\/wp-json\/wp\/v2\/pages"}],"about":[{"href":"https:\/\/cliniccenter.co.uk\/ro\/wp-json\/wp\/v2\/types\/page"}],"author":[{"embeddable":true,"href":"https:\/\/cliniccenter.co.uk\/ro\/wp-json\/wp\/v2\/users\/21"}],"replies":[{"embeddable":true,"href":"https:\/\/cliniccenter.co.uk\/ro\/wp-json\/wp\/v2\/comments?post=61318"}],"version-history":[{"count":3,"href":"https:\/\/cliniccenter.co.uk\/ro\/wp-json\/wp\/v2\/pages\/61318\/revisions"}],"predecessor-version":[{"id":79622,"href":"https:\/\/cliniccenter.co.uk\/ro\/wp-json\/wp\/v2\/pages\/61318\/revisions\/79622"}],"up":[{"embeddable":true,"href":"https:\/\/cliniccenter.co.uk\/ro\/wp-json\/wp\/v2\/pages\/59660"}],"wp:featuredmedia":[{"embeddable":true,"href":"https:\/\/cliniccenter.co.uk\/ro\/wp-json\/wp\/v2\/media\/61332"}],"wp:attachment":[{"href":"https:\/\/cliniccenter.co.uk\/ro\/wp-json\/wp\/v2\/media?parent=61318"}],"curies":[{"name":"wp","href":"https:\/\/api.w.org\/{rel}","templated":true}]}}