{"id":61620,"date":"2023-09-13T07:05:39","date_gmt":"2023-09-13T07:05:39","guid":{"rendered":"https:\/\/cliniccenter.co.uk\/doctors\/dr-jacob\/"},"modified":"2025-10-22T10:41:42","modified_gmt":"2025-10-22T10:41:42","slug":"dr-jacob","status":"publish","type":"page","link":"https:\/\/cliniccenter.co.uk\/ro\/dr-jacob\/","title":{"rendered":"Dr. Jacob | Chirurgie plastic\u0103 Doctor | Chirurgie plastic\u0103 Doctor"},"content":{"rendered":"\n<div class=\"wp-block-columns is-layout-flex wp-container-core-columns-is-layout-3 wp-block-columns-is-layout-flex\">\n<div class=\"wp-block-column is-layout-flow wp-block-column-is-layout-flow\" style=\"flex-basis:33.33%\">\n<figure class=\"wp-block-image size-full\"><img decoding=\"async\" width=\"517\" height=\"1024\" src=\"https:\/\/cliniccenter.co.uk\/wp-content\/uploads\/2023\/10\/dr.-jacob-dik-517x1024-2.jpg\" alt=\"\" class=\"wp-image-45801\" srcset=\"https:\/\/cliniccenter.co.uk\/wp-content\/uploads\/2023\/10\/dr.-jacob-dik-517x1024-2.jpg 517w, https:\/\/cliniccenter.co.uk\/wp-content\/uploads\/2023\/10\/dr.-jacob-dik-517x1024-2-151x300.jpg 151w\" sizes=\"(max-width: 517px) 100vw, 517px\" \/><\/figure>\n<\/div>\n\n\n\n<div class=\"wp-block-column is-layout-flow wp-block-column-is-layout-flow\"><\/div>\n\n\n\n<div class=\"wp-block-column is-layout-flow wp-block-column-is-layout-flow\" style=\"flex-basis:66.66%\">\n<div class=\"wp-block-columns is-layout-flex wp-container-core-columns-is-layout-1 wp-block-columns-is-layout-flex\">\n<div class=\"wp-block-column leftpadbox is-layout-flow wp-block-column-is-layout-flow\">\n<p>Dr. Jacob a absolvit Facultatea de Medicin\u0103 a Universit\u0103\u021bii Tehnice Karadeniz \u00een 2003, dup\u0103 care \u0219i-a \u00eenceput c\u0103l\u0103toria \u00een chirurgia cardiovascular\u0103 prin efectuarea unui reziden\u021biat la renumitul Siyami Ersek Cardiovascular and Thoracic Surgery Centre din Istanbul \u00eentre 2004 \u0219i 2005. Cu toate acestea, interesul s\u0103u principal a fost pentru chirurgia plastic\u0103, reconstructiv\u0103 \u0219i estetic\u0103, ceea ce l-a determinat s\u0103 se specializeze \u00een continuare \u00een acest domeniu. <\/p>\n\n\n\n<p>Pentru a-\u0219i perfec\u021biona expertiza \u00een domeniul complex al chirurgiei plastice, Dr. Jacob \u0219i-a dedicat mai mul\u021bi ani preg\u0103tirii \u0219i practicii riguroase. \u00centre reziden\u021bele sale intensive, a lucrat al\u0103turi de unele dintre cele mai importante personalit\u0103\u021bi din industrie, dob\u00e2ndind cuno\u0219tin\u021be \u0219i experien\u021be nepre\u021buite. Cu un num\u0103r mare de interven\u021bii chirurgicale de succes la activ, Dr. Jacob este renumit pentru tehnicile sale precise \u0219i dedicarea de neegalat pentru pacien\u021bii s\u0103i.  <\/p>\n\n\n\n<p>Dr. Jacob este un membru apreciat al organismelor profesionale relevante din Turcia, contribuind \u00een mod semnificativ la reviste na\u021bionale \u0219i interna\u021bionale. Cu un parcurs educa\u021bional exemplar, o formare extins\u0103 \u0219i ani de experien\u021b\u0103 practic\u0103 \u00een Turcia, Dr. Jacob \u0219i-a construit o reputa\u021bie de personalitate de \u00eencredere \u00een domeniul chirurgiei plastice, reconstructive \u0219i estetice. Pacien\u021bii recomand\u0103 \u00een mod constant expertiza sa chirurgical\u0103, precum \u0219i abordarea sa empatic\u0103 fa\u021b\u0103 de preocup\u0103rile \u0219i dorin\u021bele lor.  <\/p>\n<\/div>\n<\/div>\n\n\n\n<div class=\"wp-block-columns is-layout-flex wp-container-core-columns-is-layout-2 wp-block-columns-is-layout-flex\">\n<div class=\"wp-block-column leftpadbox is-layout-flow wp-block-column-is-layout-flow\">\n<p><strong>Experien\u021b\u0103<\/strong>: 20 de ani<br><strong>Pacien\u021bi interna\u021bionali trata\u021bi<\/strong>: Marea Britanie, Irlanda, Australia, Statele Unite ale Americii, Canada, Germania, Fran\u021ba, Emiratele Arabe Unite, Arabia Saudit\u0103<br><strong>Domenii de specializare:<\/strong> <a href=\"https:\/\/cliniccenter.co.uk\/breast-augmentation-turkey\/\">Augmentarea s\u00e2nilor (implanturi mamare, m\u0103rirea s\u00e2nilor)<\/a>, <g id=\"gid_2\">ridicarea s\u00e2nilor<\/g>, <g id=\"gid_3\">reducerea s\u00e2nilor<\/g>, <a href=\"https:\/\/cliniccenter.co.uk\/nose-job-in-turkey\/\">rinoplastie (opera\u021bie la nas)<\/a>, <g id=\"gid_5\">septorinoplastie<\/g>, <g id=\"gid_6\">liposuc\u021bie (\u00eendep\u0103rtarea gr\u0103similor)<\/g>, <g id=\"gid_7\">Vaser &amp; Hi-Def Vaser Liposuction<\/g>, <g id=\"gid_8\">Tummy Tuck<\/g>, <a href=\"https:\/\/cliniccenter.co.uk\/brazilian-butt-lift-turkey\/\">Brazilian Butt Lift (BBL)<\/a>, <g id=\"gid_10\">Facelift (Rhytidectomy)<\/g>, <g id=\"gid_11\">Eyelid Surgery (Blepharoplasty)<\/g>, <g id=\"gid_12\">Gynecomastia (Male Breast Reduction)<\/g>, <g id=\"gid_13\">Mommy Makeover<\/g>, <a href=\"https:\/\/cliniccenter.co.uk\/thigh-lift-surgery-in-turkey\/\">Thigh Lift (Thighplasty)<\/a>,               <a href=\"https:\/\/cliniccenter.co.uk\/neck-lift-surgery-in-turkey\/\">Ridicarea g\u00e2tului (Platysmaplasty)<\/a>, <a href=\"https:\/\/cliniccenter.co.uk\/arm-lift-surgery-in-turkey\/\">Ridicarea bra\u021belor (Brachioplasty)<\/a>, <a href=\"https:\/\/cliniccenter.co.uk\/brow-lift-eyebrow-lift-surgery-in-turkey\/\">Ridicarea spr\u00e2ncenelor<\/a>, <a href=\"https:\/\/cliniccenter.co.uk\/cosmetic-ear-surgery-in-turkey-otoplasty\/\">Chirurgie cosmetic\u0103 a urechii (Otoplasty)<\/a>, <a href=\"https:\/\/cliniccenter.co.uk\/cosmetic-surgery\/\">Chirurgie cosmetic\u0103<\/a>.<br><strong>Calitatea de membru<\/strong>: Asocia\u021bia Turc\u0103 de Chirurgie Plastic\u0103, Reconstructiv\u0103 \u0219i Estetic\u0103, Asocia\u021bia Medical\u0103 Turc\u0103<br><strong>Ora\u0219<\/strong>: Istanbul, Turcia<br><strong>Zile lucr\u0103toare<\/strong>: Zilele s\u0103pt\u0103m\u00e2nii \u0219i s\u00e2mb\u0103ta<br><strong>Limbi<\/strong>: Englez\u0103<br><strong>Contact<\/strong>: +44 20 3575 1039 &amp; info@cliniccenter.co.uk<br><strong><a href=\"https:\/\/cliniccenter.co.uk\/cosmetic-surgery\/#plastic-surgeons\">Chirurgii plasticieni<\/a><\/strong><\/p>\n<\/div>\n<\/div>\n<\/div>\n<\/div>\n\n\n\n<script type=\"application\/ld+json\">\n    {\n        \"@context\": \"http:\\\/\\\/schema.org\",\n        \"@type\": \"Physician\",\n        \"@id\": \"https:\/\/cliniccenter.co.uk\/dr-jacob\/\",\n        \"areaServed\": {\n            \"@type\": \"Place\",\n            \"name\": \"Istanbul, Turkey\"\n        },\n        \"alumniOf\": {\n            \"@type\": \"OrganizationRole\",\n            \"alumniOf\": {\n                \"@type\": \"CollegeOrUniversity\",\n                \"name\": \"Karadeniz Technical University\"\n            }\n        },\n        \"employee\": {\n            \"@type\": \"Person\",\n            \"@id\": \"https:\/\/cliniccenter.co.uk\/dr-jacob\/\",\n            \"description\": \"Dr. Jacob graduated from Karadeniz Technical University's School of Medicine in 2003, following which he embarked on his journey in cardiovascular surgery by undertaking a residency at the renowned Siyami Ersek Cardiovascular and Thoracic Surgery Centre in Istanbul between 2004 and 2005. However, his primary interest lay in Plastic, Reconstructive and Aesthetic Surgery, leading him to further specialize in this field from 2007 to 2013 at Atat\u00fcrk Training and Research Hospital, Ankara. To hone his expertise in the intricate field of plastic surgery, Dr. Jacob dedicated several years to rigorous training and practice. Between his intensive residencies, he worked alongside some of the leading figures in the industry, gaining invaluable insights and experiences. With a vast number of successful surgeries under his belt, Dr. Jacob is renowned for his precise techniques and unparalleled dedication to his patients. Dr. Jacob is an esteemed member of relevant professional bodies in Turkey, contributing significantly to both national and international journals. With an exemplary educational background, extensive training, and years of practical experience both in Trabzon and Ankara, Dr. Jacob has built a reputation as a trusted figure in the field of Plastic, Reconstructive, and Aesthetic Surgery. Patients consistently commend his surgical expertise as well as his empathetic approach towards their concerns and desires.\",\n            \"hasOccupation\": {\n                \"@type\": \"Occupation\",\n                \"name\": \"Plastic Surgeon\"\n            },\n            \"knowsLanguage\": {\n                \"@type\": \"Language\",\n                \"name\": \"English\",\n                \"alternateName\": \"en\"\n            },\n            \"honorificSuffix\": \"Dr. \"\n        },\n        \"hospitalAffiliation\": {\n            \"image\": {\n                \"@type\": \"ImageObject\",\n                \"@id\": \"https:\/\/cliniccenter.co.uk\/wp-content\/uploads\/2023\/09\/dr.jacob-dik.jpg\/\"\n            }\n        },\n        \"isAcceptingNewPatients\": \"https:\\\/\\\/schema.org\\\/True\",\n        \"isAccessibleForFree\": \"https:\\\/\\\/schema.org\\\/False\",\n        \"medicalSpecialty\": {\n            \"@type\": \"MedicalSpecialty\",\n            \"name\": \"Breast Augmentation (Breast Implants, Breast Enlargement), Breast Lift, Breast Reduction, Rhinoplasty (Nose Job), Septorhinoplasty, Liposuction (Fat Removal), Vaser & Hi-Def Vaser Liposuction, Tummy Tuck, Brazilian Butt Lift (BBL), Facelift (Rhytidectomy), Eyelid Surgery (Blepharoplasty), Gynecomastia (Male Breast Reduction), Mommy Makeover, Thigh Lift (Thighplasty), Neck Lift (Platysmaplasty), Arm Lift  (Brachioplasty), Brow Lift, Cosmetic Ear Surgery (Otoplasty), Cosmetic Surgeries.\"\n        },\n        \"memberOf\": {\n            \"@type\": \"Organization\",\n            \"name\": [\n                \"Turkish Plastic, Reconstructive and Aesthetic Surgery Association, Turkish Medical Associationa\"\n            ]\n        },\n        \"name\": \"Dr. Jacob\"\n    }\n<\/script>\n","protected":false},"excerpt":{"rendered":"<p>Dr. Jacob a absolvit Facultatea de Medicin\u0103 a Universit\u0103\u021bii Tehnice Karadeniz \u00een 2003, dup\u0103 care \u0219i-a \u00eenceput c\u0103l\u0103toria \u00een chirurgia cardiovascular\u0103 prin efectuarea unui reziden\u021biat la renumitul Siyami Ersek Cardiovascular and Thoracic Surgery Centre din Istanbul \u00eentre 2004 \u0219i 2005. Cu toate acestea, interesul s\u0103u principal a fost pentru chirurgia plastic\u0103, reconstructiv\u0103 \u0219i estetic\u0103, ceea [&hellip;]<\/p>\n","protected":false},"author":15,"featured_media":0,"parent":59660,"menu_order":0,"comment_status":"closed","ping_status":"closed","template":"","meta":{"_uag_custom_page_level_css":"","_lmt_disableupdate":"no","_lmt_disable":"","site-sidebar-layout":"default","site-content-layout":"default","ast-site-content-layout":"default","site-content-style":"default","site-sidebar-style":"default","ast-global-header-display":"","ast-banner-title-visibility":"","ast-main-header-display":"","ast-hfb-above-header-display":"","ast-hfb-below-header-display":"","ast-hfb-mobile-header-display":"","site-post-title":"","ast-breadcrumbs-content":"","ast-featured-img":"","footer-sml-layout":"","theme-transparent-header-meta":"default","adv-header-id-meta":"","stick-header-meta":"","header-above-stick-meta":"","header-main-stick-meta":"","header-below-stick-meta":"","astra-migrate-meta-layouts":"set","ast-page-background-enabled":"default","ast-page-background-meta":{"desktop":{"background-color":"","background-image":"","background-repeat":"repeat","background-position":"center center","background-size":"auto","background-attachment":"scroll","background-type":"","background-media":"","overlay-type":"","overlay-color":"","overlay-opacity":"","overlay-gradient":""},"tablet":{"background-color":"","background-image":"","background-repeat":"repeat","background-position":"center center","background-size":"auto","background-attachment":"scroll","background-type":"","background-media":"","overlay-type":"","overlay-color":"","overlay-opacity":"","overlay-gradient":""},"mobile":{"background-color":"","background-image":"","background-repeat":"repeat","background-position":"center center","background-size":"auto","background-attachment":"scroll","background-type":"","background-media":"","overlay-type":"","overlay-color":"","overlay-opacity":"","overlay-gradient":""}},"ast-content-background-meta":{"desktop":{"background-color":"var(--ast-global-color-5)","background-image":"","background-repeat":"repeat","background-position":"center center","background-size":"auto","background-attachment":"scroll","background-type":"","background-media":"","overlay-type":"","overlay-color":"","overlay-opacity":"","overlay-gradient":""},"tablet":{"background-color":"var(--ast-global-color-5)","background-image":"","background-repeat":"repeat","background-position":"center center","background-size":"auto","background-attachment":"scroll","background-type":"","background-media":"","overlay-type":"","overlay-color":"","overlay-opacity":"","overlay-gradient":""},"mobile":{"background-color":"var(--ast-global-color-5)","background-image":"","background-repeat":"repeat","background-position":"center center","background-size":"auto","background-attachment":"scroll","background-type":"","background-media":"","overlay-type":"","overlay-color":"","overlay-opacity":"","overlay-gradient":""}},"footnotes":""},"class_list":["post-61620","page","type-page","status-publish","hentry"],"yoast_head":"<!-- This site is optimized with the Yoast SEO plugin v25.3.1 - https:\/\/yoast.com\/wordpress\/plugins\/seo\/ -->\n<title>Dr. Jacob | Chirurgie plastic\u0103 Doctor | Centrul Clinic<\/title>\n<meta name=\"description\" content=\"Citi\u021bi mai multe despre expertul partener Dr. Jacob de la Clinic Center, cu peste 20 de ani de experien\u021b\u0103 \u00een chirurgia plastic\u0103.\" \/>\n<meta name=\"robots\" content=\"noindex, nofollow\" \/>\n<meta property=\"og:locale\" content=\"ro_RO\" \/>\n<meta property=\"og:type\" content=\"article\" \/>\n<meta property=\"og:title\" content=\"Dr. Jacob | Chirurgie plastic\u0103 Doctor | Centrul Clinic\" \/>\n<meta property=\"og:description\" content=\"Citi\u021bi mai multe despre expertul partener Dr. Jacob de la Clinic Center, cu peste 20 de ani de experien\u021b\u0103 \u00een chirurgia plastic\u0103.\" \/>\n<meta property=\"og:url\" content=\"https:\/\/cliniccenter.co.uk\/ro\/dr-jacob\/\" \/>\n<meta property=\"article:publisher\" content=\"https:\/\/www.facebook.com\/cliniccenter.co.uk\/\" \/>\n<meta property=\"article:modified_time\" content=\"2025-10-22T10:41:42+00:00\" \/>\n<meta property=\"og:image\" content=\"https:\/\/cliniccenter.co.uk\/wp-content\/uploads\/2023\/10\/dr.-jacob-dik-517x1024-2.jpg\" \/>\n<meta name=\"twitter:card\" content=\"summary_large_image\" \/>\n<meta name=\"twitter:site\" content=\"@cliniccenteruk\" \/>\n<meta name=\"twitter:label1\" content=\"Timp estimat pentru citire\" \/>\n\t<meta name=\"twitter:data1\" content=\"2 minute\" \/>\n<!-- \/ Yoast SEO plugin. -->","yoast_head_json":{"title":"Dr. Jacob | Chirurgie plastic\u0103 Doctor | Centrul Clinic","description":"Citi\u021bi mai multe despre expertul partener Dr. Jacob de la Clinic Center, cu peste 20 de ani de experien\u021b\u0103 \u00een chirurgia plastic\u0103.","robots":{"index":"noindex","follow":"nofollow"},"og_locale":"ro_RO","og_type":"article","og_title":"Dr. Jacob | Chirurgie plastic\u0103 Doctor | Centrul Clinic","og_description":"Citi\u021bi mai multe despre expertul partener Dr. Jacob de la Clinic Center, cu peste 20 de ani de experien\u021b\u0103 \u00een chirurgia plastic\u0103.","og_url":"https:\/\/cliniccenter.co.uk\/ro\/dr-jacob\/","article_publisher":"https:\/\/www.facebook.com\/cliniccenter.co.uk\/","article_modified_time":"2025-10-22T10:41:42+00:00","og_image":[{"url":"https:\/\/cliniccenter.co.uk\/wp-content\/uploads\/2023\/10\/dr.-jacob-dik-517x1024-2.jpg","type":"","width":"","height":""}],"twitter_card":"summary_large_image","twitter_site":"@cliniccenteruk","twitter_misc":{"Timp estimat pentru citire":"2 minute"},"schema":{"@context":"https:\/\/schema.org","@graph":[{"@type":"WebPage","@id":"https:\/\/cliniccenter.co.uk\/ro\/dr-jacob\/","url":"https:\/\/cliniccenter.co.uk\/ro\/dr-jacob\/","name":"Dr. Jacob | Chirurgie plastic\u0103 Doctor | Centrul Clinic","isPartOf":{"@id":"https:\/\/cliniccenter.co.uk\/ro\/#website"},"primaryImageOfPage":{"@id":"https:\/\/cliniccenter.co.uk\/ro\/dr-jacob\/#primaryimage"},"image":{"@id":"https:\/\/cliniccenter.co.uk\/ro\/dr-jacob\/#primaryimage"},"thumbnailUrl":"https:\/\/cliniccenter.co.uk\/wp-content\/uploads\/2023\/10\/dr.-jacob-dik-517x1024-2.jpg","datePublished":"2023-09-13T07:05:39+00:00","dateModified":"2025-10-22T10:41:42+00:00","description":"Citi\u021bi mai multe despre expertul partener Dr. Jacob de la Clinic Center, cu peste 20 de ani de experien\u021b\u0103 \u00een chirurgia plastic\u0103.","breadcrumb":{"@id":"https:\/\/cliniccenter.co.uk\/ro\/dr-jacob\/#breadcrumb"},"inLanguage":"ro-RO","potentialAction":[{"@type":"ReadAction","target":["https:\/\/cliniccenter.co.uk\/ro\/dr-jacob\/"]}]},{"@type":"ImageObject","inLanguage":"ro-RO","@id":"https:\/\/cliniccenter.co.uk\/ro\/dr-jacob\/#primaryimage","url":"https:\/\/cliniccenter.co.uk\/wp-content\/uploads\/2023\/10\/dr.-jacob-dik-517x1024-2.jpg","contentUrl":"https:\/\/cliniccenter.co.uk\/wp-content\/uploads\/2023\/10\/dr.-jacob-dik-517x1024-2.jpg"},{"@type":"BreadcrumbList","@id":"https:\/\/cliniccenter.co.uk\/ro\/dr-jacob\/#breadcrumb","itemListElement":[{"@type":"ListItem","position":1,"name":"Home","item":"https:\/\/cliniccenter.co.uk\/ro\/"},{"@type":"ListItem","position":2,"name":"Cei Mai Buni Chirurgi din Turcia | Cele Mai Bune Chirurgii din Turcia","item":"https:\/\/cliniccenter.co.uk\/ro\/doctors\/"},{"@type":"ListItem","position":3,"name":"Dr. Jacob | Chirurgie plastic\u0103 Doctor | Chirurgie plastic\u0103 Doctor"}]},{"@type":"WebSite","@id":"https:\/\/cliniccenter.co.uk\/ro\/#website","url":"https:\/\/cliniccenter.co.uk\/ro\/","name":"","description":"","potentialAction":[{"@type":"SearchAction","target":{"@type":"EntryPoint","urlTemplate":"https:\/\/cliniccenter.co.uk\/ro\/?s={search_term_string}"},"query-input":{"@type":"PropertyValueSpecification","valueRequired":true,"valueName":"search_term_string"}}],"inLanguage":"ro-RO"}]}},"uagb_featured_image_src":{"full":false,"thumbnail":false,"medium":false,"medium_large":false,"large":false,"1536x1536":false,"2048x2048":false},"uagb_author_info":{"display_name":"G\u00f6rkem G\u00fcng\u00f6r","author_link":"https:\/\/cliniccenter.co.uk\/ro\/blog\/author\/gorkem\/"},"uagb_comment_info":0,"uagb_excerpt":"Dr. Jacob a absolvit Facultatea de Medicin\u0103 a Universit\u0103\u021bii Tehnice Karadeniz \u00een 2003, dup\u0103 care \u0219i-a \u00eenceput c\u0103l\u0103toria \u00een chirurgia cardiovascular\u0103 prin efectuarea unui reziden\u021biat la renumitul Siyami Ersek Cardiovascular and Thoracic Surgery Centre din Istanbul \u00eentre 2004 \u0219i 2005. Cu toate acestea, interesul s\u0103u principal a fost pentru chirurgia plastic\u0103, reconstructiv\u0103 \u0219i estetic\u0103, ceea&hellip;","_links":{"self":[{"href":"https:\/\/cliniccenter.co.uk\/ro\/wp-json\/wp\/v2\/pages\/61620"}],"collection":[{"href":"https:\/\/cliniccenter.co.uk\/ro\/wp-json\/wp\/v2\/pages"}],"about":[{"href":"https:\/\/cliniccenter.co.uk\/ro\/wp-json\/wp\/v2\/types\/page"}],"author":[{"embeddable":true,"href":"https:\/\/cliniccenter.co.uk\/ro\/wp-json\/wp\/v2\/users\/15"}],"replies":[{"embeddable":true,"href":"https:\/\/cliniccenter.co.uk\/ro\/wp-json\/wp\/v2\/comments?post=61620"}],"version-history":[{"count":2,"href":"https:\/\/cliniccenter.co.uk\/ro\/wp-json\/wp\/v2\/pages\/61620\/revisions"}],"predecessor-version":[{"id":61629,"href":"https:\/\/cliniccenter.co.uk\/ro\/wp-json\/wp\/v2\/pages\/61620\/revisions\/61629"}],"up":[{"embeddable":true,"href":"https:\/\/cliniccenter.co.uk\/ro\/wp-json\/wp\/v2\/pages\/59660"}],"wp:attachment":[{"href":"https:\/\/cliniccenter.co.uk\/ro\/wp-json\/wp\/v2\/media?parent=61620"}],"curies":[{"name":"wp","href":"https:\/\/api.w.org\/{rel}","templated":true}]}}