{"id":15965,"date":"2021-09-01T07:51:00","date_gmt":"2021-09-01T07:51:00","guid":{"rendered":"https:\/\/cliniccenter.co.uk\/?page_id=15965"},"modified":"2026-03-18T14:29:19","modified_gmt":"2026-03-18T14:29:19","slug":"hakkinda","status":"publish","type":"page","link":"https:\/\/cliniccenter.co.uk\/tr\/hakkinda\/","title":{"rendered":"Hakk\u0131nda"},"content":{"rendered":"\n<div class=\"wp-block-columns is-layout-flex wp-container-core-columns-is-layout-1 wp-block-columns-is-layout-flex\">\n<div class=\"wp-block-column is-layout-flow wp-block-column-is-layout-flow\" style=\"flex-basis:66.66%\">\n<p>Sa\u00e7 ekimi, plastik cerrahi operasyonlar\u0131 ve kozmetik di\u015f tedavileri, T\u00fcrkiye\u2019de hepsi kendi alanlar\u0131nda uzman, en son teknoloji ve ileri cerrahi y\u00f6ntemleri kullanan uluslararas\u0131 akredite doktorlar taraf\u0131ndan modern, hatas\u0131z ve etkili bir \u015fekilde uygun \u00fccretler kar\u015f\u0131l\u0131\u011f\u0131nda ger\u00e7ekle\u015ftirilmektedir. Birle\u015fik Krall\u0131k, \u0130rlanda, Almanya, \u0130talya, Amerika Birle\u015fik Devletleri, Kanada, Avusturalya, Yeni Zelanda, Orta Do\u011fu, Afrika ve daha bir\u00e7ok \u00fclkeden gelen binlerce hasta Clinic Center deste\u011fiyle, Clinic Center\u2019in anla\u015fmal\u0131 profesyonelleri taraf\u0131ndan tedavi edilmi\u015ftir.<\/p>\n\n\n\n<p>Clinic Center ekibi, en sayg\u0131n ve kendi alanlar\u0131nda en ba\u015far\u0131l\u0131 cerrah ve uzmanlar\u0131 kendi b\u00fcnyesine katm\u0131\u015ft\u0131r. Clinic Center, anla\u015fmal\u0131 uzmanlar\u0131 taraf\u0131ndan ileri d\u00fczeyde geli\u015fmi\u015f hastanelerde en son teknoloji kullan\u0131larak ger\u00e7ekle\u015ftirilecek y\u00fcksek kaliteli servisleri uygun \u00fccretler kar\u015f\u0131l\u0131\u011f\u0131nda sa\u011flayarak, t\u00fcm hastalara ula\u015fabilecekleri en iyi sonucu garanti etmeyi kendine ama\u00e7 edinmi\u015ftir. T\u00fcm tedavi ve prosed\u00fcrler uluslararas\u0131 akredite hastanelerde ger\u00e7ekle\u015ftirilmektedir. Clinic Center ile anla\u015fmal\u0131 \u00e7al\u0131\u015fan doktorlar, hasta bak\u0131c\u0131lar, g\u00f6revliler, genel hastane \u015fartlar\u0131 ve kullan\u0131lan t\u00fcm ekipman, T\u00fcrkiye Sa\u011fl\u0131k Bakanl\u0131\u011f\u0131 ve uluslararas\u0131 t\u0131p kurulu\u015flar\u0131 taraf\u0131ndan denetlenmekte ve onaylanmaktad\u0131r.<\/p>\n\n\n\n<p>\u0130ngiltere \u00f6zel sa\u011fl\u0131k merkezlerinin en b\u00fcy\u00fck arama motoru olan WhatClinic.com taraf\u0131ndan \u201cEn \u0130yi Hasta Hizmeti\u201d ile \u00f6d\u00fcllendirilen Clinic Center Hasta Hizmetleri, hastalara en y\u00fcksek kalitede hizmet sa\u011flamak i\u00e7in 7\/24 \u00e7al\u0131\u015fmaktad\u0131r. Medikal seyahatler, kons\u00fcltasyondan ba\u015flayarak profesyonel Clinic Center ekibi taraf\u0131ndan takip edilmekte ve desteklenmektedir. Clinic Center ekibinin her bir \u00fcyesi insan ili\u015fkilerine \u00f6zen g\u00f6stererek hastalara her konuda destek vermeye haz\u0131rd\u0131r. T\u00fcrkiye\u2019de ger\u00e7ekle\u015ftirilen tedavi ve operasyonlardan sonra, Clinic Center ekibi hastalarla ileti\u015fimde kalarak, hastalar\u0131n tedavi sonras\u0131 geli\u015fimlerini yak\u0131ndan izlemektedir. Clinic Center\u2019in hasta \u00f6ncelikli ekibi, hastalar\u0131na en y\u00fcksek kalitede hizmet sa\u011flamak i\u00e7in y\u00fcksek \u00f6zveri ile \u00e7al\u0131\u015fmakta ve hastalar\u0131n hayallerindeki \u201cg\u00f6r\u00fcn\u00fc\u015fe\u201d&nbsp; ula\u015fmalar\u0131na yard\u0131m ederken, onlara kendilerini evlerinde hissetmeleri i\u00e7in gereken t\u00fcm olanaklar\u0131 sa\u011flamaya \u00f6zen g\u00f6stermektedir.<\/p>\n\n\n\n<p>Clinic Center bir Ada Medical Teknoloji ve Saglik Turizmi Anonim Sirketi kurulu\u015fudur.<\/p>\n<\/div>\n\n\n\n<div class=\"wp-block-column is-layout-flow wp-block-column-is-layout-flow\" style=\"flex-basis:33.33%\">\n<figure class=\"wp-block-image alignright size-full\"><a href=\"https:\/\/cliniccenter.co.uk\/wp-content\/uploads\/2023\/12\/clinic-center-image-1-1.webp\"><img decoding=\"async\" width=\"350\" height=\"411\" src=\"https:\/\/cliniccenter.co.uk\/wp-content\/uploads\/2023\/12\/clinic-center-image-1-1.webp\" alt=\"\" class=\"wp-image-48713 skip-lazy\" srcset=\"https:\/\/cliniccenter.co.uk\/wp-content\/uploads\/2023\/12\/clinic-center-image-1-1.webp 350w, https:\/\/cliniccenter.co.uk\/wp-content\/uploads\/2023\/12\/clinic-center-image-1-1-255x300.webp 255w\" sizes=\"(max-width: 350px) 100vw, 350px\" \/><\/a><\/figure>\n<\/div>\n<\/div>\n\n\n\n<div class=\"wp-block-columns is-layout-flex wp-container-core-columns-is-layout-2 wp-block-columns-is-layout-flex\">\n<div class=\"wp-block-column is-layout-flow wp-block-column-is-layout-flow\" style=\"flex-basis:25%\"><\/div>\n\n\n\n<div class=\"wp-block-column is-layout-flow wp-block-column-is-layout-flow\" style=\"flex-basis:50%\"><figure class=\"wp-block-embed is-type-video is-provider-youtube wp-block-embed-youtube wp-embed-aspect-16-9 wp-has-aspect-ratio\">\n<div class=\"wp-block-embed__wrapper\">\n<div class=\"ast-oembed-container \" style=\"height: 100%;\"><iframe title=\"Interview with CEO of Clinic Center I Dr. Alex George Visits Clinic Center I  Clinic Center Turkey\" width=\"500\" height=\"281\" src=\"https:\/\/www.youtube.com\/embed\/JX0EVNd37QM?feature=oembed\" frameborder=\"0\" allow=\"accelerometer; autoplay; clipboard-write; encrypted-media; gyroscope; picture-in-picture; web-share\" referrerpolicy=\"strict-origin-when-cross-origin\" allowfullscreen><\/iframe><\/div>\n<\/div>\n<\/figure>\n<\/div>\n\n\n\n<div class=\"wp-block-column is-layout-flow wp-block-column-is-layout-flow\" style=\"flex-basis:25%\"><\/div>\n<\/div>\n","protected":false},"excerpt":{"rendered":"<p>Sa\u00e7 ekimi, plastik cerrahi operasyonlar\u0131 ve kozmetik di\u015f tedavileri, T\u00fcrkiye\u2019de hepsi kendi alanlar\u0131nda uzman, en son teknoloji ve ileri cerrahi y\u00f6ntemleri kullanan uluslararas\u0131 akredite doktorlar taraf\u0131ndan modern, hatas\u0131z ve etkili bir \u015fekilde uygun \u00fccretler kar\u015f\u0131l\u0131\u011f\u0131nda ger\u00e7ekle\u015ftirilmektedir. Birle\u015fik Krall\u0131k, \u0130rlanda, Almanya, \u0130talya, Amerika Birle\u015fik Devletleri, Kanada, Avusturalya, Yeni Zelanda, Orta Do\u011fu, Afrika ve daha bir\u00e7ok \u00fclkeden [&hellip;]<\/p>\n","protected":false},"author":2,"featured_media":0,"parent":0,"menu_order":0,"comment_status":"closed","ping_status":"closed","template":"","meta":{"_uag_custom_page_level_css":"","_lmt_disableupdate":"no","_lmt_disable":"","site-sidebar-layout":"default","site-content-layout":"default","ast-site-content-layout":"default","site-content-style":"default","site-sidebar-style":"default","ast-global-header-display":"","ast-banner-title-visibility":"","ast-main-header-display":"","ast-hfb-above-header-display":"","ast-hfb-below-header-display":"","ast-hfb-mobile-header-display":"","site-post-title":"","ast-breadcrumbs-content":"","ast-featured-img":"","footer-sml-layout":"","theme-transparent-header-meta":"default","adv-header-id-meta":"","stick-header-meta":"","header-above-stick-meta":"","header-main-stick-meta":"","header-below-stick-meta":"","astra-migrate-meta-layouts":"set","ast-page-background-enabled":"default","ast-page-background-meta":{"desktop":{"background-color":"","background-image":"","background-repeat":"repeat","background-position":"center center","background-size":"auto","background-attachment":"scroll","background-type":"","background-media":"","overlay-type":"","overlay-color":"","overlay-opacity":"","overlay-gradient":""},"tablet":{"background-color":"","background-image":"","background-repeat":"repeat","background-position":"center center","background-size":"auto","background-attachment":"scroll","background-type":"","background-media":"","overlay-type":"","overlay-color":"","overlay-opacity":"","overlay-gradient":""},"mobile":{"background-color":"","background-image":"","background-repeat":"repeat","background-position":"center center","background-size":"auto","background-attachment":"scroll","background-type":"","background-media":"","overlay-type":"","overlay-color":"","overlay-opacity":"","overlay-gradient":""}},"ast-content-background-meta":{"desktop":{"background-color":"var(--ast-global-color-5)","background-image":"","background-repeat":"repeat","background-position":"center center","background-size":"auto","background-attachment":"scroll","background-type":"","background-media":"","overlay-type":"","overlay-color":"","overlay-opacity":"","overlay-gradient":""},"tablet":{"background-color":"var(--ast-global-color-5)","background-image":"","background-repeat":"repeat","background-position":"center center","background-size":"auto","background-attachment":"scroll","background-type":"","background-media":"","overlay-type":"","overlay-color":"","overlay-opacity":"","overlay-gradient":""},"mobile":{"background-color":"var(--ast-global-color-5)","background-image":"","background-repeat":"repeat","background-position":"center center","background-size":"auto","background-attachment":"scroll","background-type":"","background-media":"","overlay-type":"","overlay-color":"","overlay-opacity":"","overlay-gradient":""}},"footnotes":""},"class_list":["post-15965","page","type-page","status-publish","hentry"],"yoast_head":"<!-- This site is optimized with the Yoast SEO plugin v25.3.1 - https:\/\/yoast.com\/wordpress\/plugins\/seo\/ -->\n<title>Hakk\u0131nda<\/title>\n<meta name=\"description\" content=\"Clinic Center, plastik ve estetik cerrahi, sa\u00e7 ekimi ve dental tedavileri \u00e7ok ba\u015far\u0131l\u0131 sonu\u00e7larla ve her \u015fey dahil paketlerini uygun fiyatlarla sunar, hizmet kalitesi sayesinde, Clinic Center y\u00fcksek seviyede hasta memnuniyeti i\u00e7in say\u0131s\u0131z \u00f6d\u00fcl ald\u0131.\" \/>\n<meta name=\"robots\" content=\"index, follow, max-snippet:-1, max-image-preview:large, max-video-preview:-1\" \/>\n<link rel=\"canonical\" href=\"https:\/\/cliniccenter.co.uk\/tr\/hakkinda\/\" \/>\n<meta property=\"og:locale\" content=\"tr_TR\" \/>\n<meta property=\"og:type\" content=\"article\" \/>\n<meta property=\"og:title\" content=\"Hakk\u0131nda\" \/>\n<meta property=\"og:description\" content=\"Clinic Center, plastik ve estetik cerrahi, sa\u00e7 ekimi ve dental tedavileri \u00e7ok ba\u015far\u0131l\u0131 sonu\u00e7larla ve her \u015fey dahil paketlerini uygun fiyatlarla sunar, hizmet kalitesi sayesinde, Clinic Center y\u00fcksek seviyede hasta memnuniyeti i\u00e7in say\u0131s\u0131z \u00f6d\u00fcl ald\u0131.\" \/>\n<meta property=\"og:url\" content=\"https:\/\/cliniccenter.co.uk\/tr\/hakkinda\/\" \/>\n<meta property=\"article:publisher\" content=\"https:\/\/www.facebook.com\/cliniccenter.co.uk\/\" \/>\n<meta property=\"article:modified_time\" content=\"2026-03-18T14:29:19+00:00\" \/>\n<meta property=\"og:image\" content=\"https:\/\/cliniccenter.co.uk\/wp-content\/uploads\/2023\/12\/clinic-center-image-1-1.webp\" \/>\n\t<meta property=\"og:image:width\" content=\"350\" \/>\n\t<meta property=\"og:image:height\" content=\"411\" \/>\n\t<meta property=\"og:image:type\" content=\"image\/webp\" \/>\n<meta name=\"twitter:card\" content=\"summary_large_image\" \/>\n<meta name=\"twitter:site\" content=\"@cliniccenteruk\" \/>\n<meta name=\"twitter:label1\" content=\"Tahmini okuma s\u00fcresi\" \/>\n\t<meta name=\"twitter:data1\" content=\"2 dakika\" \/>\n<!-- \/ Yoast SEO plugin. -->","yoast_head_json":{"title":"Hakk\u0131nda","description":"Clinic Center, plastik ve estetik cerrahi, sa\u00e7 ekimi ve dental tedavileri \u00e7ok ba\u015far\u0131l\u0131 sonu\u00e7larla ve her \u015fey dahil paketlerini uygun fiyatlarla sunar, hizmet kalitesi sayesinde, Clinic Center y\u00fcksek seviyede hasta memnuniyeti i\u00e7in say\u0131s\u0131z \u00f6d\u00fcl ald\u0131.","robots":{"index":"index","follow":"follow","max-snippet":"max-snippet:-1","max-image-preview":"max-image-preview:large","max-video-preview":"max-video-preview:-1"},"canonical":"https:\/\/cliniccenter.co.uk\/tr\/hakkinda\/","og_locale":"tr_TR","og_type":"article","og_title":"Hakk\u0131nda","og_description":"Clinic Center, plastik ve estetik cerrahi, sa\u00e7 ekimi ve dental tedavileri \u00e7ok ba\u015far\u0131l\u0131 sonu\u00e7larla ve her \u015fey dahil paketlerini uygun fiyatlarla sunar, hizmet kalitesi sayesinde, Clinic Center y\u00fcksek seviyede hasta memnuniyeti i\u00e7in say\u0131s\u0131z \u00f6d\u00fcl ald\u0131.","og_url":"https:\/\/cliniccenter.co.uk\/tr\/hakkinda\/","article_publisher":"https:\/\/www.facebook.com\/cliniccenter.co.uk\/","article_modified_time":"2026-03-18T14:29:19+00:00","og_image":[{"width":350,"height":411,"url":"https:\/\/cliniccenter.co.uk\/wp-content\/uploads\/2023\/12\/clinic-center-image-1-1.webp","type":"image\/webp"}],"twitter_card":"summary_large_image","twitter_site":"@cliniccenteruk","twitter_misc":{"Tahmini okuma s\u00fcresi":"2 dakika"},"schema":{"@context":"https:\/\/schema.org","@graph":[{"@type":"WebPage","@id":"https:\/\/cliniccenter.co.uk\/tr\/hakkinda\/","url":"https:\/\/cliniccenter.co.uk\/tr\/hakkinda\/","name":"Hakk\u0131nda","isPartOf":{"@id":"https:\/\/cliniccenter.co.uk\/ro\/#website"},"primaryImageOfPage":{"@id":"https:\/\/cliniccenter.co.uk\/tr\/hakkinda\/#primaryimage"},"image":{"@id":"https:\/\/cliniccenter.co.uk\/tr\/hakkinda\/#primaryimage"},"thumbnailUrl":"https:\/\/cliniccenter.co.uk\/wp-content\/uploads\/2023\/12\/clinic-center-image-1-1.webp","datePublished":"2021-09-01T07:51:00+00:00","dateModified":"2026-03-18T14:29:19+00:00","description":"Clinic Center, plastik ve estetik cerrahi, sa\u00e7 ekimi ve dental tedavileri \u00e7ok ba\u015far\u0131l\u0131 sonu\u00e7larla ve her \u015fey dahil paketlerini uygun fiyatlarla sunar, hizmet kalitesi sayesinde, Clinic Center y\u00fcksek seviyede hasta memnuniyeti i\u00e7in say\u0131s\u0131z \u00f6d\u00fcl ald\u0131.","breadcrumb":{"@id":"https:\/\/cliniccenter.co.uk\/tr\/hakkinda\/#breadcrumb"},"inLanguage":"tr","potentialAction":[{"@type":"ReadAction","target":["https:\/\/cliniccenter.co.uk\/tr\/hakkinda\/"]}]},{"@type":"ImageObject","inLanguage":"tr","@id":"https:\/\/cliniccenter.co.uk\/tr\/hakkinda\/#primaryimage","url":"https:\/\/cliniccenter.co.uk\/wp-content\/uploads\/2023\/12\/clinic-center-image-1-1.webp","contentUrl":"https:\/\/cliniccenter.co.uk\/wp-content\/uploads\/2023\/12\/clinic-center-image-1-1.webp"},{"@type":"BreadcrumbList","@id":"https:\/\/cliniccenter.co.uk\/tr\/hakkinda\/#breadcrumb","itemListElement":[{"@type":"ListItem","position":1,"name":"Home","item":"https:\/\/cliniccenter.co.uk\/tr\/"},{"@type":"ListItem","position":2,"name":"Hakk\u0131nda"}]},{"@type":"WebSite","@id":"https:\/\/cliniccenter.co.uk\/ro\/#website","url":"https:\/\/cliniccenter.co.uk\/ro\/","name":"","description":"","potentialAction":[{"@type":"SearchAction","target":{"@type":"EntryPoint","urlTemplate":"https:\/\/cliniccenter.co.uk\/ro\/?s={search_term_string}"},"query-input":{"@type":"PropertyValueSpecification","valueRequired":true,"valueName":"search_term_string"}}],"inLanguage":"tr"}]}},"uagb_featured_image_src":{"full":false,"thumbnail":false,"medium":false,"medium_large":false,"large":false,"1536x1536":false,"2048x2048":false},"uagb_author_info":{"display_name":"Sertac Ceki","author_link":"https:\/\/cliniccenter.co.uk\/tr\/blog\/author\/sertaccliniccenter-co-uk\/"},"uagb_comment_info":0,"uagb_excerpt":"Sa\u00e7 ekimi, plastik cerrahi operasyonlar\u0131 ve kozmetik di\u015f tedavileri, T\u00fcrkiye\u2019de hepsi kendi alanlar\u0131nda uzman, en son teknoloji ve ileri cerrahi y\u00f6ntemleri kullanan uluslararas\u0131 akredite doktorlar taraf\u0131ndan modern, hatas\u0131z ve etkili bir \u015fekilde uygun \u00fccretler kar\u015f\u0131l\u0131\u011f\u0131nda ger\u00e7ekle\u015ftirilmektedir. Birle\u015fik Krall\u0131k, \u0130rlanda, Almanya, \u0130talya, Amerika Birle\u015fik Devletleri, Kanada, Avusturalya, Yeni Zelanda, Orta Do\u011fu, Afrika ve daha bir\u00e7ok \u00fclkeden&hellip;","_links":{"self":[{"href":"https:\/\/cliniccenter.co.uk\/tr\/wp-json\/wp\/v2\/pages\/15965"}],"collection":[{"href":"https:\/\/cliniccenter.co.uk\/tr\/wp-json\/wp\/v2\/pages"}],"about":[{"href":"https:\/\/cliniccenter.co.uk\/tr\/wp-json\/wp\/v2\/types\/page"}],"author":[{"embeddable":true,"href":"https:\/\/cliniccenter.co.uk\/tr\/wp-json\/wp\/v2\/users\/2"}],"replies":[{"embeddable":true,"href":"https:\/\/cliniccenter.co.uk\/tr\/wp-json\/wp\/v2\/comments?post=15965"}],"version-history":[{"count":10,"href":"https:\/\/cliniccenter.co.uk\/tr\/wp-json\/wp\/v2\/pages\/15965\/revisions"}],"predecessor-version":[{"id":79863,"href":"https:\/\/cliniccenter.co.uk\/tr\/wp-json\/wp\/v2\/pages\/15965\/revisions\/79863"}],"wp:attachment":[{"href":"https:\/\/cliniccenter.co.uk\/tr\/wp-json\/wp\/v2\/media?parent=15965"}],"curies":[{"name":"wp","href":"https:\/\/api.w.org\/{rel}","templated":true}]}}