{"id":15996,"date":"2021-09-01T09:58:55","date_gmt":"2021-09-01T09:58:55","guid":{"rendered":"https:\/\/cliniccenter.co.uk\/?page_id=15996"},"modified":"2024-04-05T12:16:01","modified_gmt":"2024-04-05T12:16:01","slug":"tedaviler","status":"publish","type":"page","link":"https:\/\/cliniccenter.co.uk\/tr\/tedaviler\/","title":{"rendered":"Tedaviler"},"content":{"rendered":"\n<div class=\"wp-block-columns is-layout-flex wp-container-core-columns-is-layout-1 wp-block-columns-is-layout-flex\">\n<div class=\"wp-block-column is-layout-flow wp-block-column-is-layout-flow\">\n<h2 class=\"wp-block-heading has-text-align-center\"><span class=\"ez-toc-section\" id=\"Sac_Ekimi\"><\/span>Sa\u00e7 Ekimi<span class=\"ez-toc-section-end\"><\/span><\/h2>\n\n\n\n<p class=\"has-text-align-center\">Sa\u00e7\u0131n\u0131z\u0131n g\u00f6r\u00fcn\u00fc\u015f\u00fcn\u00fc de\u011fi\u015ftirerek \u00f6zg\u00fcveninizi geri kazanmak ya da yaln\u0131zca sa\u00e7\u0131n\u0131z\u0131 eskisi gibi uzatmak m\u0131 istiyorsunuz? \u0130ste\u011finiz ne olursa olsun Clinic Center size uygun bir \u00e7\u00f6z\u00fcm \u00f6neriyor! Clinic Center, uluslararas\u0131 hastalara sundu\u011fu uygun fiyatlar\u0131yla T\u00fcrkiye\u2019deki en iyi ve en modern sa\u011fl\u0131k turizmi \u015firketlerinden biridir.<\/p>\n\n\n\n<figure class=\"wp-block-image size-full\"><img decoding=\"async\" width=\"600\" height=\"400\" src=\"https:\/\/cliniccenter.co.uk\/wp-content\/uploads\/2023\/11\/hair-transplant-1-3.webp\" alt=\"\" class=\"wp-image-46800\" srcset=\"https:\/\/cliniccenter.co.uk\/wp-content\/uploads\/2023\/11\/hair-transplant-1-3.webp 600w, https:\/\/cliniccenter.co.uk\/wp-content\/uploads\/2023\/11\/hair-transplant-1-3-300x200.webp 300w\" sizes=\"(max-width: 600px) 100vw, 600px\" \/><\/figure>\n\n\n\n<p class=\"has-text-align-center\"><center><div class=\"wp-block-button\"><a class=\"wp-block-button__link\" href=\"https:\/\/cliniccenter.co.uk\/tr\/sac-ekimi\/\" target=\"_blank\" rel=\"noopener\">Detaylar<\/a><\/div><\/center><\/p><div id=\"ez-toc-container\" class=\"ez-toc-v2_0_82_2 counter-hierarchy ez-toc-counter ez-toc-grey ez-toc-container-direction\">\n<div class=\"ez-toc-title-container\">\n<p class=\"ez-toc-title\" style=\"cursor:inherit\">Table of Contents<\/p>\n<span class=\"ez-toc-title-toggle\"><a href=\"#\" class=\"ez-toc-pull-right ez-toc-btn ez-toc-btn-xs ez-toc-btn-default ez-toc-toggle\" aria-label=\"\u0130\u00e7indekiler Tablosunu A\u00e7\/Kapat\"><span class=\"ez-toc-js-icon-con\"><span class=\"\"><span class=\"eztoc-hide\" style=\"display:none;\">Toggle<\/span><span class=\"ez-toc-icon-toggle-span\"><svg style=\"fill: #999;color:#999\" xmlns=\"http:\/\/www.w3.org\/2000\/svg\" class=\"list-377408\" width=\"20px\" height=\"20px\" viewBox=\"0 0 24 24\" fill=\"none\"><path d=\"M6 6H4v2h2V6zm14 0H8v2h12V6zM4 11h2v2H4v-2zm16 0H8v2h12v-2zM4 16h2v2H4v-2zm16 0H8v2h12v-2z\" fill=\"currentColor\"><\/path><\/svg><svg style=\"fill: #999;color:#999\" class=\"arrow-unsorted-368013\" xmlns=\"http:\/\/www.w3.org\/2000\/svg\" width=\"10px\" height=\"10px\" viewBox=\"0 0 24 24\" version=\"1.2\" baseProfile=\"tiny\"><path d=\"M18.2 9.3l-6.2-6.3-6.2 6.3c-.2.2-.3.4-.3.7s.1.5.3.7c.2.2.4.3.7.3h11c.3 0 .5-.1.7-.3.2-.2.3-.5.3-.7s-.1-.5-.3-.7zM5.8 14.7l6.2 6.3 6.2-6.3c.2-.2.3-.5.3-.7s-.1-.5-.3-.7c-.2-.2-.4-.3-.7-.3h-11c-.3 0-.5.1-.7.3-.2.2-.3.5-.3.7s.1.5.3.7z\"\/><\/svg><\/span><\/span><\/span><\/a><\/span><\/div>\n<nav><ul class='ez-toc-list ez-toc-list-level-1 ' ><li class='ez-toc-page-1 ez-toc-heading-level-2'><a class=\"ez-toc-link ez-toc-heading-1\" href=\"https:\/\/cliniccenter.co.uk\/tr\/tedaviler\/#Sac_Ekimi\" >Sa\u00e7 Ekimi<\/a><\/li><li class='ez-toc-page-1 ez-toc-heading-level-2'><a class=\"ez-toc-link ez-toc-heading-2\" href=\"https:\/\/cliniccenter.co.uk\/tr\/tedaviler\/#Plastik_Cerrahi\" >Plastik Cerrahi<\/a><\/li><li class='ez-toc-page-1 ez-toc-heading-level-2'><a class=\"ez-toc-link ez-toc-heading-3\" href=\"https:\/\/cliniccenter.co.uk\/tr\/tedaviler\/#Dis_Tedavileri\" >Di\u015f Tedavileri<\/a><\/li><\/ul><\/nav><\/div>\n\n<\/div>\n\n\n\n<div class=\"wp-block-column is-layout-flow wp-block-column-is-layout-flow\">\n<h2 class=\"wp-block-heading has-text-align-center\"><span class=\"ez-toc-section\" id=\"Plastik_Cerrahi\"><\/span>Plastik Cerrahi<span class=\"ez-toc-section-end\"><\/span><\/h2>\n\n\n\n<p class=\"has-text-align-center\">Meme b\u00fcy\u00fctme operasyonu, do\u011fum veya emzirmeden kaynaklanan g\u00f6\u011f\u00fcs sertli\u011finde ve formunda de\u011fi\u015fim, kilo kayb\u0131, ideal v\u00fccut proporsiyonunu etkileyen iki g\u00f6\u011f\u00fcs aras\u0131ndaki \u00f6l\u00e7\u00fc farkl\u0131l\u0131klar\u0131, geli\u015fmemi\u015f k\u00fc\u00e7\u00fck g\u00f6\u011f\u00fcsler ve bunlara benzer nedenlerle tercih edilen bir estetik operasyondur.<\/p>\n\n\n\n<figure class=\"wp-block-image size-full\"><img decoding=\"async\" width=\"600\" height=\"400\" src=\"https:\/\/cliniccenter.co.uk\/wp-content\/uploads\/2023\/11\/cosmetic-surgery-1.webp\" alt=\"\" class=\"wp-image-46807\" srcset=\"https:\/\/cliniccenter.co.uk\/wp-content\/uploads\/2023\/11\/cosmetic-surgery-1.webp 600w, https:\/\/cliniccenter.co.uk\/wp-content\/uploads\/2023\/11\/cosmetic-surgery-1-300x200.webp 300w\" sizes=\"(max-width: 600px) 100vw, 600px\" \/><\/figure>\n\n\n\n<p class=\"has-text-align-center\"><center><div class=\"wp-block-button\"><a class=\"wp-block-button__link\" href=\"https:\/\/cliniccenter.co.uk\/tr\/plastik-cerrahi\/\" target=\"_blank\" rel=\"noopener\">Detaylar<\/a><\/div><\/center><\/p>\n<\/div>\n<\/div>\n\n\n\n<div class=\"wp-block-columns is-layout-flex wp-container-core-columns-is-layout-2 wp-block-columns-is-layout-flex\">\n<div class=\"wp-block-column is-layout-flow wp-block-column-is-layout-flow\"><\/div>\n<\/div>\n\n\n\n<div class=\"wp-block-columns is-layout-flex wp-container-core-columns-is-layout-3 wp-block-columns-is-layout-flex\">\n<div class=\"wp-block-column is-layout-flow wp-block-column-is-layout-flow\">\n<h2 class=\"wp-block-heading has-text-align-center\"><span class=\"ez-toc-section\" id=\"Dis_Tedavileri\"><\/span>Di\u015f Tedavileri<span class=\"ez-toc-section-end\"><\/span><\/h2>\n\n\n\n<p class=\"has-text-align-center\">Eksik di\u015finizi tamamlayarak \u00e7i\u011fneme ve \u0131s\u0131rma sorunlar\u0131n\u0131z\u0131 \u00e7\u00f6zmek istiyor, ancak bunun i\u00e7in bir servet \u00f6demek istemiyor olabilirsiniz. Clinic Center, bu sorunu \u00e7\u00f6zmeniz i\u00e7in size dental implant tedavileri sa\u011flayarak hayat boyu kal\u0131c\u0131 bir \u00e7\u00f6z\u00fcm \u00f6neriyor.<\/p>\n\n\n\n<figure class=\"wp-block-image size-full\"><img decoding=\"async\" width=\"600\" height=\"400\" src=\"https:\/\/cliniccenter.co.uk\/wp-content\/uploads\/2019\/11\/dis_kucuk_banner-1.jpg\" alt=\"\" class=\"wp-image-20305\" srcset=\"https:\/\/cliniccenter.co.uk\/wp-content\/uploads\/2019\/11\/dis_kucuk_banner-1.jpg 600w, https:\/\/cliniccenter.co.uk\/wp-content\/uploads\/2019\/11\/dis_kucuk_banner-1-300x200.jpg 300w\" sizes=\"(max-width: 600px) 100vw, 600px\" \/><\/figure>\n\n\n\n<p class=\"has-text-align-center\"><center><div class=\"wp-block-button\"><a class=\"wp-block-button__link\" href=\"https:\/\/cliniccenter.co.uk\/tr\/dis-tedavileri\/\" target=\"_blank\" rel=\"noopener\">Detaylar<\/a><\/div><\/center><\/p>\n<\/div>\n\n\n\n<div class=\"wp-block-column is-layout-flow wp-block-column-is-layout-flow\"><\/div>\n<\/div>\n<\/p>","protected":false},"excerpt":{"rendered":"<p>Sa\u00e7 Ekimi Sa\u00e7\u0131n\u0131z\u0131n g\u00f6r\u00fcn\u00fc\u015f\u00fcn\u00fc de\u011fi\u015ftirerek \u00f6zg\u00fcveninizi geri kazanmak ya da yaln\u0131zca sa\u00e7\u0131n\u0131z\u0131 eskisi gibi uzatmak m\u0131 istiyorsunuz? \u0130ste\u011finiz ne olursa olsun Clinic Center size uygun bir \u00e7\u00f6z\u00fcm \u00f6neriyor! Clinic Center, uluslararas\u0131 hastalara sundu\u011fu uygun fiyatlar\u0131yla T\u00fcrkiye\u2019deki en iyi ve en modern sa\u011fl\u0131k turizmi \u015firketlerinden biridir. Detaylar Plastik Cerrahi Meme b\u00fcy\u00fctme operasyonu, do\u011fum veya emzirmeden kaynaklanan [&hellip;]<\/p>\n","protected":false},"author":2,"featured_media":0,"parent":0,"menu_order":0,"comment_status":"closed","ping_status":"closed","template":"","meta":{"_uag_custom_page_level_css":"","_lmt_disableupdate":"","_lmt_disable":"","site-sidebar-layout":"default","site-content-layout":"default","ast-site-content-layout":"default","site-content-style":"default","site-sidebar-style":"default","ast-global-header-display":"","ast-banner-title-visibility":"","ast-main-header-display":"","ast-hfb-above-header-display":"","ast-hfb-below-header-display":"","ast-hfb-mobile-header-display":"","site-post-title":"disabled","ast-breadcrumbs-content":"","ast-featured-img":"","footer-sml-layout":"","theme-transparent-header-meta":"default","adv-header-id-meta":"","stick-header-meta":"","header-above-stick-meta":"","header-main-stick-meta":"","header-below-stick-meta":"","astra-migrate-meta-layouts":"set","ast-page-background-enabled":"default","ast-page-background-meta":{"desktop":{"background-color":"","background-image":"","background-repeat":"repeat","background-position":"center center","background-size":"auto","background-attachment":"scroll","background-type":"","background-media":"","overlay-type":"","overlay-color":"","overlay-opacity":"","overlay-gradient":""},"tablet":{"background-color":"","background-image":"","background-repeat":"repeat","background-position":"center center","background-size":"auto","background-attachment":"scroll","background-type":"","background-media":"","overlay-type":"","overlay-color":"","overlay-opacity":"","overlay-gradient":""},"mobile":{"background-color":"","background-image":"","background-repeat":"repeat","background-position":"center center","background-size":"auto","background-attachment":"scroll","background-type":"","background-media":"","overlay-type":"","overlay-color":"","overlay-opacity":"","overlay-gradient":""}},"ast-content-background-meta":{"desktop":{"background-color":"var(--ast-global-color-5)","background-image":"","background-repeat":"repeat","background-position":"center center","background-size":"auto","background-attachment":"scroll","background-type":"","background-media":"","overlay-type":"","overlay-color":"","overlay-opacity":"","overlay-gradient":""},"tablet":{"background-color":"var(--ast-global-color-5)","background-image":"","background-repeat":"repeat","background-position":"center center","background-size":"auto","background-attachment":"scroll","background-type":"","background-media":"","overlay-type":"","overlay-color":"","overlay-opacity":"","overlay-gradient":""},"mobile":{"background-color":"var(--ast-global-color-5)","background-image":"","background-repeat":"repeat","background-position":"center center","background-size":"auto","background-attachment":"scroll","background-type":"","background-media":"","overlay-type":"","overlay-color":"","overlay-opacity":"","overlay-gradient":""}},"footnotes":""},"class_list":["post-15996","page","type-page","status-publish","hentry"],"yoast_head":"<!-- This site is optimized with the Yoast SEO plugin v25.3.1 - https:\/\/yoast.com\/wordpress\/plugins\/seo\/ -->\n<title>Tedaviler -<\/title>\n<meta name=\"robots\" content=\"index, follow, max-snippet:-1, max-image-preview:large, max-video-preview:-1\" \/>\n<link rel=\"canonical\" href=\"https:\/\/cliniccenter.co.uk\/tr\/tedaviler\/\" \/>\n<meta property=\"og:locale\" content=\"tr_TR\" \/>\n<meta property=\"og:type\" content=\"article\" \/>\n<meta property=\"og:title\" content=\"Tedaviler -\" \/>\n<meta property=\"og:description\" content=\"Sa\u00e7 Ekimi Sa\u00e7\u0131n\u0131z\u0131n g\u00f6r\u00fcn\u00fc\u015f\u00fcn\u00fc de\u011fi\u015ftirerek \u00f6zg\u00fcveninizi geri kazanmak ya da yaln\u0131zca sa\u00e7\u0131n\u0131z\u0131 eskisi gibi uzatmak m\u0131 istiyorsunuz? \u0130ste\u011finiz ne olursa olsun Clinic Center size uygun bir \u00e7\u00f6z\u00fcm \u00f6neriyor! Clinic Center, uluslararas\u0131 hastalara sundu\u011fu uygun fiyatlar\u0131yla T\u00fcrkiye\u2019deki en iyi ve en modern sa\u011fl\u0131k turizmi \u015firketlerinden biridir. Detaylar Plastik Cerrahi Meme b\u00fcy\u00fctme operasyonu, do\u011fum veya emzirmeden kaynaklanan [&hellip;]\" \/>\n<meta property=\"og:url\" content=\"https:\/\/cliniccenter.co.uk\/tr\/tedaviler\/\" \/>\n<meta property=\"article:publisher\" content=\"https:\/\/www.facebook.com\/cliniccenter.co.uk\/\" \/>\n<meta property=\"article:modified_time\" content=\"2024-04-05T12:16:01+00:00\" \/>\n<meta property=\"og:image\" content=\"https:\/\/cliniccenter.co.uk\/wp-content\/uploads\/2023\/11\/hair-transplant-1-3.webp\" \/>\n<meta name=\"twitter:card\" content=\"summary_large_image\" \/>\n<meta name=\"twitter:site\" content=\"@cliniccenteruk\" \/>\n<meta name=\"twitter:label1\" content=\"Tahmini okuma s\u00fcresi\" \/>\n\t<meta name=\"twitter:data1\" content=\"2 dakika\" \/>\n<!-- \/ Yoast SEO plugin. -->","yoast_head_json":{"title":"Tedaviler -","robots":{"index":"index","follow":"follow","max-snippet":"max-snippet:-1","max-image-preview":"max-image-preview:large","max-video-preview":"max-video-preview:-1"},"canonical":"https:\/\/cliniccenter.co.uk\/tr\/tedaviler\/","og_locale":"tr_TR","og_type":"article","og_title":"Tedaviler -","og_description":"Sa\u00e7 Ekimi Sa\u00e7\u0131n\u0131z\u0131n g\u00f6r\u00fcn\u00fc\u015f\u00fcn\u00fc de\u011fi\u015ftirerek \u00f6zg\u00fcveninizi geri kazanmak ya da yaln\u0131zca sa\u00e7\u0131n\u0131z\u0131 eskisi gibi uzatmak m\u0131 istiyorsunuz? \u0130ste\u011finiz ne olursa olsun Clinic Center size uygun bir \u00e7\u00f6z\u00fcm \u00f6neriyor! Clinic Center, uluslararas\u0131 hastalara sundu\u011fu uygun fiyatlar\u0131yla T\u00fcrkiye\u2019deki en iyi ve en modern sa\u011fl\u0131k turizmi \u015firketlerinden biridir. Detaylar Plastik Cerrahi Meme b\u00fcy\u00fctme operasyonu, do\u011fum veya emzirmeden kaynaklanan [&hellip;]","og_url":"https:\/\/cliniccenter.co.uk\/tr\/tedaviler\/","article_publisher":"https:\/\/www.facebook.com\/cliniccenter.co.uk\/","article_modified_time":"2024-04-05T12:16:01+00:00","og_image":[{"url":"https:\/\/cliniccenter.co.uk\/wp-content\/uploads\/2023\/11\/hair-transplant-1-3.webp","type":"","width":"","height":""}],"twitter_card":"summary_large_image","twitter_site":"@cliniccenteruk","twitter_misc":{"Tahmini okuma s\u00fcresi":"2 dakika"},"schema":{"@context":"https:\/\/schema.org","@graph":[{"@type":"WebPage","@id":"https:\/\/cliniccenter.co.uk\/tr\/tedaviler\/","url":"https:\/\/cliniccenter.co.uk\/tr\/tedaviler\/","name":"Tedaviler -","isPartOf":{"@id":"https:\/\/cliniccenter.co.uk\/ro\/#website"},"primaryImageOfPage":{"@id":"https:\/\/cliniccenter.co.uk\/tr\/tedaviler\/#primaryimage"},"image":{"@id":"https:\/\/cliniccenter.co.uk\/tr\/tedaviler\/#primaryimage"},"thumbnailUrl":"https:\/\/cliniccenter.co.uk\/wp-content\/uploads\/2023\/11\/hair-transplant-1-3.webp","datePublished":"2021-09-01T09:58:55+00:00","dateModified":"2024-04-05T12:16:01+00:00","breadcrumb":{"@id":"https:\/\/cliniccenter.co.uk\/tr\/tedaviler\/#breadcrumb"},"inLanguage":"tr","potentialAction":[{"@type":"ReadAction","target":["https:\/\/cliniccenter.co.uk\/tr\/tedaviler\/"]}]},{"@type":"ImageObject","inLanguage":"tr","@id":"https:\/\/cliniccenter.co.uk\/tr\/tedaviler\/#primaryimage","url":"https:\/\/cliniccenter.co.uk\/wp-content\/uploads\/2023\/11\/hair-transplant-1-3.webp","contentUrl":"https:\/\/cliniccenter.co.uk\/wp-content\/uploads\/2023\/11\/hair-transplant-1-3.webp"},{"@type":"BreadcrumbList","@id":"https:\/\/cliniccenter.co.uk\/tr\/tedaviler\/#breadcrumb","itemListElement":[{"@type":"ListItem","position":1,"name":"Home","item":"https:\/\/cliniccenter.co.uk\/tr\/"},{"@type":"ListItem","position":2,"name":"Tedaviler"}]},{"@type":"WebSite","@id":"https:\/\/cliniccenter.co.uk\/ro\/#website","url":"https:\/\/cliniccenter.co.uk\/ro\/","name":"","description":"","potentialAction":[{"@type":"SearchAction","target":{"@type":"EntryPoint","urlTemplate":"https:\/\/cliniccenter.co.uk\/ro\/?s={search_term_string}"},"query-input":{"@type":"PropertyValueSpecification","valueRequired":true,"valueName":"search_term_string"}}],"inLanguage":"tr"}]}},"uagb_featured_image_src":{"full":false,"thumbnail":false,"medium":false,"medium_large":false,"large":false,"1536x1536":false,"2048x2048":false},"uagb_author_info":{"display_name":"Sertac Ceki","author_link":"https:\/\/cliniccenter.co.uk\/tr\/blog\/author\/sertaccliniccenter-co-uk\/"},"uagb_comment_info":0,"uagb_excerpt":"Sa\u00e7 Ekimi Sa\u00e7\u0131n\u0131z\u0131n g\u00f6r\u00fcn\u00fc\u015f\u00fcn\u00fc de\u011fi\u015ftirerek \u00f6zg\u00fcveninizi geri kazanmak ya da yaln\u0131zca sa\u00e7\u0131n\u0131z\u0131 eskisi gibi uzatmak m\u0131 istiyorsunuz? \u0130ste\u011finiz ne olursa olsun Clinic Center size uygun bir \u00e7\u00f6z\u00fcm \u00f6neriyor! Clinic Center, uluslararas\u0131 hastalara sundu\u011fu uygun fiyatlar\u0131yla T\u00fcrkiye\u2019deki en iyi ve en modern sa\u011fl\u0131k turizmi \u015firketlerinden biridir. Detaylar Plastik Cerrahi Meme b\u00fcy\u00fctme operasyonu, do\u011fum veya emzirmeden kaynaklanan&hellip;","_links":{"self":[{"href":"https:\/\/cliniccenter.co.uk\/tr\/wp-json\/wp\/v2\/pages\/15996"}],"collection":[{"href":"https:\/\/cliniccenter.co.uk\/tr\/wp-json\/wp\/v2\/pages"}],"about":[{"href":"https:\/\/cliniccenter.co.uk\/tr\/wp-json\/wp\/v2\/types\/page"}],"author":[{"embeddable":true,"href":"https:\/\/cliniccenter.co.uk\/tr\/wp-json\/wp\/v2\/users\/2"}],"replies":[{"embeddable":true,"href":"https:\/\/cliniccenter.co.uk\/tr\/wp-json\/wp\/v2\/comments?post=15996"}],"version-history":[{"count":2,"href":"https:\/\/cliniccenter.co.uk\/tr\/wp-json\/wp\/v2\/pages\/15996\/revisions"}],"predecessor-version":[{"id":51235,"href":"https:\/\/cliniccenter.co.uk\/tr\/wp-json\/wp\/v2\/pages\/15996\/revisions\/51235"}],"wp:attachment":[{"href":"https:\/\/cliniccenter.co.uk\/tr\/wp-json\/wp\/v2\/media?parent=15996"}],"curies":[{"name":"wp","href":"https:\/\/api.w.org\/{rel}","templated":true}]}}