{"id":16011,"date":"2021-09-01T11:00:33","date_gmt":"2021-09-01T11:00:33","guid":{"rendered":"https:\/\/cliniccenter.co.uk\/?page_id=16011"},"modified":"2023-12-12T13:51:05","modified_gmt":"2023-12-12T13:51:05","slug":"sac-ekimi","status":"publish","type":"page","link":"https:\/\/cliniccenter.co.uk\/tr\/sac-ekimi\/","title":{"rendered":"Sa\u00e7 Ekimi"},"content":{"rendered":"\n<h1 class=\"wp-block-heading entry-title\">Sa\u00e7 Ekimi Tedavileri<\/h1>\n\n\n\n<div class=\"wp-block-columns is-layout-flex wp-container-core-columns-is-layout-1 wp-block-columns-is-layout-flex\">\n<div class=\"wp-block-column is-layout-flow wp-block-column-is-layout-flow\">\n<figure class=\"wp-block-image size-large is-style-default skip-lazy\"><img decoding=\"async\" src=\"https:\/\/cliniccenter.co.uk\/wp-content\/uploads\/2023\/11\/hair-transplant-1-2.webp\" alt=\"\" class=\"wp-image-24327  skip-lazy\"\/><\/figure>\n\n\n\n<h2 class=\"wp-block-heading has-text-align-center\"><span class=\"ez-toc-section\" id=\"Turkiyede_Sac_Ekimi\"><\/span>T\u00fcrkiye\u2019de Sa\u00e7 Ekimi<span class=\"ez-toc-section-end\"><\/span><\/h2>\n\n\n\n<p class=\"has-text-align-center\">Sa\u00e7\u0131n\u0131z\u0131n g\u00f6r\u00fcn\u00fc\u015f\u00fcn\u00fc de\u011fi\u015ftirerek \u00f6zg\u00fcveninizi geri kazanmak ya da yaln\u0131zca sa\u00e7\u0131n\u0131z\u0131 eskisi gibi uzatmak m\u0131 istiyorsunuz? \u0130ste\u011finiz ne olursa olsun Clinic Center\u2026<\/p>\n\n\n\n<div class=\"wp-block-button has-text-align-center\"><a class=\"wp-block-button__link\" href=\"https:\/\/cliniccenter.co.uk\/tr\/turkiyede-sac-ekimi\/\">Detaylar<\/a><br><br><\/div>\n<\/div>\n\n\n\n<div class=\"wp-block-column is-layout-flow wp-block-column-is-layout-flow\">\n<figure class=\"wp-block-image size-large skip-lazy\"><img decoding=\"async\" src=\"https:\/\/cliniccenter.co.uk\/wp-content\/uploads\/2023\/11\/beard-transplant-1.webp\" alt=\"\" class=\"wp-image-24333\"\/><\/figure>\n\n\n\n<h2 class=\"wp-block-heading has-text-align-center\"><span class=\"ez-toc-section\" id=\"Turkiyede_Sakal_Ekimi\"><\/span>T\u00fcrkiye\u2019de Sakal Ekimi<span class=\"ez-toc-section-end\"><\/span><\/h2>\n\n\n\n<p class=\"has-text-align-center\">Sakal, erkekler i\u00e7in \u00f6zg\u00fcven ve g\u00f6r\u00fcn\u00fc\u015f a\u00e7\u0131s\u0131ndan b\u00fcy\u00fck \u00f6nem ta\u015f\u0131r, ancak bazen y\u00fczdeki k\u0131llar hayal edildi\u011fi kadar yo\u011fun ve d\u00fczg\u00fcn uzat\u0131lamaz. Clinic Center,\u2026<\/p><div id=\"ez-toc-container\" class=\"ez-toc-v2_0_80 counter-hierarchy ez-toc-counter ez-toc-grey ez-toc-container-direction\">\n<div class=\"ez-toc-title-container\">\n<p class=\"ez-toc-title\" style=\"cursor:inherit\">Table of Contents<\/p>\n<span class=\"ez-toc-title-toggle\"><a href=\"#\" class=\"ez-toc-pull-right ez-toc-btn ez-toc-btn-xs ez-toc-btn-default ez-toc-toggle\" aria-label=\"\u0130\u00e7indekiler Tablosunu A\u00e7\/Kapat\"><span class=\"ez-toc-js-icon-con\"><span class=\"\"><span class=\"eztoc-hide\" style=\"display:none;\">Toggle<\/span><span class=\"ez-toc-icon-toggle-span\"><svg style=\"fill: #999;color:#999\" xmlns=\"http:\/\/www.w3.org\/2000\/svg\" class=\"list-377408\" width=\"20px\" height=\"20px\" viewBox=\"0 0 24 24\" fill=\"none\"><path d=\"M6 6H4v2h2V6zm14 0H8v2h12V6zM4 11h2v2H4v-2zm16 0H8v2h12v-2zM4 16h2v2H4v-2zm16 0H8v2h12v-2z\" fill=\"currentColor\"><\/path><\/svg><svg style=\"fill: #999;color:#999\" class=\"arrow-unsorted-368013\" xmlns=\"http:\/\/www.w3.org\/2000\/svg\" width=\"10px\" height=\"10px\" viewBox=\"0 0 24 24\" version=\"1.2\" baseProfile=\"tiny\"><path d=\"M18.2 9.3l-6.2-6.3-6.2 6.3c-.2.2-.3.4-.3.7s.1.5.3.7c.2.2.4.3.7.3h11c.3 0 .5-.1.7-.3.2-.2.3-.5.3-.7s-.1-.5-.3-.7zM5.8 14.7l6.2 6.3 6.2-6.3c.2-.2.3-.5.3-.7s-.1-.5-.3-.7c-.2-.2-.4-.3-.7-.3h-11c-.3 0-.5.1-.7.3-.2.2-.3.5-.3.7s.1.5.3.7z\"\/><\/svg><\/span><\/span><\/span><\/a><\/span><\/div>\n<nav><ul class='ez-toc-list ez-toc-list-level-1 ' ><li class='ez-toc-page-1 ez-toc-heading-level-2'><a class=\"ez-toc-link ez-toc-heading-1\" href=\"https:\/\/cliniccenter.co.uk\/tr\/sac-ekimi\/#Turkiyede_Sac_Ekimi\" >T\u00fcrkiye\u2019de Sa\u00e7 Ekimi<\/a><\/li><li class='ez-toc-page-1 ez-toc-heading-level-2'><a class=\"ez-toc-link ez-toc-heading-2\" href=\"https:\/\/cliniccenter.co.uk\/tr\/sac-ekimi\/#Turkiyede_Sakal_Ekimi\" >T\u00fcrkiye\u2019de Sakal Ekimi<\/a><\/li><li class='ez-toc-page-1 ez-toc-heading-level-2'><a class=\"ez-toc-link ez-toc-heading-3\" href=\"https:\/\/cliniccenter.co.uk\/tr\/sac-ekimi\/#Turkiyede_Kadinlarda_Sac_Ekimi\" >T\u00fcrkiye\u2019de Kad\u0131nlarda Sa\u00e7 Ekimi<\/a><\/li><li class='ez-toc-page-1 ez-toc-heading-level-2'><a class=\"ez-toc-link ez-toc-heading-4\" href=\"https:\/\/cliniccenter.co.uk\/tr\/sac-ekimi\/#FUE_Sac_Ekimi\" >FUE Sa\u00e7 Ekimi<\/a><\/li><li class='ez-toc-page-1 ez-toc-heading-level-2'><a class=\"ez-toc-link ez-toc-heading-5\" href=\"https:\/\/cliniccenter.co.uk\/tr\/sac-ekimi\/#Oncesi_ve_Sonrasi_Talimatlari\" >\u00d6ncesi ve Sonras\u0131 Talimatlar\u0131<\/a><\/li><li class='ez-toc-page-1 ez-toc-heading-level-2'><a class=\"ez-toc-link ez-toc-heading-6\" href=\"https:\/\/cliniccenter.co.uk\/tr\/sac-ekimi\/#Turkiyede_Sac_Ekimi_Fiyatlari\" >T\u00fcrkiye\u2019de Sa\u00e7 Ekimi Fiyatlar\u0131<\/a><\/li><li class='ez-toc-page-1 ez-toc-heading-level-2'><a class=\"ez-toc-link ez-toc-heading-7\" href=\"https:\/\/cliniccenter.co.uk\/tr\/sac-ekimi\/#Norwood_Olcegi\" >Norwood \u00d6l\u00e7e\u011fi<\/a><\/li><li class='ez-toc-page-1 ez-toc-heading-level-2'><a class=\"ez-toc-link ez-toc-heading-8\" href=\"https:\/\/cliniccenter.co.uk\/tr\/sac-ekimi\/#FAQ\" >FAQ<\/a><\/li><\/ul><\/nav><\/div>\n\n\n\n\n<div class=\"wp-block-button has-text-align-center\"><a class=\"wp-block-button__link\" href=\"https:\/\/cliniccenter.co.uk\/tr\/turkiyede-sakal-ekimi\/\">Detaylar<\/a><br><br><\/div>\n<\/div>\n<\/div>\n\n\n\n<div class=\"wp-block-columns is-layout-flex wp-container-core-columns-is-layout-2 wp-block-columns-is-layout-flex\">\n<div class=\"wp-block-column is-layout-flow wp-block-column-is-layout-flow\">\n<figure class=\"wp-block-image size-large skip-lazy\"><img decoding=\"async\" src=\"https:\/\/cliniccenter.co.uk\/wp-content\/uploads\/2023\/11\/women-hair-transplant.webp\" alt=\"\" class=\"wp-image-24346\"\/><\/figure>\n\n\n\n<h2 class=\"wp-block-heading has-text-align-center\"><span class=\"ez-toc-section\" id=\"Turkiyede_Kadinlarda_Sac_Ekimi\"><\/span>T\u00fcrkiye\u2019de Kad\u0131nlarda Sa\u00e7 Ekimi<span class=\"ez-toc-section-end\"><\/span><\/h2>\n\n\n\n<p class=\"has-text-align-center\">Sa\u00e7\u0131n\u0131z\u0131n g\u00f6r\u00fcn\u00fc\u015f\u00fcn\u00fc de\u011fi\u015ftirerek \u00f6zg\u00fcveninizi geri kazanmak ya da yaln\u0131zca sa\u00e7\u0131n\u0131z\u0131 eskisi gibi uzatmak m\u0131 istiyorsunuz? \u0130ste\u011finiz ne olursa olsun Clinic Center\u2026<\/p>\n\n\n\n<div class=\"wp-block-button has-text-align-center\"><a class=\"wp-block-button__link\" href=\"https:\/\/cliniccenter.co.uk\/tr\/turkiyede-kadinlarda-sac-ekimi\/\">Detaylar<\/a><br><br><\/div>\n<\/div>\n\n\n\n<div class=\"wp-block-column is-layout-flow wp-block-column-is-layout-flow\">\n<figure class=\"wp-block-image size-large skip-lazy\"><img decoding=\"async\" src=\"https:\/\/cliniccenter.co.uk\/wp-content\/uploads\/2023\/11\/fue-hair-transplant.webp\" alt=\"\" class=\"wp-image-24340\"\/><\/figure>\n\n\n\n<h2 class=\"wp-block-heading has-text-align-center\"><span class=\"ez-toc-section\" id=\"FUE_Sac_Ekimi\"><\/span>FUE Sa\u00e7 Ekimi<span class=\"ez-toc-section-end\"><\/span><\/h2>\n\n\n\n<p class=\"has-text-align-center\">T\u00fcrkiye\u2019de FUE y\u00f6ntemiyle sa\u00e7 ekimi en geli\u015fmi\u015f sa\u00e7 ekimi opsiyonudur. Sa\u00e7 k\u00f6kleri, sa\u00e7 telleriyle birlikte enseden ya da yanlardan\u2026<\/p>\n\n\n\n<div class=\"wp-block-button has-text-align-center\"><a class=\"wp-block-button__link\" href=\"https:\/\/cliniccenter.co.uk\/tr\/fue-yontemi-ile-sac-ekimi\/\">Detaylar<\/a><br><br><\/div>\n<\/div>\n<\/div>\n\n\n\n<div class=\"wp-block-columns is-layout-flex wp-container-core-columns-is-layout-3 wp-block-columns-is-layout-flex\">\n<div class=\"wp-block-column is-layout-flow wp-block-column-is-layout-flow\">\n<figure class=\"wp-block-image size-large skip-lazy\"><img decoding=\"async\" src=\"https:\/\/cliniccenter.co.uk\/wp-content\/uploads\/2023\/11\/what-to-do-before-and-after-hair-transplant.webp\" alt=\"\" class=\"wp-image-24358\"\/><\/figure>\n\n\n\n<h2 class=\"wp-block-heading has-text-align-center\"><span class=\"ez-toc-section\" id=\"Oncesi_ve_Sonrasi_Talimatlari\"><\/span>\u00d6ncesi ve Sonras\u0131 Talimatlar\u0131<span class=\"ez-toc-section-end\"><\/span><\/h2>\n\n\n\n<p class=\"has-text-align-center\">A\u015fa\u011f\u0131da sa\u00e7 ekimi operasyonu \u00f6ncesi ve sonras\u0131 uygulanmas\u0131 gereken genel talimatlar bulunmaktad\u0131r. Clinic Center, bu talimatlar\u0131n kesinli\u011fi hakk\u0131nda hi\u00e7bir sorumluluk kabul etmemektedir\u2026<\/p>\n\n\n\n<div class=\"wp-block-button has-text-align-center\"><a class=\"wp-block-button__link\" href=\"https:\/\/cliniccenter.co.uk\/tr\/turkiyede-sac-ekimi\/\">Detaylar<\/a><br><br><\/div>\n<\/div>\n\n\n\n<div class=\"wp-block-column is-layout-flow wp-block-column-is-layout-flow\">\n<figure class=\"wp-block-image size-large is-style-default skip-lazy\"><img decoding=\"async\" src=\"https:\/\/cliniccenter.co.uk\/wp-content\/uploads\/2023\/11\/all-inclusive-sign-1.webp\" alt=\"\" class=\"wp-image-10218\"\/><\/figure>\n\n\n\n<h2 class=\"wp-block-heading has-text-align-center\"><span class=\"ez-toc-section\" id=\"Turkiyede_Sac_Ekimi_Fiyatlari\"><\/span>T\u00fcrkiye\u2019de Sa\u00e7 Ekimi Fiyatlar\u0131<span class=\"ez-toc-section-end\"><\/span><\/h2>\n\n\n\n<p class=\"has-text-align-center\">Tecr\u00fcbeli sa\u011fl\u0131k ekipleri, her y\u0131l ger\u00e7ekle\u015ftirilen y\u00fcksek say\u0131da operasyonlar\u0131, ba\u015far\u0131l\u0131 sonu\u00e7lar\u0131, uygun fiyatlar\u0131 ve devlet taraf\u0131ndan medikal turizm i\u00e7in sa\u011flanan te\u015fvikler sayesinde T\u00fcrkiye\u2026<\/p>\n\n\n\n<div class=\"wp-block-button has-text-align-center\"><a class=\"wp-block-button__link\" href=\"https:\/\/cliniccenter.co.uk\/tr\/turkiyede-sac-ekimi\/\">Detaylar<\/a><br><br><\/div>\n<\/div>\n<\/div>\n\n\n\n<div class=\"wp-block-columns is-layout-flex wp-container-core-columns-is-layout-4 wp-block-columns-is-layout-flex\">\n<div class=\"wp-block-column is-layout-flow wp-block-column-is-layout-flow\">\n<figure class=\"wp-block-image size-large skip-lazy\"><img decoding=\"async\" src=\"https:\/\/cliniccenter.co.uk\/wp-content\/uploads\/2023\/11\/norwood-scale.webp\" alt=\"\" class=\"wp-image-24364\"\/><\/figure>\n\n\n\n<h2 class=\"wp-block-heading has-text-align-center\"><span class=\"ez-toc-section\" id=\"Norwood_Olcegi\"><\/span>Norwood \u00d6l\u00e7e\u011fi<span class=\"ez-toc-section-end\"><\/span><\/h2>\n\n\n\n<p class=\"has-text-align-center\">1950li y\u0131llarda Dr. James Hamilton \u00f6l\u00e7e\u011fin ilk halini ortaya \u00e7\u0131kard\u0131 ve daha sonra 1970li y\u0131llarda Dr. O\u2019Tar Norwood \u00f6l\u00e7e\u011fi g\u00fcncelledi. O zamandan beri\u2026<\/p>\n\n\n\n<div class=\"wp-block-button has-text-align-center\"><a class=\"wp-block-button__link\" href=\"https:\/\/cliniccenter.co.uk\/tr\/norwood-olcegi\/\">Detaylar<\/a><br><br><\/div>\n<\/div>\n\n\n\n<div class=\"wp-block-column is-layout-flow wp-block-column-is-layout-flow\">\n<figure class=\"wp-block-image size-large is-style-default skip-lazy\"><img decoding=\"async\" src=\"https:\/\/cliniccenter.co.uk\/wp-content\/uploads\/2023\/11\/FAQ-cosmeticsurgery-hairtransplant-1.webp\" alt=\"\" class=\"wp-image-10219\"\/><\/figure>\n\n\n\n<h2 class=\"wp-block-heading has-text-align-center\"><span class=\"ez-toc-section\" id=\"FAQ\"><\/span>FAQ<span class=\"ez-toc-section-end\"><\/span><\/h2>\n\n\n\n<p class=\"has-text-align-center\">Herhangi bir ciddi kronik hastal\u0131\u011f\u0131, kal ve damar hastal\u0131klar\u0131, kontrol edilemeyen \u015feker hastal\u0131\u011f\u0131, b\u00f6brek hastal\u0131klar\u0131, hemofili gibi kanama ve p\u0131ht\u0131la\u015fma hastal\u0131klar\u0131 olmayan,\u2026<\/p>\n\n\n\n<div class=\"wp-block-button has-text-align-center\"><a class=\"wp-block-button__link\" href=\"https:\/\/cliniccenter.co.uk\/tr\/faq\/\">Detaylar<\/a><br><br><\/div>\n<\/div>\n<\/div>\n<\/p>","protected":false},"excerpt":{"rendered":"<p>Sa\u00e7 Ekimi Tedavileri T\u00fcrkiye\u2019de Sa\u00e7 Ekimi Sa\u00e7\u0131n\u0131z\u0131n g\u00f6r\u00fcn\u00fc\u015f\u00fcn\u00fc de\u011fi\u015ftirerek \u00f6zg\u00fcveninizi geri kazanmak ya da yaln\u0131zca sa\u00e7\u0131n\u0131z\u0131 eskisi gibi uzatmak m\u0131 istiyorsunuz? \u0130ste\u011finiz ne olursa olsun Clinic Center\u2026 Detaylar T\u00fcrkiye\u2019de Sakal Ekimi Sakal, erkekler i\u00e7in \u00f6zg\u00fcven ve g\u00f6r\u00fcn\u00fc\u015f a\u00e7\u0131s\u0131ndan b\u00fcy\u00fck \u00f6nem ta\u015f\u0131r, ancak bazen y\u00fczdeki k\u0131llar hayal edildi\u011fi kadar yo\u011fun ve d\u00fczg\u00fcn uzat\u0131lamaz. Clinic Center,\u2026 Detaylar [&hellip;]<\/p>\n","protected":false},"author":2,"featured_media":0,"parent":15996,"menu_order":0,"comment_status":"closed","ping_status":"closed","template":"","meta":{"_uag_custom_page_level_css":"","_lmt_disableupdate":"no","_lmt_disable":"","site-sidebar-layout":"default","site-content-layout":"default","ast-site-content-layout":"default","site-content-style":"default","site-sidebar-style":"default","ast-global-header-display":"","ast-banner-title-visibility":"","ast-main-header-display":"","ast-hfb-above-header-display":"","ast-hfb-below-header-display":"","ast-hfb-mobile-header-display":"","site-post-title":"disabled","ast-breadcrumbs-content":"","ast-featured-img":"disabled","footer-sml-layout":"","theme-transparent-header-meta":"default","adv-header-id-meta":"","stick-header-meta":"","header-above-stick-meta":"","header-main-stick-meta":"","header-below-stick-meta":"","astra-migrate-meta-layouts":"set","ast-page-background-enabled":"default","ast-page-background-meta":{"desktop":{"background-color":"","background-image":"","background-repeat":"repeat","background-position":"center center","background-size":"auto","background-attachment":"scroll","background-type":"","background-media":"","overlay-type":"","overlay-color":"","overlay-opacity":"","overlay-gradient":""},"tablet":{"background-color":"","background-image":"","background-repeat":"repeat","background-position":"center center","background-size":"auto","background-attachment":"scroll","background-type":"","background-media":"","overlay-type":"","overlay-color":"","overlay-opacity":"","overlay-gradient":""},"mobile":{"background-color":"","background-image":"","background-repeat":"repeat","background-position":"center center","background-size":"auto","background-attachment":"scroll","background-type":"","background-media":"","overlay-type":"","overlay-color":"","overlay-opacity":"","overlay-gradient":""}},"ast-content-background-meta":{"desktop":{"background-color":"var(--ast-global-color-5)","background-image":"","background-repeat":"repeat","background-position":"center center","background-size":"auto","background-attachment":"scroll","background-type":"","background-media":"","overlay-type":"","overlay-color":"","overlay-opacity":"","overlay-gradient":""},"tablet":{"background-color":"var(--ast-global-color-5)","background-image":"","background-repeat":"repeat","background-position":"center center","background-size":"auto","background-attachment":"scroll","background-type":"","background-media":"","overlay-type":"","overlay-color":"","overlay-opacity":"","overlay-gradient":""},"mobile":{"background-color":"var(--ast-global-color-5)","background-image":"","background-repeat":"repeat","background-position":"center center","background-size":"auto","background-attachment":"scroll","background-type":"","background-media":"","overlay-type":"","overlay-color":"","overlay-opacity":"","overlay-gradient":""}},"footnotes":""},"class_list":["post-16011","page","type-page","status-publish","hentry"],"yoast_head":"<!-- This site is optimized with the Yoast SEO plugin v25.3.1 - https:\/\/yoast.com\/wordpress\/plugins\/seo\/ -->\n<title>Sa\u00e7 Ekimi -<\/title>\n<meta name=\"robots\" content=\"noindex, follow\" \/>\n<meta property=\"og:locale\" content=\"tr_TR\" \/>\n<meta property=\"og:type\" content=\"article\" \/>\n<meta property=\"og:title\" content=\"Sa\u00e7 Ekimi -\" \/>\n<meta property=\"og:description\" content=\"Sa\u00e7 Ekimi Tedavileri T\u00fcrkiye\u2019de Sa\u00e7 Ekimi Sa\u00e7\u0131n\u0131z\u0131n g\u00f6r\u00fcn\u00fc\u015f\u00fcn\u00fc de\u011fi\u015ftirerek \u00f6zg\u00fcveninizi geri kazanmak ya da yaln\u0131zca sa\u00e7\u0131n\u0131z\u0131 eskisi gibi uzatmak m\u0131 istiyorsunuz? \u0130ste\u011finiz ne olursa olsun Clinic Center\u2026 Detaylar T\u00fcrkiye\u2019de Sakal Ekimi Sakal, erkekler i\u00e7in \u00f6zg\u00fcven ve g\u00f6r\u00fcn\u00fc\u015f a\u00e7\u0131s\u0131ndan b\u00fcy\u00fck \u00f6nem ta\u015f\u0131r, ancak bazen y\u00fczdeki k\u0131llar hayal edildi\u011fi kadar yo\u011fun ve d\u00fczg\u00fcn uzat\u0131lamaz. Clinic Center,\u2026 Detaylar [&hellip;]\" \/>\n<meta property=\"og:url\" content=\"https:\/\/cliniccenter.co.uk\/tr\/sac-ekimi\/\" \/>\n<meta property=\"article:publisher\" content=\"https:\/\/www.facebook.com\/cliniccenter.co.uk\/\" \/>\n<meta property=\"article:modified_time\" content=\"2023-12-12T13:51:05+00:00\" \/>\n<meta property=\"og:image\" content=\"https:\/\/cliniccenter.co.uk\/wp-content\/uploads\/2023\/11\/hair-transplant-1-2.webp\" \/>\n<meta name=\"twitter:card\" content=\"summary_large_image\" \/>\n<meta name=\"twitter:site\" content=\"@cliniccenteruk\" \/>\n<meta name=\"twitter:label1\" content=\"Tahmini okuma s\u00fcresi\" \/>\n\t<meta name=\"twitter:data1\" content=\"3 dakika\" \/>\n<!-- \/ Yoast SEO plugin. -->","yoast_head_json":{"title":"Sa\u00e7 Ekimi -","robots":{"index":"noindex","follow":"follow"},"og_locale":"tr_TR","og_type":"article","og_title":"Sa\u00e7 Ekimi -","og_description":"Sa\u00e7 Ekimi Tedavileri T\u00fcrkiye\u2019de Sa\u00e7 Ekimi Sa\u00e7\u0131n\u0131z\u0131n g\u00f6r\u00fcn\u00fc\u015f\u00fcn\u00fc de\u011fi\u015ftirerek \u00f6zg\u00fcveninizi geri kazanmak ya da yaln\u0131zca sa\u00e7\u0131n\u0131z\u0131 eskisi gibi uzatmak m\u0131 istiyorsunuz? \u0130ste\u011finiz ne olursa olsun Clinic Center\u2026 Detaylar T\u00fcrkiye\u2019de Sakal Ekimi Sakal, erkekler i\u00e7in \u00f6zg\u00fcven ve g\u00f6r\u00fcn\u00fc\u015f a\u00e7\u0131s\u0131ndan b\u00fcy\u00fck \u00f6nem ta\u015f\u0131r, ancak bazen y\u00fczdeki k\u0131llar hayal edildi\u011fi kadar yo\u011fun ve d\u00fczg\u00fcn uzat\u0131lamaz. Clinic Center,\u2026 Detaylar [&hellip;]","og_url":"https:\/\/cliniccenter.co.uk\/tr\/sac-ekimi\/","article_publisher":"https:\/\/www.facebook.com\/cliniccenter.co.uk\/","article_modified_time":"2023-12-12T13:51:05+00:00","og_image":[{"url":"https:\/\/cliniccenter.co.uk\/wp-content\/uploads\/2023\/11\/hair-transplant-1-2.webp","type":"","width":"","height":""}],"twitter_card":"summary_large_image","twitter_site":"@cliniccenteruk","twitter_misc":{"Tahmini okuma s\u00fcresi":"3 dakika"},"schema":{"@context":"https:\/\/schema.org","@graph":[{"@type":"WebPage","@id":"https:\/\/cliniccenter.co.uk\/tr\/sac-ekimi\/","url":"https:\/\/cliniccenter.co.uk\/tr\/sac-ekimi\/","name":"Sa\u00e7 Ekimi -","isPartOf":{"@id":"https:\/\/cliniccenter.co.uk\/ro\/#website"},"primaryImageOfPage":{"@id":"https:\/\/cliniccenter.co.uk\/tr\/sac-ekimi\/#primaryimage"},"image":{"@id":"https:\/\/cliniccenter.co.uk\/tr\/sac-ekimi\/#primaryimage"},"thumbnailUrl":"https:\/\/cliniccenter.co.uk\/wp-content\/uploads\/2023\/11\/hair-transplant-1-2.webp","datePublished":"2021-09-01T11:00:33+00:00","dateModified":"2023-12-12T13:51:05+00:00","breadcrumb":{"@id":"https:\/\/cliniccenter.co.uk\/tr\/sac-ekimi\/#breadcrumb"},"inLanguage":"tr","potentialAction":[{"@type":"ReadAction","target":["https:\/\/cliniccenter.co.uk\/tr\/sac-ekimi\/"]}]},{"@type":"ImageObject","inLanguage":"tr","@id":"https:\/\/cliniccenter.co.uk\/tr\/sac-ekimi\/#primaryimage","url":"https:\/\/cliniccenter.co.uk\/wp-content\/uploads\/2023\/11\/hair-transplant-1-2.webp","contentUrl":"https:\/\/cliniccenter.co.uk\/wp-content\/uploads\/2023\/11\/hair-transplant-1-2.webp"},{"@type":"BreadcrumbList","@id":"https:\/\/cliniccenter.co.uk\/tr\/sac-ekimi\/#breadcrumb","itemListElement":[{"@type":"ListItem","position":1,"name":"Home","item":"https:\/\/cliniccenter.co.uk\/tr\/"},{"@type":"ListItem","position":2,"name":"Tedaviler","item":"https:\/\/cliniccenter.co.uk\/tr\/tedaviler\/"},{"@type":"ListItem","position":3,"name":"Sa\u00e7 Ekimi"}]},{"@type":"WebSite","@id":"https:\/\/cliniccenter.co.uk\/ro\/#website","url":"https:\/\/cliniccenter.co.uk\/ro\/","name":"","description":"","potentialAction":[{"@type":"SearchAction","target":{"@type":"EntryPoint","urlTemplate":"https:\/\/cliniccenter.co.uk\/ro\/?s={search_term_string}"},"query-input":{"@type":"PropertyValueSpecification","valueRequired":true,"valueName":"search_term_string"}}],"inLanguage":"tr"}]}},"uagb_featured_image_src":{"full":false,"thumbnail":false,"medium":false,"medium_large":false,"large":false,"1536x1536":false,"2048x2048":false},"uagb_author_info":{"display_name":"Sertac Ceki","author_link":"https:\/\/cliniccenter.co.uk\/tr\/blog\/author\/sertaccliniccenter-co-uk\/"},"uagb_comment_info":0,"uagb_excerpt":"Sa\u00e7 Ekimi Tedavileri T\u00fcrkiye\u2019de Sa\u00e7 Ekimi Sa\u00e7\u0131n\u0131z\u0131n g\u00f6r\u00fcn\u00fc\u015f\u00fcn\u00fc de\u011fi\u015ftirerek \u00f6zg\u00fcveninizi geri kazanmak ya da yaln\u0131zca sa\u00e7\u0131n\u0131z\u0131 eskisi gibi uzatmak m\u0131 istiyorsunuz? \u0130ste\u011finiz ne olursa olsun Clinic Center\u2026 Detaylar T\u00fcrkiye\u2019de Sakal Ekimi Sakal, erkekler i\u00e7in \u00f6zg\u00fcven ve g\u00f6r\u00fcn\u00fc\u015f a\u00e7\u0131s\u0131ndan b\u00fcy\u00fck \u00f6nem ta\u015f\u0131r, ancak bazen y\u00fczdeki k\u0131llar hayal edildi\u011fi kadar yo\u011fun ve d\u00fczg\u00fcn uzat\u0131lamaz. Clinic Center,\u2026 Detaylar&hellip;","_links":{"self":[{"href":"https:\/\/cliniccenter.co.uk\/tr\/wp-json\/wp\/v2\/pages\/16011"}],"collection":[{"href":"https:\/\/cliniccenter.co.uk\/tr\/wp-json\/wp\/v2\/pages"}],"about":[{"href":"https:\/\/cliniccenter.co.uk\/tr\/wp-json\/wp\/v2\/types\/page"}],"author":[{"embeddable":true,"href":"https:\/\/cliniccenter.co.uk\/tr\/wp-json\/wp\/v2\/users\/2"}],"replies":[{"embeddable":true,"href":"https:\/\/cliniccenter.co.uk\/tr\/wp-json\/wp\/v2\/comments?post=16011"}],"version-history":[{"count":10,"href":"https:\/\/cliniccenter.co.uk\/tr\/wp-json\/wp\/v2\/pages\/16011\/revisions"}],"predecessor-version":[{"id":49498,"href":"https:\/\/cliniccenter.co.uk\/tr\/wp-json\/wp\/v2\/pages\/16011\/revisions\/49498"}],"up":[{"embeddable":true,"href":"https:\/\/cliniccenter.co.uk\/tr\/wp-json\/wp\/v2\/pages\/15996"}],"wp:attachment":[{"href":"https:\/\/cliniccenter.co.uk\/tr\/wp-json\/wp\/v2\/media?parent=16011"}],"curies":[{"name":"wp","href":"https:\/\/api.w.org\/{rel}","templated":true}]}}