{"id":16038,"date":"2021-09-01T12:54:28","date_gmt":"2021-09-01T12:54:28","guid":{"rendered":"https:\/\/cliniccenter.co.uk\/?page_id=16038"},"modified":"2023-07-05T14:06:36","modified_gmt":"2023-07-05T14:06:36","slug":"turkiyede-sac-bakim-tedavisi","status":"publish","type":"page","link":"https:\/\/cliniccenter.co.uk\/tr\/turkiyede-sac-bakim-tedavisi\/","title":{"rendered":"T\u00fcrkiye\u2019de Sa\u00e7 Bak\u0131m Tedavisi"},"content":{"rendered":"\n<h2 class=\"wp-block-heading\"><span class=\"ez-toc-section\" id=\"Sac_Bakim_Tedavisi\"><\/span>Sa\u00e7 Bak\u0131m Tedavisi<span class=\"ez-toc-section-end\"><\/span><\/h2>\n\n\n\n<p>Sa\u00e7 Bak\u0131m Tedavisi, yaralar\u0131n iyile\u015fme s\u00fcrecini h\u0131zland\u0131ran ve sa\u00e7 ekiminde h\u0131zl\u0131 sa\u00e7 uzamas\u0131na neden olan bir tedavi y\u00f6ntemidir. Tedavi, ilk olarak tenis oyuncular\u0131 ve benzeri atletlerde kemik, kas ve eklem sakatlanmalar\u0131n\u0131 tedavi etmek i\u00e7in kullan\u0131ld\u0131. Sa\u00e7 Bak\u0131m tedavisinde hastan\u0131n kendi kan\u0131 kullan\u0131l\u0131r, plateletler kandan ayr\u0131\u015ft\u0131r\u0131l\u0131r ve deriye tekrar enjekte edilir. Kan plateletleri enzimler ve besleyici b\u00fcy\u00fcme fakt\u00f6rleri i\u00e7erir, bu da doku onar\u0131m\u0131nda \u00e7ok \u00f6nemli bir rol oynar. Sa\u00e7 ekiminden sonra kafa derisine uyguland\u0131\u011f\u0131nda, Sa\u00e7 Bak\u0131m tedavisi ekilmi\u015f sa\u00e7 k\u00f6klerinin hayatta kalma \u015fans\u0131n\u0131 g\u00fc\u00e7lendirir, operasyon sonras\u0131 yara olu\u015fma ihtimalini d\u00fc\u015f\u00fcr\u00fcr ve yeni sa\u00e7lar\u0131n uzamas\u0131n\u0131 h\u0131zland\u0131r\u0131r.<\/p>\n\n\n\n<p>Clinic Center hastalar\u0131, operasyon sonras\u0131 tedavi edilmi\u015f b\u00f6lgelerde sa\u00e7 d\u00f6k\u00fclmesinin b\u00fcy\u00fck oranda azald\u0131\u011f\u0131n\u0131, ekilmi\u015f sa\u00e7lar\u0131n \u00e7ok daha g\u00fc\u00e7l\u00fc uzad\u0131klar\u0131n\u0131 ve sa\u00e7 ekiminden \u00f6nce Sa\u00e7 Bak\u0131m tedavisi alm\u0131\u015f hastalarda yaralar\u0131n \u00e7ok \u00e7abuk iyile\u015fti\u011fini g\u00f6zlemlemi\u015ftir. Sa\u00e7 Bak\u0131mP tedavisi i\u00e7in yaln\u0131zca 1 saat gerekmekte, Sa\u00e7 Bak\u0131m tedavisi sa\u00e7 ekiminizden hemen sonra ger\u00e7ekle\u015ftirilmektedir. Uluslararas\u0131 Sa\u00e7 Restorasyon Cerrahisi Derne\u011fi (ISHRS), sa\u00e7 ekiminde Sa\u00e7 Bak\u0131m tedavisinin olumlu ve g\u00fcvenilir sonu\u00e7lar\u0131 destekledi\u011fini belirtmi\u015ftir.<\/p><div id=\"ez-toc-container\" class=\"ez-toc-v2_0_82_2 counter-hierarchy ez-toc-counter ez-toc-grey ez-toc-container-direction\">\n<div class=\"ez-toc-title-container\">\n<p class=\"ez-toc-title\" style=\"cursor:inherit\">Table of Contents<\/p>\n<span class=\"ez-toc-title-toggle\"><a href=\"#\" class=\"ez-toc-pull-right ez-toc-btn ez-toc-btn-xs ez-toc-btn-default ez-toc-toggle\" aria-label=\"\u0130\u00e7indekiler Tablosunu A\u00e7\/Kapat\"><span class=\"ez-toc-js-icon-con\"><span class=\"\"><span class=\"eztoc-hide\" style=\"display:none;\">Toggle<\/span><span class=\"ez-toc-icon-toggle-span\"><svg style=\"fill: #999;color:#999\" xmlns=\"http:\/\/www.w3.org\/2000\/svg\" class=\"list-377408\" width=\"20px\" height=\"20px\" viewBox=\"0 0 24 24\" fill=\"none\"><path d=\"M6 6H4v2h2V6zm14 0H8v2h12V6zM4 11h2v2H4v-2zm16 0H8v2h12v-2zM4 16h2v2H4v-2zm16 0H8v2h12v-2z\" fill=\"currentColor\"><\/path><\/svg><svg style=\"fill: #999;color:#999\" class=\"arrow-unsorted-368013\" xmlns=\"http:\/\/www.w3.org\/2000\/svg\" width=\"10px\" height=\"10px\" viewBox=\"0 0 24 24\" version=\"1.2\" baseProfile=\"tiny\"><path d=\"M18.2 9.3l-6.2-6.3-6.2 6.3c-.2.2-.3.4-.3.7s.1.5.3.7c.2.2.4.3.7.3h11c.3 0 .5-.1.7-.3.2-.2.3-.5.3-.7s-.1-.5-.3-.7zM5.8 14.7l6.2 6.3 6.2-6.3c.2-.2.3-.5.3-.7s-.1-.5-.3-.7c-.2-.2-.4-.3-.7-.3h-11c-.3 0-.5.1-.7.3-.2.2-.3.5-.3.7s.1.5.3.7z\"\/><\/svg><\/span><\/span><\/span><\/a><\/span><\/div>\n<nav><ul class='ez-toc-list ez-toc-list-level-1 ' ><li class='ez-toc-page-1 ez-toc-heading-level-2'><a class=\"ez-toc-link ez-toc-heading-1\" href=\"https:\/\/cliniccenter.co.uk\/tr\/turkiyede-sac-bakim-tedavisi\/#Sac_Bakim_Tedavisi\" >Sa\u00e7 Bak\u0131m Tedavisi<\/a><\/li><li class='ez-toc-page-1 ez-toc-heading-level-2'><a class=\"ez-toc-link ez-toc-heading-2\" href=\"https:\/\/cliniccenter.co.uk\/tr\/turkiyede-sac-bakim-tedavisi\/#Clinic_Center_Tarafindan_Organize_Edilen_Sac_Bakim_Tedavisi_Turkiyede_Nasil_Gerceklestirilir\" >Clinic Center Taraf\u0131ndan Organize Edilen Sa\u00e7 Bak\u0131m Tedavisi T\u00fcrkiye\u2019de Nas\u0131l Ger\u00e7ekle\u015ftirilir?<\/a><\/li><li class='ez-toc-page-1 ez-toc-heading-level-2'><a class=\"ez-toc-link ez-toc-heading-3\" href=\"https:\/\/cliniccenter.co.uk\/tr\/turkiyede-sac-bakim-tedavisi\/#Turkiyede_Sac_Bakim_Tedavisinin_Avantajlari\" >T\u00fcrkiye\u2019de Sa\u00e7 Bak\u0131m Tedavisinin Avantajlar\u0131<\/a><\/li><\/ul><\/nav><\/div>\n\n\n\n\n<h2 class=\"wp-block-heading\"><span class=\"ez-toc-section\" id=\"Clinic_Center_Tarafindan_Organize_Edilen_Sac_Bakim_Tedavisi_Turkiyede_Nasil_Gerceklestirilir\"><\/span>Clinic Center Taraf\u0131ndan Organize Edilen Sa\u00e7 Bak\u0131m Tedavisi T\u00fcrkiye\u2019de Nas\u0131l Ger\u00e7ekle\u015ftirilir?<span class=\"ez-toc-section-end\"><\/span><\/h2>\n\n\n\n<ul class=\"wp-block-list\"><li>Sa\u00e7 ekimi tedavisinden \u00f6nce hastadan kan al\u0131n\u0131r.<\/li><li>Kan, bir santrif\u00fcje yerle\u015ftirilir ve 5 dakika burada tutulur.<\/li><li>Plateletler di\u011fer kan h\u00fccrelerinden ayr\u0131\u015ft\u0131r\u0131l\u0131r.<\/li><li>Platelet y\u00f6n\u00fcnden zengin plazma kafa derisine enjekte edilir.<\/li><li>Bu i\u015flem 30-45 dakika s\u00fcrmektedir.<\/li><\/ul>\n\n\n\n<h2 class=\"wp-block-heading\"><span class=\"ez-toc-section\" id=\"Turkiyede_Sac_Bakim_Tedavisinin_Avantajlari\"><\/span>T\u00fcrkiye\u2019de Sa\u00e7 Bak\u0131m Tedavisinin Avantajlar\u0131<span class=\"ez-toc-section-end\"><\/span><\/h2>\n\n\n\n<ul class=\"wp-block-list\"><li>Tedavi i\u00e7in kendi kan\u0131n\u0131z kullan\u0131ld\u0131\u011f\u0131ndan, alerjik reaksiyon veya enfeksiyon riski yoktur.<\/li><li>\u0130yile\u015fme s\u00fcrecini h\u0131zland\u0131rmak ve yara olu\u015fumunu en aza indirgemek i\u00e7in h\u0131zl\u0131 ve etkili bir y\u00f6ntemdir.<\/li><li>Sa\u00e7 Bak\u0131m tedavisi cerrahi olmayan bir tedavidir.<\/li><li>Sa\u00e7 Bak\u0131m tedavisi, sa\u00e7 ekimi tedavisiyle ayn\u0131 g\u00fcn ger\u00e7ekle\u015ftirilebilir, b\u00f6ylece zaman kayb\u0131 \u00f6nlenir.<\/li><\/ul>\n\n\n\n<div class=\"wp-block-columns is-layout-flex wp-container-core-columns-is-layout-1 wp-block-columns-is-layout-flex\">\n<div class=\"wp-block-column is-layout-flow wp-block-column-is-layout-flow\">\n<p><\/p>\n<\/div>\n<\/div>\n<\/p>","protected":false},"excerpt":{"rendered":"<p>Sa\u00e7 Bak\u0131m Tedavisi Sa\u00e7 Bak\u0131m Tedavisi, yaralar\u0131n iyile\u015fme s\u00fcrecini h\u0131zland\u0131ran ve sa\u00e7 ekiminde h\u0131zl\u0131 sa\u00e7 uzamas\u0131na neden olan bir tedavi y\u00f6ntemidir. Tedavi, ilk olarak tenis oyuncular\u0131 ve benzeri atletlerde kemik, kas ve eklem sakatlanmalar\u0131n\u0131 tedavi etmek i\u00e7in kullan\u0131ld\u0131. Sa\u00e7 Bak\u0131m tedavisinde hastan\u0131n kendi kan\u0131 kullan\u0131l\u0131r, plateletler kandan ayr\u0131\u015ft\u0131r\u0131l\u0131r ve deriye tekrar enjekte edilir. Kan plateletleri [&hellip;]<\/p>\n","protected":false},"author":2,"featured_media":22493,"parent":16011,"menu_order":0,"comment_status":"closed","ping_status":"closed","template":"","meta":{"_uag_custom_page_level_css":"","_lmt_disableupdate":"no","_lmt_disable":"","site-sidebar-layout":"default","site-content-layout":"default","ast-site-content-layout":"default","site-content-style":"default","site-sidebar-style":"default","ast-global-header-display":"","ast-banner-title-visibility":"","ast-main-header-display":"","ast-hfb-above-header-display":"","ast-hfb-below-header-display":"","ast-hfb-mobile-header-display":"","site-post-title":"","ast-breadcrumbs-content":"","ast-featured-img":"disabled","footer-sml-layout":"","theme-transparent-header-meta":"default","adv-header-id-meta":"","stick-header-meta":"","header-above-stick-meta":"","header-main-stick-meta":"","header-below-stick-meta":"","astra-migrate-meta-layouts":"default","ast-page-background-enabled":"default","ast-page-background-meta":{"desktop":{"background-color":"","background-image":"","background-repeat":"repeat","background-position":"center center","background-size":"auto","background-attachment":"scroll","background-type":"","background-media":"","overlay-type":"","overlay-color":"","overlay-opacity":"","overlay-gradient":""},"tablet":{"background-color":"","background-image":"","background-repeat":"repeat","background-position":"center center","background-size":"auto","background-attachment":"scroll","background-type":"","background-media":"","overlay-type":"","overlay-color":"","overlay-opacity":"","overlay-gradient":""},"mobile":{"background-color":"","background-image":"","background-repeat":"repeat","background-position":"center center","background-size":"auto","background-attachment":"scroll","background-type":"","background-media":"","overlay-type":"","overlay-color":"","overlay-opacity":"","overlay-gradient":""}},"ast-content-background-meta":{"desktop":{"background-color":"var(--ast-global-color-5)","background-image":"","background-repeat":"repeat","background-position":"center center","background-size":"auto","background-attachment":"scroll","background-type":"","background-media":"","overlay-type":"","overlay-color":"","overlay-opacity":"","overlay-gradient":""},"tablet":{"background-color":"var(--ast-global-color-5)","background-image":"","background-repeat":"repeat","background-position":"center center","background-size":"auto","background-attachment":"scroll","background-type":"","background-media":"","overlay-type":"","overlay-color":"","overlay-opacity":"","overlay-gradient":""},"mobile":{"background-color":"var(--ast-global-color-5)","background-image":"","background-repeat":"repeat","background-position":"center center","background-size":"auto","background-attachment":"scroll","background-type":"","background-media":"","overlay-type":"","overlay-color":"","overlay-opacity":"","overlay-gradient":""}},"footnotes":""},"class_list":["post-16038","page","type-page","status-publish","has-post-thumbnail","hentry"],"yoast_head":"<!-- This site is optimized with the Yoast SEO plugin v25.3.1 - https:\/\/yoast.com\/wordpress\/plugins\/seo\/ -->\n<title>T\u00fcrkiye&#039;de Sa\u00e7 Bak\u0131m Tedavisi<\/title>\n<meta name=\"robots\" content=\"index, follow, max-snippet:-1, max-image-preview:large, max-video-preview:-1\" \/>\n<link rel=\"canonical\" href=\"https:\/\/cliniccenter.co.uk\/tr\/turkiyede-sac-bakim-tedavisi\/\" \/>\n<meta property=\"og:locale\" content=\"tr_TR\" \/>\n<meta property=\"og:type\" content=\"article\" \/>\n<meta property=\"og:title\" content=\"T\u00fcrkiye&#039;de Sa\u00e7 Bak\u0131m Tedavisi\" \/>\n<meta property=\"og:description\" content=\"Sa\u00e7 Bak\u0131m Tedavisi Sa\u00e7 Bak\u0131m Tedavisi, yaralar\u0131n iyile\u015fme s\u00fcrecini h\u0131zland\u0131ran ve sa\u00e7 ekiminde h\u0131zl\u0131 sa\u00e7 uzamas\u0131na neden olan bir tedavi y\u00f6ntemidir. Tedavi, ilk olarak tenis oyuncular\u0131 ve benzeri atletlerde kemik, kas ve eklem sakatlanmalar\u0131n\u0131 tedavi etmek i\u00e7in kullan\u0131ld\u0131. Sa\u00e7 Bak\u0131m tedavisinde hastan\u0131n kendi kan\u0131 kullan\u0131l\u0131r, plateletler kandan ayr\u0131\u015ft\u0131r\u0131l\u0131r ve deriye tekrar enjekte edilir. Kan plateletleri [&hellip;]\" \/>\n<meta property=\"og:url\" content=\"https:\/\/cliniccenter.co.uk\/tr\/turkiyede-sac-bakim-tedavisi\/\" \/>\n<meta property=\"article:publisher\" content=\"https:\/\/www.facebook.com\/cliniccenter.co.uk\/\" \/>\n<meta property=\"article:modified_time\" content=\"2023-07-05T14:06:36+00:00\" \/>\n<meta property=\"og:image\" content=\"https:\/\/cliniccenter.co.uk\/wp-content\/uploads\/2021\/08\/PRPTreatment.jpg\" \/>\n\t<meta property=\"og:image:width\" content=\"780\" \/>\n\t<meta property=\"og:image:height\" content=\"345\" \/>\n\t<meta property=\"og:image:type\" content=\"image\/jpeg\" \/>\n<meta name=\"twitter:card\" content=\"summary_large_image\" \/>\n<meta name=\"twitter:site\" content=\"@cliniccenteruk\" \/>\n<meta name=\"twitter:label1\" content=\"Tahmini okuma s\u00fcresi\" \/>\n\t<meta name=\"twitter:data1\" content=\"2 dakika\" \/>\n<!-- \/ Yoast SEO plugin. -->","yoast_head_json":{"title":"T\u00fcrkiye'de Sa\u00e7 Bak\u0131m Tedavisi","robots":{"index":"index","follow":"follow","max-snippet":"max-snippet:-1","max-image-preview":"max-image-preview:large","max-video-preview":"max-video-preview:-1"},"canonical":"https:\/\/cliniccenter.co.uk\/tr\/turkiyede-sac-bakim-tedavisi\/","og_locale":"tr_TR","og_type":"article","og_title":"T\u00fcrkiye'de Sa\u00e7 Bak\u0131m Tedavisi","og_description":"Sa\u00e7 Bak\u0131m Tedavisi Sa\u00e7 Bak\u0131m Tedavisi, yaralar\u0131n iyile\u015fme s\u00fcrecini h\u0131zland\u0131ran ve sa\u00e7 ekiminde h\u0131zl\u0131 sa\u00e7 uzamas\u0131na neden olan bir tedavi y\u00f6ntemidir. Tedavi, ilk olarak tenis oyuncular\u0131 ve benzeri atletlerde kemik, kas ve eklem sakatlanmalar\u0131n\u0131 tedavi etmek i\u00e7in kullan\u0131ld\u0131. Sa\u00e7 Bak\u0131m tedavisinde hastan\u0131n kendi kan\u0131 kullan\u0131l\u0131r, plateletler kandan ayr\u0131\u015ft\u0131r\u0131l\u0131r ve deriye tekrar enjekte edilir. Kan plateletleri [&hellip;]","og_url":"https:\/\/cliniccenter.co.uk\/tr\/turkiyede-sac-bakim-tedavisi\/","article_publisher":"https:\/\/www.facebook.com\/cliniccenter.co.uk\/","article_modified_time":"2023-07-05T14:06:36+00:00","og_image":[{"width":780,"height":345,"url":"https:\/\/cliniccenter.co.uk\/wp-content\/uploads\/2021\/08\/PRPTreatment.jpg","type":"image\/jpeg"}],"twitter_card":"summary_large_image","twitter_site":"@cliniccenteruk","twitter_misc":{"Tahmini okuma s\u00fcresi":"2 dakika"},"schema":{"@context":"https:\/\/schema.org","@graph":[{"@type":"WebPage","@id":"https:\/\/cliniccenter.co.uk\/tr\/turkiyede-sac-bakim-tedavisi\/","url":"https:\/\/cliniccenter.co.uk\/tr\/turkiyede-sac-bakim-tedavisi\/","name":"T\u00fcrkiye'de Sa\u00e7 Bak\u0131m Tedavisi","isPartOf":{"@id":"https:\/\/cliniccenter.co.uk\/ro\/#website"},"primaryImageOfPage":{"@id":"https:\/\/cliniccenter.co.uk\/tr\/turkiyede-sac-bakim-tedavisi\/#primaryimage"},"image":{"@id":"https:\/\/cliniccenter.co.uk\/tr\/turkiyede-sac-bakim-tedavisi\/#primaryimage"},"thumbnailUrl":"https:\/\/cliniccenter.co.uk\/wp-content\/uploads\/2021\/08\/PRPTreatment.jpg","datePublished":"2021-09-01T12:54:28+00:00","dateModified":"2023-07-05T14:06:36+00:00","breadcrumb":{"@id":"https:\/\/cliniccenter.co.uk\/tr\/turkiyede-sac-bakim-tedavisi\/#breadcrumb"},"inLanguage":"tr","potentialAction":[{"@type":"ReadAction","target":["https:\/\/cliniccenter.co.uk\/tr\/turkiyede-sac-bakim-tedavisi\/"]}]},{"@type":"ImageObject","inLanguage":"tr","@id":"https:\/\/cliniccenter.co.uk\/tr\/turkiyede-sac-bakim-tedavisi\/#primaryimage","url":"https:\/\/cliniccenter.co.uk\/wp-content\/uploads\/2021\/08\/PRPTreatment.jpg","contentUrl":"https:\/\/cliniccenter.co.uk\/wp-content\/uploads\/2021\/08\/PRPTreatment.jpg","width":780,"height":345},{"@type":"BreadcrumbList","@id":"https:\/\/cliniccenter.co.uk\/tr\/turkiyede-sac-bakim-tedavisi\/#breadcrumb","itemListElement":[{"@type":"ListItem","position":1,"name":"Home","item":"https:\/\/cliniccenter.co.uk\/tr\/"},{"@type":"ListItem","position":2,"name":"Tedaviler","item":"https:\/\/cliniccenter.co.uk\/tr\/tedaviler\/"},{"@type":"ListItem","position":3,"name":"Sa\u00e7 Ekimi","item":"https:\/\/cliniccenter.co.uk\/tr\/sac-ekimi\/"},{"@type":"ListItem","position":4,"name":"T\u00fcrkiye\u2019de Sa\u00e7 Bak\u0131m Tedavisi"}]},{"@type":"WebSite","@id":"https:\/\/cliniccenter.co.uk\/ro\/#website","url":"https:\/\/cliniccenter.co.uk\/ro\/","name":"","description":"","potentialAction":[{"@type":"SearchAction","target":{"@type":"EntryPoint","urlTemplate":"https:\/\/cliniccenter.co.uk\/ro\/?s={search_term_string}"},"query-input":{"@type":"PropertyValueSpecification","valueRequired":true,"valueName":"search_term_string"}}],"inLanguage":"tr"}]}},"uagb_featured_image_src":{"full":["https:\/\/cliniccenter.co.uk\/wp-content\/uploads\/2021\/08\/PRPTreatment.jpg",780,345,false],"thumbnail":["https:\/\/cliniccenter.co.uk\/wp-content\/uploads\/2021\/08\/PRPTreatment-150x150.jpg",150,150,true],"medium":["https:\/\/cliniccenter.co.uk\/wp-content\/uploads\/2021\/08\/PRPTreatment-300x133.jpg",300,133,true],"medium_large":["https:\/\/cliniccenter.co.uk\/wp-content\/uploads\/2021\/08\/PRPTreatment-768x340.jpg",768,340,true],"large":["https:\/\/cliniccenter.co.uk\/wp-content\/uploads\/2021\/08\/PRPTreatment.jpg",780,345,false],"1536x1536":["https:\/\/cliniccenter.co.uk\/wp-content\/uploads\/2021\/08\/PRPTreatment.jpg",780,345,false],"2048x2048":["https:\/\/cliniccenter.co.uk\/wp-content\/uploads\/2021\/08\/PRPTreatment.jpg",780,345,false]},"uagb_author_info":{"display_name":"Sertac Ceki","author_link":"https:\/\/cliniccenter.co.uk\/tr\/blog\/author\/sertaccliniccenter-co-uk\/"},"uagb_comment_info":0,"uagb_excerpt":"Sa\u00e7 Bak\u0131m Tedavisi Sa\u00e7 Bak\u0131m Tedavisi, yaralar\u0131n iyile\u015fme s\u00fcrecini h\u0131zland\u0131ran ve sa\u00e7 ekiminde h\u0131zl\u0131 sa\u00e7 uzamas\u0131na neden olan bir tedavi y\u00f6ntemidir. Tedavi, ilk olarak tenis oyuncular\u0131 ve benzeri atletlerde kemik, kas ve eklem sakatlanmalar\u0131n\u0131 tedavi etmek i\u00e7in kullan\u0131ld\u0131. Sa\u00e7 Bak\u0131m tedavisinde hastan\u0131n kendi kan\u0131 kullan\u0131l\u0131r, plateletler kandan ayr\u0131\u015ft\u0131r\u0131l\u0131r ve deriye tekrar enjekte edilir. Kan plateletleri&hellip;","_links":{"self":[{"href":"https:\/\/cliniccenter.co.uk\/tr\/wp-json\/wp\/v2\/pages\/16038"}],"collection":[{"href":"https:\/\/cliniccenter.co.uk\/tr\/wp-json\/wp\/v2\/pages"}],"about":[{"href":"https:\/\/cliniccenter.co.uk\/tr\/wp-json\/wp\/v2\/types\/page"}],"author":[{"embeddable":true,"href":"https:\/\/cliniccenter.co.uk\/tr\/wp-json\/wp\/v2\/users\/2"}],"replies":[{"embeddable":true,"href":"https:\/\/cliniccenter.co.uk\/tr\/wp-json\/wp\/v2\/comments?post=16038"}],"version-history":[{"count":6,"href":"https:\/\/cliniccenter.co.uk\/tr\/wp-json\/wp\/v2\/pages\/16038\/revisions"}],"predecessor-version":[{"id":43978,"href":"https:\/\/cliniccenter.co.uk\/tr\/wp-json\/wp\/v2\/pages\/16038\/revisions\/43978"}],"up":[{"embeddable":true,"href":"https:\/\/cliniccenter.co.uk\/tr\/wp-json\/wp\/v2\/pages\/16011"}],"wp:featuredmedia":[{"embeddable":true,"href":"https:\/\/cliniccenter.co.uk\/tr\/wp-json\/wp\/v2\/media\/22493"}],"wp:attachment":[{"href":"https:\/\/cliniccenter.co.uk\/tr\/wp-json\/wp\/v2\/media?parent=16038"}],"curies":[{"name":"wp","href":"https:\/\/api.w.org\/{rel}","templated":true}]}}