{"id":16272,"date":"2021-09-02T09:11:01","date_gmt":"2021-09-02T09:11:01","guid":{"rendered":"https:\/\/cliniccenter.co.uk\/?page_id=16272"},"modified":"2021-09-03T09:00:53","modified_gmt":"2021-09-03T09:00:53","slug":"online-danisma","status":"publish","type":"page","link":"https:\/\/cliniccenter.co.uk\/tr\/online-danisma\/","title":{"rendered":"Online Dan\u0131\u015fma"},"content":{"rendered":"\n<p>T\u0131bbi ekibimizin foto\u011fraflar\u0131n\u0131z\u0131 de\u011ferlendirebilmesi i\u00e7in l\u00fctfen bize mevcut foto\u011fraflar\u0131n\u0131zla ileti\u015fim bilgilerinizi g\u00f6nderin.Ard\u0131ndan size bir i\u015f g\u00fcn\u00fc i\u00e7inde ki\u015fiselle\u015ftirilmi\u015f tedavi plan\u0131 sunaca\u011f\u0131z. Alternatif olarak +44 20 3575 1039 numaral\u0131 telefonu arayarak da bizimle ileti\u015fime ge\u00e7ebilirsiniz.<\/p>\n\n\n\n<div class=\"wpcf7 no-js\" id=\"wpcf7-f16860-o1\" lang=\"en-US\" dir=\"ltr\" data-wpcf7-id=\"16860\">\n<div class=\"screen-reader-response\"><p role=\"status\" aria-live=\"polite\" aria-atomic=\"true\"><\/p> <ul><\/ul><\/div>\n<form action=\"\/tr\/wp-json\/wp\/v2\/pages\/16272#wpcf7-f16860-o1\" method=\"post\" class=\"wpcf7-form init\" aria-label=\"Contact form\" enctype=\"multipart\/form-data\" novalidate=\"novalidate\" data-status=\"init\">\n<div style=\"display: none;\">\n<input type=\"hidden\" name=\"_wpcf7\" value=\"16860\" \/>\n<input type=\"hidden\" name=\"_wpcf7_version\" value=\"6.0.6\" \/>\n<input type=\"hidden\" name=\"_wpcf7_locale\" value=\"en_US\" \/>\n<input type=\"hidden\" name=\"_wpcf7_unit_tag\" value=\"wpcf7-f16860-o1\" \/>\n<input type=\"hidden\" name=\"_wpcf7_container_post\" value=\"0\" \/>\n<input type=\"hidden\" name=\"_wpcf7_posted_data_hash\" value=\"\" \/>\n<\/div>\n<p>\u0130sim<br \/>\n<span class=\"wpcf7-form-control-wrap\" data-name=\"Name\"><input size=\"40\" maxlength=\"400\" class=\"wpcf7-form-control wpcf7-text wpcf7-validates-as-required\" aria-required=\"true\" aria-invalid=\"false\" value=\"\" type=\"text\" name=\"Name\" \/><\/span>\n<\/p>\n<p>Email<br \/>\n<span class=\"wpcf7-form-control-wrap\" data-name=\"Email\"><input size=\"40\" maxlength=\"400\" class=\"wpcf7-form-control wpcf7-email wpcf7-validates-as-required wpcf7-text wpcf7-validates-as-email\" aria-required=\"true\" aria-invalid=\"false\" value=\"\" type=\"email\" name=\"Email\" \/><\/span>\n<\/p>\n<p>\u00dclke<br \/>\n<span class=\"wpcf7-form-control-wrap\" data-name=\"Country\"><input size=\"40\" maxlength=\"400\" class=\"wpcf7-form-control wpcf7-text wpcf7-validates-as-required\" aria-required=\"true\" aria-invalid=\"false\" value=\"\" type=\"text\" name=\"Country\" \/><\/span>\n<\/p>\n<p>Bizi nereden duydunuz?<br \/>\n<span class=\"wpcf7-form-control-wrap\" data-name=\"Where\"><input size=\"40\" maxlength=\"400\" class=\"wpcf7-form-control wpcf7-text\" aria-invalid=\"false\" value=\"\" type=\"text\" name=\"Where\" \/><\/span>\n<\/p>\n<p>Tedavi\n<\/p>\n<p><span class=\"wpcf7-form-control-wrap\" data-name=\"Treatment\"><select class=\"wpcf7-form-control wpcf7-select wpcf7-validates-as-required\" aria-required=\"true\" aria-invalid=\"false\" multiple=\"multiple\" name=\"Treatment[]\"><option value=\"Sa\u00e7 Ekimi\">Sa\u00e7 Ekimi<\/option><option value=\"Meme B\u00fcy\u00fctme\">Meme B\u00fcy\u00fctme<\/option><option value=\"Meme Dikle\u015ftirme\">Meme Dikle\u015ftirme<\/option><option value=\"Meme K\u00fc\u00e7\u00fcltme\">Meme K\u00fc\u00e7\u00fcltme<\/option><option value=\"Liposak\u015f\u0131n\">Liposak\u015f\u0131n<\/option><option value=\"Kar\u0131n Germe\">Kar\u0131n Germe<\/option><option value=\"Rinoplasti\">Rinoplasti<\/option><option value=\"Y\u00fcz Germe\">Y\u00fcz Germe<\/option><option value=\"G\u00f6z Kapa\u011f\u0131 Germe\">G\u00f6z Kapa\u011f\u0131 Germe<\/option><option value=\"Kal\u00e7a Dikle\u015ftirme\">Kal\u00e7a Dikle\u015ftirme<\/option><option value=\"Kal\u00e7a Dikle\u015ftirme\">Kal\u00e7a Dikle\u015ftirme<\/option><option value=\"Porselen Veneer Tedavisi\">Porselen Veneer Tedavisi<\/option><option value=\"Porselen Veneer Tedavisi\">Porselen Veneer Tedavisi<\/option><option value=\"Di\u011fer\">Di\u011fer<\/option><\/select><\/span>\n<\/p>\n<p>Telefon No<br \/>\n<span class=\"wpcf7-form-control-wrap\" data-name=\"PhoneNumber\"><input size=\"40\" maxlength=\"400\" class=\"wpcf7-form-control wpcf7-tel wpcf7-text wpcf7-validates-as-tel\" aria-invalid=\"false\" value=\"L\u00fctfen \u00fclke kodu ile birlikte giriniz.\" type=\"tel\" name=\"PhoneNumber\" \/><\/span>\n<\/p>\n<p>L\u00fctfen foto\u011fraflar\u0131n\u0131z\u0131 ve\/veya tedaviniz ile ilgili test sonu\u00e7lar\u0131n\u0131z\u0131 y\u00fckleyiniz.<br \/>\n<span class=\"wpcf7-form-control-wrap\" data-name=\"Attachments\"><input size=\"40\" class=\"wpcf7-form-control wpcf7-file\" accept=\"audio\/*,video\/*,image\/*\" aria-invalid=\"false\" type=\"file\" name=\"Attachments\" \/><\/span><br \/>\n<span class=\"wpcf7-form-control-wrap\" data-name=\"Attachments2\"><input size=\"40\" class=\"wpcf7-form-control wpcf7-file\" accept=\"audio\/*,video\/*,image\/*\" aria-invalid=\"false\" type=\"file\" name=\"Attachments2\" \/><\/span><br \/>\n<span class=\"wpcf7-form-control-wrap\" data-name=\"Attachments3\"><input size=\"40\" class=\"wpcf7-form-control wpcf7-file\" accept=\"audio\/*,video\/*,image\/*\" aria-invalid=\"false\" type=\"file\" name=\"Attachments3\" \/><\/span>\n<\/p>\n<p>Mesaj\n<\/p>\n<p><span class=\"wpcf7-form-control-wrap\" data-name=\"Message\"><textarea cols=\"40\" rows=\"4\" maxlength=\"2000\" class=\"wpcf7-form-control wpcf7-textarea\" aria-invalid=\"false\" name=\"Message\"><\/textarea><\/span>\n<\/p>\n<p><span class=\"wpcf7-form-control-wrap\" data-name=\"approve-check\"><span class=\"wpcf7-form-control wpcf7-checkbox\"><span class=\"wpcf7-list-item first last\"><input type=\"checkbox\" name=\"approve-check[]\" value=\"E-posta g\u00fcncellemeleri ve haber b\u00fcltenleri almak istiyorum.\" \/><span class=\"wpcf7-list-item-label\">E-posta g\u00fcncellemeleri ve haber b\u00fcltenleri almak istiyorum.<\/span><\/span><\/span><\/span>\n<\/p>\n<p><div class=\"cf7-cf-turnstile\" style=\"margin-top: 0px; margin-bottom: -15px;\"> <div id=\"cf-turnstile-cf7-1143178710\" class=\"cf-turnstile\" data-sitekey=\"0x4AAAAAAAMc9haAStrzwgEc\" data-theme=\"light\" data-language=\"auto\" data-size=\"normal\" data-retry=\"auto\" data-retry-interval=\"1000\" data-refresh-expired=\"auto\" data-refresh-timeout=\"auto\" data-action=\"contact-form-7\" data-callback=\"turnstileCF7Callback\" data-appearance=\"always\"><\/div> <script>document.addEventListener(\"DOMContentLoaded\", function() { setTimeout(function(){ var e=document.getElementById(\"cf-turnstile-cf7-1143178710\"); if(e&&!e.innerHTML.trim()){turnstile.render(e, {sitekey:\"0x4AAAAAAAMc9haAStrzwgEc\"});} }, 200); });<\/script> <br class=\"cf-turnstile-br cf-turnstile-br-cf7-1143178710\"> <style>#cf-turnstile-cf7-1143178710 { margin-left: -15px; }<\/style> <script>document.addEventListener(\"DOMContentLoaded\",function(){document.querySelectorAll('.wpcf7-form').forEach(function(e){e.addEventListener('submit',function(){if(document.getElementById('cf-turnstile-cf7-1143178710')){setTimeout(function(){turnstile.reset('#cf-turnstile-cf7-1143178710');},1000)}})})});<\/script> <\/div><br\/><input class=\"wpcf7-form-control wpcf7-submit has-spinner\" type=\"submit\" value=\"Mesaj\" \/>\n<\/p><p style=\"display: none !important;\" class=\"akismet-fields-container\" data-prefix=\"_wpcf7_ak_\"><label>&#916;<textarea name=\"_wpcf7_ak_hp_textarea\" cols=\"45\" rows=\"8\" maxlength=\"100\"><\/textarea><\/label><input type=\"hidden\" id=\"ak_js_1\" name=\"_wpcf7_ak_js\" value=\"54\"\/><script>document.getElementById( \"ak_js_1\" ).setAttribute( \"value\", ( new Date() ).getTime() );<\/script><\/p><div class=\"wpcf7-response-output\" aria-hidden=\"true\"><\/div>\n<\/form>\n<\/div>\n\n","protected":false},"excerpt":{"rendered":"<p>T\u0131bbi ekibimizin foto\u011fraflar\u0131n\u0131z\u0131 de\u011ferlendirebilmesi i\u00e7in l\u00fctfen bize mevcut foto\u011fraflar\u0131n\u0131zla ileti\u015fim bilgilerinizi g\u00f6nderin.Ard\u0131ndan size bir i\u015f g\u00fcn\u00fc i\u00e7inde ki\u015fiselle\u015ftirilmi\u015f tedavi plan\u0131 sunaca\u011f\u0131z. Alternatif olarak +44 20 3575 1039 numaral\u0131 telefonu arayarak da bizimle ileti\u015fime ge\u00e7ebilirsiniz.<\/p>\n","protected":false},"author":2,"featured_media":0,"parent":0,"menu_order":0,"comment_status":"closed","ping_status":"closed","template":"","meta":{"_uag_custom_page_level_css":"","_lmt_disableupdate":"no","_lmt_disable":"","site-sidebar-layout":"default","site-content-layout":"default","ast-site-content-layout":"default","site-content-style":"default","site-sidebar-style":"default","ast-global-header-display":"","ast-banner-title-visibility":"","ast-main-header-display":"","ast-hfb-above-header-display":"","ast-hfb-below-header-display":"","ast-hfb-mobile-header-display":"","site-post-title":"disabled","ast-breadcrumbs-content":"","ast-featured-img":"disabled","footer-sml-layout":"","theme-transparent-header-meta":"default","adv-header-id-meta":"","stick-header-meta":"","header-above-stick-meta":"","header-main-stick-meta":"","header-below-stick-meta":"","astra-migrate-meta-layouts":"default","ast-page-background-enabled":"default","ast-page-background-meta":{"desktop":{"background-color":"","background-image":"","background-repeat":"repeat","background-position":"center center","background-size":"auto","background-attachment":"scroll","background-type":"","background-media":"","overlay-type":"","overlay-color":"","overlay-opacity":"","overlay-gradient":""},"tablet":{"background-color":"","background-image":"","background-repeat":"repeat","background-position":"center center","background-size":"auto","background-attachment":"scroll","background-type":"","background-media":"","overlay-type":"","overlay-color":"","overlay-opacity":"","overlay-gradient":""},"mobile":{"background-color":"","background-image":"","background-repeat":"repeat","background-position":"center center","background-size":"auto","background-attachment":"scroll","background-type":"","background-media":"","overlay-type":"","overlay-color":"","overlay-opacity":"","overlay-gradient":""}},"ast-content-background-meta":{"desktop":{"background-color":"var(--ast-global-color-5)","background-image":"","background-repeat":"repeat","background-position":"center center","background-size":"auto","background-attachment":"scroll","background-type":"","background-media":"","overlay-type":"","overlay-color":"","overlay-opacity":"","overlay-gradient":""},"tablet":{"background-color":"var(--ast-global-color-5)","background-image":"","background-repeat":"repeat","background-position":"center center","background-size":"auto","background-attachment":"scroll","background-type":"","background-media":"","overlay-type":"","overlay-color":"","overlay-opacity":"","overlay-gradient":""},"mobile":{"background-color":"var(--ast-global-color-5)","background-image":"","background-repeat":"repeat","background-position":"center center","background-size":"auto","background-attachment":"scroll","background-type":"","background-media":"","overlay-type":"","overlay-color":"","overlay-opacity":"","overlay-gradient":""}},"footnotes":""},"class_list":["post-16272","page","type-page","status-publish","hentry"],"yoast_head":"<!-- This site is optimized with the Yoast SEO plugin v25.3.1 - https:\/\/yoast.com\/wordpress\/plugins\/seo\/ -->\n<title>Online Dan\u0131\u015fma -<\/title>\n<meta name=\"robots\" content=\"index, follow, max-snippet:-1, max-image-preview:large, max-video-preview:-1\" \/>\n<link rel=\"canonical\" href=\"https:\/\/cliniccenter.co.uk\/tr\/online-danisma\/\" \/>\n<meta property=\"og:locale\" content=\"tr_TR\" \/>\n<meta property=\"og:type\" content=\"article\" \/>\n<meta property=\"og:title\" content=\"Online Dan\u0131\u015fma -\" \/>\n<meta property=\"og:description\" content=\"T\u0131bbi ekibimizin foto\u011fraflar\u0131n\u0131z\u0131 de\u011ferlendirebilmesi i\u00e7in l\u00fctfen bize mevcut foto\u011fraflar\u0131n\u0131zla ileti\u015fim bilgilerinizi g\u00f6nderin.Ard\u0131ndan size bir i\u015f g\u00fcn\u00fc i\u00e7inde ki\u015fiselle\u015ftirilmi\u015f tedavi plan\u0131 sunaca\u011f\u0131z. Alternatif olarak +44 20 3575 1039 numaral\u0131 telefonu arayarak da bizimle ileti\u015fime ge\u00e7ebilirsiniz.\" \/>\n<meta property=\"og:url\" content=\"https:\/\/cliniccenter.co.uk\/tr\/online-danisma\/\" \/>\n<meta property=\"article:publisher\" content=\"https:\/\/www.facebook.com\/cliniccenter.co.uk\/\" \/>\n<meta property=\"article:modified_time\" content=\"2021-09-03T09:00:53+00:00\" \/>\n<meta name=\"twitter:card\" content=\"summary_large_image\" \/>\n<meta name=\"twitter:site\" content=\"@cliniccenteruk\" \/>\n<meta name=\"twitter:label1\" content=\"Tahmini okuma s\u00fcresi\" \/>\n\t<meta name=\"twitter:data1\" content=\"1 dakika\" \/>\n<!-- \/ Yoast SEO plugin. -->","yoast_head_json":{"title":"Online Dan\u0131\u015fma -","robots":{"index":"index","follow":"follow","max-snippet":"max-snippet:-1","max-image-preview":"max-image-preview:large","max-video-preview":"max-video-preview:-1"},"canonical":"https:\/\/cliniccenter.co.uk\/tr\/online-danisma\/","og_locale":"tr_TR","og_type":"article","og_title":"Online Dan\u0131\u015fma -","og_description":"T\u0131bbi ekibimizin foto\u011fraflar\u0131n\u0131z\u0131 de\u011ferlendirebilmesi i\u00e7in l\u00fctfen bize mevcut foto\u011fraflar\u0131n\u0131zla ileti\u015fim bilgilerinizi g\u00f6nderin.Ard\u0131ndan size bir i\u015f g\u00fcn\u00fc i\u00e7inde ki\u015fiselle\u015ftirilmi\u015f tedavi plan\u0131 sunaca\u011f\u0131z. Alternatif olarak +44 20 3575 1039 numaral\u0131 telefonu arayarak da bizimle ileti\u015fime ge\u00e7ebilirsiniz.","og_url":"https:\/\/cliniccenter.co.uk\/tr\/online-danisma\/","article_publisher":"https:\/\/www.facebook.com\/cliniccenter.co.uk\/","article_modified_time":"2021-09-03T09:00:53+00:00","twitter_card":"summary_large_image","twitter_site":"@cliniccenteruk","twitter_misc":{"Tahmini okuma s\u00fcresi":"1 dakika"},"schema":{"@context":"https:\/\/schema.org","@graph":[{"@type":"WebPage","@id":"https:\/\/cliniccenter.co.uk\/tr\/online-danisma\/","url":"https:\/\/cliniccenter.co.uk\/tr\/online-danisma\/","name":"Online Dan\u0131\u015fma -","isPartOf":{"@id":"https:\/\/cliniccenter.co.uk\/ro\/#website"},"datePublished":"2021-09-02T09:11:01+00:00","dateModified":"2021-09-03T09:00:53+00:00","breadcrumb":{"@id":"https:\/\/cliniccenter.co.uk\/tr\/online-danisma\/#breadcrumb"},"inLanguage":"tr","potentialAction":[{"@type":"ReadAction","target":["https:\/\/cliniccenter.co.uk\/tr\/online-danisma\/"]}]},{"@type":"BreadcrumbList","@id":"https:\/\/cliniccenter.co.uk\/tr\/online-danisma\/#breadcrumb","itemListElement":[{"@type":"ListItem","position":1,"name":"Home","item":"https:\/\/cliniccenter.co.uk\/tr\/"},{"@type":"ListItem","position":2,"name":"Online Dan\u0131\u015fma"}]},{"@type":"WebSite","@id":"https:\/\/cliniccenter.co.uk\/ro\/#website","url":"https:\/\/cliniccenter.co.uk\/ro\/","name":"","description":"","potentialAction":[{"@type":"SearchAction","target":{"@type":"EntryPoint","urlTemplate":"https:\/\/cliniccenter.co.uk\/ro\/?s={search_term_string}"},"query-input":{"@type":"PropertyValueSpecification","valueRequired":true,"valueName":"search_term_string"}}],"inLanguage":"tr"}]}},"uagb_featured_image_src":{"full":false,"thumbnail":false,"medium":false,"medium_large":false,"large":false,"1536x1536":false,"2048x2048":false},"uagb_author_info":{"display_name":"Sertac Ceki","author_link":"https:\/\/cliniccenter.co.uk\/tr\/blog\/author\/sertaccliniccenter-co-uk\/"},"uagb_comment_info":0,"uagb_excerpt":"T\u0131bbi ekibimizin foto\u011fraflar\u0131n\u0131z\u0131 de\u011ferlendirebilmesi i\u00e7in l\u00fctfen bize mevcut foto\u011fraflar\u0131n\u0131zla ileti\u015fim bilgilerinizi g\u00f6nderin.Ard\u0131ndan size bir i\u015f g\u00fcn\u00fc i\u00e7inde ki\u015fiselle\u015ftirilmi\u015f tedavi plan\u0131 sunaca\u011f\u0131z. Alternatif olarak +44 20 3575 1039 numaral\u0131 telefonu arayarak da bizimle ileti\u015fime ge\u00e7ebilirsiniz.","_links":{"self":[{"href":"https:\/\/cliniccenter.co.uk\/tr\/wp-json\/wp\/v2\/pages\/16272"}],"collection":[{"href":"https:\/\/cliniccenter.co.uk\/tr\/wp-json\/wp\/v2\/pages"}],"about":[{"href":"https:\/\/cliniccenter.co.uk\/tr\/wp-json\/wp\/v2\/types\/page"}],"author":[{"embeddable":true,"href":"https:\/\/cliniccenter.co.uk\/tr\/wp-json\/wp\/v2\/users\/2"}],"replies":[{"embeddable":true,"href":"https:\/\/cliniccenter.co.uk\/tr\/wp-json\/wp\/v2\/comments?post=16272"}],"version-history":[{"count":2,"href":"https:\/\/cliniccenter.co.uk\/tr\/wp-json\/wp\/v2\/pages\/16272\/revisions"}],"predecessor-version":[{"id":16867,"href":"https:\/\/cliniccenter.co.uk\/tr\/wp-json\/wp\/v2\/pages\/16272\/revisions\/16867"}],"wp:attachment":[{"href":"https:\/\/cliniccenter.co.uk\/tr\/wp-json\/wp\/v2\/media?parent=16272"}],"curies":[{"name":"wp","href":"https:\/\/api.w.org\/{rel}","templated":true}]}}