{"id":16274,"date":"2021-09-02T09:14:57","date_gmt":"2021-09-02T09:14:57","guid":{"rendered":"https:\/\/cliniccenter.co.uk\/?page_id=16274"},"modified":"2023-12-13T14:01:10","modified_gmt":"2023-12-13T14:01:10","slug":"galeri","status":"publish","type":"page","link":"https:\/\/cliniccenter.co.uk\/tr\/galeri\/","title":{"rendered":"Galeri"},"content":{"rendered":"\n<div class=\"wp-block-columns is-layout-flex wp-container-core-columns-is-layout-1 wp-block-columns-is-layout-flex\">\n<div class=\"wp-block-column is-layout-flow wp-block-column-is-layout-flow\">\n<h3 class=\"wp-block-heading\"><a href=\"https:\/\/cliniccenter.co.uk\/tr\/sac-ekimi-galerisi\/\">Sa\u00e7 Ekimi Galerisi<\/a><\/h3>\n\n\n\n<figure class=\"wp-block-image size-full skip-lazy\"><img decoding=\"async\" width=\"800\" height=\"433\" src=\"https:\/\/cliniccenter.co.uk\/wp-content\/uploads\/2023\/12\/hair-transplant-picture-1-1.webp\" alt=\"\" class=\"wp-image-48568  skip-lazy\" srcset=\"https:\/\/cliniccenter.co.uk\/wp-content\/uploads\/2023\/12\/hair-transplant-picture-1-1.webp 800w, https:\/\/cliniccenter.co.uk\/wp-content\/uploads\/2023\/12\/hair-transplant-picture-1-1-300x162.webp 300w, https:\/\/cliniccenter.co.uk\/wp-content\/uploads\/2023\/12\/hair-transplant-picture-1-1-768x416.webp 768w\" sizes=\"(max-width: 800px) 100vw, 800px\" \/><\/figure>\n\n\n\n<p><a href=\"https:\/\/cliniccenter.co.uk\/tr\/turkiyede-sac-ekimi\/\">T\u00fcrkiye&#8217;de Sa\u00e7 Ekimi<\/a><\/p>\n\n\n\n<p><a href=\"https:\/\/cliniccenter.co.uk\/tr\/turkiyede-sakal-ekimi\/\">T\u00fcrkiye&#8217;de Sakal Ekimi<\/a><\/p>\n<\/div>\n\n\n\n<div class=\"wp-block-column is-layout-flow wp-block-column-is-layout-flow\">\n<h3 class=\"wp-block-heading\"><a href=\"https:\/\/cliniccenter.co.uk\/tr\/meme-operasyonlari-galerisi\/\">Meme Operasyonlar\u0131 Galerisi<\/a><\/h3>\n\n\n\n<figure class=\"wp-block-image size-large skip-lazy\"><img decoding=\"async\" width=\"1024\" height=\"577\" src=\"https:\/\/cliniccenter.co.uk\/wp-content\/uploads\/2023\/12\/breast-implants-1-1536x865-2-1024x577.webp\" alt=\"\" class=\"wp-image-48573\" srcset=\"https:\/\/cliniccenter.co.uk\/wp-content\/uploads\/2023\/12\/breast-implants-1-1536x865-2-1024x577.webp 1024w, https:\/\/cliniccenter.co.uk\/wp-content\/uploads\/2023\/12\/breast-implants-1-1536x865-2-300x169.webp 300w, https:\/\/cliniccenter.co.uk\/wp-content\/uploads\/2023\/12\/breast-implants-1-1536x865-2-768x433.webp 768w, https:\/\/cliniccenter.co.uk\/wp-content\/uploads\/2023\/12\/breast-implants-1-1536x865-2.webp 1536w\" sizes=\"(max-width: 1024px) 100vw, 1024px\" \/><\/figure>\n\n\n\n<p><a href=\"https:\/\/cliniccenter.co.uk\/tr\/turkiyede-meme-buyutme\/\">T\u00fcrkiye\u2019de Meme B\u00fcy\u00fctme<\/a><\/p>\n\n\n\n<p><a href=\"https:\/\/cliniccenter.co.uk\/tr\/turkiyede-meme-kucultme\/\">T\u00fcrkiye\u2019de Meme K\u00fc\u00e7\u00fcltme<\/a><\/p>\n\n\n\n<p><a href=\"https:\/\/cliniccenter.co.uk\/tr\/turkiyede-meme-diklestirme\/\">T\u00fcrkiye\u2019de Meme Dikle\u015ftirme<\/a><\/p>\n<\/div>\n\n\n\n<div class=\"wp-block-column is-layout-flow wp-block-column-is-layout-flow\">\n<h3 class=\"wp-block-heading\"><a href=\"https:\/\/cliniccenter.co.uk\/tr\/liposaksin-ve-karin-germe-galerisi\/\">Liposak\u015f\u0131n &amp; Kar\u0131n Germe Galerisi<\/a><\/h3>\n\n\n\n<figure class=\"wp-block-image size-full\"><img decoding=\"async\" width=\"1024\" height=\"640\" src=\"https:\/\/cliniccenter.co.uk\/wp-content\/uploads\/2023\/12\/liposuction-1.webp\" alt=\"\" class=\"wp-image-48579\" srcset=\"https:\/\/cliniccenter.co.uk\/wp-content\/uploads\/2023\/12\/liposuction-1.webp 1024w, https:\/\/cliniccenter.co.uk\/wp-content\/uploads\/2023\/12\/liposuction-1-300x188.webp 300w, https:\/\/cliniccenter.co.uk\/wp-content\/uploads\/2023\/12\/liposuction-1-768x480.webp 768w\" sizes=\"(max-width: 1024px) 100vw, 1024px\" \/><\/figure>\n\n\n\n<p><a href=\"https:\/\/cliniccenter.co.uk\/tr\/turkiyede-liposaksin\/\">T\u00fcrkiye\u2019de Liposak\u015f\u0131n<\/a><\/p>\n\n\n\n<p><a href=\"https:\/\/cliniccenter.co.uk\/tr\/turkiyede-karin-germe\/\">T\u00fcrkiye\u2019de Kar\u0131n Germe<\/a><\/p>\n\n\n\n<p><a href=\"https:\/\/cliniccenter.co.uk\/tr\/turkiyede-jinekomasti-operasyonu\/\">T\u00fcrkiye\u2019de Jinekomasti Operasyonu<\/a><\/p>\n<\/div>\n\n\n\n<div class=\"wp-block-column is-layout-flow wp-block-column-is-layout-flow\">\n<h3 class=\"wp-block-heading\"><a href=\"https:\/\/cliniccenter.co.uk\/tr\/rinoplasti-galerisi\/\">Rinoplasti Galerisi<\/a><\/h3>\n\n\n\n<figure class=\"wp-block-image size-full\"><img decoding=\"async\" width=\"900\" height=\"467\" src=\"https:\/\/cliniccenter.co.uk\/wp-content\/uploads\/2023\/12\/nose-surgery-1.webp\" alt=\"\" class=\"wp-image-48584\" srcset=\"https:\/\/cliniccenter.co.uk\/wp-content\/uploads\/2023\/12\/nose-surgery-1.webp 900w, https:\/\/cliniccenter.co.uk\/wp-content\/uploads\/2023\/12\/nose-surgery-1-300x156.webp 300w, https:\/\/cliniccenter.co.uk\/wp-content\/uploads\/2023\/12\/nose-surgery-1-768x399.webp 768w\" sizes=\"(max-width: 900px) 100vw, 900px\" \/><\/figure>\n\n\n\n<p><a href=\"https:\/\/cliniccenter.co.uk\/tr\/turkiyede-rinoplasti\/\">T\u00fcrkiye\u2019de Rinoplasti<\/a><\/p>\n<\/div>\n<\/div>\n\n\n\n<div class=\"wp-block-columns is-layout-flex wp-container-core-columns-is-layout-2 wp-block-columns-is-layout-flex\">\n<div class=\"wp-block-column is-layout-flow wp-block-column-is-layout-flow\">\n<h3 class=\"wp-block-heading\"><a href=\"https:\/\/cliniccenter.co.uk\/tr\/kalca-diklestirme-galerisi\/\">Kal\u00e7a Dikle\u015ftirme Galerisi<\/a><\/h3>\n\n\n\n<figure class=\"wp-block-image size-full\"><img decoding=\"async\" width=\"1024\" height=\"640\" src=\"https:\/\/cliniccenter.co.uk\/wp-content\/uploads\/2023\/12\/bbl-1.webp\" alt=\"\" class=\"wp-image-48589\" srcset=\"https:\/\/cliniccenter.co.uk\/wp-content\/uploads\/2023\/12\/bbl-1.webp 1024w, https:\/\/cliniccenter.co.uk\/wp-content\/uploads\/2023\/12\/bbl-1-300x188.webp 300w, https:\/\/cliniccenter.co.uk\/wp-content\/uploads\/2023\/12\/bbl-1-768x480.webp 768w\" sizes=\"(max-width: 1024px) 100vw, 1024px\" \/><\/figure>\n\n\n\n<p><a href=\"https:\/\/cliniccenter.co.uk\/tr\/turkiyede-brezilya-tipi-kalca-diklestirme\/\">T\u00fcrkiye\u2019de Brezilya Tipi Kal\u00e7a Dikle\u015ftirme<\/a><\/p>\n<\/div>\n\n\n\n<div class=\"wp-block-column is-layout-flow wp-block-column-is-layout-flow\">\n<h3 class=\"wp-block-heading\"><a href=\"https:\/\/cliniccenter.co.uk\/tr\/yuz-germe-galerisi\/\">Y\u00fcz Germe Galerisi<\/a><\/h3>\n\n\n\n<figure class=\"wp-block-image size-full\"><img decoding=\"async\" width=\"1024\" height=\"640\" src=\"https:\/\/cliniccenter.co.uk\/wp-content\/uploads\/2023\/12\/facelift-1.webp\" alt=\"\" class=\"wp-image-48594\" srcset=\"https:\/\/cliniccenter.co.uk\/wp-content\/uploads\/2023\/12\/facelift-1.webp 1024w, https:\/\/cliniccenter.co.uk\/wp-content\/uploads\/2023\/12\/facelift-1-300x188.webp 300w, https:\/\/cliniccenter.co.uk\/wp-content\/uploads\/2023\/12\/facelift-1-768x480.webp 768w\" sizes=\"(max-width: 1024px) 100vw, 1024px\" \/><\/figure>\n\n\n\n<p><a href=\"https:\/\/cliniccenter.co.uk\/tr\/turkiyede-yuz-germe\/\">T\u00fcrkiye\u2019de Y\u00fcz Germe<\/a><\/p>\n\n\n\n<p><a href=\"https:\/\/cliniccenter.co.uk\/tr\/turkiyede-goz-kapagi-germe\/\">T\u00fcrkiye\u2019de G\u00f6z Kapa\u011f\u0131 Germe<\/a><\/p>\n<\/div>\n\n\n\n<div class=\"wp-block-column is-layout-flow wp-block-column-is-layout-flow\">\n<h3 class=\"wp-block-heading\"><a href=\"https:\/\/cliniccenter.co.uk\/tr\/dis-tedavileri-galerisi\/\">Di\u015f Tedavileri Galerisi<\/a><\/h3>\n\n\n\n<figure class=\"wp-block-image size-full\"><img decoding=\"async\" width=\"600\" height=\"369\" src=\"https:\/\/cliniccenter.co.uk\/wp-content\/uploads\/2023\/12\/dis_kucuk-1-1.webp\" alt=\"\" class=\"wp-image-48599\" srcset=\"https:\/\/cliniccenter.co.uk\/wp-content\/uploads\/2023\/12\/dis_kucuk-1-1.webp 600w, https:\/\/cliniccenter.co.uk\/wp-content\/uploads\/2023\/12\/dis_kucuk-1-1-300x185.webp 300w\" sizes=\"(max-width: 600px) 100vw, 600px\" \/><\/figure>\n\n\n\n<p><a href=\"https:\/\/cliniccenter.co.uk\/tr\/turkiyede-dis-kaplama-tedavisi\/\">T\u00fcrkiye\u2019de Di\u015f Kaplama Tedavisi<\/a><\/p>\n\n\n\n<p><a href=\"https:\/\/cliniccenter.co.uk\/tr\/turkiyede-implant-tedavisi\/\"><a href=\"https:\/\/cliniccenter.co.uk\/dental-crowns-in-turkey\/\">T\u00fcrkiye\u2019de \u0130mplant Tedavisi<\/a><\/p>\n\n\n\n<p><a href=\"https:\/\/cliniccenter.co.uk\/tr\/turkiyede-porselen-veneer-tedavisi\/\">T\u00fcrkiye\u2019de Porselen Veneer Tedavisi<\/a><\/p>\n<\/div>\n\n\n\n<div class=\"wp-block-column is-layout-flow wp-block-column-is-layout-flow\">\n<h3 class=\"wp-block-heading\"><a href=\"https:\/\/cliniccenter.co.uk\/videos\/\">Clinic Center Hasta Videosu<\/a><\/h3>\n\n\n\n<figure class=\"wp-block-image size-full\"><img decoding=\"async\" width=\"1024\" height=\"576\" src=\"https:\/\/cliniccenter.co.uk\/wp-content\/uploads\/2023\/12\/Clinic-Center-Patient-Review-Videos-1.webp\" alt=\"\" class=\"wp-image-48604\" srcset=\"https:\/\/cliniccenter.co.uk\/wp-content\/uploads\/2023\/12\/Clinic-Center-Patient-Review-Videos-1.webp 1024w, https:\/\/cliniccenter.co.uk\/wp-content\/uploads\/2023\/12\/Clinic-Center-Patient-Review-Videos-1-300x169.webp 300w, https:\/\/cliniccenter.co.uk\/wp-content\/uploads\/2023\/12\/Clinic-Center-Patient-Review-Videos-1-768x432.webp 768w\" sizes=\"(max-width: 1024px) 100vw, 1024px\" \/><\/figure>\n\n\n\n<p><a href=\"https:\/\/cliniccenter.co.uk\/videos\/\">&gt;&gt;Videolar i\u00e7in t\u0131klay\u0131n<\/a><\/p>\n<\/div>\n<\/div>\n","protected":false},"excerpt":{"rendered":"<p>Sa\u00e7 Ekimi Galerisi T\u00fcrkiye&#8217;de Sa\u00e7 Ekimi T\u00fcrkiye&#8217;de Sakal Ekimi Meme Operasyonlar\u0131 Galerisi T\u00fcrkiye\u2019de Meme B\u00fcy\u00fctme T\u00fcrkiye\u2019de Meme K\u00fc\u00e7\u00fcltme T\u00fcrkiye\u2019de Meme Dikle\u015ftirme Liposak\u015f\u0131n &amp; Kar\u0131n Germe Galerisi T\u00fcrkiye\u2019de Liposak\u015f\u0131n T\u00fcrkiye\u2019de Kar\u0131n Germe T\u00fcrkiye\u2019de Jinekomasti Operasyonu Rinoplasti Galerisi T\u00fcrkiye\u2019de Rinoplasti Kal\u00e7a Dikle\u015ftirme Galerisi T\u00fcrkiye\u2019de Brezilya Tipi Kal\u00e7a Dikle\u015ftirme Y\u00fcz Germe Galerisi T\u00fcrkiye\u2019de Y\u00fcz Germe T\u00fcrkiye\u2019de G\u00f6z Kapa\u011f\u0131 [&hellip;]<\/p>\n","protected":false},"author":2,"featured_media":0,"parent":0,"menu_order":0,"comment_status":"closed","ping_status":"closed","template":"","meta":{"_uag_custom_page_level_css":"","_lmt_disableupdate":"no","_lmt_disable":"","site-sidebar-layout":"default","site-content-layout":"default","ast-site-content-layout":"default","site-content-style":"default","site-sidebar-style":"default","ast-global-header-display":"","ast-banner-title-visibility":"","ast-main-header-display":"","ast-hfb-above-header-display":"","ast-hfb-below-header-display":"","ast-hfb-mobile-header-display":"","site-post-title":"","ast-breadcrumbs-content":"","ast-featured-img":"","footer-sml-layout":"","theme-transparent-header-meta":"default","adv-header-id-meta":"","stick-header-meta":"","header-above-stick-meta":"","header-main-stick-meta":"","header-below-stick-meta":"","astra-migrate-meta-layouts":"set","ast-page-background-enabled":"default","ast-page-background-meta":{"desktop":{"background-color":"","background-image":"","background-repeat":"repeat","background-position":"center center","background-size":"auto","background-attachment":"scroll","background-type":"","background-media":"","overlay-type":"","overlay-color":"","overlay-opacity":"","overlay-gradient":""},"tablet":{"background-color":"","background-image":"","background-repeat":"repeat","background-position":"center center","background-size":"auto","background-attachment":"scroll","background-type":"","background-media":"","overlay-type":"","overlay-color":"","overlay-opacity":"","overlay-gradient":""},"mobile":{"background-color":"","background-image":"","background-repeat":"repeat","background-position":"center center","background-size":"auto","background-attachment":"scroll","background-type":"","background-media":"","overlay-type":"","overlay-color":"","overlay-opacity":"","overlay-gradient":""}},"ast-content-background-meta":{"desktop":{"background-color":"var(--ast-global-color-5)","background-image":"","background-repeat":"repeat","background-position":"center center","background-size":"auto","background-attachment":"scroll","background-type":"","background-media":"","overlay-type":"","overlay-color":"","overlay-opacity":"","overlay-gradient":""},"tablet":{"background-color":"var(--ast-global-color-5)","background-image":"","background-repeat":"repeat","background-position":"center center","background-size":"auto","background-attachment":"scroll","background-type":"","background-media":"","overlay-type":"","overlay-color":"","overlay-opacity":"","overlay-gradient":""},"mobile":{"background-color":"var(--ast-global-color-5)","background-image":"","background-repeat":"repeat","background-position":"center center","background-size":"auto","background-attachment":"scroll","background-type":"","background-media":"","overlay-type":"","overlay-color":"","overlay-opacity":"","overlay-gradient":""}},"footnotes":""},"class_list":["post-16274","page","type-page","status-publish","hentry"],"yoast_head":"<!-- This site is optimized with the Yoast SEO plugin v25.3.1 - https:\/\/yoast.com\/wordpress\/plugins\/seo\/ -->\n<title>Galeri -<\/title>\n<meta name=\"robots\" content=\"index, follow, max-snippet:-1, max-image-preview:large, max-video-preview:-1\" \/>\n<link rel=\"canonical\" href=\"https:\/\/cliniccenter.co.uk\/tr\/galeri\/\" \/>\n<meta property=\"og:locale\" content=\"tr_TR\" \/>\n<meta property=\"og:type\" content=\"article\" \/>\n<meta property=\"og:title\" content=\"Galeri -\" \/>\n<meta property=\"og:description\" content=\"Sa\u00e7 Ekimi Galerisi T\u00fcrkiye&#8217;de Sa\u00e7 Ekimi T\u00fcrkiye&#8217;de Sakal Ekimi Meme Operasyonlar\u0131 Galerisi T\u00fcrkiye\u2019de Meme B\u00fcy\u00fctme T\u00fcrkiye\u2019de Meme K\u00fc\u00e7\u00fcltme T\u00fcrkiye\u2019de Meme Dikle\u015ftirme Liposak\u015f\u0131n &amp; Kar\u0131n Germe Galerisi T\u00fcrkiye\u2019de Liposak\u015f\u0131n T\u00fcrkiye\u2019de Kar\u0131n Germe T\u00fcrkiye\u2019de Jinekomasti Operasyonu Rinoplasti Galerisi T\u00fcrkiye\u2019de Rinoplasti Kal\u00e7a Dikle\u015ftirme Galerisi T\u00fcrkiye\u2019de Brezilya Tipi Kal\u00e7a Dikle\u015ftirme Y\u00fcz Germe Galerisi T\u00fcrkiye\u2019de Y\u00fcz Germe T\u00fcrkiye\u2019de G\u00f6z Kapa\u011f\u0131 [&hellip;]\" \/>\n<meta property=\"og:url\" content=\"https:\/\/cliniccenter.co.uk\/tr\/galeri\/\" \/>\n<meta property=\"article:publisher\" content=\"https:\/\/www.facebook.com\/cliniccenter.co.uk\/\" \/>\n<meta property=\"article:modified_time\" content=\"2023-12-13T14:01:10+00:00\" \/>\n<meta property=\"og:image\" content=\"https:\/\/cliniccenter.co.uk\/wp-content\/uploads\/2023\/12\/hair-transplant-picture-1-1.webp\" \/>\n<meta name=\"twitter:card\" content=\"summary_large_image\" \/>\n<meta name=\"twitter:site\" content=\"@cliniccenteruk\" \/>\n<meta name=\"twitter:label1\" content=\"Tahmini okuma s\u00fcresi\" \/>\n\t<meta name=\"twitter:data1\" content=\"2 dakika\" \/>\n<!-- \/ Yoast SEO plugin. -->","yoast_head_json":{"title":"Galeri -","robots":{"index":"index","follow":"follow","max-snippet":"max-snippet:-1","max-image-preview":"max-image-preview:large","max-video-preview":"max-video-preview:-1"},"canonical":"https:\/\/cliniccenter.co.uk\/tr\/galeri\/","og_locale":"tr_TR","og_type":"article","og_title":"Galeri -","og_description":"Sa\u00e7 Ekimi Galerisi T\u00fcrkiye&#8217;de Sa\u00e7 Ekimi T\u00fcrkiye&#8217;de Sakal Ekimi Meme Operasyonlar\u0131 Galerisi T\u00fcrkiye\u2019de Meme B\u00fcy\u00fctme T\u00fcrkiye\u2019de Meme K\u00fc\u00e7\u00fcltme T\u00fcrkiye\u2019de Meme Dikle\u015ftirme Liposak\u015f\u0131n &amp; Kar\u0131n Germe Galerisi T\u00fcrkiye\u2019de Liposak\u015f\u0131n T\u00fcrkiye\u2019de Kar\u0131n Germe T\u00fcrkiye\u2019de Jinekomasti Operasyonu Rinoplasti Galerisi T\u00fcrkiye\u2019de Rinoplasti Kal\u00e7a Dikle\u015ftirme Galerisi T\u00fcrkiye\u2019de Brezilya Tipi Kal\u00e7a Dikle\u015ftirme Y\u00fcz Germe Galerisi T\u00fcrkiye\u2019de Y\u00fcz Germe T\u00fcrkiye\u2019de G\u00f6z Kapa\u011f\u0131 [&hellip;]","og_url":"https:\/\/cliniccenter.co.uk\/tr\/galeri\/","article_publisher":"https:\/\/www.facebook.com\/cliniccenter.co.uk\/","article_modified_time":"2023-12-13T14:01:10+00:00","og_image":[{"url":"https:\/\/cliniccenter.co.uk\/wp-content\/uploads\/2023\/12\/hair-transplant-picture-1-1.webp","type":"","width":"","height":""}],"twitter_card":"summary_large_image","twitter_site":"@cliniccenteruk","twitter_misc":{"Tahmini okuma s\u00fcresi":"2 dakika"},"schema":{"@context":"https:\/\/schema.org","@graph":[{"@type":"WebPage","@id":"https:\/\/cliniccenter.co.uk\/tr\/galeri\/","url":"https:\/\/cliniccenter.co.uk\/tr\/galeri\/","name":"Galeri -","isPartOf":{"@id":"https:\/\/cliniccenter.co.uk\/ro\/#website"},"primaryImageOfPage":{"@id":"https:\/\/cliniccenter.co.uk\/tr\/galeri\/#primaryimage"},"image":{"@id":"https:\/\/cliniccenter.co.uk\/tr\/galeri\/#primaryimage"},"thumbnailUrl":"https:\/\/cliniccenter.co.uk\/wp-content\/uploads\/2023\/12\/hair-transplant-picture-1-1.webp","datePublished":"2021-09-02T09:14:57+00:00","dateModified":"2023-12-13T14:01:10+00:00","breadcrumb":{"@id":"https:\/\/cliniccenter.co.uk\/tr\/galeri\/#breadcrumb"},"inLanguage":"tr","potentialAction":[{"@type":"ReadAction","target":["https:\/\/cliniccenter.co.uk\/tr\/galeri\/"]}]},{"@type":"ImageObject","inLanguage":"tr","@id":"https:\/\/cliniccenter.co.uk\/tr\/galeri\/#primaryimage","url":"https:\/\/cliniccenter.co.uk\/wp-content\/uploads\/2023\/12\/hair-transplant-picture-1-1.webp","contentUrl":"https:\/\/cliniccenter.co.uk\/wp-content\/uploads\/2023\/12\/hair-transplant-picture-1-1.webp"},{"@type":"BreadcrumbList","@id":"https:\/\/cliniccenter.co.uk\/tr\/galeri\/#breadcrumb","itemListElement":[{"@type":"ListItem","position":1,"name":"Home","item":"https:\/\/cliniccenter.co.uk\/tr\/"},{"@type":"ListItem","position":2,"name":"Galeri"}]},{"@type":"WebSite","@id":"https:\/\/cliniccenter.co.uk\/ro\/#website","url":"https:\/\/cliniccenter.co.uk\/ro\/","name":"","description":"","potentialAction":[{"@type":"SearchAction","target":{"@type":"EntryPoint","urlTemplate":"https:\/\/cliniccenter.co.uk\/ro\/?s={search_term_string}"},"query-input":{"@type":"PropertyValueSpecification","valueRequired":true,"valueName":"search_term_string"}}],"inLanguage":"tr"}]}},"uagb_featured_image_src":{"full":false,"thumbnail":false,"medium":false,"medium_large":false,"large":false,"1536x1536":false,"2048x2048":false},"uagb_author_info":{"display_name":"Sertac Ceki","author_link":"https:\/\/cliniccenter.co.uk\/tr\/blog\/author\/sertaccliniccenter-co-uk\/"},"uagb_comment_info":0,"uagb_excerpt":"Sa\u00e7 Ekimi Galerisi T\u00fcrkiye&#8217;de Sa\u00e7 Ekimi T\u00fcrkiye&#8217;de Sakal Ekimi Meme Operasyonlar\u0131 Galerisi T\u00fcrkiye\u2019de Meme B\u00fcy\u00fctme T\u00fcrkiye\u2019de Meme K\u00fc\u00e7\u00fcltme T\u00fcrkiye\u2019de Meme Dikle\u015ftirme Liposak\u015f\u0131n &amp; Kar\u0131n Germe Galerisi T\u00fcrkiye\u2019de Liposak\u015f\u0131n T\u00fcrkiye\u2019de Kar\u0131n Germe T\u00fcrkiye\u2019de Jinekomasti Operasyonu Rinoplasti Galerisi T\u00fcrkiye\u2019de Rinoplasti Kal\u00e7a Dikle\u015ftirme Galerisi T\u00fcrkiye\u2019de Brezilya Tipi Kal\u00e7a Dikle\u015ftirme Y\u00fcz Germe Galerisi T\u00fcrkiye\u2019de Y\u00fcz Germe T\u00fcrkiye\u2019de G\u00f6z Kapa\u011f\u0131&hellip;","_links":{"self":[{"href":"https:\/\/cliniccenter.co.uk\/tr\/wp-json\/wp\/v2\/pages\/16274"}],"collection":[{"href":"https:\/\/cliniccenter.co.uk\/tr\/wp-json\/wp\/v2\/pages"}],"about":[{"href":"https:\/\/cliniccenter.co.uk\/tr\/wp-json\/wp\/v2\/types\/page"}],"author":[{"embeddable":true,"href":"https:\/\/cliniccenter.co.uk\/tr\/wp-json\/wp\/v2\/users\/2"}],"replies":[{"embeddable":true,"href":"https:\/\/cliniccenter.co.uk\/tr\/wp-json\/wp\/v2\/comments?post=16274"}],"version-history":[{"count":10,"href":"https:\/\/cliniccenter.co.uk\/tr\/wp-json\/wp\/v2\/pages\/16274\/revisions"}],"predecessor-version":[{"id":49693,"href":"https:\/\/cliniccenter.co.uk\/tr\/wp-json\/wp\/v2\/pages\/16274\/revisions\/49693"}],"wp:attachment":[{"href":"https:\/\/cliniccenter.co.uk\/tr\/wp-json\/wp\/v2\/media?parent=16274"}],"curies":[{"name":"wp","href":"https:\/\/api.w.org\/{rel}","templated":true}]}}