{"id":16638,"date":"2018-12-30T05:53:35","date_gmt":"2018-12-30T05:53:35","guid":{"rendered":"https:\/\/cliniccenter.co.uk\/prof-dr-aydin-gozu\/"},"modified":"2024-03-27T12:11:19","modified_gmt":"2024-03-27T12:11:19","slug":"prof-dr-aydin","status":"publish","type":"page","link":"https:\/\/cliniccenter.co.uk\/tr\/prof-dr-aydin\/","title":{"rendered":"Prof. Dr. Aydin"},"content":{"rendered":"\n<div class=\"wp-block-columns is-layout-flex wp-container-core-columns-is-layout-4 wp-block-columns-is-layout-flex\">\n<div class=\"wp-block-column is-layout-flow wp-block-column-is-layout-flow\" style=\"flex-basis:33.33%\">\n<figure class=\"wp-block-image size-large\"><img decoding=\"async\" src=\"https:\/\/cliniccenter.co.uk\/wp-content\/uploads\/2023\/11\/aydin-gozu-517x1024-1.webp\" alt=\"\" class=\"wp-image-12653 skip-lazy\"\/><\/figure>\n<\/div>\n\n\n\n<div class=\"wp-block-column is-layout-flow wp-block-column-is-layout-flow\" style=\"flex-basis:66.66%\">\n<div class=\"wp-block-columns is-layout-flex wp-container-core-columns-is-layout-1 wp-block-columns-is-layout-flex\">\n<div class=\"wp-block-column leftpadbox is-layout-flow wp-block-column-is-layout-flow\">\n<p>Prof. Dr. Ayd\u0131n, T\u00fcrkiye\u2019deki en tan\u0131nm\u0131\u015f ve en yetenekli estetik cerrahlardan biridir. T\u0131p e\u011fitimini Hacettepe \u00dcniversitesi T\u0131p Fak\u00fcltesi\u2019nde tamamlam\u0131\u015f, daha sonra Plastik, Rekonstr\u00fcktif ve Estetik Cerrahi b\u00f6l\u00fcm\u00fcnde ara\u015ft\u0131rma asistan\u0131 olarak \u00e7al\u0131\u015fmaya ba\u015flam\u0131\u015ft\u0131r. Burada mikro cerrahi alan\u0131nda \u00f6nemli tecr\u00fcbeler edinmi\u015ftir. 1998\u2019de plastik cerrah, 2011\u2019de asistan profes\u00f6r ve 2016\u2019da profes\u00f6r olmu\u015ftur. Ba\u015far\u0131l\u0131 kariyeri s\u0131ras\u0131nda Fransa\u2019da Fran\u00e7ois Rabelais \u00dcniversitesi T\u0131p Fak\u00fcltesi\u2019nde \u00e7al\u0131\u015fm\u0131\u015f, estetik ve plastik cerrahi alan\u0131nda kapsaml\u0131 bir e\u011fitim alm\u0131\u015ft\u0131r. Washington\u2019da Virginia Arlington Hastanesi\u2019nde \u00e7al\u0131\u015farak tecr\u00fcbesini geli\u015ftirmi\u015ftir. Ba\u015fl\u0131ca uzmanl\u0131k alanlar\u0131 meme operasyonlar\u0131, estetik y\u00fcz operasyonlar\u0131, \u00e7e\u015fitli v\u00fccut \u015fekillendirme operasyonlar\u0131, burun operasyonlar\u0131 ve g\u00f6z kapa\u011f\u0131 operasyonlar\u0131d\u0131r.<\/p>\n\n\n\n<p>Prof. Dr. Ayd\u0131n, Uluslararas\u0131 Estetik Cerrahi Derne\u011fi (ISAPS) \u00fcyesidir ve alan\u0131nda s\u00fcregelen en yeni teknikleri ve teknolojik geli\u015fmeleri takip etmek i\u00e7in d\u00fczenli olarak ISAPS toplant\u0131lar\u0131na kat\u0131lmaktad\u0131r. Prof. Dr. Ayd\u0131n G\u00f6z\u00fc, \u0130stanbul Okan \u00dcniversitesi\u2019nde Plastik, Rekonstr\u00fcktif ve Estetik Cerrahi B\u00f6l\u00fcm\u00fc\u2019n\u00fc kurma onuruna eri\u015fmi\u015ftir. Hem T\u00fcrkiye\u2019de hem yurtd\u0131\u015f\u0131nda edindi\u011fi kapsaml\u0131 tecr\u00fcbeleri sayesinde hastalar onun ba\u015far\u0131yla sonu\u00e7lanan operasyonlar\u0131ndan ve harika ileti\u015fiminden \u00e7ok memnun kalmaktad\u0131r.<\/p>\n<\/div>\n<\/div>\n\n\n\n<div class=\"wp-block-columns leftpadbox is-layout-flex wp-container-core-columns-is-layout-2 wp-block-columns-is-layout-flex\">\n<div class=\"wp-block-column is-layout-flow wp-block-column-is-layout-flow\">\n<h4 class=\"wp-block-heading\">Sertifikalar<\/h4>\n\n\n\n<figure class=\"wp-block-gallery has-nested-images columns-default is-cropped wp-block-gallery-1 is-layout-flex wp-block-gallery-is-layout-flex\">\n<figure class=\"wp-block-image size-large\"><img decoding=\"async\" src=\"https:\/\/cliniccenter.co.uk\/wp-content\/uploads\/2023\/12\/dr_aydin_gozu_isaps_certificate.webp\" alt=\"\" class=\"wp-image-15789 skip-lazy\"\/><\/figure>\n\n\n\n<figure class=\"wp-block-image size-large\"><img decoding=\"async\" src=\"https:\/\/cliniccenter.co.uk\/wp-content\/uploads\/2023\/12\/dr_aydin_gozu_hospital_certificate.webp\" alt=\"\" class=\"wp-image-15795 skip-lazy\"\/><\/figure>\n<\/figure>\n<\/div>\n<\/div>\n\n\n\n<div class=\"wp-block-columns is-layout-flex wp-container-core-columns-is-layout-3 wp-block-columns-is-layout-flex\">\n<div class=\"wp-block-column leftpadbox is-layout-flow wp-block-column-is-layout-flow\">\n<p><strong><strong>Tecr\u00fcbe<\/strong><\/strong>: 28 y\u0131l<br><strong><strong>Tedavi Edilen Hasta \u00dclkeleri<\/strong><\/strong>: Birle\u015fik Krall\u0131k, \u0130rlanda, Avusturalya, Amerika Birle\u015fik Devletleri, Birle\u015fik Arap Emirlikleri, Suudi Arabistan, Kuveyt<br><strong><strong>\u00dcyelikler<\/strong><\/strong>: &nbsp;Uluslararas\u0131 Estetik Cerrahi Derne\u011fi (ISAPS), T\u00fcrk Plastik Rekonstr\u00fcktif ve Estetik Cerrahi Derne\u011fi (TPRECD), T\u00fcrk El Cerrahisi Derne\u011fi, Rekonstr\u00fcktif Mikrocerrahi Derne\u011fi<br><strong><strong>\u0130l<\/strong><\/strong>:&nbsp;Istanbul, T\u00fcrkiye<br><strong><strong>\u00c7al\u0131\u015fma G\u00fcnleri<\/strong><\/strong>: \u0130\u015f G\u00fcnleri ve Cumartesi<br><strong><strong>Diller<\/strong><\/strong>: \u0130ngilizce<br><strong><strong>\u0130leti\u015fim<\/strong><\/strong>:&nbsp;+44 20 3575 1039 &amp; info@cliniccenter.co.uk<\/p>\n<\/div>\n<\/div>\n<\/div>\n<\/div>\n","protected":false},"excerpt":{"rendered":"<p>Prof. Dr. Ayd\u0131n, T\u00fcrkiye\u2019deki en tan\u0131nm\u0131\u015f ve en yetenekli estetik cerrahlardan biridir. T\u0131p e\u011fitimini Hacettepe \u00dcniversitesi T\u0131p Fak\u00fcltesi\u2019nde tamamlam\u0131\u015f, daha sonra Plastik, Rekonstr\u00fcktif ve Estetik Cerrahi b\u00f6l\u00fcm\u00fcnde ara\u015ft\u0131rma asistan\u0131 olarak \u00e7al\u0131\u015fmaya ba\u015flam\u0131\u015ft\u0131r. Burada mikro cerrahi alan\u0131nda \u00f6nemli tecr\u00fcbeler edinmi\u015ftir. 1998\u2019de plastik cerrah, 2011\u2019de asistan profes\u00f6r ve 2016\u2019da profes\u00f6r olmu\u015ftur. Ba\u015far\u0131l\u0131 kariyeri s\u0131ras\u0131nda Fransa\u2019da Fran\u00e7ois Rabelais [&hellip;]<\/p>\n","protected":false},"author":1,"featured_media":0,"parent":16760,"menu_order":0,"comment_status":"closed","ping_status":"closed","template":"","meta":{"_uag_custom_page_level_css":"","_lmt_disableupdate":"no","_lmt_disable":"","site-sidebar-layout":"default","site-content-layout":"default","ast-site-content-layout":"default","site-content-style":"default","site-sidebar-style":"default","ast-global-header-display":"","ast-banner-title-visibility":"","ast-main-header-display":"","ast-hfb-above-header-display":"","ast-hfb-below-header-display":"","ast-hfb-mobile-header-display":"","site-post-title":"","ast-breadcrumbs-content":"","ast-featured-img":"","footer-sml-layout":"","theme-transparent-header-meta":"default","adv-header-id-meta":"","stick-header-meta":"","header-above-stick-meta":"","header-main-stick-meta":"","header-below-stick-meta":"","astra-migrate-meta-layouts":"set","ast-page-background-enabled":"default","ast-page-background-meta":{"desktop":{"background-color":"","background-image":"","background-repeat":"repeat","background-position":"center center","background-size":"auto","background-attachment":"scroll","background-type":"","background-media":"","overlay-type":"","overlay-color":"","overlay-opacity":"","overlay-gradient":""},"tablet":{"background-color":"","background-image":"","background-repeat":"repeat","background-position":"center center","background-size":"auto","background-attachment":"scroll","background-type":"","background-media":"","overlay-type":"","overlay-color":"","overlay-opacity":"","overlay-gradient":""},"mobile":{"background-color":"","background-image":"","background-repeat":"repeat","background-position":"center center","background-size":"auto","background-attachment":"scroll","background-type":"","background-media":"","overlay-type":"","overlay-color":"","overlay-opacity":"","overlay-gradient":""}},"ast-content-background-meta":{"desktop":{"background-color":"var(--ast-global-color-5)","background-image":"","background-repeat":"repeat","background-position":"center center","background-size":"auto","background-attachment":"scroll","background-type":"","background-media":"","overlay-type":"","overlay-color":"","overlay-opacity":"","overlay-gradient":""},"tablet":{"background-color":"var(--ast-global-color-5)","background-image":"","background-repeat":"repeat","background-position":"center center","background-size":"auto","background-attachment":"scroll","background-type":"","background-media":"","overlay-type":"","overlay-color":"","overlay-opacity":"","overlay-gradient":""},"mobile":{"background-color":"var(--ast-global-color-5)","background-image":"","background-repeat":"repeat","background-position":"center center","background-size":"auto","background-attachment":"scroll","background-type":"","background-media":"","overlay-type":"","overlay-color":"","overlay-opacity":"","overlay-gradient":""}},"footnotes":""},"class_list":["post-16638","page","type-page","status-publish","hentry"],"yoast_head":"<!-- This site is optimized with the Yoast SEO plugin v25.3.1 - https:\/\/yoast.com\/wordpress\/plugins\/seo\/ -->\n<title>Prof. Dr. Aydin | ISAPS \u00fcyesi estetik cerrah dr. Ayd\u0131n<\/title>\n<meta name=\"robots\" content=\"index, follow, max-snippet:-1, max-image-preview:large, max-video-preview:-1\" \/>\n<link rel=\"canonical\" href=\"https:\/\/cliniccenter.co.uk\/tr\/prof-dr-aydin\/\" \/>\n<meta property=\"og:locale\" content=\"tr_TR\" \/>\n<meta property=\"og:type\" content=\"article\" \/>\n<meta property=\"og:title\" content=\"Prof. Dr. Aydin | ISAPS \u00fcyesi estetik cerrah dr. Ayd\u0131n\" \/>\n<meta property=\"og:description\" content=\"Prof. Dr. Ayd\u0131n, T\u00fcrkiye\u2019deki en tan\u0131nm\u0131\u015f ve en yetenekli estetik cerrahlardan biridir. T\u0131p e\u011fitimini Hacettepe \u00dcniversitesi T\u0131p Fak\u00fcltesi\u2019nde tamamlam\u0131\u015f, daha sonra Plastik, Rekonstr\u00fcktif ve Estetik Cerrahi b\u00f6l\u00fcm\u00fcnde ara\u015ft\u0131rma asistan\u0131 olarak \u00e7al\u0131\u015fmaya ba\u015flam\u0131\u015ft\u0131r. Burada mikro cerrahi alan\u0131nda \u00f6nemli tecr\u00fcbeler edinmi\u015ftir. 1998\u2019de plastik cerrah, 2011\u2019de asistan profes\u00f6r ve 2016\u2019da profes\u00f6r olmu\u015ftur. Ba\u015far\u0131l\u0131 kariyeri s\u0131ras\u0131nda Fransa\u2019da Fran\u00e7ois Rabelais [&hellip;]\" \/>\n<meta property=\"og:url\" content=\"https:\/\/cliniccenter.co.uk\/tr\/prof-dr-aydin\/\" \/>\n<meta property=\"article:publisher\" content=\"https:\/\/www.facebook.com\/cliniccenter.co.uk\/\" \/>\n<meta property=\"article:modified_time\" content=\"2024-03-27T12:11:19+00:00\" \/>\n<meta property=\"og:image\" content=\"https:\/\/cliniccenter.co.uk\/wp-content\/uploads\/2023\/11\/aydin-gozu-517x1024-1.webp\" \/>\n<meta name=\"twitter:card\" content=\"summary_large_image\" \/>\n<meta name=\"twitter:site\" content=\"@cliniccenteruk\" \/>\n<meta name=\"twitter:label1\" content=\"Tahmini okuma s\u00fcresi\" \/>\n\t<meta name=\"twitter:data1\" content=\"2 dakika\" \/>\n<!-- \/ Yoast SEO plugin. -->","yoast_head_json":{"title":"Prof. Dr. Aydin | ISAPS \u00fcyesi estetik cerrah dr. Ayd\u0131n","robots":{"index":"index","follow":"follow","max-snippet":"max-snippet:-1","max-image-preview":"max-image-preview:large","max-video-preview":"max-video-preview:-1"},"canonical":"https:\/\/cliniccenter.co.uk\/tr\/prof-dr-aydin\/","og_locale":"tr_TR","og_type":"article","og_title":"Prof. Dr. Aydin | ISAPS \u00fcyesi estetik cerrah dr. Ayd\u0131n","og_description":"Prof. Dr. Ayd\u0131n, T\u00fcrkiye\u2019deki en tan\u0131nm\u0131\u015f ve en yetenekli estetik cerrahlardan biridir. T\u0131p e\u011fitimini Hacettepe \u00dcniversitesi T\u0131p Fak\u00fcltesi\u2019nde tamamlam\u0131\u015f, daha sonra Plastik, Rekonstr\u00fcktif ve Estetik Cerrahi b\u00f6l\u00fcm\u00fcnde ara\u015ft\u0131rma asistan\u0131 olarak \u00e7al\u0131\u015fmaya ba\u015flam\u0131\u015ft\u0131r. Burada mikro cerrahi alan\u0131nda \u00f6nemli tecr\u00fcbeler edinmi\u015ftir. 1998\u2019de plastik cerrah, 2011\u2019de asistan profes\u00f6r ve 2016\u2019da profes\u00f6r olmu\u015ftur. Ba\u015far\u0131l\u0131 kariyeri s\u0131ras\u0131nda Fransa\u2019da Fran\u00e7ois Rabelais [&hellip;]","og_url":"https:\/\/cliniccenter.co.uk\/tr\/prof-dr-aydin\/","article_publisher":"https:\/\/www.facebook.com\/cliniccenter.co.uk\/","article_modified_time":"2024-03-27T12:11:19+00:00","og_image":[{"url":"https:\/\/cliniccenter.co.uk\/wp-content\/uploads\/2023\/11\/aydin-gozu-517x1024-1.webp","type":"","width":"","height":""}],"twitter_card":"summary_large_image","twitter_site":"@cliniccenteruk","twitter_misc":{"Tahmini okuma s\u00fcresi":"2 dakika"},"schema":{"@context":"https:\/\/schema.org","@graph":[{"@type":"WebPage","@id":"https:\/\/cliniccenter.co.uk\/tr\/prof-dr-aydin\/","url":"https:\/\/cliniccenter.co.uk\/tr\/prof-dr-aydin\/","name":"Prof. Dr. Aydin | ISAPS \u00fcyesi estetik cerrah dr. Ayd\u0131n","isPartOf":{"@id":"https:\/\/cliniccenter.co.uk\/ro\/#website"},"primaryImageOfPage":{"@id":"https:\/\/cliniccenter.co.uk\/tr\/prof-dr-aydin\/#primaryimage"},"image":{"@id":"https:\/\/cliniccenter.co.uk\/tr\/prof-dr-aydin\/#primaryimage"},"thumbnailUrl":"https:\/\/cliniccenter.co.uk\/wp-content\/uploads\/2023\/11\/aydin-gozu-517x1024-1.webp","datePublished":"2018-12-30T05:53:35+00:00","dateModified":"2024-03-27T12:11:19+00:00","breadcrumb":{"@id":"https:\/\/cliniccenter.co.uk\/tr\/prof-dr-aydin\/#breadcrumb"},"inLanguage":"tr","potentialAction":[{"@type":"ReadAction","target":["https:\/\/cliniccenter.co.uk\/tr\/prof-dr-aydin\/"]}]},{"@type":"ImageObject","inLanguage":"tr","@id":"https:\/\/cliniccenter.co.uk\/tr\/prof-dr-aydin\/#primaryimage","url":"https:\/\/cliniccenter.co.uk\/wp-content\/uploads\/2023\/11\/aydin-gozu-517x1024-1.webp","contentUrl":"https:\/\/cliniccenter.co.uk\/wp-content\/uploads\/2023\/11\/aydin-gozu-517x1024-1.webp"},{"@type":"BreadcrumbList","@id":"https:\/\/cliniccenter.co.uk\/tr\/prof-dr-aydin\/#breadcrumb","itemListElement":[{"@type":"ListItem","position":1,"name":"Home","item":"https:\/\/cliniccenter.co.uk\/tr\/"},{"@type":"ListItem","position":2,"name":"Doktorlar","item":"https:\/\/cliniccenter.co.uk\/tr\/doktorlar\/"},{"@type":"ListItem","position":3,"name":"Prof. Dr. Aydin"}]},{"@type":"WebSite","@id":"https:\/\/cliniccenter.co.uk\/ro\/#website","url":"https:\/\/cliniccenter.co.uk\/ro\/","name":"","description":"","potentialAction":[{"@type":"SearchAction","target":{"@type":"EntryPoint","urlTemplate":"https:\/\/cliniccenter.co.uk\/ro\/?s={search_term_string}"},"query-input":{"@type":"PropertyValueSpecification","valueRequired":true,"valueName":"search_term_string"}}],"inLanguage":"tr"}]}},"uagb_featured_image_src":{"full":false,"thumbnail":false,"medium":false,"medium_large":false,"large":false,"1536x1536":false,"2048x2048":false},"uagb_author_info":{"display_name":"cliniccenter","author_link":"https:\/\/cliniccenter.co.uk\/tr\/blog\/author\/cliniccenter\/"},"uagb_comment_info":0,"uagb_excerpt":"Prof. Dr. Ayd\u0131n, T\u00fcrkiye\u2019deki en tan\u0131nm\u0131\u015f ve en yetenekli estetik cerrahlardan biridir. T\u0131p e\u011fitimini Hacettepe \u00dcniversitesi T\u0131p Fak\u00fcltesi\u2019nde tamamlam\u0131\u015f, daha sonra Plastik, Rekonstr\u00fcktif ve Estetik Cerrahi b\u00f6l\u00fcm\u00fcnde ara\u015ft\u0131rma asistan\u0131 olarak \u00e7al\u0131\u015fmaya ba\u015flam\u0131\u015ft\u0131r. Burada mikro cerrahi alan\u0131nda \u00f6nemli tecr\u00fcbeler edinmi\u015ftir. 1998\u2019de plastik cerrah, 2011\u2019de asistan profes\u00f6r ve 2016\u2019da profes\u00f6r olmu\u015ftur. Ba\u015far\u0131l\u0131 kariyeri s\u0131ras\u0131nda Fransa\u2019da Fran\u00e7ois Rabelais&hellip;","_links":{"self":[{"href":"https:\/\/cliniccenter.co.uk\/tr\/wp-json\/wp\/v2\/pages\/16638"}],"collection":[{"href":"https:\/\/cliniccenter.co.uk\/tr\/wp-json\/wp\/v2\/pages"}],"about":[{"href":"https:\/\/cliniccenter.co.uk\/tr\/wp-json\/wp\/v2\/types\/page"}],"author":[{"embeddable":true,"href":"https:\/\/cliniccenter.co.uk\/tr\/wp-json\/wp\/v2\/users\/1"}],"replies":[{"embeddable":true,"href":"https:\/\/cliniccenter.co.uk\/tr\/wp-json\/wp\/v2\/comments?post=16638"}],"version-history":[{"count":5,"href":"https:\/\/cliniccenter.co.uk\/tr\/wp-json\/wp\/v2\/pages\/16638\/revisions"}],"predecessor-version":[{"id":51062,"href":"https:\/\/cliniccenter.co.uk\/tr\/wp-json\/wp\/v2\/pages\/16638\/revisions\/51062"}],"up":[{"embeddable":true,"href":"https:\/\/cliniccenter.co.uk\/tr\/wp-json\/wp\/v2\/pages\/16760"}],"wp:attachment":[{"href":"https:\/\/cliniccenter.co.uk\/tr\/wp-json\/wp\/v2\/media?parent=16638"}],"curies":[{"name":"wp","href":"https:\/\/api.w.org\/{rel}","templated":true}]}}