{"id":16643,"date":"2019-01-02T13:09:42","date_gmt":"2019-01-02T13:09:42","guid":{"rendered":"https:\/\/cliniccenter.co.uk\/dr-cagri-sade\/"},"modified":"2024-03-27T13:21:14","modified_gmt":"2024-03-27T13:21:14","slug":"dr-cagri","status":"publish","type":"page","link":"https:\/\/cliniccenter.co.uk\/tr\/dr-cagri\/","title":{"rendered":"Dr. Cagri"},"content":{"rendered":"\n<div class=\"wp-block-columns is-layout-flex wp-container-core-columns-is-layout-3 wp-block-columns-is-layout-flex\">\n<div class=\"wp-block-column is-layout-flow wp-block-column-is-layout-flow\" style=\"flex-basis:33.33%\">\n<figure class=\"wp-block-image alignleft size-large\"><img decoding=\"async\" src=\"https:\/\/cliniccenter.co.uk\/wp-content\/uploads\/2023\/11\/cagri-sade-1-517x1024-1.webp\" alt=\"\" class=\"wp-image-12682 skip-lazy\"\/><\/figure>\n<\/div>\n\n\n\n<div class=\"wp-block-column is-layout-flow wp-block-column-is-layout-flow\" style=\"flex-basis:66.66%\">\n<div class=\"wp-block-columns is-layout-flex wp-container-core-columns-is-layout-1 wp-block-columns-is-layout-flex\">\n<div class=\"wp-block-column leftpadbox is-layout-flow wp-block-column-is-layout-flow\">\n<p>Dr. \u00c7a\u011fr\u0131 1994\u2019te Ankara \u00dcniversitesi T\u0131p Fak\u00fcltesi\u2019nden mezun olmu\u015f ve 2001 y\u0131l\u0131nda \u0130stanbul\u2019un en tan\u0131nm\u0131\u015f ara\u015ft\u0131rma hastanelerinden birinde uzmanl\u0131k e\u011fitimini tamamlam\u0131\u015ft\u0131r.<\/p>\n\n\n\n<p>Dr. \u00c7a\u011fr\u0131, plastik ve rekonstr\u00fcktif cerrahi alan\u0131nda bir \u00e7ok \u00f6nc\u00fc isimle birlikte \u00e7al\u0131\u015farak y\u00fcksek tecr\u00fcbe kazanm\u0131\u015f, bu sayede binlerce ba\u015far\u0131l\u0131 operasyon ger\u00e7ekle\u015ftirmi\u015ftir. 2001 y\u0131l\u0131nda uzmanl\u0131k e\u011fitimini tamamlamas\u0131n\u0131n ard\u0131ndan T\u00fcrkiye\u2019de plastik cerrahi alan\u0131ndaki en \u00f6nc\u00fc isimlerden biriyle \u00e7al\u0131\u015fma \u015fans\u0131n\u0131 kazanm\u0131\u015ft\u0131r.<\/p>\n\n\n\n<p>Dr. \u00c7a\u011fr\u0131, 2002\u2019de Amerikal\u0131 plastik cerrah Dr. Sherrell J. Aston\u2019un Observership program\u0131na kat\u0131lm\u0131\u015f, ayn\u0131 y\u0131l \u0130stanbul Amerikan Hastanesi\u2019nde cerrahl\u0131k g\u00f6revine ba\u015flam\u0131\u015ft\u0131r. <\/p>\n<\/div>\n<\/div>\n\n\n\n<h3 class=\"wp-block-heading\">Sertifikalar<\/h3>\n\n\n\n<figure class=\"wp-block-gallery has-nested-images columns-default is-cropped wp-block-gallery-1 is-layout-flex wp-block-gallery-is-layout-flex\">\n<figure class=\"wp-block-image size-large\"><img decoding=\"async\" src=\"https:\/\/cliniccenter.co.uk\/wp-content\/uploads\/2023\/12\/cagri-sade-2-1.webp\" alt=\"\" class=\"wp-image-16625 skip-lazy\"\/><\/figure>\n\n\n\n<figure class=\"wp-block-image size-large\"><img decoding=\"async\" src=\"https:\/\/cliniccenter.co.uk\/wp-content\/uploads\/2023\/12\/Cagri-Sade-Certificate-1.webp\" alt=\"\" class=\"wp-image-16631 skip-lazy\"\/><\/figure>\n<\/figure>\n\n\n\n<div class=\"wp-block-columns is-layout-flex wp-container-core-columns-is-layout-2 wp-block-columns-is-layout-flex\">\n<div class=\"wp-block-column leftpadbox is-layout-flow wp-block-column-is-layout-flow\">\n<p><strong><strong>Tecr\u00fcbe<\/strong><\/strong>: 18 y\u0131l<br><strong><strong>Tedavi Edilen Hasta \u00dclkeleri<\/strong><\/strong>: Birle\u015fik Krall\u0131k, \u0130rlanda, Avusturalya, Amerika Birle\u015fik Devletleri, Birle\u015fik Arap Emirlikleri, Suudi Arabistan, Kuveyt<br><strong>\u0130l<\/strong>:&nbsp;Istanbul, Turkiye<br><strong><strong>\u00c7al\u0131\u015fma G\u00fcnleri<\/strong><\/strong>: \u0130\u015f G\u00fcnleri ve Cumartesi<br><strong><strong>\u0130leti\u015fim<\/strong><\/strong>:&nbsp;+44 20 3575 1039 &amp; info@cliniccenter.co.uk<\/p>\n<\/div>\n<\/div>\n<\/div>\n<\/div>\n","protected":false},"excerpt":{"rendered":"<p>Dr. \u00c7a\u011fr\u0131 1994\u2019te Ankara \u00dcniversitesi T\u0131p Fak\u00fcltesi\u2019nden mezun olmu\u015f ve 2001 y\u0131l\u0131nda \u0130stanbul\u2019un en tan\u0131nm\u0131\u015f ara\u015ft\u0131rma hastanelerinden birinde uzmanl\u0131k e\u011fitimini tamamlam\u0131\u015ft\u0131r. Dr. \u00c7a\u011fr\u0131, plastik ve rekonstr\u00fcktif cerrahi alan\u0131nda bir \u00e7ok \u00f6nc\u00fc isimle birlikte \u00e7al\u0131\u015farak y\u00fcksek tecr\u00fcbe kazanm\u0131\u015f, bu sayede binlerce ba\u015far\u0131l\u0131 operasyon ger\u00e7ekle\u015ftirmi\u015ftir. 2001 y\u0131l\u0131nda uzmanl\u0131k e\u011fitimini tamamlamas\u0131n\u0131n ard\u0131ndan T\u00fcrkiye\u2019de plastik cerrahi alan\u0131ndaki en \u00f6nc\u00fc [&hellip;]<\/p>\n","protected":false},"author":2,"featured_media":0,"parent":16760,"menu_order":0,"comment_status":"closed","ping_status":"closed","template":"","meta":{"_uag_custom_page_level_css":"","_lmt_disableupdate":"no","_lmt_disable":"","site-sidebar-layout":"default","site-content-layout":"default","ast-site-content-layout":"default","site-content-style":"default","site-sidebar-style":"default","ast-global-header-display":"","ast-banner-title-visibility":"","ast-main-header-display":"","ast-hfb-above-header-display":"","ast-hfb-below-header-display":"","ast-hfb-mobile-header-display":"","site-post-title":"","ast-breadcrumbs-content":"","ast-featured-img":"","footer-sml-layout":"","theme-transparent-header-meta":"default","adv-header-id-meta":"","stick-header-meta":"","header-above-stick-meta":"","header-main-stick-meta":"","header-below-stick-meta":"","astra-migrate-meta-layouts":"set","ast-page-background-enabled":"default","ast-page-background-meta":{"desktop":{"background-color":"","background-image":"","background-repeat":"repeat","background-position":"center center","background-size":"auto","background-attachment":"scroll","background-type":"","background-media":"","overlay-type":"","overlay-color":"","overlay-opacity":"","overlay-gradient":""},"tablet":{"background-color":"","background-image":"","background-repeat":"repeat","background-position":"center center","background-size":"auto","background-attachment":"scroll","background-type":"","background-media":"","overlay-type":"","overlay-color":"","overlay-opacity":"","overlay-gradient":""},"mobile":{"background-color":"","background-image":"","background-repeat":"repeat","background-position":"center center","background-size":"auto","background-attachment":"scroll","background-type":"","background-media":"","overlay-type":"","overlay-color":"","overlay-opacity":"","overlay-gradient":""}},"ast-content-background-meta":{"desktop":{"background-color":"var(--ast-global-color-5)","background-image":"","background-repeat":"repeat","background-position":"center center","background-size":"auto","background-attachment":"scroll","background-type":"","background-media":"","overlay-type":"","overlay-color":"","overlay-opacity":"","overlay-gradient":""},"tablet":{"background-color":"var(--ast-global-color-5)","background-image":"","background-repeat":"repeat","background-position":"center center","background-size":"auto","background-attachment":"scroll","background-type":"","background-media":"","overlay-type":"","overlay-color":"","overlay-opacity":"","overlay-gradient":""},"mobile":{"background-color":"var(--ast-global-color-5)","background-image":"","background-repeat":"repeat","background-position":"center center","background-size":"auto","background-attachment":"scroll","background-type":"","background-media":"","overlay-type":"","overlay-color":"","overlay-opacity":"","overlay-gradient":""}},"footnotes":""},"class_list":["post-16643","page","type-page","status-publish","hentry"],"yoast_head":"<!-- This site is optimized with the Yoast SEO plugin v25.3.1 - https:\/\/yoast.com\/wordpress\/plugins\/seo\/ -->\n<title>Dr. Cagri | Clinic Center<\/title>\n<meta name=\"robots\" content=\"index, follow, max-snippet:-1, max-image-preview:large, max-video-preview:-1\" \/>\n<link rel=\"canonical\" href=\"https:\/\/cliniccenter.co.uk\/tr\/dr-cagri\/\" \/>\n<meta property=\"og:locale\" content=\"tr_TR\" \/>\n<meta property=\"og:type\" content=\"article\" \/>\n<meta property=\"og:title\" content=\"Dr. Cagri | Clinic Center\" \/>\n<meta property=\"og:description\" content=\"Dr. \u00c7a\u011fr\u0131 1994\u2019te Ankara \u00dcniversitesi T\u0131p Fak\u00fcltesi\u2019nden mezun olmu\u015f ve 2001 y\u0131l\u0131nda \u0130stanbul\u2019un en tan\u0131nm\u0131\u015f ara\u015ft\u0131rma hastanelerinden birinde uzmanl\u0131k e\u011fitimini tamamlam\u0131\u015ft\u0131r. Dr. \u00c7a\u011fr\u0131, plastik ve rekonstr\u00fcktif cerrahi alan\u0131nda bir \u00e7ok \u00f6nc\u00fc isimle birlikte \u00e7al\u0131\u015farak y\u00fcksek tecr\u00fcbe kazanm\u0131\u015f, bu sayede binlerce ba\u015far\u0131l\u0131 operasyon ger\u00e7ekle\u015ftirmi\u015ftir. 2001 y\u0131l\u0131nda uzmanl\u0131k e\u011fitimini tamamlamas\u0131n\u0131n ard\u0131ndan T\u00fcrkiye\u2019de plastik cerrahi alan\u0131ndaki en \u00f6nc\u00fc [&hellip;]\" \/>\n<meta property=\"og:url\" content=\"https:\/\/cliniccenter.co.uk\/tr\/dr-cagri\/\" \/>\n<meta property=\"article:publisher\" content=\"https:\/\/www.facebook.com\/cliniccenter.co.uk\/\" \/>\n<meta property=\"article:modified_time\" content=\"2024-03-27T13:21:14+00:00\" \/>\n<meta property=\"og:image\" content=\"https:\/\/cliniccenter.co.uk\/wp-content\/uploads\/2023\/11\/cagri-sade-1-517x1024-1.webp\" \/>\n<meta name=\"twitter:card\" content=\"summary_large_image\" \/>\n<meta name=\"twitter:site\" content=\"@cliniccenteruk\" \/>\n<meta name=\"twitter:label1\" content=\"Tahmini okuma s\u00fcresi\" \/>\n\t<meta name=\"twitter:data1\" content=\"2 dakika\" \/>\n<!-- \/ Yoast SEO plugin. -->","yoast_head_json":{"title":"Dr. Cagri | Clinic Center","robots":{"index":"index","follow":"follow","max-snippet":"max-snippet:-1","max-image-preview":"max-image-preview:large","max-video-preview":"max-video-preview:-1"},"canonical":"https:\/\/cliniccenter.co.uk\/tr\/dr-cagri\/","og_locale":"tr_TR","og_type":"article","og_title":"Dr. Cagri | Clinic Center","og_description":"Dr. \u00c7a\u011fr\u0131 1994\u2019te Ankara \u00dcniversitesi T\u0131p Fak\u00fcltesi\u2019nden mezun olmu\u015f ve 2001 y\u0131l\u0131nda \u0130stanbul\u2019un en tan\u0131nm\u0131\u015f ara\u015ft\u0131rma hastanelerinden birinde uzmanl\u0131k e\u011fitimini tamamlam\u0131\u015ft\u0131r. Dr. \u00c7a\u011fr\u0131, plastik ve rekonstr\u00fcktif cerrahi alan\u0131nda bir \u00e7ok \u00f6nc\u00fc isimle birlikte \u00e7al\u0131\u015farak y\u00fcksek tecr\u00fcbe kazanm\u0131\u015f, bu sayede binlerce ba\u015far\u0131l\u0131 operasyon ger\u00e7ekle\u015ftirmi\u015ftir. 2001 y\u0131l\u0131nda uzmanl\u0131k e\u011fitimini tamamlamas\u0131n\u0131n ard\u0131ndan T\u00fcrkiye\u2019de plastik cerrahi alan\u0131ndaki en \u00f6nc\u00fc [&hellip;]","og_url":"https:\/\/cliniccenter.co.uk\/tr\/dr-cagri\/","article_publisher":"https:\/\/www.facebook.com\/cliniccenter.co.uk\/","article_modified_time":"2024-03-27T13:21:14+00:00","og_image":[{"url":"https:\/\/cliniccenter.co.uk\/wp-content\/uploads\/2023\/11\/cagri-sade-1-517x1024-1.webp","type":"","width":"","height":""}],"twitter_card":"summary_large_image","twitter_site":"@cliniccenteruk","twitter_misc":{"Tahmini okuma s\u00fcresi":"2 dakika"},"schema":{"@context":"https:\/\/schema.org","@graph":[{"@type":"WebPage","@id":"https:\/\/cliniccenter.co.uk\/tr\/dr-cagri\/","url":"https:\/\/cliniccenter.co.uk\/tr\/dr-cagri\/","name":"Dr. Cagri | Clinic Center","isPartOf":{"@id":"https:\/\/cliniccenter.co.uk\/ro\/#website"},"primaryImageOfPage":{"@id":"https:\/\/cliniccenter.co.uk\/tr\/dr-cagri\/#primaryimage"},"image":{"@id":"https:\/\/cliniccenter.co.uk\/tr\/dr-cagri\/#primaryimage"},"thumbnailUrl":"https:\/\/cliniccenter.co.uk\/wp-content\/uploads\/2023\/11\/cagri-sade-1-517x1024-1.webp","datePublished":"2019-01-02T13:09:42+00:00","dateModified":"2024-03-27T13:21:14+00:00","breadcrumb":{"@id":"https:\/\/cliniccenter.co.uk\/tr\/dr-cagri\/#breadcrumb"},"inLanguage":"tr","potentialAction":[{"@type":"ReadAction","target":["https:\/\/cliniccenter.co.uk\/tr\/dr-cagri\/"]}]},{"@type":"ImageObject","inLanguage":"tr","@id":"https:\/\/cliniccenter.co.uk\/tr\/dr-cagri\/#primaryimage","url":"https:\/\/cliniccenter.co.uk\/wp-content\/uploads\/2023\/11\/cagri-sade-1-517x1024-1.webp","contentUrl":"https:\/\/cliniccenter.co.uk\/wp-content\/uploads\/2023\/11\/cagri-sade-1-517x1024-1.webp"},{"@type":"BreadcrumbList","@id":"https:\/\/cliniccenter.co.uk\/tr\/dr-cagri\/#breadcrumb","itemListElement":[{"@type":"ListItem","position":1,"name":"Home","item":"https:\/\/cliniccenter.co.uk\/tr\/"},{"@type":"ListItem","position":2,"name":"Doktorlar","item":"https:\/\/cliniccenter.co.uk\/tr\/doktorlar\/"},{"@type":"ListItem","position":3,"name":"Dr. Cagri"}]},{"@type":"WebSite","@id":"https:\/\/cliniccenter.co.uk\/ro\/#website","url":"https:\/\/cliniccenter.co.uk\/ro\/","name":"","description":"","potentialAction":[{"@type":"SearchAction","target":{"@type":"EntryPoint","urlTemplate":"https:\/\/cliniccenter.co.uk\/ro\/?s={search_term_string}"},"query-input":{"@type":"PropertyValueSpecification","valueRequired":true,"valueName":"search_term_string"}}],"inLanguage":"tr"}]}},"uagb_featured_image_src":{"full":false,"thumbnail":false,"medium":false,"medium_large":false,"large":false,"1536x1536":false,"2048x2048":false},"uagb_author_info":{"display_name":"Sertac Ceki","author_link":"https:\/\/cliniccenter.co.uk\/tr\/blog\/author\/sertaccliniccenter-co-uk\/"},"uagb_comment_info":0,"uagb_excerpt":"Dr. \u00c7a\u011fr\u0131 1994\u2019te Ankara \u00dcniversitesi T\u0131p Fak\u00fcltesi\u2019nden mezun olmu\u015f ve 2001 y\u0131l\u0131nda \u0130stanbul\u2019un en tan\u0131nm\u0131\u015f ara\u015ft\u0131rma hastanelerinden birinde uzmanl\u0131k e\u011fitimini tamamlam\u0131\u015ft\u0131r. Dr. \u00c7a\u011fr\u0131, plastik ve rekonstr\u00fcktif cerrahi alan\u0131nda bir \u00e7ok \u00f6nc\u00fc isimle birlikte \u00e7al\u0131\u015farak y\u00fcksek tecr\u00fcbe kazanm\u0131\u015f, bu sayede binlerce ba\u015far\u0131l\u0131 operasyon ger\u00e7ekle\u015ftirmi\u015ftir. 2001 y\u0131l\u0131nda uzmanl\u0131k e\u011fitimini tamamlamas\u0131n\u0131n ard\u0131ndan T\u00fcrkiye\u2019de plastik cerrahi alan\u0131ndaki en \u00f6nc\u00fc&hellip;","_links":{"self":[{"href":"https:\/\/cliniccenter.co.uk\/tr\/wp-json\/wp\/v2\/pages\/16643"}],"collection":[{"href":"https:\/\/cliniccenter.co.uk\/tr\/wp-json\/wp\/v2\/pages"}],"about":[{"href":"https:\/\/cliniccenter.co.uk\/tr\/wp-json\/wp\/v2\/types\/page"}],"author":[{"embeddable":true,"href":"https:\/\/cliniccenter.co.uk\/tr\/wp-json\/wp\/v2\/users\/2"}],"replies":[{"embeddable":true,"href":"https:\/\/cliniccenter.co.uk\/tr\/wp-json\/wp\/v2\/comments?post=16643"}],"version-history":[{"count":4,"href":"https:\/\/cliniccenter.co.uk\/tr\/wp-json\/wp\/v2\/pages\/16643\/revisions"}],"predecessor-version":[{"id":51088,"href":"https:\/\/cliniccenter.co.uk\/tr\/wp-json\/wp\/v2\/pages\/16643\/revisions\/51088"}],"up":[{"embeddable":true,"href":"https:\/\/cliniccenter.co.uk\/tr\/wp-json\/wp\/v2\/pages\/16760"}],"wp:attachment":[{"href":"https:\/\/cliniccenter.co.uk\/tr\/wp-json\/wp\/v2\/media?parent=16643"}],"curies":[{"name":"wp","href":"https:\/\/api.w.org\/{rel}","templated":true}]}}