{"id":16647,"date":"2017-05-29T06:14:27","date_gmt":"2017-05-29T06:14:27","guid":{"rendered":"https:\/\/cliniccenter.co.uk\/trichologist-rojbin-keleser\/"},"modified":"2026-02-27T12:20:19","modified_gmt":"2026-02-27T12:20:19","slug":"trikolojist-rojbin","status":"publish","type":"page","link":"https:\/\/cliniccenter.co.uk\/tr\/trikolojist-rojbin\/","title":{"rendered":"Trikolojist Rojbin"},"content":{"rendered":"\n<div class=\"wp-block-columns is-layout-flex wp-container-core-columns-is-layout-3 wp-block-columns-is-layout-flex\">\n<div class=\"wp-block-column is-layout-flow wp-block-column-is-layout-flow\" style=\"flex-basis:33.33%\">\n<figure class=\"wp-block-image alignleft size-large\"><img decoding=\"async\" width=\"518\" height=\"1024\" src=\"https:\/\/cliniccenter.co.uk\/wp-content\/uploads\/2023\/11\/Rojbin-Keleser-518x1024.webp\" alt=\"\" class=\"wp-image-47667\" srcset=\"https:\/\/cliniccenter.co.uk\/wp-content\/uploads\/2023\/11\/Rojbin-Keleser-518x1024.webp 518w, https:\/\/cliniccenter.co.uk\/wp-content\/uploads\/2023\/11\/Rojbin-Keleser-152x300.webp 152w, https:\/\/cliniccenter.co.uk\/wp-content\/uploads\/2023\/11\/Rojbin-Keleser.webp 548w\" sizes=\"(max-width: 518px) 100vw, 518px\" \/><\/figure>\n\n\n\n<p><\/p>\n<\/div>\n\n\n\n<div class=\"wp-block-column is-layout-flow wp-block-column-is-layout-flow\" style=\"flex-basis:66.66%\">\n<div class=\"wp-block-columns is-layout-flex wp-container-core-columns-is-layout-1 wp-block-columns-is-layout-flex\">\n<div class=\"wp-block-column leftpadbox is-layout-flow wp-block-column-is-layout-flow\">\n<p>Trikolojist Rojbin, Uluslararas\u0131 Sa\u00e7 Restorasyon Cerrahisi Derne\u011fi (ISHRS) doktorlar\u0131 ile 12 y\u0131ldan fazla bir s\u00fcredir \u00e7al\u0131\u015fmakta, birlikte sa\u00e7 ekimi operasyonlar\u0131 ger\u00e7ekle\u015ftirmektedir. Ayn\u0131 zamanda 8 y\u0131l\u0131 a\u015fk\u0131n bir s\u00fcredir kendi ba\u015f\u0131na sa\u00e7 ekimi operasyonlar\u0131 ger\u00e7ekle\u015ftirmektedir. Rojbin, kariyeri boyunca 5000\u2019den fazla sa\u00e7 ekimi operasyonu ger\u00e7ekle\u015ftirmi\u015f, ISHRS doktorlar\u0131yla \u00e7al\u0131\u015fma tecr\u00fcbesi onu T\u00fcrkiye\u2019deki en yetenekli sa\u00e7 ekimi uzmanlar\u0131ndan biri yapm\u0131\u015ft\u0131r.<\/p>\n\n\n\n<p>Kad\u0131n sa\u00e7 ekimi, erkek sa\u00e7 ekimi, d\u00fcz ve k\u0131v\u0131rc\u0131k sa\u00e7 ekimleri gibi bir\u00e7ok farkl\u0131 vaka ile \u00e7al\u0131\u015fm\u0131\u015f, bu t\u00fcr farkl\u0131 vakalarla \u00e7al\u0131\u015farak alan\u0131nda daha da uzmanla\u015fm\u0131\u015ft\u0131r. Hastalar\u0131n\u0131n ihtiya\u00e7lar\u0131n\u0131 kar\u015f\u0131lamaya b\u00fcy\u00fck \u00f6nem g\u00f6stermektedir. Bu sebeple i\u015fine kendini adayarak hastalar\u0131n\u0131 memnun etmek i\u00e7in genellikle sa\u00e7 ekimi operasyonlar\u0131n\u0131 tek bir seansta bitirmeye \u00f6zen g\u00f6stermektedir.<\/p>\n<\/div>\n<\/div>\n\n\n\n<div class=\"wp-block-columns leftpadbox is-layout-flex wp-container-core-columns-is-layout-2 wp-block-columns-is-layout-flex\">\n<div class=\"wp-block-column is-layout-flow wp-block-column-is-layout-flow\">\n<p><strong><strong>Tecr\u00fcbe<\/strong><\/strong>: 12 y\u0131l<br><strong><strong>Tedavi Edilen Hasta \u00dclkeleri<\/strong><\/strong>: Birle\u015fik Krall\u0131k, \u0130rlanda, Avusturalya, Amerika Birle\u015fik Devletleri, Birle\u015fik Arap Emirlikleri, Suudi Arabistan, Kuveyt<br><strong>\u0130l<\/strong>:&nbsp;Istanbul, Turkiye<br><strong><strong>\u00c7al\u0131\u015fma G\u00fcnleri<\/strong><\/strong>: \u0130\u015f G\u00fcnleri ve Cumartesi<br><strong>\u0130leti\u015fim<\/strong>:&nbsp;+44 20 3575 1039 &amp; info@cliniccenter.co.uk<\/p>\n<\/div>\n<\/div>\n<\/div>\n<\/div>\n","protected":false},"excerpt":{"rendered":"<p>Trikolojist Rojbin, Uluslararas\u0131 Sa\u00e7 Restorasyon Cerrahisi Derne\u011fi (ISHRS) doktorlar\u0131 ile 12 y\u0131ldan fazla bir s\u00fcredir \u00e7al\u0131\u015fmakta, birlikte sa\u00e7 ekimi operasyonlar\u0131 ger\u00e7ekle\u015ftirmektedir. Ayn\u0131 zamanda 8 y\u0131l\u0131 a\u015fk\u0131n bir s\u00fcredir kendi ba\u015f\u0131na sa\u00e7 ekimi operasyonlar\u0131 ger\u00e7ekle\u015ftirmektedir. Rojbin, kariyeri boyunca 5000\u2019den fazla sa\u00e7 ekimi operasyonu ger\u00e7ekle\u015ftirmi\u015f, ISHRS doktorlar\u0131yla \u00e7al\u0131\u015fma tecr\u00fcbesi onu T\u00fcrkiye\u2019deki en yetenekli sa\u00e7 ekimi uzmanlar\u0131ndan biri [&hellip;]<\/p>\n","protected":false},"author":1,"featured_media":50275,"parent":16760,"menu_order":0,"comment_status":"closed","ping_status":"closed","template":"","meta":{"_uag_custom_page_level_css":"","_lmt_disableupdate":"no","_lmt_disable":"","site-sidebar-layout":"default","site-content-layout":"default","ast-site-content-layout":"default","site-content-style":"default","site-sidebar-style":"default","ast-global-header-display":"","ast-banner-title-visibility":"","ast-main-header-display":"","ast-hfb-above-header-display":"","ast-hfb-below-header-display":"","ast-hfb-mobile-header-display":"","site-post-title":"","ast-breadcrumbs-content":"","ast-featured-img":"","footer-sml-layout":"","theme-transparent-header-meta":"default","adv-header-id-meta":"","stick-header-meta":"","header-above-stick-meta":"","header-main-stick-meta":"","header-below-stick-meta":"","astra-migrate-meta-layouts":"set","ast-page-background-enabled":"default","ast-page-background-meta":{"desktop":{"background-color":"","background-image":"","background-repeat":"repeat","background-position":"center center","background-size":"auto","background-attachment":"scroll","background-type":"","background-media":"","overlay-type":"","overlay-color":"","overlay-opacity":"","overlay-gradient":""},"tablet":{"background-color":"","background-image":"","background-repeat":"repeat","background-position":"center center","background-size":"auto","background-attachment":"scroll","background-type":"","background-media":"","overlay-type":"","overlay-color":"","overlay-opacity":"","overlay-gradient":""},"mobile":{"background-color":"","background-image":"","background-repeat":"repeat","background-position":"center center","background-size":"auto","background-attachment":"scroll","background-type":"","background-media":"","overlay-type":"","overlay-color":"","overlay-opacity":"","overlay-gradient":""}},"ast-content-background-meta":{"desktop":{"background-color":"var(--ast-global-color-5)","background-image":"","background-repeat":"repeat","background-position":"center center","background-size":"auto","background-attachment":"scroll","background-type":"","background-media":"","overlay-type":"","overlay-color":"","overlay-opacity":"","overlay-gradient":""},"tablet":{"background-color":"var(--ast-global-color-5)","background-image":"","background-repeat":"repeat","background-position":"center center","background-size":"auto","background-attachment":"scroll","background-type":"","background-media":"","overlay-type":"","overlay-color":"","overlay-opacity":"","overlay-gradient":""},"mobile":{"background-color":"var(--ast-global-color-5)","background-image":"","background-repeat":"repeat","background-position":"center center","background-size":"auto","background-attachment":"scroll","background-type":"","background-media":"","overlay-type":"","overlay-color":"","overlay-opacity":"","overlay-gradient":""}},"footnotes":""},"class_list":["post-16647","page","type-page","status-publish","has-post-thumbnail","hentry"],"yoast_head":"<!-- This site is optimized with the Yoast SEO plugin v25.3.1 - https:\/\/yoast.com\/wordpress\/plugins\/seo\/ -->\n<title>Trikolojist Rojbin | Clinic Center<\/title>\n<meta name=\"description\" content=\"Read more about partner expert Trichologist Rojbin at Clinic Center, with 12 years of experience in hair transplant.\" \/>\n<meta name=\"robots\" content=\"index, follow, max-snippet:-1, max-image-preview:large, max-video-preview:-1\" \/>\n<link rel=\"canonical\" href=\"https:\/\/cliniccenter.co.uk\/tr\/trikolojist-rojbin\/\" \/>\n<meta property=\"og:locale\" content=\"tr_TR\" \/>\n<meta property=\"og:type\" content=\"article\" \/>\n<meta property=\"og:title\" content=\"Trikolojist Rojbin | Clinic Center\" \/>\n<meta property=\"og:description\" content=\"Read more about partner expert Trichologist Rojbin at Clinic Center, with 12 years of experience in hair transplant.\" \/>\n<meta property=\"og:url\" content=\"https:\/\/cliniccenter.co.uk\/tr\/trikolojist-rojbin\/\" \/>\n<meta property=\"article:publisher\" content=\"https:\/\/www.facebook.com\/cliniccenter.co.uk\/\" \/>\n<meta property=\"article:modified_time\" content=\"2026-02-27T12:20:19+00:00\" \/>\n<meta property=\"og:image\" content=\"https:\/\/cliniccenter.co.uk\/wp-content\/uploads\/2024\/01\/Trichologist-Rojbin-Keleser.jpg\" \/>\n\t<meta property=\"og:image:width\" content=\"500\" \/>\n\t<meta property=\"og:image:height\" content=\"500\" \/>\n\t<meta property=\"og:image:type\" content=\"image\/jpeg\" \/>\n<meta name=\"twitter:card\" content=\"summary_large_image\" \/>\n<meta name=\"twitter:site\" content=\"@cliniccenteruk\" \/>\n<meta name=\"twitter:label1\" content=\"Tahmini okuma s\u00fcresi\" \/>\n\t<meta name=\"twitter:data1\" content=\"1 dakika\" \/>\n<!-- \/ Yoast SEO plugin. -->","yoast_head_json":{"title":"Trikolojist Rojbin | Clinic Center","description":"Read more about partner expert Trichologist Rojbin at Clinic Center, with 12 years of experience in hair transplant.","robots":{"index":"index","follow":"follow","max-snippet":"max-snippet:-1","max-image-preview":"max-image-preview:large","max-video-preview":"max-video-preview:-1"},"canonical":"https:\/\/cliniccenter.co.uk\/tr\/trikolojist-rojbin\/","og_locale":"tr_TR","og_type":"article","og_title":"Trikolojist Rojbin | Clinic Center","og_description":"Read more about partner expert Trichologist Rojbin at Clinic Center, with 12 years of experience in hair transplant.","og_url":"https:\/\/cliniccenter.co.uk\/tr\/trikolojist-rojbin\/","article_publisher":"https:\/\/www.facebook.com\/cliniccenter.co.uk\/","article_modified_time":"2026-02-27T12:20:19+00:00","og_image":[{"width":500,"height":500,"url":"https:\/\/cliniccenter.co.uk\/wp-content\/uploads\/2024\/01\/Trichologist-Rojbin-Keleser.jpg","type":"image\/jpeg"}],"twitter_card":"summary_large_image","twitter_site":"@cliniccenteruk","twitter_misc":{"Tahmini okuma s\u00fcresi":"1 dakika"},"schema":{"@context":"https:\/\/schema.org","@graph":[{"@type":"WebPage","@id":"https:\/\/cliniccenter.co.uk\/tr\/trikolojist-rojbin\/","url":"https:\/\/cliniccenter.co.uk\/tr\/trikolojist-rojbin\/","name":"Trikolojist Rojbin | Clinic Center","isPartOf":{"@id":"https:\/\/cliniccenter.co.uk\/ro\/#website"},"primaryImageOfPage":{"@id":"https:\/\/cliniccenter.co.uk\/tr\/trikolojist-rojbin\/#primaryimage"},"image":{"@id":"https:\/\/cliniccenter.co.uk\/tr\/trikolojist-rojbin\/#primaryimage"},"thumbnailUrl":"https:\/\/cliniccenter.co.uk\/wp-content\/uploads\/2024\/01\/Trichologist-Rojbin-Keleser.jpg","datePublished":"2017-05-29T06:14:27+00:00","dateModified":"2026-02-27T12:20:19+00:00","description":"Read more about partner expert Trichologist Rojbin at Clinic Center, with 12 years of experience in hair transplant.","breadcrumb":{"@id":"https:\/\/cliniccenter.co.uk\/tr\/trikolojist-rojbin\/#breadcrumb"},"inLanguage":"tr","potentialAction":[{"@type":"ReadAction","target":["https:\/\/cliniccenter.co.uk\/tr\/trikolojist-rojbin\/"]}]},{"@type":"ImageObject","inLanguage":"tr","@id":"https:\/\/cliniccenter.co.uk\/tr\/trikolojist-rojbin\/#primaryimage","url":"https:\/\/cliniccenter.co.uk\/wp-content\/uploads\/2024\/01\/Trichologist-Rojbin-Keleser.jpg","contentUrl":"https:\/\/cliniccenter.co.uk\/wp-content\/uploads\/2024\/01\/Trichologist-Rojbin-Keleser.jpg","width":500,"height":500},{"@type":"BreadcrumbList","@id":"https:\/\/cliniccenter.co.uk\/tr\/trikolojist-rojbin\/#breadcrumb","itemListElement":[{"@type":"ListItem","position":1,"name":"Home","item":"https:\/\/cliniccenter.co.uk\/tr\/"},{"@type":"ListItem","position":2,"name":"Doktorlar","item":"https:\/\/cliniccenter.co.uk\/tr\/doktorlar\/"},{"@type":"ListItem","position":3,"name":"Trikolojist Rojbin"}]},{"@type":"WebSite","@id":"https:\/\/cliniccenter.co.uk\/ro\/#website","url":"https:\/\/cliniccenter.co.uk\/ro\/","name":"","description":"","potentialAction":[{"@type":"SearchAction","target":{"@type":"EntryPoint","urlTemplate":"https:\/\/cliniccenter.co.uk\/ro\/?s={search_term_string}"},"query-input":{"@type":"PropertyValueSpecification","valueRequired":true,"valueName":"search_term_string"}}],"inLanguage":"tr"}]}},"uagb_featured_image_src":{"full":["https:\/\/cliniccenter.co.uk\/wp-content\/uploads\/2024\/01\/Trichologist-Rojbin-Keleser.jpg",500,500,false],"thumbnail":["https:\/\/cliniccenter.co.uk\/wp-content\/uploads\/2024\/01\/Trichologist-Rojbin-Keleser-150x150.jpg",150,150,true],"medium":["https:\/\/cliniccenter.co.uk\/wp-content\/uploads\/2024\/01\/Trichologist-Rojbin-Keleser-300x300.jpg",300,300,true],"medium_large":["https:\/\/cliniccenter.co.uk\/wp-content\/uploads\/2024\/01\/Trichologist-Rojbin-Keleser.jpg",500,500,false],"large":["https:\/\/cliniccenter.co.uk\/wp-content\/uploads\/2024\/01\/Trichologist-Rojbin-Keleser.jpg",500,500,false],"1536x1536":["https:\/\/cliniccenter.co.uk\/wp-content\/uploads\/2024\/01\/Trichologist-Rojbin-Keleser.jpg",500,500,false],"2048x2048":["https:\/\/cliniccenter.co.uk\/wp-content\/uploads\/2024\/01\/Trichologist-Rojbin-Keleser.jpg",500,500,false]},"uagb_author_info":{"display_name":"cliniccenter","author_link":"https:\/\/cliniccenter.co.uk\/tr\/blog\/author\/cliniccenter\/"},"uagb_comment_info":0,"uagb_excerpt":"Trikolojist Rojbin, Uluslararas\u0131 Sa\u00e7 Restorasyon Cerrahisi Derne\u011fi (ISHRS) doktorlar\u0131 ile 12 y\u0131ldan fazla bir s\u00fcredir \u00e7al\u0131\u015fmakta, birlikte sa\u00e7 ekimi operasyonlar\u0131 ger\u00e7ekle\u015ftirmektedir. Ayn\u0131 zamanda 8 y\u0131l\u0131 a\u015fk\u0131n bir s\u00fcredir kendi ba\u015f\u0131na sa\u00e7 ekimi operasyonlar\u0131 ger\u00e7ekle\u015ftirmektedir. Rojbin, kariyeri boyunca 5000\u2019den fazla sa\u00e7 ekimi operasyonu ger\u00e7ekle\u015ftirmi\u015f, ISHRS doktorlar\u0131yla \u00e7al\u0131\u015fma tecr\u00fcbesi onu T\u00fcrkiye\u2019deki en yetenekli sa\u00e7 ekimi uzmanlar\u0131ndan biri&hellip;","_links":{"self":[{"href":"https:\/\/cliniccenter.co.uk\/tr\/wp-json\/wp\/v2\/pages\/16647"}],"collection":[{"href":"https:\/\/cliniccenter.co.uk\/tr\/wp-json\/wp\/v2\/pages"}],"about":[{"href":"https:\/\/cliniccenter.co.uk\/tr\/wp-json\/wp\/v2\/types\/page"}],"author":[{"embeddable":true,"href":"https:\/\/cliniccenter.co.uk\/tr\/wp-json\/wp\/v2\/users\/1"}],"replies":[{"embeddable":true,"href":"https:\/\/cliniccenter.co.uk\/tr\/wp-json\/wp\/v2\/comments?post=16647"}],"version-history":[{"count":6,"href":"https:\/\/cliniccenter.co.uk\/tr\/wp-json\/wp\/v2\/pages\/16647\/revisions"}],"predecessor-version":[{"id":79848,"href":"https:\/\/cliniccenter.co.uk\/tr\/wp-json\/wp\/v2\/pages\/16647\/revisions\/79848"}],"up":[{"embeddable":true,"href":"https:\/\/cliniccenter.co.uk\/tr\/wp-json\/wp\/v2\/pages\/16760"}],"wp:featuredmedia":[{"embeddable":true,"href":"https:\/\/cliniccenter.co.uk\/tr\/wp-json\/wp\/v2\/media\/50275"}],"wp:attachment":[{"href":"https:\/\/cliniccenter.co.uk\/tr\/wp-json\/wp\/v2\/media?parent=16647"}],"curies":[{"name":"wp","href":"https:\/\/api.w.org\/{rel}","templated":true}]}}