{"id":44127,"date":"2022-11-16T12:38:46","date_gmt":"2022-11-16T12:38:46","guid":{"rendered":"https:\/\/cliniccenter.co.uk\/doktorlar\/hair-specialist-esra-gulsen\/"},"modified":"2024-03-28T08:11:18","modified_gmt":"2024-03-28T08:11:18","slug":"sac-uzmani-esra","status":"publish","type":"page","link":"https:\/\/cliniccenter.co.uk\/tr\/sac-uzmani-esra\/","title":{"rendered":"Dr. Esra | Sa\u00e7 Uzman\u0131 | Klinik Merkezi"},"content":{"rendered":"\n<div class=\"wp-block-columns is-layout-flex wp-container-core-columns-is-layout-3 wp-block-columns-is-layout-flex\">\n<div class=\"wp-block-column is-layout-flow wp-block-column-is-layout-flow\" style=\"flex-basis:33.33%\">\n<figure class=\"wp-block-image alignleft size-large\"><img decoding=\"async\" src=\"https:\/\/cliniccenter.co.uk\/wp-content\/uploads\/2023\/11\/nar-london-esra-dikey-517x1024-1.webp\" alt=\"nar-london-esra-dikey\" class=\"wp-image-40765 skip-lazy\"\/><\/figure>\n<\/div>\n\n\n\n<div class=\"wp-block-column is-layout-flow wp-block-column-is-layout-flow\" style=\"flex-basis:66.66%\">\n<div class=\"wp-block-columns is-layout-flex wp-container-core-columns-is-layout-1 wp-block-columns-is-layout-flex\">\n<div class=\"wp-block-column leftpadbox is-layout-flow wp-block-column-is-layout-flow\">\n<p>Nar London&#8217;\u0131n da kurucusu olan Sa\u00e7 Uzman\u0131 Dr Esra sa\u00e7 ekimi konusunda yetenekli ve deneyimlidir. Ba\u015far\u0131l\u0131 sonu\u00e7lara ula\u015fan hastalar, Doktor Esra&#8217;dan tedavi g\u00f6rmekten ve kendilerini emin ellerde hissetmekten her zaman mutlu olurlar. Doktor Esra, geni\u015f bir vaka yelpazesinde y\u00fczlerce ameliyat ger\u00e7ekle\u015ftirdikten sonra art\u0131k sa\u00e7 ekimi alan\u0131nda uzmanla\u015fm\u0131\u015ft\u0131r. Hastalar\u0131n\u0131 dikkatle dinler ve hastalar\u0131n\u0131n ihtiya\u00e7lar\u0131na \u00f6nem verir. Clinic Center partneri Sa\u00e7 Uzman\u0131 i\u015fine \u00e7ok \u00f6nem verir ve titizlikle \u00e7al\u0131\u015f\u0131r. Doktor Esra sa\u00e7 ekimi alan\u0131nda kendini s\u00fcrekli g\u00fcncel bilgi ve teknolojileri takip ederek geli\u015ftirmektedir.<\/p>\n<\/div>\n<\/div>\n\n\n\n<div class=\"wp-block-columns leftpadbox is-layout-flex wp-container-core-columns-is-layout-2 wp-block-columns-is-layout-flex\">\n<div class=\"wp-block-column is-layout-flow wp-block-column-is-layout-flow\">\n<p><strong>Deneyim<\/strong>: 10 y\u0131l<br><strong>Uluslararas\u0131 Tedavi Edilen Hastalar<\/strong>: Birle\u015fik Krall\u0131k, \u0130rlanda, Avustralya, Amerika Birle\u015fik Devletleri, Birle\u015fik Arap Emirlikleri, Suudi Arabistan, Kuveyt, Avrupa Birli\u011fi \u00dclkeleri<br><strong>Uzmanl\u0131k Alanlar\u0131:<\/strong> <a href=\"https:\/\/cliniccenter.co.uk\/hair-transplant-in-turkey\/\">Erkek Sa\u00e7 Ekimi, Kad\u0131n Sa\u00e7 Ekimi, FUE &amp; FUT Y\u00f6ntemi, DHI Y\u00f6ntemi, Ka\u015f Ekimi, Sakal Ekimi<\/a><br><strong>\u015eehir<\/strong>:&nbsp;\u0130stanbul, T\u00fcrkiye<br><strong>\u00c7al\u0131\u015fma G\u00fcnleri<\/strong>: Haftai\u00e7i ve Cumartesi<br><strong>\u0130leti\u015fim<\/strong>:&nbsp;+44 20 3575 1039 &amp; info@cliniccenter.co.uk<\/p>\n<\/div>\n<\/div>\n<\/div>\n<\/div>\n\n\n\n<script type=\"application\/ld+json\">\n        {\n            \"@context\": \"http:\\\/\\\/schema.org\",\n            \"@type\": \"Physician\",\n            \"@id\": \"https:\/\/cliniccenter.co.uk\/sac-uzman\u0131-esra\/\",\n            \"areaServed\": {\n                \"@type\": \"Place\",\n                \"name\": \"Istanbul, Turkey\"\n            },\n            \"alumniOf\": {\n                \"@type\": \"OrganizationRole\",\n                \"alumniOf\": {\n                    \"@type\": \"CollegeOrUniversity\",\n                    \"name\": \"International Society of Hair Restoration Surgery\"\n                }\n            },\n            \"employee\": {\n                \"@type\": \"Person\",\n                \"@id\": \"https:\/\/cliniccenter.co.uk\/hair-specialist-esra\/\",\n                \"description\": \"Nar London'\u0131n da kurucusu olan Sa\u00e7 Uzman\u0131 Dr Esra sa\u00e7 ekimi konusunda yetenekli ve deneyimlidir. Ba\u015far\u0131l\u0131 sonu\u00e7lara ula\u015fan hastalar, Doktor Esra'dan tedavi g\u00f6rmekten ve kendilerini emin ellerde hissetmekten her zaman mutlu olurlar. Doktor Esra, geni\u015f bir vaka yelpazesinde y\u00fczlerce ameliyat ger\u00e7ekle\u015ftirdikten sonra art\u0131k sa\u00e7 ekimi alan\u0131nda uzmanla\u015fm\u0131\u015ft\u0131r. Hastalar\u0131n\u0131 dikkatle dinler ve hastalar\u0131n\u0131n ihtiya\u00e7lar\u0131na \u00f6nem verir. Clinic Center partneri Sa\u00e7 Uzman\u0131 i\u015fine \u00e7ok \u00f6nem verir ve titizlikle \u00e7al\u0131\u015f\u0131r. Doktor Esra sa\u00e7 ekimi alan\u0131nda kendini s\u00fcrekli g\u00fcncel bilgi ve teknolojileri takip ederek geli\u015ftirmektedir.\",\n                \"hasOccupation\": {\n                    \"@type\": \"Occupation\",\n                    \"name\": \"Hair Transplant\"\n                },\n                \"knowsLanguage\": {\n                    \"@type\": \"Language\",\n                    \"name\": \"English\",\n                    \"alternateName\": \"en\"\n                },\n                \"honorificSuffix\": \"Hair Specialist\"\n            },\n            \"hospitalAffiliation\": {\n                \"image\": {\n                    \"@type\": \"ImageObject\",\n                    \"@id\": \"https:\/\/cliniccenter.co.uk\/wp-content\/uploads\/2022\/11\/nar-london-esra-dikey.jpg\"\n                }\n            },\n            \"isAcceptingNewPatients\": \"https:\\\/\\\/schema.org\\\/True\",\n            \"isAccessibleForFree\": \"https:\\\/\\\/schema.org\\\/False\",\n            \"medicalSpecialty\": {\n                \"@type\": \"MedicalSpecialty\",\n                \"name\": \"Male Hair Transplantation, Female Hair Transplantation, FUE & FUT Method, DHI Method, Eyebrow Transplantation, Beard Transplantation\"\n            },\n\n            \"name\": \"Hair Specialist Esra\"\n        }\n    <\/script>\n","protected":false},"excerpt":{"rendered":"<p>Nar London&#8217;\u0131n da kurucusu olan Sa\u00e7 Uzman\u0131 Dr Esra sa\u00e7 ekimi konusunda yetenekli ve deneyimlidir. Ba\u015far\u0131l\u0131 sonu\u00e7lara ula\u015fan hastalar, Doktor Esra&#8217;dan tedavi g\u00f6rmekten ve kendilerini emin ellerde hissetmekten her zaman mutlu olurlar. Doktor Esra, geni\u015f bir vaka yelpazesinde y\u00fczlerce ameliyat ger\u00e7ekle\u015ftirdikten sonra art\u0131k sa\u00e7 ekimi alan\u0131nda uzmanla\u015fm\u0131\u015ft\u0131r. Hastalar\u0131n\u0131 dikkatle dinler ve hastalar\u0131n\u0131n ihtiya\u00e7lar\u0131na \u00f6nem verir. [&hellip;]<\/p>\n","protected":false},"author":15,"featured_media":0,"parent":16760,"menu_order":0,"comment_status":"closed","ping_status":"closed","template":"","meta":{"_uag_custom_page_level_css":"","_lmt_disableupdate":"no","_lmt_disable":"","site-sidebar-layout":"default","site-content-layout":"default","ast-site-content-layout":"default","site-content-style":"default","site-sidebar-style":"default","ast-global-header-display":"","ast-banner-title-visibility":"","ast-main-header-display":"","ast-hfb-above-header-display":"","ast-hfb-below-header-display":"","ast-hfb-mobile-header-display":"","site-post-title":"","ast-breadcrumbs-content":"","ast-featured-img":"","footer-sml-layout":"","theme-transparent-header-meta":"default","adv-header-id-meta":"","stick-header-meta":"","header-above-stick-meta":"","header-main-stick-meta":"","header-below-stick-meta":"","astra-migrate-meta-layouts":"set","ast-page-background-enabled":"default","ast-page-background-meta":{"desktop":{"background-color":"","background-image":"","background-repeat":"repeat","background-position":"center center","background-size":"auto","background-attachment":"scroll","background-type":"","background-media":"","overlay-type":"","overlay-color":"","overlay-opacity":"","overlay-gradient":""},"tablet":{"background-color":"","background-image":"","background-repeat":"repeat","background-position":"center center","background-size":"auto","background-attachment":"scroll","background-type":"","background-media":"","overlay-type":"","overlay-color":"","overlay-opacity":"","overlay-gradient":""},"mobile":{"background-color":"","background-image":"","background-repeat":"repeat","background-position":"center center","background-size":"auto","background-attachment":"scroll","background-type":"","background-media":"","overlay-type":"","overlay-color":"","overlay-opacity":"","overlay-gradient":""}},"ast-content-background-meta":{"desktop":{"background-color":"var(--ast-global-color-5)","background-image":"","background-repeat":"repeat","background-position":"center center","background-size":"auto","background-attachment":"scroll","background-type":"","background-media":"","overlay-type":"","overlay-color":"","overlay-opacity":"","overlay-gradient":""},"tablet":{"background-color":"var(--ast-global-color-5)","background-image":"","background-repeat":"repeat","background-position":"center center","background-size":"auto","background-attachment":"scroll","background-type":"","background-media":"","overlay-type":"","overlay-color":"","overlay-opacity":"","overlay-gradient":""},"mobile":{"background-color":"var(--ast-global-color-5)","background-image":"","background-repeat":"repeat","background-position":"center center","background-size":"auto","background-attachment":"scroll","background-type":"","background-media":"","overlay-type":"","overlay-color":"","overlay-opacity":"","overlay-gradient":""}},"footnotes":""},"class_list":["post-44127","page","type-page","status-publish","hentry"],"yoast_head":"<!-- This site is optimized with the Yoast SEO plugin v25.3.1 - https:\/\/yoast.com\/wordpress\/plugins\/seo\/ -->\n<title>Dr. Esra | Sa\u00e7 Uzman\u0131 | Clinic Center<\/title>\n<meta name=\"description\" content=\"Sa\u00e7 ekimi ve sa\u00e7 tedavisinde 10 y\u0131ll\u0131k deneyime sahip Clinic Center&#039;de partner uzman Sa\u00e7 Uzman\u0131 Esra hakk\u0131nda daha fazlas\u0131n\u0131 okuyun!\" \/>\n<meta name=\"robots\" content=\"index, follow, max-snippet:-1, max-image-preview:large, max-video-preview:-1\" \/>\n<link rel=\"canonical\" href=\"https:\/\/cliniccenter.co.uk\/tr\/sac-uzmani-esra\/\" \/>\n<meta property=\"og:locale\" content=\"tr_TR\" \/>\n<meta property=\"og:type\" content=\"article\" \/>\n<meta property=\"og:title\" content=\"Dr. Esra | Sa\u00e7 Uzman\u0131 | Clinic Center\" \/>\n<meta property=\"og:description\" content=\"Sa\u00e7 ekimi ve sa\u00e7 tedavisinde 10 y\u0131ll\u0131k deneyime sahip Clinic Center&#039;de partner uzman Sa\u00e7 Uzman\u0131 Esra hakk\u0131nda daha fazlas\u0131n\u0131 okuyun!\" \/>\n<meta property=\"og:url\" content=\"https:\/\/cliniccenter.co.uk\/tr\/sac-uzmani-esra\/\" \/>\n<meta property=\"article:publisher\" content=\"https:\/\/www.facebook.com\/cliniccenter.co.uk\/\" \/>\n<meta property=\"article:modified_time\" content=\"2024-03-28T08:11:18+00:00\" \/>\n<meta property=\"og:image\" content=\"https:\/\/cliniccenter.co.uk\/wp-content\/uploads\/2023\/11\/nar-london-esra-dikey-517x1024-1.webp\" \/>\n<meta name=\"twitter:card\" content=\"summary_large_image\" \/>\n<meta name=\"twitter:site\" content=\"@cliniccenteruk\" \/>\n<meta name=\"twitter:label1\" content=\"Tahmini okuma s\u00fcresi\" \/>\n\t<meta name=\"twitter:data1\" content=\"1 dakika\" \/>\n<!-- \/ Yoast SEO plugin. -->","yoast_head_json":{"title":"Dr. Esra | Sa\u00e7 Uzman\u0131 | Clinic Center","description":"Sa\u00e7 ekimi ve sa\u00e7 tedavisinde 10 y\u0131ll\u0131k deneyime sahip Clinic Center'de partner uzman Sa\u00e7 Uzman\u0131 Esra hakk\u0131nda daha fazlas\u0131n\u0131 okuyun!","robots":{"index":"index","follow":"follow","max-snippet":"max-snippet:-1","max-image-preview":"max-image-preview:large","max-video-preview":"max-video-preview:-1"},"canonical":"https:\/\/cliniccenter.co.uk\/tr\/sac-uzmani-esra\/","og_locale":"tr_TR","og_type":"article","og_title":"Dr. Esra | Sa\u00e7 Uzman\u0131 | Clinic Center","og_description":"Sa\u00e7 ekimi ve sa\u00e7 tedavisinde 10 y\u0131ll\u0131k deneyime sahip Clinic Center'de partner uzman Sa\u00e7 Uzman\u0131 Esra hakk\u0131nda daha fazlas\u0131n\u0131 okuyun!","og_url":"https:\/\/cliniccenter.co.uk\/tr\/sac-uzmani-esra\/","article_publisher":"https:\/\/www.facebook.com\/cliniccenter.co.uk\/","article_modified_time":"2024-03-28T08:11:18+00:00","og_image":[{"url":"https:\/\/cliniccenter.co.uk\/wp-content\/uploads\/2023\/11\/nar-london-esra-dikey-517x1024-1.webp","type":"","width":"","height":""}],"twitter_card":"summary_large_image","twitter_site":"@cliniccenteruk","twitter_misc":{"Tahmini okuma s\u00fcresi":"1 dakika"},"schema":{"@context":"https:\/\/schema.org","@graph":[{"@type":"WebPage","@id":"https:\/\/cliniccenter.co.uk\/tr\/sac-uzmani-esra\/","url":"https:\/\/cliniccenter.co.uk\/tr\/sac-uzmani-esra\/","name":"Dr. Esra | Sa\u00e7 Uzman\u0131 | Clinic Center","isPartOf":{"@id":"https:\/\/cliniccenter.co.uk\/ro\/#website"},"primaryImageOfPage":{"@id":"https:\/\/cliniccenter.co.uk\/tr\/sac-uzmani-esra\/#primaryimage"},"image":{"@id":"https:\/\/cliniccenter.co.uk\/tr\/sac-uzmani-esra\/#primaryimage"},"thumbnailUrl":"https:\/\/cliniccenter.co.uk\/wp-content\/uploads\/2023\/11\/nar-london-esra-dikey-517x1024-1.webp","datePublished":"2022-11-16T12:38:46+00:00","dateModified":"2024-03-28T08:11:18+00:00","description":"Sa\u00e7 ekimi ve sa\u00e7 tedavisinde 10 y\u0131ll\u0131k deneyime sahip Clinic Center'de partner uzman Sa\u00e7 Uzman\u0131 Esra hakk\u0131nda daha fazlas\u0131n\u0131 okuyun!","breadcrumb":{"@id":"https:\/\/cliniccenter.co.uk\/tr\/sac-uzmani-esra\/#breadcrumb"},"inLanguage":"tr","potentialAction":[{"@type":"ReadAction","target":["https:\/\/cliniccenter.co.uk\/tr\/sac-uzmani-esra\/"]}]},{"@type":"ImageObject","inLanguage":"tr","@id":"https:\/\/cliniccenter.co.uk\/tr\/sac-uzmani-esra\/#primaryimage","url":"https:\/\/cliniccenter.co.uk\/wp-content\/uploads\/2023\/11\/nar-london-esra-dikey-517x1024-1.webp","contentUrl":"https:\/\/cliniccenter.co.uk\/wp-content\/uploads\/2023\/11\/nar-london-esra-dikey-517x1024-1.webp"},{"@type":"BreadcrumbList","@id":"https:\/\/cliniccenter.co.uk\/tr\/sac-uzmani-esra\/#breadcrumb","itemListElement":[{"@type":"ListItem","position":1,"name":"Home","item":"https:\/\/cliniccenter.co.uk\/tr\/"},{"@type":"ListItem","position":2,"name":"Doktorlar","item":"https:\/\/cliniccenter.co.uk\/tr\/doktorlar\/"},{"@type":"ListItem","position":3,"name":"Dr. Esra | Sa\u00e7 Uzman\u0131 | Klinik Merkezi"}]},{"@type":"WebSite","@id":"https:\/\/cliniccenter.co.uk\/ro\/#website","url":"https:\/\/cliniccenter.co.uk\/ro\/","name":"","description":"","potentialAction":[{"@type":"SearchAction","target":{"@type":"EntryPoint","urlTemplate":"https:\/\/cliniccenter.co.uk\/ro\/?s={search_term_string}"},"query-input":{"@type":"PropertyValueSpecification","valueRequired":true,"valueName":"search_term_string"}}],"inLanguage":"tr"}]}},"uagb_featured_image_src":{"full":false,"thumbnail":false,"medium":false,"medium_large":false,"large":false,"1536x1536":false,"2048x2048":false},"uagb_author_info":{"display_name":"G\u00f6rkem G\u00fcng\u00f6r","author_link":"https:\/\/cliniccenter.co.uk\/tr\/blog\/author\/gorkem\/"},"uagb_comment_info":0,"uagb_excerpt":"Nar London&#8217;\u0131n da kurucusu olan Sa\u00e7 Uzman\u0131 Dr Esra sa\u00e7 ekimi konusunda yetenekli ve deneyimlidir. Ba\u015far\u0131l\u0131 sonu\u00e7lara ula\u015fan hastalar, Doktor Esra&#8217;dan tedavi g\u00f6rmekten ve kendilerini emin ellerde hissetmekten her zaman mutlu olurlar. Doktor Esra, geni\u015f bir vaka yelpazesinde y\u00fczlerce ameliyat ger\u00e7ekle\u015ftirdikten sonra art\u0131k sa\u00e7 ekimi alan\u0131nda uzmanla\u015fm\u0131\u015ft\u0131r. Hastalar\u0131n\u0131 dikkatle dinler ve hastalar\u0131n\u0131n ihtiya\u00e7lar\u0131na \u00f6nem verir.&hellip;","_links":{"self":[{"href":"https:\/\/cliniccenter.co.uk\/tr\/wp-json\/wp\/v2\/pages\/44127"}],"collection":[{"href":"https:\/\/cliniccenter.co.uk\/tr\/wp-json\/wp\/v2\/pages"}],"about":[{"href":"https:\/\/cliniccenter.co.uk\/tr\/wp-json\/wp\/v2\/types\/page"}],"author":[{"embeddable":true,"href":"https:\/\/cliniccenter.co.uk\/tr\/wp-json\/wp\/v2\/users\/15"}],"replies":[{"embeddable":true,"href":"https:\/\/cliniccenter.co.uk\/tr\/wp-json\/wp\/v2\/comments?post=44127"}],"version-history":[{"count":5,"href":"https:\/\/cliniccenter.co.uk\/tr\/wp-json\/wp\/v2\/pages\/44127\/revisions"}],"predecessor-version":[{"id":51113,"href":"https:\/\/cliniccenter.co.uk\/tr\/wp-json\/wp\/v2\/pages\/44127\/revisions\/51113"}],"up":[{"embeddable":true,"href":"https:\/\/cliniccenter.co.uk\/tr\/wp-json\/wp\/v2\/pages\/16760"}],"wp:attachment":[{"href":"https:\/\/cliniccenter.co.uk\/tr\/wp-json\/wp\/v2\/media?parent=44127"}],"curies":[{"name":"wp","href":"https:\/\/api.w.org\/{rel}","templated":true}]}}