{"id":44132,"date":"2021-03-19T08:00:01","date_gmt":"2021-03-19T08:00:01","guid":{"rendered":"https:\/\/cliniccenter.co.uk\/doktorlar\/assoc-prof-dr-daghan-isik\/"},"modified":"2024-11-18T13:58:14","modified_gmt":"2024-11-18T13:58:14","slug":"assoc-prof-dr-daghan","status":"publish","type":"page","link":"https:\/\/cliniccenter.co.uk\/tr\/assoc-prof-dr-daghan\/","title":{"rendered":"Do\u00e7. Dr. Da\u011fhan | Plastik Cerrahi Doktoru | Klinik Merkezi"},"content":{"rendered":"\n<div class=\"wp-block-columns is-layout-flex wp-container-core-columns-is-layout-3 wp-block-columns-is-layout-flex\">\n<div class=\"wp-block-column is-layout-flow wp-block-column-is-layout-flow\" style=\"flex-basis:33.33%\">\n<figure class=\"wp-block-image size-large\"><img decoding=\"async\" src=\"https:\/\/cliniccenter.co.uk\/wp-content\/uploads\/2023\/11\/daghan-isik-517x1024-1.webp\" alt=\"\" class=\"wp-image-22572 skip-lazy\"\/><\/figure>\n<\/div>\n\n\n\n<div class=\"wp-block-column is-layout-flow wp-block-column-is-layout-flow\" style=\"flex-basis:66.66%\">\n<div class=\"wp-block-columns is-layout-flex wp-container-core-columns-is-layout-1 wp-block-columns-is-layout-flex\">\n<div class=\"wp-block-column leftpadbox is-layout-flow wp-block-column-is-layout-flow\">\n<p>1999 y\u0131l\u0131nda Dokuz Eyl\u00fcl \u00dcniversitesi T\u0131p Fak\u00fcltesi&#8217;nden mezun olan Doktor Da\u011fhan, 2005 y\u0131l\u0131nda Gaziantep \u00dcniversitesi&#8217;nde Plastik, Rekonstr\u00fcktif ve Estetik Cerrahi uzmanl\u0131k e\u011fitimini tamamlad\u0131. Dr. Da\u011fhan zorunlu hizmetini 2005-2007 y\u0131llar\u0131 aras\u0131nda Gaziantep&#8217;te tamamlad\u0131.<\/p>\n\n\n\n<p>2008 y\u0131l\u0131nda ABD&#8217;de Ohio State \u00dcniversitesi Plastik Cerrahi Klini\u011fi&#8217;nde \u00f6nemli deneyimler kazanmak \u00fczere Dr. \u00dcniversitesi T\u0131p Fak\u00fcltesi&#8217;ne ve 2011 y\u0131l\u0131nda b\u00f6l\u00fcm ba\u015fkan\u0131 oldu. Doktor Da\u011fhan \u00c7ene ve Y\u00fcz Cerrahisi uzmanl\u0131k derecesi ile 2012 y\u0131l\u0131nda Do\u00e7ent \u00fcnvan\u0131n\u0131 ald\u0131. Binlerce ba\u015far\u0131l\u0131 ameliyat ger\u00e7ekle\u015ftiren Dr. Da\u011fhan, 2013-2016 y\u0131llar\u0131 aras\u0131nda \u0130zmir Katip \u00c7elebi \u00dcniversitesi T\u0131p Fak\u00fcltesi&#8217;nde de \u00e7al\u0131\u015ft\u0131.<br>Doktor Da\u011fhan, T\u00fcrk Plastik, Rekonstr\u00fcktif ve Estetik Cerrahi Derne\u011fi ve T\u00fcrk Tabipler Birli\u011fi \u00fcyesidir. Yay\u0131nlanm\u0131\u015f 60 civar\u0131nda uluslararas\u0131 ve 20 ulusal makalesi ve \u00e7ok say\u0131da ulusal ve uluslararas\u0131 bildirisi bulunmaktad\u0131r. Hem T\u00fcrkiye&#8217;de hem de Amerika&#8217;da uzun y\u0131llara dayanan tecr\u00fcbesi ve bir\u00e7ok akademik ba\u015far\u0131s\u0131 olan, ola\u011fan\u00fcst\u00fc ameliyat sonu\u00e7lar\u0131 ve m\u00fckemmel ileti\u015fim becerileri ile hastalar\u0131 \u00e7ok memnun ediyor.<\/p>\n<\/div>\n<\/div>\n\n\n\n<div class=\"wp-block-columns is-layout-flex wp-container-core-columns-is-layout-2 wp-block-columns-is-layout-flex\">\n<div class=\"wp-block-column leftpadbox is-layout-flow wp-block-column-is-layout-flow\">\n<p><strong>Deneyim<\/strong>: 16 y\u0131l<br><strong>Uluslararas\u0131 Tedavi Edilen Hastalar<\/strong>: Birle\u015fik Krall\u0131k, \u0130rlanda, Avustralya, Amerika Birle\u015fik Devletleri, Kanada, Almanya, Fransa, Birle\u015fik Arap Emirlikleri, Suudi Arabistan<br><strong>Uzmanl\u0131k Alanlar\u0131:<\/strong> <a href=\"https:\/\/cliniccenter.co.uk\/breast-augmentation-turkey\/\">Meme B\u00fcy\u00fctme (Meme \u0130mplantlar\u0131, Meme B\u00fcy\u00fctme)<\/a>, <a href=\"https:\/\/cliniccenter.co.uk\/breast-uplift-turkey\/\">Meme Dikle\u015ftirme, Meme K\u00fc\u00e7\u00fcltme, Rinoplasti (Burun Esteti\u011fi), Septorinoplasti, Liposuction (Ya\u011f Ald\u0131rma), Vaser &amp; Hi-Def Vaser Liposuction, Kar\u0131n Germe, Brezilya Poposu Kald\u0131rma (BBL), Y\u00fcz Gerdirme (Ritidektomi), G\u00f6z Kapa\u011f\u0131 Ameliyat\u0131 (Blefaroplasti), Jinekomasti (Erkek Meme K\u00fc\u00e7\u00fcltme), Annelik Esteti\u011fi, Uyluk Germe (Uyluk Esteti\u011fi), Boyun Germe (Platismaplasti), Kol Germe (Brakioplasti), Ka\u015f Kald\u0131rma, Kulak Esteti\u011fi (Otoplasti), Estetik Ameliyatlar.<\/a><br><strong>\u00dcyelikler<\/strong>: T\u00fcrk Plastik, Rekonstr\u00fcktif ve Estetik Cerrahi Derne\u011fi, T\u00fcrk Tabipleri Birli\u011fi<br><strong>\u015eehir<\/strong>:&nbsp;\u0130stanbul, T\u00fcrkiye<br><strong>\u00c7al\u0131\u015fma G\u00fcnleri<\/strong>: Haftai\u00e7i ve Cumartesi<br><strong>Dil<\/strong>: \u0130ngilizce<br><strong>\u0130leti\u015fim<\/strong>:&nbsp;+44 20 3575 1039 &amp; info@cliniccenter.co.uk<br><strong><a href=\"https:\/\/cliniccenter.co.uk\/cosmetic-surgery\/#plastic-surgeons\">Plastik Cerrahi Doktorlar\u0131<\/a><\/strong><\/p>\n<\/div>\n<\/div>\n<\/div>\n<\/div>\n\n\n\n<script type=\"application\/ld+json\">\n    {\n        \"@context\": \"http:\\\/\\\/schema.org\",\n        \"@type\": \"Physician\",\n        \"@id\": \"https:\/\/cliniccenter.co.uk\/assoc-prof-dr-daghan\/\",\n        \"areaServed\": {\n            \"@type\": \"Place\",\n            \"name\": \"Istanbul, Turkey\"\n        },\n        \"alumniOf\": {\n            \"@type\": \"OrganizationRole\",\n            \"alumniOf\": {\n                \"@type\": \"CollegeOrUniversity\",\n                \"name\": \"Dokuz Eylul University\"\n            }\n        },\n        \"employee\": {\n            \"@type\": \"Person\",\n            \"@id\": \"https:\/\/cliniccenter.co.uk\/assoc-prof-dr-daghan\/\",\n            \"description\": \"Upon graduating from Dokuz Eylul University Faculty of Medicine in 1999, Doctor Daghan completed his specialty training in Plastic, Reconstructive and Aesthetic Surgery in 2005 at Gaziantep University. Dr. Daghan completed his compulsory service in Gaziantep between 2005-2007.To gain considerable experience, MD, Daghan worked in Ohio State University Plastic Surgery Clinic in the USA in 2008. Between the years of 2008-2013, he started as a lecturer in the Department of Plastic, Reconstructive and Aesthetic Surgery at Van Yuzuncu Yil University Faculty of Medicine and in 2011 he became the head of the department. Doctor Daghan received the title of Associate Professor in 2012 with the specialty degree in Maxillofacial Surgery Having performed thousands of successful surgeries, MD, Daghan also worked at Izmir Katip Celebi University Faculty of Medicine between the years of 2013-2016.Doctor Daghan is a member of the Turkish Plastic, Reconstructive and Aesthetic Surgery Association and the Turkish Medical Association. He has about 60 international and 20 national articles published and many national and international papers. With years of experience and many academical successes both in Turkey and in the USA, patients are very pleased with his remarkable surgery results and great communication skills.\",\n            \"hasOccupation\": {\n                \"@type\": \"Occupation\",\n                \"name\": \"Plastic Surgeon\"\n            },\n            \"knowsLanguage\": {\n                \"@type\": \"Language\",\n                \"name\": \"English\",\n                \"alternateName\": \"en\"\n            },\n            \"honorificSuffix\": \"Assoc. Prof. Dr. \"\n        },\n        \"hospitalAffiliation\": {\n            \"image\": {\n                \"@type\": \"ImageObject\",\n                \"@id\": \"https:\/\/cliniccenter.co.uk\/wp-content\/uploads\/2021\/12\/daghan.jpg\/\"\n            }\n        },\n        \"isAcceptingNewPatients\": \"https:\\\/\\\/schema.org\\\/True\",\n        \"isAccessibleForFree\": \"https:\\\/\\\/schema.org\\\/False\",\n        \"medicalSpecialty\": {\n            \"@type\": \"MedicalSpecialty\",\n            \"name\": \"Breast Augmentation (Breast Implants, Breast Enlargement), Breast Lift, Breast Reduction, Rhinoplasty (Nose Job), Septorhinoplasty, Liposuction (Fat Removal), Vaser & Hi-Def Vaser Liposuction, Tummy Tuck, Brazilian Butt Lift (BBL), Facelift (Rhytidectomy), Eyelid Surgery (Blepharoplasty), Gynecomastia (Male Breast Reduction), Mommy Makeover, Thigh Lift (Thighplasty), Neck Lift (Platysmaplasty), Arm Lift  (Brachioplasty), Brow Lift, Cosmetic Ear Surgery (Otoplasty), Cosmetic Surgeries.\"\n        },\n        \"memberOf\": {\n            \"@type\": \"Organization\",\n            \"name\": [\n                \"Turkish Plastic, Reconstructive and Aesthetic Surgery Association, Turkish Medical Associationa\"\n            ]\n        },\n        \"name\": \"Assoc. Prof. Dr. Daghan\"\n    }\n<\/script>\n","protected":false},"excerpt":{"rendered":"<p>1999 y\u0131l\u0131nda Dokuz Eyl\u00fcl \u00dcniversitesi T\u0131p Fak\u00fcltesi&#8217;nden mezun olan Doktor Da\u011fhan, 2005 y\u0131l\u0131nda Gaziantep \u00dcniversitesi&#8217;nde Plastik, Rekonstr\u00fcktif ve Estetik Cerrahi uzmanl\u0131k e\u011fitimini tamamlad\u0131. Dr. Da\u011fhan zorunlu hizmetini 2005-2007 y\u0131llar\u0131 aras\u0131nda Gaziantep&#8217;te tamamlad\u0131. 2008 y\u0131l\u0131nda ABD&#8217;de Ohio State \u00dcniversitesi Plastik Cerrahi Klini\u011fi&#8217;nde \u00f6nemli deneyimler kazanmak \u00fczere Dr. \u00dcniversitesi T\u0131p Fak\u00fcltesi&#8217;ne ve 2011 y\u0131l\u0131nda b\u00f6l\u00fcm ba\u015fkan\u0131 oldu. [&hellip;]<\/p>\n","protected":false},"author":2,"featured_media":0,"parent":16760,"menu_order":0,"comment_status":"closed","ping_status":"closed","template":"","meta":{"_uag_custom_page_level_css":"","_lmt_disableupdate":"no","_lmt_disable":"","site-sidebar-layout":"default","site-content-layout":"default","ast-site-content-layout":"default","site-content-style":"default","site-sidebar-style":"default","ast-global-header-display":"","ast-banner-title-visibility":"","ast-main-header-display":"","ast-hfb-above-header-display":"","ast-hfb-below-header-display":"","ast-hfb-mobile-header-display":"","site-post-title":"","ast-breadcrumbs-content":"","ast-featured-img":"","footer-sml-layout":"","theme-transparent-header-meta":"default","adv-header-id-meta":"","stick-header-meta":"","header-above-stick-meta":"","header-main-stick-meta":"","header-below-stick-meta":"","astra-migrate-meta-layouts":"set","ast-page-background-enabled":"default","ast-page-background-meta":{"desktop":{"background-color":"","background-image":"","background-repeat":"repeat","background-position":"center center","background-size":"auto","background-attachment":"scroll","background-type":"","background-media":"","overlay-type":"","overlay-color":"","overlay-opacity":"","overlay-gradient":""},"tablet":{"background-color":"","background-image":"","background-repeat":"repeat","background-position":"center center","background-size":"auto","background-attachment":"scroll","background-type":"","background-media":"","overlay-type":"","overlay-color":"","overlay-opacity":"","overlay-gradient":""},"mobile":{"background-color":"","background-image":"","background-repeat":"repeat","background-position":"center center","background-size":"auto","background-attachment":"scroll","background-type":"","background-media":"","overlay-type":"","overlay-color":"","overlay-opacity":"","overlay-gradient":""}},"ast-content-background-meta":{"desktop":{"background-color":"var(--ast-global-color-5)","background-image":"","background-repeat":"repeat","background-position":"center center","background-size":"auto","background-attachment":"scroll","background-type":"","background-media":"","overlay-type":"","overlay-color":"","overlay-opacity":"","overlay-gradient":""},"tablet":{"background-color":"var(--ast-global-color-5)","background-image":"","background-repeat":"repeat","background-position":"center center","background-size":"auto","background-attachment":"scroll","background-type":"","background-media":"","overlay-type":"","overlay-color":"","overlay-opacity":"","overlay-gradient":""},"mobile":{"background-color":"var(--ast-global-color-5)","background-image":"","background-repeat":"repeat","background-position":"center center","background-size":"auto","background-attachment":"scroll","background-type":"","background-media":"","overlay-type":"","overlay-color":"","overlay-opacity":"","overlay-gradient":""}},"footnotes":""},"class_list":["post-44132","page","type-page","status-publish","hentry"],"yoast_head":"<!-- This site is optimized with the Yoast SEO plugin v25.3.1 - https:\/\/yoast.com\/wordpress\/plugins\/seo\/ -->\n<title>Do\u00e7. Dr. Da\u011fhan | Plastik Cerrahi Doktoru | Klinik Merkezi<\/title>\n<meta name=\"description\" content=\"Plastik cerrahide 15 y\u0131ldan fazla deneyime sahip, Clinic Center&#039;daki ortak uzman Do\u00e7. Dr. Da\u011fhan hakk\u0131nda daha fazla bilgi edinin.\" \/>\n<meta name=\"robots\" content=\"index, follow, max-snippet:-1, max-image-preview:large, max-video-preview:-1\" \/>\n<link rel=\"canonical\" href=\"https:\/\/cliniccenter.co.uk\/tr\/assoc-prof-dr-daghan\/\" \/>\n<meta property=\"og:locale\" content=\"tr_TR\" \/>\n<meta property=\"og:type\" content=\"article\" \/>\n<meta property=\"og:title\" content=\"Do\u00e7. Dr. Da\u011fhan | Plastik Cerrahi Doktoru | Klinik Merkezi\" \/>\n<meta property=\"og:description\" content=\"Plastik cerrahide 15 y\u0131ldan fazla deneyime sahip, Clinic Center&#039;daki ortak uzman Do\u00e7. Dr. Da\u011fhan hakk\u0131nda daha fazla bilgi edinin.\" \/>\n<meta property=\"og:url\" content=\"https:\/\/cliniccenter.co.uk\/tr\/assoc-prof-dr-daghan\/\" \/>\n<meta property=\"article:publisher\" content=\"https:\/\/www.facebook.com\/cliniccenter.co.uk\/\" \/>\n<meta property=\"article:modified_time\" content=\"2024-11-18T13:58:14+00:00\" \/>\n<meta property=\"og:image\" content=\"https:\/\/cliniccenter.co.uk\/wp-content\/uploads\/2023\/11\/daghan-isik-517x1024-1.webp\" \/>\n<meta name=\"twitter:card\" content=\"summary_large_image\" \/>\n<meta name=\"twitter:site\" content=\"@cliniccenteruk\" \/>\n<meta name=\"twitter:label1\" content=\"Tahmini okuma s\u00fcresi\" \/>\n\t<meta name=\"twitter:data1\" content=\"2 dakika\" \/>\n<!-- \/ Yoast SEO plugin. -->","yoast_head_json":{"title":"Do\u00e7. Dr. Da\u011fhan | Plastik Cerrahi Doktoru | Klinik Merkezi","description":"Plastik cerrahide 15 y\u0131ldan fazla deneyime sahip, Clinic Center'daki ortak uzman Do\u00e7. Dr. Da\u011fhan hakk\u0131nda daha fazla bilgi edinin.","robots":{"index":"index","follow":"follow","max-snippet":"max-snippet:-1","max-image-preview":"max-image-preview:large","max-video-preview":"max-video-preview:-1"},"canonical":"https:\/\/cliniccenter.co.uk\/tr\/assoc-prof-dr-daghan\/","og_locale":"tr_TR","og_type":"article","og_title":"Do\u00e7. Dr. Da\u011fhan | Plastik Cerrahi Doktoru | Klinik Merkezi","og_description":"Plastik cerrahide 15 y\u0131ldan fazla deneyime sahip, Clinic Center'daki ortak uzman Do\u00e7. Dr. Da\u011fhan hakk\u0131nda daha fazla bilgi edinin.","og_url":"https:\/\/cliniccenter.co.uk\/tr\/assoc-prof-dr-daghan\/","article_publisher":"https:\/\/www.facebook.com\/cliniccenter.co.uk\/","article_modified_time":"2024-11-18T13:58:14+00:00","og_image":[{"url":"https:\/\/cliniccenter.co.uk\/wp-content\/uploads\/2023\/11\/daghan-isik-517x1024-1.webp","type":"","width":"","height":""}],"twitter_card":"summary_large_image","twitter_site":"@cliniccenteruk","twitter_misc":{"Tahmini okuma s\u00fcresi":"2 dakika"},"schema":{"@context":"https:\/\/schema.org","@graph":[{"@type":"WebPage","@id":"https:\/\/cliniccenter.co.uk\/tr\/assoc-prof-dr-daghan\/","url":"https:\/\/cliniccenter.co.uk\/tr\/assoc-prof-dr-daghan\/","name":"Do\u00e7. Dr. Da\u011fhan | Plastik Cerrahi Doktoru | Klinik Merkezi","isPartOf":{"@id":"https:\/\/cliniccenter.co.uk\/ro\/#website"},"primaryImageOfPage":{"@id":"https:\/\/cliniccenter.co.uk\/tr\/assoc-prof-dr-daghan\/#primaryimage"},"image":{"@id":"https:\/\/cliniccenter.co.uk\/tr\/assoc-prof-dr-daghan\/#primaryimage"},"thumbnailUrl":"https:\/\/cliniccenter.co.uk\/wp-content\/uploads\/2023\/11\/daghan-isik-517x1024-1.webp","datePublished":"2021-03-19T08:00:01+00:00","dateModified":"2024-11-18T13:58:14+00:00","description":"Plastik cerrahide 15 y\u0131ldan fazla deneyime sahip, Clinic Center'daki ortak uzman Do\u00e7. Dr. Da\u011fhan hakk\u0131nda daha fazla bilgi edinin.","breadcrumb":{"@id":"https:\/\/cliniccenter.co.uk\/tr\/assoc-prof-dr-daghan\/#breadcrumb"},"inLanguage":"tr","potentialAction":[{"@type":"ReadAction","target":["https:\/\/cliniccenter.co.uk\/tr\/assoc-prof-dr-daghan\/"]}]},{"@type":"ImageObject","inLanguage":"tr","@id":"https:\/\/cliniccenter.co.uk\/tr\/assoc-prof-dr-daghan\/#primaryimage","url":"https:\/\/cliniccenter.co.uk\/wp-content\/uploads\/2023\/11\/daghan-isik-517x1024-1.webp","contentUrl":"https:\/\/cliniccenter.co.uk\/wp-content\/uploads\/2023\/11\/daghan-isik-517x1024-1.webp"},{"@type":"BreadcrumbList","@id":"https:\/\/cliniccenter.co.uk\/tr\/assoc-prof-dr-daghan\/#breadcrumb","itemListElement":[{"@type":"ListItem","position":1,"name":"Home","item":"https:\/\/cliniccenter.co.uk\/tr\/"},{"@type":"ListItem","position":2,"name":"Doktorlar","item":"https:\/\/cliniccenter.co.uk\/tr\/doktorlar\/"},{"@type":"ListItem","position":3,"name":"Do\u00e7. Dr. Da\u011fhan | Plastik Cerrahi Doktoru | Klinik Merkezi"}]},{"@type":"WebSite","@id":"https:\/\/cliniccenter.co.uk\/ro\/#website","url":"https:\/\/cliniccenter.co.uk\/ro\/","name":"","description":"","potentialAction":[{"@type":"SearchAction","target":{"@type":"EntryPoint","urlTemplate":"https:\/\/cliniccenter.co.uk\/ro\/?s={search_term_string}"},"query-input":{"@type":"PropertyValueSpecification","valueRequired":true,"valueName":"search_term_string"}}],"inLanguage":"tr"}]}},"uagb_featured_image_src":{"full":false,"thumbnail":false,"medium":false,"medium_large":false,"large":false,"1536x1536":false,"2048x2048":false},"uagb_author_info":{"display_name":"Sertac Ceki","author_link":"https:\/\/cliniccenter.co.uk\/tr\/blog\/author\/sertaccliniccenter-co-uk\/"},"uagb_comment_info":0,"uagb_excerpt":"1999 y\u0131l\u0131nda Dokuz Eyl\u00fcl \u00dcniversitesi T\u0131p Fak\u00fcltesi&#8217;nden mezun olan Doktor Da\u011fhan, 2005 y\u0131l\u0131nda Gaziantep \u00dcniversitesi&#8217;nde Plastik, Rekonstr\u00fcktif ve Estetik Cerrahi uzmanl\u0131k e\u011fitimini tamamlad\u0131. Dr. Da\u011fhan zorunlu hizmetini 2005-2007 y\u0131llar\u0131 aras\u0131nda Gaziantep&#8217;te tamamlad\u0131. 2008 y\u0131l\u0131nda ABD&#8217;de Ohio State \u00dcniversitesi Plastik Cerrahi Klini\u011fi&#8217;nde \u00f6nemli deneyimler kazanmak \u00fczere Dr. \u00dcniversitesi T\u0131p Fak\u00fcltesi&#8217;ne ve 2011 y\u0131l\u0131nda b\u00f6l\u00fcm ba\u015fkan\u0131 oldu.&hellip;","_links":{"self":[{"href":"https:\/\/cliniccenter.co.uk\/tr\/wp-json\/wp\/v2\/pages\/44132"}],"collection":[{"href":"https:\/\/cliniccenter.co.uk\/tr\/wp-json\/wp\/v2\/pages"}],"about":[{"href":"https:\/\/cliniccenter.co.uk\/tr\/wp-json\/wp\/v2\/types\/page"}],"author":[{"embeddable":true,"href":"https:\/\/cliniccenter.co.uk\/tr\/wp-json\/wp\/v2\/users\/2"}],"replies":[{"embeddable":true,"href":"https:\/\/cliniccenter.co.uk\/tr\/wp-json\/wp\/v2\/comments?post=44132"}],"version-history":[{"count":3,"href":"https:\/\/cliniccenter.co.uk\/tr\/wp-json\/wp\/v2\/pages\/44132\/revisions"}],"predecessor-version":[{"id":51068,"href":"https:\/\/cliniccenter.co.uk\/tr\/wp-json\/wp\/v2\/pages\/44132\/revisions\/51068"}],"up":[{"embeddable":true,"href":"https:\/\/cliniccenter.co.uk\/tr\/wp-json\/wp\/v2\/pages\/16760"}],"wp:attachment":[{"href":"https:\/\/cliniccenter.co.uk\/tr\/wp-json\/wp\/v2\/media?parent=44132"}],"curies":[{"name":"wp","href":"https:\/\/api.w.org\/{rel}","templated":true}]}}