{"id":44135,"date":"2021-04-20T13:29:22","date_gmt":"2021-04-20T13:29:22","guid":{"rendered":"https:\/\/cliniccenter.co.uk\/doktorlar\/assoc-prof-dr-celalettin-sever\/"},"modified":"2024-11-18T14:09:07","modified_gmt":"2024-11-18T14:09:07","slug":"assoc-prof-dr-celalettin","status":"publish","type":"page","link":"https:\/\/cliniccenter.co.uk\/tr\/assoc-prof-dr-celalettin\/","title":{"rendered":"Do\u00e7. Dr. Celalettin | Plastik Cerrahi Doktoru | Klinik Merkezi"},"content":{"rendered":"\n<div class=\"wp-block-columns is-layout-flex wp-container-core-columns-is-layout-3 wp-block-columns-is-layout-flex\">\n<div class=\"wp-block-column is-layout-flow wp-block-column-is-layout-flow\" style=\"flex-basis:33.33%\">\n<figure class=\"wp-block-image size-large\"><img decoding=\"async\" src=\"https:\/\/cliniccenter.co.uk\/wp-content\/uploads\/2023\/11\/celalettin-sever-517x1024-1.webp\" alt=\"\" class=\"wp-image-22579 skip-lazy\"\/><\/figure>\n<\/div>\n\n\n\n<div class=\"wp-block-column is-layout-flow wp-block-column-is-layout-flow\" style=\"flex-basis:66.66%\">\n<div class=\"wp-block-columns is-layout-flex wp-container-core-columns-is-layout-1 wp-block-columns-is-layout-flex\">\n<div class=\"wp-block-column leftpadbox is-layout-flow wp-block-column-is-layout-flow\">\n<p>Celalettin, T\u00fcrkiye&#8217;nin en deneyimli ve yetenekli plastik cerrahlar\u0131ndan biridir. T\u0131p e\u011fitimini 1998 y\u0131l\u0131nda G\u00fclhane Askeri T\u0131p Akademisi T\u0131p Fak\u00fcltesi&#8217;nde tamamlam\u0131\u015f, 2002-2017 y\u0131llar\u0131 aras\u0131nda Haydarpa\u015fa E\u011fitim Hastanesi&#8217;nde Plastik, Estetik, Rekonstr\u00fcktif Cerrahi ve Yan\u0131k Bak\u0131m b\u00f6l\u00fcm\u00fcnde \u00f6nemli deneyimler kazanm\u0131\u015ft\u0131r. Dr. Celalettin, 2014 y\u0131l\u0131nda Do\u00e7ent olmu\u015ftur. Doktor Celalettin, ba\u015far\u0131l\u0131 kariyeri boyunca a\u011f\u0131rl\u0131kl\u0131 olarak meme ameliyatlar\u0131, v\u00fccut \u015fekillendirme i\u015flemleri, estetik y\u00fcz ameliyatlar\u0131, yan\u0131k bak\u0131m ameliyatlar\u0131, medikal estetik i\u015flemler ve burun ameliyatlar\u0131 \u00fczerine yo\u011funla\u015fm\u0131\u015ft\u0131r.<\/p>\n\n\n\n<p>Doktor Celalettin&#8217;in 3 \u00f6d\u00fcl sahibi oldu\u011fu 70&#8217;in \u00fczerinde uluslararas\u0131 yay\u0131n\u0131 ve 150&#8217;nin \u00fczerinde uluslararas\u0131 ve ulusal kongre sunumu bulunmaktad\u0131r. Alan\u0131ndaki teknolojik geli\u015fmeleri ve en yeni teknikleri takip etmek i\u00e7in d\u00fczenli toplant\u0131lara aktif olarak kat\u0131lmaktad\u0131r. Hem kapsaml\u0131 e\u011fitimi hem de y\u0131llar\u0131n deneyimi sayesinde, ba\u015far\u0131l\u0131 ameliyat sonu\u00e7lar\u0131 ve iyi ileti\u015fim becerileri ile hastalar\u0131 mutlu ediyor.<\/p>\n<\/div>\n<\/div>\n\n\n\n<h3 class=\"wp-block-heading\">Sertifikalar<\/h3>\n\n\n\n<figure class=\"wp-block-gallery has-nested-images columns-default is-cropped wp-block-gallery-1 is-layout-flex wp-block-gallery-is-layout-flex\">\n<figure class=\"wp-block-image size-large\"><img decoding=\"async\" width=\"250\" height=\"175\" src=\"https:\/\/cliniccenter.co.uk\/wp-content\/uploads\/2021\/09\/celalettin-sever-4-3.jpeg\" alt=\"\" class=\"wp-image-16612\"\/><\/figure>\n\n\n\n<figure class=\"wp-block-image size-large\"><img decoding=\"async\" width=\"250\" height=\"177\" src=\"https:\/\/cliniccenter.co.uk\/wp-content\/uploads\/2021\/09\/celalettin-sever-certificate-1-2.jpeg\" alt=\"\" class=\"wp-image-16618\"\/><\/figure>\n<\/figure>\n\n\n\n<figure class=\"wp-block-gallery has-nested-images columns-default is-cropped wp-block-gallery-2 is-layout-flex wp-block-gallery-is-layout-flex\">\n<figure class=\"wp-block-image size-large\"><img decoding=\"async\" width=\"250\" height=\"346\" src=\"https:\/\/cliniccenter.co.uk\/wp-content\/uploads\/2021\/09\/celalettin-sever-3-1.jpeg\" alt=\"\" class=\"wp-image-16598\" srcset=\"https:\/\/cliniccenter.co.uk\/wp-content\/uploads\/2021\/09\/celalettin-sever-3-1.jpeg 250w, https:\/\/cliniccenter.co.uk\/wp-content\/uploads\/2021\/09\/celalettin-sever-3-1-217x300.jpeg 217w\" sizes=\"(max-width: 250px) 100vw, 250px\" \/><\/figure>\n\n\n\n<figure class=\"wp-block-image size-large\"><img decoding=\"async\" width=\"250\" height=\"369\" src=\"https:\/\/cliniccenter.co.uk\/wp-content\/uploads\/2021\/09\/celalettin-sever-certificate-2-1.jpeg\" alt=\"\" class=\"wp-image-16604\" srcset=\"https:\/\/cliniccenter.co.uk\/wp-content\/uploads\/2021\/09\/celalettin-sever-certificate-2-1.jpeg 250w, https:\/\/cliniccenter.co.uk\/wp-content\/uploads\/2021\/09\/celalettin-sever-certificate-2-1-203x300.jpeg 203w\" sizes=\"(max-width: 250px) 100vw, 250px\" \/><\/figure>\n<\/figure>\n\n\n\n<div class=\"wp-block-columns is-layout-flex wp-container-core-columns-is-layout-2 wp-block-columns-is-layout-flex\">\n<div class=\"wp-block-column leftpadbox is-layout-flow wp-block-column-is-layout-flow\">\n<p><strong>Deneyim<\/strong>:22 y\u0131l<br><strong>Uluslararas\u0131 Tedavi Edilen Hastalar<\/strong>: Birle\u015fik Krall\u0131k, \u0130rlanda, Avustralya, Amerika Birle\u015fik Devletleri, Birle\u015fik Arap Emirlikleri, Suudi Arabistan, Kuveyt<br><strong>Uzmanl\u0131k Alanlar\u0131:<\/strong> Meme B\u00fcy\u00fctme (Meme \u0130mplantlar\u0131, Meme B\u00fcy\u00fctme), Meme Dikle\u015ftirme, Meme K\u00fc\u00e7\u00fcltme, Rinoplasti (Burun Esteti\u011fi), Septorinoplasti, Liposuction (Ya\u011f Ald\u0131rma), Vaser &amp; Hi-Def Vaser Liposuction, Kar\u0131n Germe, Brezilya Poposu Kald\u0131rma (BBL), Y\u00fcz Gerdirme ( Ritidektomi), G\u00f6z Kapa\u011f\u0131 Ameliyat\u0131 (Blefaroplasti), Jinekomasti (Erkek Meme K\u00fc\u00e7\u00fcltme), Annelik Esteti\u011fi, Uyluk Germe (Uyluk Esteti\u011fi), Boyun Germe (Platismaplasti), Kol Germe (Brakioplasti), Ka\u015f Kald\u0131rma, Kulak Esteti\u011fi (Otoplasti), Estetik Ameliyatlar.<br><strong>\u00dcyelikleri<\/strong>: T\u00fcrk Plastik, Rekonstr\u00fcktif ve Estetik Cerrahi Derne\u011fi, T\u00fcrk Estetik Plastik Cerrahi Derne\u011fi, T\u00fcrk Rekonstr\u00fcktif Mikrocerrahi Derne\u011fi<br><strong>\u015eehir<\/strong>:&nbsp;\u0130stanbul, T\u00fcrkiye<br><strong>\u00c7al\u0131\u015fma G\u00fcnleri<\/strong>: Haftai\u00e7i ve Cumartesi<br><strong>Diller<\/strong>: \u0130ngilizce<br><strong>\u0130leti\u015fim<\/strong>:&nbsp;+44 20 3575 1039 &amp; info@cliniccenter.co.uk<br><strong><a href=\"https:\/\/cliniccenter.co.uk\/cosmetic-surgery\/#plastic-surgeons\">Plastic Cerrahlar<\/a><\/strong><\/p>\n<\/div>\n<\/div>\n<\/div>\n<\/div>\n\n\n\n<script type=\"application\/ld+json\">\n    {\n        \"@context\": \"http:\\\/\\\/schema.org\",\n        \"@type\": \"Physician\",\n        \"@id\": \"https:\/\/cliniccenter.co.uk\/assoc-prof-dr-celalettin\/\",\n        \"areaServed\": {\n            \"@type\": \"Place\",\n            \"name\": \"Istanbul, Turkey\"\n        },\n        \"alumniOf\": {\n            \"@type\": \"OrganizationRole\",\n            \"alumniOf\": {\n                \"@type\": \"CollegeOrUniversity\",\n                \"name\": \"Gulhane Military Medical Academy\"\n            }\n        },\n        \"employee\": {\n            \"@type\": \"Person\",\n            \"@id\": \"https:\/\/cliniccenter.co.uk\/assoc-prof-dr-celalettin\/\",\n            \"description\": \"MD, Celalettin is one of the most experienced and talented plastic surgeons in Turkey. He completed his medical education at Gulhane Military Medical Academy, Faculty of Medicine in 1998, and worked at Haydarpasa Training Hospital from 2002 to 2017 in the Plastic, Aesthetic, Reconstructive Surgery and Burn Care Department where he gained considerable experience. Dr. Celalettin became Associate Professor in 2014. During his successful career, Doctor Celalettin mainly focused on breast surgeries, body sculpturing procedures, aesthetic face surgeries, burn care surgeries, medical aesthetic procedures and nose surgeries. Doctor Celalettin has over 70 international publications for which he holds 3 awards and over 150 international and national congree presentations. He actively attends regular meetings to follow the technological advancements and the newest techniques in his field. Thanks to his comprehensive education and years of experience both, his patients are happy with his successful surgery results and good communication skills.\",\n            \"hasOccupation\": {\n                \"@type\": \"Occupation\",\n                \"name\": \"Plastic Surgeon\"\n            },\n            \"knowsLanguage\": {\n                \"@type\": \"Language\",\n                \"name\": \"English\",\n                \"alternateName\": \"en\"\n            },\n            \"honorificSuffix\": \"Assoc. Prof. Dr. \"\n        },\n        \"hospitalAffiliation\": {\n            \"image\": {\n                \"@type\": \"ImageObject\",\n                \"@id\": \"https:\/\/cliniccenter.co.uk\/wp-content\/uploads\/2021\/12\/celalettin.jpg\"\n            }\n        },\n        \"isAcceptingNewPatients\": \"https:\\\/\\\/schema.org\\\/True\",\n        \"isAccessibleForFree\": \"https:\\\/\\\/schema.org\\\/False\",\n        \"medicalSpecialty\": {\n            \"@type\": \"MedicalSpecialty\",\n            \"name\": \"Breast Augmentation (Breast Implants, Breast Enlargement), Breast Lift, Breast Reduction, Rhinoplasty (Nose Job), Septorhinoplasty, Liposuction (Fat Removal), Vaser & Hi-Def Vaser Liposuction, Tummy Tuck, Brazilian Butt Lift (BBL), Facelift (Rhytidectomy), Eyelid Surgery (Blepharoplasty), Gynecomastia (Male Breast Reduction), Mommy Makeover, Thigh Lift (Thighplasty), Neck Lift (Platysmaplasty), Arm Lift  (Brachioplasty), Brow Lift, Cosmetic Ear Surgery (Otoplasty), Cosmetic Surgeries.\"\n        },\n        \"memberOf\": {\n            \"@type\": \"Organization\",\n            \"name\": [\n                \"Turkish Plastic, Reconstructive and Aesthetic Surgery Association, Turkish Aesthetic Plastic Surgery Association, Turkish Society of Reconstructive Microsurgery\"\n            ]\n        },\n        \"name\": \"Assoc. Prof. Dr. Celalettin\"\n    }\n<\/script>\n","protected":false},"excerpt":{"rendered":"<p>Celalettin, T\u00fcrkiye&#8217;nin en deneyimli ve yetenekli plastik cerrahlar\u0131ndan biridir. T\u0131p e\u011fitimini 1998 y\u0131l\u0131nda G\u00fclhane Askeri T\u0131p Akademisi T\u0131p Fak\u00fcltesi&#8217;nde tamamlam\u0131\u015f, 2002-2017 y\u0131llar\u0131 aras\u0131nda Haydarpa\u015fa E\u011fitim Hastanesi&#8217;nde Plastik, Estetik, Rekonstr\u00fcktif Cerrahi ve Yan\u0131k Bak\u0131m b\u00f6l\u00fcm\u00fcnde \u00f6nemli deneyimler kazanm\u0131\u015ft\u0131r. Dr. Celalettin, 2014 y\u0131l\u0131nda Do\u00e7ent olmu\u015ftur. Doktor Celalettin, ba\u015far\u0131l\u0131 kariyeri boyunca a\u011f\u0131rl\u0131kl\u0131 olarak meme ameliyatlar\u0131, v\u00fccut \u015fekillendirme i\u015flemleri, [&hellip;]<\/p>\n","protected":false},"author":2,"featured_media":0,"parent":16760,"menu_order":0,"comment_status":"closed","ping_status":"closed","template":"","meta":{"_uag_custom_page_level_css":"","_lmt_disableupdate":"no","_lmt_disable":"","site-sidebar-layout":"default","site-content-layout":"default","ast-site-content-layout":"default","site-content-style":"default","site-sidebar-style":"default","ast-global-header-display":"","ast-banner-title-visibility":"","ast-main-header-display":"","ast-hfb-above-header-display":"","ast-hfb-below-header-display":"","ast-hfb-mobile-header-display":"","site-post-title":"","ast-breadcrumbs-content":"","ast-featured-img":"","footer-sml-layout":"","theme-transparent-header-meta":"default","adv-header-id-meta":"","stick-header-meta":"","header-above-stick-meta":"","header-main-stick-meta":"","header-below-stick-meta":"","astra-migrate-meta-layouts":"set","ast-page-background-enabled":"default","ast-page-background-meta":{"desktop":{"background-color":"","background-image":"","background-repeat":"repeat","background-position":"center center","background-size":"auto","background-attachment":"scroll","background-type":"","background-media":"","overlay-type":"","overlay-color":"","overlay-opacity":"","overlay-gradient":""},"tablet":{"background-color":"","background-image":"","background-repeat":"repeat","background-position":"center center","background-size":"auto","background-attachment":"scroll","background-type":"","background-media":"","overlay-type":"","overlay-color":"","overlay-opacity":"","overlay-gradient":""},"mobile":{"background-color":"","background-image":"","background-repeat":"repeat","background-position":"center center","background-size":"auto","background-attachment":"scroll","background-type":"","background-media":"","overlay-type":"","overlay-color":"","overlay-opacity":"","overlay-gradient":""}},"ast-content-background-meta":{"desktop":{"background-color":"var(--ast-global-color-5)","background-image":"","background-repeat":"repeat","background-position":"center center","background-size":"auto","background-attachment":"scroll","background-type":"","background-media":"","overlay-type":"","overlay-color":"","overlay-opacity":"","overlay-gradient":""},"tablet":{"background-color":"var(--ast-global-color-5)","background-image":"","background-repeat":"repeat","background-position":"center center","background-size":"auto","background-attachment":"scroll","background-type":"","background-media":"","overlay-type":"","overlay-color":"","overlay-opacity":"","overlay-gradient":""},"mobile":{"background-color":"var(--ast-global-color-5)","background-image":"","background-repeat":"repeat","background-position":"center center","background-size":"auto","background-attachment":"scroll","background-type":"","background-media":"","overlay-type":"","overlay-color":"","overlay-opacity":"","overlay-gradient":""}},"footnotes":""},"class_list":["post-44135","page","type-page","status-publish","hentry"],"yoast_head":"<!-- This site is optimized with the Yoast SEO plugin v25.3.1 - https:\/\/yoast.com\/wordpress\/plugins\/seo\/ -->\n<title>Do\u00e7. Dr. Celalettin | Plastik Cerrahi Doktoru | Klinik Merkezi<\/title>\n<meta name=\"description\" content=\"Plastik cerrahi alan\u0131nda 22 y\u0131l\u0131 a\u015fk\u0131n deneyime sahip Clinic Center uzman orta\u011f\u0131 Do\u00e7. Dr. Celalettin hakk\u0131nda daha fazla bilgi edinin.\" \/>\n<meta name=\"robots\" content=\"index, follow, max-snippet:-1, max-image-preview:large, max-video-preview:-1\" \/>\n<link rel=\"canonical\" href=\"https:\/\/cliniccenter.co.uk\/tr\/assoc-prof-dr-celalettin\/\" \/>\n<meta property=\"og:locale\" content=\"tr_TR\" \/>\n<meta property=\"og:type\" content=\"article\" \/>\n<meta property=\"og:title\" content=\"Do\u00e7. Dr. Celalettin | Plastik Cerrahi Doktoru | Klinik Merkezi\" \/>\n<meta property=\"og:description\" content=\"Plastik cerrahi alan\u0131nda 22 y\u0131l\u0131 a\u015fk\u0131n deneyime sahip Clinic Center uzman orta\u011f\u0131 Do\u00e7. Dr. Celalettin hakk\u0131nda daha fazla bilgi edinin.\" \/>\n<meta property=\"og:url\" content=\"https:\/\/cliniccenter.co.uk\/tr\/assoc-prof-dr-celalettin\/\" \/>\n<meta property=\"article:publisher\" content=\"https:\/\/www.facebook.com\/cliniccenter.co.uk\/\" \/>\n<meta property=\"article:modified_time\" content=\"2024-11-18T14:09:07+00:00\" \/>\n<meta property=\"og:image\" content=\"https:\/\/cliniccenter.co.uk\/wp-content\/uploads\/2023\/11\/celalettin-sever-517x1024-1.webp\" \/>\n<meta name=\"twitter:card\" content=\"summary_large_image\" \/>\n<meta name=\"twitter:site\" content=\"@cliniccenteruk\" \/>\n<meta name=\"twitter:label1\" content=\"Tahmini okuma s\u00fcresi\" \/>\n\t<meta name=\"twitter:data1\" content=\"3 dakika\" \/>\n<!-- \/ Yoast SEO plugin. -->","yoast_head_json":{"title":"Do\u00e7. Dr. Celalettin | Plastik Cerrahi Doktoru | Klinik Merkezi","description":"Plastik cerrahi alan\u0131nda 22 y\u0131l\u0131 a\u015fk\u0131n deneyime sahip Clinic Center uzman orta\u011f\u0131 Do\u00e7. Dr. Celalettin hakk\u0131nda daha fazla bilgi edinin.","robots":{"index":"index","follow":"follow","max-snippet":"max-snippet:-1","max-image-preview":"max-image-preview:large","max-video-preview":"max-video-preview:-1"},"canonical":"https:\/\/cliniccenter.co.uk\/tr\/assoc-prof-dr-celalettin\/","og_locale":"tr_TR","og_type":"article","og_title":"Do\u00e7. Dr. Celalettin | Plastik Cerrahi Doktoru | Klinik Merkezi","og_description":"Plastik cerrahi alan\u0131nda 22 y\u0131l\u0131 a\u015fk\u0131n deneyime sahip Clinic Center uzman orta\u011f\u0131 Do\u00e7. Dr. Celalettin hakk\u0131nda daha fazla bilgi edinin.","og_url":"https:\/\/cliniccenter.co.uk\/tr\/assoc-prof-dr-celalettin\/","article_publisher":"https:\/\/www.facebook.com\/cliniccenter.co.uk\/","article_modified_time":"2024-11-18T14:09:07+00:00","og_image":[{"url":"https:\/\/cliniccenter.co.uk\/wp-content\/uploads\/2023\/11\/celalettin-sever-517x1024-1.webp","type":"","width":"","height":""}],"twitter_card":"summary_large_image","twitter_site":"@cliniccenteruk","twitter_misc":{"Tahmini okuma s\u00fcresi":"3 dakika"},"schema":{"@context":"https:\/\/schema.org","@graph":[{"@type":"WebPage","@id":"https:\/\/cliniccenter.co.uk\/tr\/assoc-prof-dr-celalettin\/","url":"https:\/\/cliniccenter.co.uk\/tr\/assoc-prof-dr-celalettin\/","name":"Do\u00e7. Dr. Celalettin | Plastik Cerrahi Doktoru | Klinik Merkezi","isPartOf":{"@id":"https:\/\/cliniccenter.co.uk\/ro\/#website"},"primaryImageOfPage":{"@id":"https:\/\/cliniccenter.co.uk\/tr\/assoc-prof-dr-celalettin\/#primaryimage"},"image":{"@id":"https:\/\/cliniccenter.co.uk\/tr\/assoc-prof-dr-celalettin\/#primaryimage"},"thumbnailUrl":"https:\/\/cliniccenter.co.uk\/wp-content\/uploads\/2023\/11\/celalettin-sever-517x1024-1.webp","datePublished":"2021-04-20T13:29:22+00:00","dateModified":"2024-11-18T14:09:07+00:00","description":"Plastik cerrahi alan\u0131nda 22 y\u0131l\u0131 a\u015fk\u0131n deneyime sahip Clinic Center uzman orta\u011f\u0131 Do\u00e7. Dr. Celalettin hakk\u0131nda daha fazla bilgi edinin.","breadcrumb":{"@id":"https:\/\/cliniccenter.co.uk\/tr\/assoc-prof-dr-celalettin\/#breadcrumb"},"inLanguage":"tr","potentialAction":[{"@type":"ReadAction","target":["https:\/\/cliniccenter.co.uk\/tr\/assoc-prof-dr-celalettin\/"]}]},{"@type":"ImageObject","inLanguage":"tr","@id":"https:\/\/cliniccenter.co.uk\/tr\/assoc-prof-dr-celalettin\/#primaryimage","url":"https:\/\/cliniccenter.co.uk\/wp-content\/uploads\/2023\/11\/celalettin-sever-517x1024-1.webp","contentUrl":"https:\/\/cliniccenter.co.uk\/wp-content\/uploads\/2023\/11\/celalettin-sever-517x1024-1.webp"},{"@type":"BreadcrumbList","@id":"https:\/\/cliniccenter.co.uk\/tr\/assoc-prof-dr-celalettin\/#breadcrumb","itemListElement":[{"@type":"ListItem","position":1,"name":"Home","item":"https:\/\/cliniccenter.co.uk\/tr\/"},{"@type":"ListItem","position":2,"name":"Doktorlar","item":"https:\/\/cliniccenter.co.uk\/tr\/doktorlar\/"},{"@type":"ListItem","position":3,"name":"Do\u00e7. Dr. Celalettin | Plastik Cerrahi Doktoru | Klinik Merkezi"}]},{"@type":"WebSite","@id":"https:\/\/cliniccenter.co.uk\/ro\/#website","url":"https:\/\/cliniccenter.co.uk\/ro\/","name":"","description":"","potentialAction":[{"@type":"SearchAction","target":{"@type":"EntryPoint","urlTemplate":"https:\/\/cliniccenter.co.uk\/ro\/?s={search_term_string}"},"query-input":{"@type":"PropertyValueSpecification","valueRequired":true,"valueName":"search_term_string"}}],"inLanguage":"tr"}]}},"uagb_featured_image_src":{"full":false,"thumbnail":false,"medium":false,"medium_large":false,"large":false,"1536x1536":false,"2048x2048":false},"uagb_author_info":{"display_name":"Sertac Ceki","author_link":"https:\/\/cliniccenter.co.uk\/tr\/blog\/author\/sertaccliniccenter-co-uk\/"},"uagb_comment_info":0,"uagb_excerpt":"Celalettin, T\u00fcrkiye&#8217;nin en deneyimli ve yetenekli plastik cerrahlar\u0131ndan biridir. T\u0131p e\u011fitimini 1998 y\u0131l\u0131nda G\u00fclhane Askeri T\u0131p Akademisi T\u0131p Fak\u00fcltesi&#8217;nde tamamlam\u0131\u015f, 2002-2017 y\u0131llar\u0131 aras\u0131nda Haydarpa\u015fa E\u011fitim Hastanesi&#8217;nde Plastik, Estetik, Rekonstr\u00fcktif Cerrahi ve Yan\u0131k Bak\u0131m b\u00f6l\u00fcm\u00fcnde \u00f6nemli deneyimler kazanm\u0131\u015ft\u0131r. Dr. Celalettin, 2014 y\u0131l\u0131nda Do\u00e7ent olmu\u015ftur. Doktor Celalettin, ba\u015far\u0131l\u0131 kariyeri boyunca a\u011f\u0131rl\u0131kl\u0131 olarak meme ameliyatlar\u0131, v\u00fccut \u015fekillendirme i\u015flemleri,&hellip;","_links":{"self":[{"href":"https:\/\/cliniccenter.co.uk\/tr\/wp-json\/wp\/v2\/pages\/44135"}],"collection":[{"href":"https:\/\/cliniccenter.co.uk\/tr\/wp-json\/wp\/v2\/pages"}],"about":[{"href":"https:\/\/cliniccenter.co.uk\/tr\/wp-json\/wp\/v2\/types\/page"}],"author":[{"embeddable":true,"href":"https:\/\/cliniccenter.co.uk\/tr\/wp-json\/wp\/v2\/users\/2"}],"replies":[{"embeddable":true,"href":"https:\/\/cliniccenter.co.uk\/tr\/wp-json\/wp\/v2\/comments?post=44135"}],"version-history":[{"count":3,"href":"https:\/\/cliniccenter.co.uk\/tr\/wp-json\/wp\/v2\/pages\/44135\/revisions"}],"predecessor-version":[{"id":51074,"href":"https:\/\/cliniccenter.co.uk\/tr\/wp-json\/wp\/v2\/pages\/44135\/revisions\/51074"}],"up":[{"embeddable":true,"href":"https:\/\/cliniccenter.co.uk\/tr\/wp-json\/wp\/v2\/pages\/16760"}],"wp:attachment":[{"href":"https:\/\/cliniccenter.co.uk\/tr\/wp-json\/wp\/v2\/media?parent=44135"}],"curies":[{"name":"wp","href":"https:\/\/api.w.org\/{rel}","templated":true}]}}