{"id":44141,"date":"2022-11-07T08:23:09","date_gmt":"2022-11-07T08:23:09","guid":{"rendered":"https:\/\/cliniccenter.co.uk\/doktorlar\/prof-dr-tamer-koldas\/"},"modified":"2024-11-18T13:34:20","modified_gmt":"2024-11-18T13:34:20","slug":"doktor-tamer","status":"publish","type":"page","link":"https:\/\/cliniccenter.co.uk\/tr\/doktor-tamer\/","title":{"rendered":"Dr. Tamer Kolda\u015f | Plastik Cerrahi Doktoru | Klinik Merkezi"},"content":{"rendered":"\n<div class=\"wp-block-columns is-layout-flex wp-container-core-columns-is-layout-3 wp-block-columns-is-layout-flex\">\n<div class=\"wp-block-column is-layout-flow wp-block-column-is-layout-flow\" style=\"flex-basis:33.33%\">\n<figure class=\"wp-block-image size-large\"><img decoding=\"async\" src=\"https:\/\/cliniccenter.co.uk\/wp-content\/uploads\/2023\/11\/tamer-koldas-dik-517x1024-1.webp\" alt=\"prof-dr-tamer-koldas-dik\" class=\"wp-image-40655 skip-lazy\"\/><\/figure>\n<\/div>\n\n\n\n<div class=\"wp-block-column is-layout-flow wp-block-column-is-layout-flow\" style=\"flex-basis:66.66%\">\n<div class=\"wp-block-columns is-layout-flex wp-container-core-columns-is-layout-1 wp-block-columns-is-layout-flex\">\n<div class=\"wp-block-column leftpadbox is-layout-flow wp-block-column-is-layout-flow\">\n<p>Prof. Dr. Tamer Kolda\u015f, T\u00fcrkiye&#8217;nin en yetenekli ve deneyimli plastik cerrahlar\u0131ndan biridir. 1960 y\u0131l\u0131nda \u0130zmir&#8217;de do\u011fdu. 1977 y\u0131l\u0131nda \u0130zmir Atat\u00fcrk Lisesi&#8217;nden mezun oldu. 1983 y\u0131l\u0131nda T\u00dcB\u0130TAK bursu kazanarak Ege \u00dcniversitesi T\u0131p Fak\u00fcltesi&#8217;nden doktor \u00fcnvan\u0131n\u0131 ald\u0131. Mecburi hizmetini Sinop&#8217;ta, askerli\u011fini \u0130stanbul&#8217;da tamamlad\u0131.<\/p>\n\n\n\n<p>Tamer Kolda\u015f, uzmanl\u0131k e\u011fitimine 1987 y\u0131l\u0131nda \u0130stanbul \u00dcniversitesi T\u0131p Fak\u00fcltesi Plastik, Rekonstr\u00fcktif ve Estetik Cerrahi Anabilim Dal\u0131&#8217;nda ba\u015flam\u0131\u015f ve 1991 y\u0131l\u0131nda ihtisas\u0131n\u0131 tamamlad\u0131ktan sonra ayn\u0131 klinikte \u00e7al\u0131\u015fmalar\u0131na devam etmi\u015ftir. 1998 y\u0131l\u0131nda do\u00e7ent olmu\u015ftur. ve 2006 y\u0131l\u0131nda profes\u00f6r oldu. Londra, \u0130ngiltere&#8217;de Mount Vernon Hospital, Department of Plastic Surgery&#8217;de ve ABD Texas&#8217;ta Southwestern University Medical School Dallas, Plastic Surgery and Maxillofacial Surgery Clinics&#8217;te burslu olarak bulundu. Halen \u0130stanbul \u00dcniversitesi \u0130stanbul T\u0131p Fak\u00fcltesi Estetik, Plastik ve Rekonstr\u00fcktif Cerrahi Anabilim Dal\u0131&#8217;nda \u00f6\u011fretim \u00fcyesidir.<\/p>\n<\/div>\n<\/div>\n\n\n\n<div class=\"wp-block-columns is-layout-flex wp-container-core-columns-is-layout-2 wp-block-columns-is-layout-flex\">\n<div class=\"wp-block-column leftpadbox is-layout-flow wp-block-column-is-layout-flow\">\n<p><strong>Deneyim<\/strong>: 30 y\u0131l<br><strong>Uluslararas\u0131 Tedavi Edilen Hastalar<\/strong>: Birle\u015fik Krall\u0131k, \u0130rlanda, Avustralya, Amerika Birle\u015fik Devletleri, Birle\u015fik Arap Emirlikleri, Suudi Arabistan, Kuveyt, Avrupa Birli\u011fi \u00dclkeleri<br><strong>Uzmanl\u0131k Alanlar\u0131:<\/strong> Meme B\u00fcy\u00fctme (Meme \u0130mplantlar\u0131, Meme B\u00fcy\u00fctme), Meme Dikle\u015ftirme, Meme K\u00fc\u00e7\u00fcltme, Rinoplasti (Burun Esteti\u011fi), Septorinoplasti, Liposuction (Ya\u011f Ald\u0131rma), Vaser &amp; Hi-Def Vaser Liposuction, Kar\u0131n Germe, Brezilya Poposu Kald\u0131rma (BBL), Y\u00fcz Gerdirme ( Ritidektomi), G\u00f6z Kapa\u011f\u0131 Ameliyat\u0131 (Blefaroplasti), Jinekomasti (Erkek Meme K\u00fc\u00e7\u00fcltme), Annelik Esteti\u011fi, Uyluk Germe (Uyluk Esteti\u011fi), Boyun Germe (Platismaplasti), Kol Germe (Brakioplasti), Ka\u015f Kald\u0131rma, Kulak Esteti\u011fi (Otoplasti), Estetik Ameliyatlar.<br><strong>\u00dcyelikler<\/strong>: Uluslararas\u0131 Estetik Plastik Cerrahi Derne\u011fi, T\u00fcrk Plastik Rekonstr\u00fcktif ve Estetik Cerrahi Derne\u011fi, T\u00fcrk El Cerrahisi Derne\u011fi, Rekonstr\u00fcktif Mikrocerrahi Derne\u011fi<br><strong>\u015eehir<\/strong>:&nbsp;\u0130stanbul, T\u00fcrkiye<br><strong>\u00c7al\u0131\u015fma G\u00fcnleri<\/strong>: Haftai\u00e7i ve Cumartesi<br><strong>Diller<\/strong>: \u0130ngilizce<br><strong>\u0130leti\u015fim<\/strong>:&nbsp;+44 20 3575 1039 &amp; info@cliniccenter.co.uk<br><strong><a href=\"https:\/\/cliniccenter.co.uk\/cosmetic-surgery\/#plastic-surgeons\">Plastic Cerrahlar<\/a><\/strong><\/p>\n<\/div>\n<\/div>\n<\/div>\n<\/div>\n\n\n\n<script type=\"application\/ld+json\">\n    {\n        \"@context\": \"http:\\\/\\\/schema.org\",\n        \"@type\": \"Physician\",\n        \"@id\": \"https:\/\/cliniccenter.co.uk\/prof-dr-tamer-koldas\/\",\n        \"areaServed\": {\n            \"@type\": \"Place\",\n            \"name\": \"Istanbul, Turkey\"\n        },\n        \"alumniOf\": {\n            \"@type\": \"OrganizationRole\",\n            \"alumniOf\": {\n                \"@type\": \"CollegeOrUniversity\",\n                \"name\": \"Ege University\"\n            }\n        },\n        \"employee\": {\n            \"@type\": \"Person\",\n            \"@id\": \"https:\/\/cliniccenter.co.uk\/prof-dr-tamer-koldas\/\",\n            \"description\": \"Prof. Dr. Tamer Koldas is one of the most talented and experienced plastic surgeons in Turkey. He was born in 1960 in \u0130zmir. He graduated from \u0130zmir Atat\u00fcrk High School in 1977. He received the title of doctor from Ege University, Faculty of Medicine in 1983, by winning a T\u00dcB\u0130TAK (Scientific and Technical Research Council of Turkey) scholarship. He completed his compulsory service in Sinop and his military service in Istanbul. Prof. Dr. Tamer Koldas started his specialization training at Istanbul University, Faculty of Medicine, Department of Plastic, Reconstructive and Aesthetic Surgery in 1987 and continued his studies in the same clinic after completing his specialization in 1991. He became an associate professor in 1998 and a professor in 2006. He was a fellow at Mount Vernon Hospital, Department of Plastic Surgery in London, England, and Southwestern University Medical School Dallas, Plastic Surgery and Maxillofacial Surgery Clinics in USA Texas. He is still a lecturer at Istanbul University, Istanbul Faculty of Medicine, Department of Aesthetic, Plastic and Reconstructive Surgery.\",\n            \"hasOccupation\": {\n                \"@type\": \"Occupation\",\n                \"name\": \"Plastic Surgeon\"\n            },\n            \"knowsLanguage\": {\n                \"@type\": \"Language\",\n                \"name\": \"English\",\n                \"alternateName\": \"en\"\n            },\n            \"honorificSuffix\": \"Prof. Dr. \"\n        },\n        \"hospitalAffiliation\": {\n            \"image\": {\n                \"@type\": \"ImageObject\",\n                \"@id\": \"https:\/\/cliniccenter.co.uk\/wp-content\/uploads\/2022\/11\/tamer-koldas-dik.jpg\/\"\n            }\n        },\n        \"isAcceptingNewPatients\": \"https:\\\/\\\/schema.org\\\/True\",\n        \"isAccessibleForFree\": \"https:\\\/\\\/schema.org\\\/False\",\n        \"medicalSpecialty\": {\n            \"@type\": \"MedicalSpecialty\",\n            \"name\": \"Breast Augmentation (Breast Implants, Breast Enlargement), Breast Lift, Breast Reduction, Rhinoplasty (Nose Job), Septorhinoplasty, Liposuction (Fat Removal), Vaser & Hi-Def Vaser Liposuction, Tummy Tuck, Brazilian Butt Lift (BBL), Facelift (Rhytidectomy), Eyelid Surgery (Blepharoplasty), Gynecomastia (Male Breast Reduction), Mommy Makeover, Thigh Lift (Thighplasty), Neck Lift (Platysmaplasty), Arm Lift  (Brachioplasty), Brow Lift, Cosmetic Ear Surgery (Otoplasty), Cosmetic Surgeries.\"\n        },\n        \"memberOf\": {\n            \"@type\": \"Organization\",\n            \"name\": [\n                \"International Society of Aesthetic Plastic Surgery, Turkish Association of Plastic Reconstructive and Aesthetic Surgery, Turkish Association of Hand Surgery, Association of Reconstructive Microsurgery\"\n            ]\n        },\n        \"name\": \"Prof. Dr. Tamer Koldas\"\n    }\n<\/script>\n","protected":false},"excerpt":{"rendered":"<p>Prof. Dr. Tamer Kolda\u015f, T\u00fcrkiye&#8217;nin en yetenekli ve deneyimli plastik cerrahlar\u0131ndan biridir. 1960 y\u0131l\u0131nda \u0130zmir&#8217;de do\u011fdu. 1977 y\u0131l\u0131nda \u0130zmir Atat\u00fcrk Lisesi&#8217;nden mezun oldu. 1983 y\u0131l\u0131nda T\u00dcB\u0130TAK bursu kazanarak Ege \u00dcniversitesi T\u0131p Fak\u00fcltesi&#8217;nden doktor \u00fcnvan\u0131n\u0131 ald\u0131. Mecburi hizmetini Sinop&#8217;ta, askerli\u011fini \u0130stanbul&#8217;da tamamlad\u0131. Tamer Kolda\u015f, uzmanl\u0131k e\u011fitimine 1987 y\u0131l\u0131nda \u0130stanbul \u00dcniversitesi T\u0131p Fak\u00fcltesi Plastik, Rekonstr\u00fcktif ve Estetik [&hellip;]<\/p>\n","protected":false},"author":15,"featured_media":0,"parent":16760,"menu_order":0,"comment_status":"closed","ping_status":"closed","template":"","meta":{"_uag_custom_page_level_css":"","_lmt_disableupdate":"no","_lmt_disable":"","site-sidebar-layout":"default","site-content-layout":"default","ast-site-content-layout":"default","site-content-style":"default","site-sidebar-style":"default","ast-global-header-display":"","ast-banner-title-visibility":"","ast-main-header-display":"","ast-hfb-above-header-display":"","ast-hfb-below-header-display":"","ast-hfb-mobile-header-display":"","site-post-title":"","ast-breadcrumbs-content":"","ast-featured-img":"","footer-sml-layout":"","theme-transparent-header-meta":"default","adv-header-id-meta":"","stick-header-meta":"","header-above-stick-meta":"","header-main-stick-meta":"","header-below-stick-meta":"","astra-migrate-meta-layouts":"set","ast-page-background-enabled":"default","ast-page-background-meta":{"desktop":{"background-color":"","background-image":"","background-repeat":"repeat","background-position":"center center","background-size":"auto","background-attachment":"scroll","background-type":"","background-media":"","overlay-type":"","overlay-color":"","overlay-opacity":"","overlay-gradient":""},"tablet":{"background-color":"","background-image":"","background-repeat":"repeat","background-position":"center center","background-size":"auto","background-attachment":"scroll","background-type":"","background-media":"","overlay-type":"","overlay-color":"","overlay-opacity":"","overlay-gradient":""},"mobile":{"background-color":"","background-image":"","background-repeat":"repeat","background-position":"center center","background-size":"auto","background-attachment":"scroll","background-type":"","background-media":"","overlay-type":"","overlay-color":"","overlay-opacity":"","overlay-gradient":""}},"ast-content-background-meta":{"desktop":{"background-color":"var(--ast-global-color-5)","background-image":"","background-repeat":"repeat","background-position":"center center","background-size":"auto","background-attachment":"scroll","background-type":"","background-media":"","overlay-type":"","overlay-color":"","overlay-opacity":"","overlay-gradient":""},"tablet":{"background-color":"var(--ast-global-color-5)","background-image":"","background-repeat":"repeat","background-position":"center center","background-size":"auto","background-attachment":"scroll","background-type":"","background-media":"","overlay-type":"","overlay-color":"","overlay-opacity":"","overlay-gradient":""},"mobile":{"background-color":"var(--ast-global-color-5)","background-image":"","background-repeat":"repeat","background-position":"center center","background-size":"auto","background-attachment":"scroll","background-type":"","background-media":"","overlay-type":"","overlay-color":"","overlay-opacity":"","overlay-gradient":""}},"footnotes":""},"class_list":["post-44141","page","type-page","status-publish","hentry"],"yoast_head":"<!-- This site is optimized with the Yoast SEO plugin v25.3.1 - https:\/\/yoast.com\/wordpress\/plugins\/seo\/ -->\n<title>Dr. Tamer Kolda\u015f | Plastik Cerrahi Doktoru | Klinik Merkezi<\/title>\n<meta name=\"description\" content=\"Clinic Center&#039;da plastik cerrahide 30 y\u0131ll\u0131k deneyime sahip ortak uzman Prof. Dr. Tamer Kolda\u015f hakk\u0131nda daha fazla bilgi edinin.\" \/>\n<meta name=\"robots\" content=\"index, follow, max-snippet:-1, max-image-preview:large, max-video-preview:-1\" \/>\n<link rel=\"canonical\" href=\"https:\/\/cliniccenter.co.uk\/tr\/doktor-tamer\/\" \/>\n<meta property=\"og:locale\" content=\"tr_TR\" \/>\n<meta property=\"og:type\" content=\"article\" \/>\n<meta property=\"og:title\" content=\"Dr. Tamer Kolda\u015f | Plastik Cerrahi Doktoru | Klinik Merkezi\" \/>\n<meta property=\"og:description\" content=\"Clinic Center&#039;da plastik cerrahide 30 y\u0131ll\u0131k deneyime sahip ortak uzman Prof. Dr. Tamer Kolda\u015f hakk\u0131nda daha fazla bilgi edinin.\" \/>\n<meta property=\"og:url\" content=\"https:\/\/cliniccenter.co.uk\/tr\/doktor-tamer\/\" \/>\n<meta property=\"article:publisher\" content=\"https:\/\/www.facebook.com\/cliniccenter.co.uk\/\" \/>\n<meta property=\"article:modified_time\" content=\"2024-11-18T13:34:20+00:00\" \/>\n<meta property=\"og:image\" content=\"https:\/\/cliniccenter.co.uk\/wp-content\/uploads\/2023\/11\/tamer-koldas-dik-517x1024-1.webp\" \/>\n<meta name=\"twitter:card\" content=\"summary_large_image\" \/>\n<meta name=\"twitter:site\" content=\"@cliniccenteruk\" \/>\n<meta name=\"twitter:label1\" content=\"Tahmini okuma s\u00fcresi\" \/>\n\t<meta name=\"twitter:data1\" content=\"2 dakika\" \/>\n<!-- \/ Yoast SEO plugin. -->","yoast_head_json":{"title":"Dr. Tamer Kolda\u015f | Plastik Cerrahi Doktoru | Klinik Merkezi","description":"Clinic Center'da plastik cerrahide 30 y\u0131ll\u0131k deneyime sahip ortak uzman Prof. Dr. Tamer Kolda\u015f hakk\u0131nda daha fazla bilgi edinin.","robots":{"index":"index","follow":"follow","max-snippet":"max-snippet:-1","max-image-preview":"max-image-preview:large","max-video-preview":"max-video-preview:-1"},"canonical":"https:\/\/cliniccenter.co.uk\/tr\/doktor-tamer\/","og_locale":"tr_TR","og_type":"article","og_title":"Dr. Tamer Kolda\u015f | Plastik Cerrahi Doktoru | Klinik Merkezi","og_description":"Clinic Center'da plastik cerrahide 30 y\u0131ll\u0131k deneyime sahip ortak uzman Prof. Dr. Tamer Kolda\u015f hakk\u0131nda daha fazla bilgi edinin.","og_url":"https:\/\/cliniccenter.co.uk\/tr\/doktor-tamer\/","article_publisher":"https:\/\/www.facebook.com\/cliniccenter.co.uk\/","article_modified_time":"2024-11-18T13:34:20+00:00","og_image":[{"url":"https:\/\/cliniccenter.co.uk\/wp-content\/uploads\/2023\/11\/tamer-koldas-dik-517x1024-1.webp","type":"","width":"","height":""}],"twitter_card":"summary_large_image","twitter_site":"@cliniccenteruk","twitter_misc":{"Tahmini okuma s\u00fcresi":"2 dakika"},"schema":{"@context":"https:\/\/schema.org","@graph":[{"@type":"WebPage","@id":"https:\/\/cliniccenter.co.uk\/tr\/doktor-tamer\/","url":"https:\/\/cliniccenter.co.uk\/tr\/doktor-tamer\/","name":"Dr. Tamer Kolda\u015f | Plastik Cerrahi Doktoru | Klinik Merkezi","isPartOf":{"@id":"https:\/\/cliniccenter.co.uk\/ro\/#website"},"primaryImageOfPage":{"@id":"https:\/\/cliniccenter.co.uk\/tr\/doktor-tamer\/#primaryimage"},"image":{"@id":"https:\/\/cliniccenter.co.uk\/tr\/doktor-tamer\/#primaryimage"},"thumbnailUrl":"https:\/\/cliniccenter.co.uk\/wp-content\/uploads\/2023\/11\/tamer-koldas-dik-517x1024-1.webp","datePublished":"2022-11-07T08:23:09+00:00","dateModified":"2024-11-18T13:34:20+00:00","description":"Clinic Center'da plastik cerrahide 30 y\u0131ll\u0131k deneyime sahip ortak uzman Prof. Dr. Tamer Kolda\u015f hakk\u0131nda daha fazla bilgi edinin.","breadcrumb":{"@id":"https:\/\/cliniccenter.co.uk\/tr\/doktor-tamer\/#breadcrumb"},"inLanguage":"tr","potentialAction":[{"@type":"ReadAction","target":["https:\/\/cliniccenter.co.uk\/tr\/doktor-tamer\/"]}]},{"@type":"ImageObject","inLanguage":"tr","@id":"https:\/\/cliniccenter.co.uk\/tr\/doktor-tamer\/#primaryimage","url":"https:\/\/cliniccenter.co.uk\/wp-content\/uploads\/2023\/11\/tamer-koldas-dik-517x1024-1.webp","contentUrl":"https:\/\/cliniccenter.co.uk\/wp-content\/uploads\/2023\/11\/tamer-koldas-dik-517x1024-1.webp"},{"@type":"BreadcrumbList","@id":"https:\/\/cliniccenter.co.uk\/tr\/doktor-tamer\/#breadcrumb","itemListElement":[{"@type":"ListItem","position":1,"name":"Home","item":"https:\/\/cliniccenter.co.uk\/tr\/"},{"@type":"ListItem","position":2,"name":"Doktorlar","item":"https:\/\/cliniccenter.co.uk\/tr\/doktorlar\/"},{"@type":"ListItem","position":3,"name":"Dr. Tamer Kolda\u015f | Plastik Cerrahi Doktoru | Klinik Merkezi"}]},{"@type":"WebSite","@id":"https:\/\/cliniccenter.co.uk\/ro\/#website","url":"https:\/\/cliniccenter.co.uk\/ro\/","name":"","description":"","potentialAction":[{"@type":"SearchAction","target":{"@type":"EntryPoint","urlTemplate":"https:\/\/cliniccenter.co.uk\/ro\/?s={search_term_string}"},"query-input":{"@type":"PropertyValueSpecification","valueRequired":true,"valueName":"search_term_string"}}],"inLanguage":"tr"}]}},"uagb_featured_image_src":{"full":false,"thumbnail":false,"medium":false,"medium_large":false,"large":false,"1536x1536":false,"2048x2048":false},"uagb_author_info":{"display_name":"G\u00f6rkem G\u00fcng\u00f6r","author_link":"https:\/\/cliniccenter.co.uk\/tr\/blog\/author\/gorkem\/"},"uagb_comment_info":0,"uagb_excerpt":"Prof. Dr. Tamer Kolda\u015f, T\u00fcrkiye&#8217;nin en yetenekli ve deneyimli plastik cerrahlar\u0131ndan biridir. 1960 y\u0131l\u0131nda \u0130zmir&#8217;de do\u011fdu. 1977 y\u0131l\u0131nda \u0130zmir Atat\u00fcrk Lisesi&#8217;nden mezun oldu. 1983 y\u0131l\u0131nda T\u00dcB\u0130TAK bursu kazanarak Ege \u00dcniversitesi T\u0131p Fak\u00fcltesi&#8217;nden doktor \u00fcnvan\u0131n\u0131 ald\u0131. Mecburi hizmetini Sinop&#8217;ta, askerli\u011fini \u0130stanbul&#8217;da tamamlad\u0131. Tamer Kolda\u015f, uzmanl\u0131k e\u011fitimine 1987 y\u0131l\u0131nda \u0130stanbul \u00dcniversitesi T\u0131p Fak\u00fcltesi Plastik, Rekonstr\u00fcktif ve Estetik&hellip;","_links":{"self":[{"href":"https:\/\/cliniccenter.co.uk\/tr\/wp-json\/wp\/v2\/pages\/44141"}],"collection":[{"href":"https:\/\/cliniccenter.co.uk\/tr\/wp-json\/wp\/v2\/pages"}],"about":[{"href":"https:\/\/cliniccenter.co.uk\/tr\/wp-json\/wp\/v2\/types\/page"}],"author":[{"embeddable":true,"href":"https:\/\/cliniccenter.co.uk\/tr\/wp-json\/wp\/v2\/users\/15"}],"replies":[{"embeddable":true,"href":"https:\/\/cliniccenter.co.uk\/tr\/wp-json\/wp\/v2\/comments?post=44141"}],"version-history":[{"count":2,"href":"https:\/\/cliniccenter.co.uk\/tr\/wp-json\/wp\/v2\/pages\/44141\/revisions"}],"predecessor-version":[{"id":49502,"href":"https:\/\/cliniccenter.co.uk\/tr\/wp-json\/wp\/v2\/pages\/44141\/revisions\/49502"}],"up":[{"embeddable":true,"href":"https:\/\/cliniccenter.co.uk\/tr\/wp-json\/wp\/v2\/pages\/16760"}],"wp:attachment":[{"href":"https:\/\/cliniccenter.co.uk\/tr\/wp-json\/wp\/v2\/media?parent=44141"}],"curies":[{"name":"wp","href":"https:\/\/api.w.org\/{rel}","templated":true}]}}