{"id":44147,"date":"2019-09-12T15:32:49","date_gmt":"2019-09-12T15:32:49","guid":{"rendered":"https:\/\/cliniccenter.co.uk\/doktorlar\/dr-hakan-gundogan\/"},"modified":"2024-03-28T08:04:22","modified_gmt":"2024-03-28T08:04:22","slug":"doktor-hakan","status":"publish","type":"page","link":"https:\/\/cliniccenter.co.uk\/tr\/doktor-hakan\/","title":{"rendered":"Dr. Hakan | Plastik Cerrahi Doktoru | Klinik Merkezi"},"content":{"rendered":"\n<div class=\"wp-block-columns is-layout-flex wp-container-core-columns-is-layout-3 wp-block-columns-is-layout-flex\">\n<div class=\"wp-block-column is-layout-flow wp-block-column-is-layout-flow\" style=\"flex-basis:33.33%\">\n<figure class=\"wp-block-image alignleft size-large\"><img decoding=\"async\" src=\"https:\/\/cliniccenter.co.uk\/wp-content\/uploads\/2023\/11\/hakan-gundogan-517x1024-1.webp\" alt=\"\" class=\"wp-image-22594 skip-lazy\"\/><\/figure>\n<\/div>\n\n\n\n<div class=\"wp-block-column is-layout-flow wp-block-column-is-layout-flow\" style=\"flex-basis:66.66%\">\n<div class=\"wp-block-columns is-layout-flex wp-container-core-columns-is-layout-1 wp-block-columns-is-layout-flex\">\n<div class=\"wp-block-column leftpadbox is-layout-flow wp-block-column-is-layout-flow\">\n<p>Doktor Hakan, Ege \u00dcniversitesi T\u0131p Fak\u00fcltesi&#8217;nden 1994 y\u0131l\u0131nda derece ile mezun olmu\u015ftur. T\u0131pta Uzmanl\u0131k S\u0131nav\u0131nda (TUS) ilk 10 doktor aras\u0131na girmeyi ba\u015faran Dr. Hakan, Estetik Plastik ve Rekonstr\u00fcktif Cerrahi Anabilim Dal\u0131&#8217;nda ara\u015ft\u0131rma g\u00f6revlisi olarak ba\u015flam\u0131\u015ft\u0131r. T\u00fcrkiye&#8217;nin en prestijli kliniklerinden biri olan Ege \u00dcniversitesi T\u0131p Fak\u00fcltesi Klini\u011fi.<\/p>\n\n\n\n<p>Doktor Hakan, 2000 y\u0131l\u0131nda sadece uzman doktorlar\u0131n kabul edildi\u011fi Doktora Sonras\u0131 Burslu kadroya kabul edildi. D\u00fcnyan\u0131n en prestijli t\u0131p fak\u00fcltelerinden biri olan Baylor College of Medicine&#8217;e (Houston, Texas, ABD) kabul edildi ve Estetik Plastik &amp; Rekonstr\u00fcktif Cerrahi Anabilim Dal\u0131&#8217;nda asistan olarak son y\u0131l\u0131n\u0131 tamamlad\u0131.<\/p>\n\n\n\n<p>Amerika&#8217;da Estetik Cerrahi tecr\u00fcbesini artt\u0131r\u0131rken Deneysel Mikrocerrahi alan\u0131nda bilimsel \u00e7al\u0131\u015fmalar\u0131na devam etti. Doktor Hakan&#8217;\u0131n \u0130nsan Genom Projesi (Baylor College of Medicine, Houston, TX, ABD) kapsam\u0131nda geli\u015ftirdi\u011fi deneysel \u00e7al\u0131\u015fmas\u0131 \u201cMikrovask\u00fcler Ven Greftlerinde Gen Tedavisi\u201d 2001 y\u0131l\u0131nda asistanl\u0131k tezi olarak kabul edilmi\u015f ve ilk \u00e7al\u0131\u015fma olarak kabul edilmektedir ve \u00fclkemizde bu alanda yay\u0131nlanm\u0131\u015ft\u0131r.<\/p>\n\n\n\n<p>Dr. Hakan 2002 y\u0131l\u0131nda d\u00fcnyan\u0131n en b\u00fcy\u00fck Plastik Cerrahi Klini\u011fine ev sahipli\u011fi yapan ve her y\u0131l sadece bir yabanc\u0131 plastik cerrah\u0131n kabul edildi\u011fi ve alan\u0131nda ileri teknik operasyonlar ger\u00e7ekle\u015ftiren Tayvan Chang Gung \u00dcniversitesi&#8217;nde Craniomaxillofacial Surgery Fellowship pozisyonuna davet edilmi\u015ftir. \u00d6zellikle endoskopik meme b\u00fcy\u00fctme ve y\u00fcz gen\u00e7le\u015ftirmede bir y\u0131ld\u0131r y\u00fcz ve \u00e7ene cerrahisi.<\/p>\n\n\n\n<p>2003 y\u0131l\u0131 sonunda Tayvan Chang Gung \u00dcniversite Hastanesi&#8217;nde Kraniyomaksillofasiyal Cerrahi e\u011fitimini ba\u015far\u0131yla tamamlad\u0131ktan sonra T\u00fcrkiye&#8217;ye d\u00f6nen Dr. Hakan, Onur Erol ile Estetik Cerrahi Bursu&#8217;na ba\u015flad\u0131.<\/p>\n\n\n\n<p>Doktor Hakan, T\u00fcrk Estetik Plastik ve Rekonstr\u00fcktif Cerrahi Derne\u011fi&#8217;nin yaz\u0131l\u0131 ve s\u00f6zl\u00fc s\u0131navlar\u0131n\u0131 ba\u015far\u0131yla tamamlayan ilk plastik cerrah oldu.<\/p>\n\n\n\n<p>Kariyeri boyunca 100&#8217;e yak\u0131n ulusal ve uluslararas\u0131 bilimsel kongreye kat\u0131lm\u0131\u015f ve bu toplant\u0131lar\u0131n bir\u00e7o\u011funda deneyimlerini payla\u015fmak \u00fczere davet edilmi\u015ftir ve halen \u00e7e\u015fitli yurt i\u00e7i ve yurt d\u0131\u015f\u0131 toplant\u0131lara \u00f6\u011fretim g\u00f6revlisi ve konu\u015fmac\u0131 olarak davet edilmektedir.<\/p>\n\n\n\n<p>Y\u0131llar\u0131n tecr\u00fcbesi ve hem T\u00fcrkiye&#8217;de hem de yurt d\u0131\u015f\u0131nda bir\u00e7ok akademik ba\u015far\u0131 ile, harika ileti\u015fim becerileri ve ola\u011fan\u00fcst\u00fc ameliyat sonu\u00e7lar\u0131ndan hastalar \u00e7ok memnun.<\/p>\n<\/div>\n<\/div>\n\n\n\n<h3 class=\"wp-block-heading\">Sertifikalar<\/h3>\n\n\n\n<figure class=\"wp-block-gallery has-nested-images columns-default is-cropped wp-block-gallery-1 is-layout-flex wp-block-gallery-is-layout-flex\">\n<figure class=\"wp-block-image size-large\"><img decoding=\"async\" src=\"https:\/\/cliniccenter.co.uk\/wp-content\/uploads\/2023\/12\/hakan-gundogan-certificate-1-2.webp\" alt=\"\" class=\"wp-image-16572 skip-lazy\"\/><\/figure>\n\n\n\n<figure class=\"wp-block-image size-large\"><img decoding=\"async\" src=\"https:\/\/cliniccenter.co.uk\/wp-content\/uploads\/2023\/12\/hakan-gundogan-certificate-2-1.webp\" alt=\"\" class=\"wp-image-16578 skip-lazy\"\/><\/figure>\n<\/figure>\n\n\n\n<div class=\"wp-block-columns is-layout-flex wp-container-core-columns-is-layout-2 wp-block-columns-is-layout-flex\">\n<div class=\"wp-block-column leftpadbox is-layout-flow wp-block-column-is-layout-flow\">\n<p><strong>Deneyim<\/strong>: 25 y\u0131l<br><strong>Uluslararas\u0131 Tedavi Edilen Hastalar<\/strong>: Birle\u015fik Krall\u0131k, \u0130rlanda, Avustralya, Amerika Birle\u015fik Devletleri, Birle\u015fik Arap Emirlikleri, Suudi Arabistan, Kuveyt, Avrupa Birli\u011fi \u00dclkeleri<br><strong>Uzmanl\u0131k Alanlar\u0131:<\/strong> Meme B\u00fcy\u00fctme (Meme \u0130mplantlar\u0131, Meme B\u00fcy\u00fctme), Meme Dikle\u015ftirme, Meme K\u00fc\u00e7\u00fcltme, Rinoplasti (Burun Esteti\u011fi), Septorinoplasti, Liposuction (Ya\u011f Ald\u0131rma), Vaser &amp; Hi-Def Vaser Liposuction, Kar\u0131n Germe, Brezilya Poposu Kald\u0131rma (BBL), Y\u00fcz Gerdirme ( Ritidektomi), G\u00f6z Kapa\u011f\u0131 Ameliyat\u0131 (Blefaroplasti), Jinekomasti (Erkek Meme K\u00fc\u00e7\u00fcltme), Annelik Esteti\u011fi, Uyluk Germe (Uyluk Esteti\u011fi), Boyun Germe (Platismaplasti), Kol Germe (Brakioplasti), Ka\u015f Kald\u0131rma, Kulak Esteti\u011fi (Otoplasti), Estetik Ameliyatlar.<br><strong>\u00dcyelikler<\/strong>: T\u00fcrk Tabipleri Birli\u011fi, T\u00fcrk Plastik Rekonstr\u00fcktif ve Estetik Cerrahi Derne\u011fi, Chang Gung Kraniyofasiyal Cerrahi Kul\u00fcb\u00fc, Estetik Plastik Cerrahi Derne\u011fi<br><strong>\u015eehir<\/strong>:&nbsp;\u0130stanbul, T\u00fcrkiye<br><strong>\u00c7al\u0131\u015fma G\u00fcnleri<\/strong>: Haftai\u00e7i ve Cumartesi<br><strong>Diller<\/strong>: \u0130ngilizce ve \u0130spanyolca<br><strong>\u0130leti\u015fim<\/strong>:&nbsp;+44 20 3575 1039 &amp; info@cliniccenter.co.uk<\/p>\n<\/div>\n<\/div>\n<\/div>\n<\/div>\n\n\n\n<script type=\"application\/ld+json\">\n    {\n        \"@context\": \"http:\\\/\\\/schema.org\",\n        \"@type\": \"Physician\",\n        \"@id\": \"https:\/\/cliniccenter.co.uk\/dr-hakan\/\",\n        \"areaServed\": {\n            \"@type\": \"Place\",\n            \"name\": \"Istanbul, Turkey\"\n        },\n        \"alumniOf\": {\n            \"@type\": \"OrganizationRole\",\n            \"alumniOf\": {\n                \"@type\": \"CollegeOrUniversity\",\n                \"name\": \"Ege University\"\n            }\n        },\n        \"employee\": {\n            \"@type\": \"Person\",\n            \"@id\": \"https:\/\/cliniccenter.co.uk\/dr-hakan\/\",\n            \"description\": \"Doctor Hakan graduated from the Ege University Faculty of Medicine with a degree in 1994. In Medical Specialist Exam (TUS), Dr. Hakan succeeded in becoming one of the top 10 doctors and started as a research assistant in the Aesthetic Plastic and Reconstructive Surgery Clinic of Ege University Faculty of Medicine, which is one of the most prestigious clinics in Turkey.In 2000, Doctor Gundogan was admitted to the Post-Doctoral Fellowship position on a scholarship where only specialist doctors were accepted. He was admitted to the Baylor College of Medicine (Houston, Texas, USA), one of the most prestigious medical faculties in the world and completed his last year as an assistant in Aesthetic Plastic & Reconstructive Surgery Department.While increasing his Aesthetic Surgery experience in the United States, he continued his scientific studies in the field of Experimental Microsurgery. MD, Hakan\u2019s experimental study \u201cGene Therapy in Microvascular Vein Grafts\u201d, developed within the scope of Human Genome Project (Baylor College of Medicine, Houston, TX, USA), was accepted as an assistant thesis in 2001 and is considered as the first study published in this field in our country.In 2002, Dr. Hakan has been invited to the Craniomaxillofacial Surgery Fellowship position in Taiwan Chang Gung University, which hosts the world\u2019s largest Plastic Surgery Clinic, where only one foreign plastic surgeon is admitted each year and has performed advanced technical operations in the field of face and jaw surgery for a year especially in endoscopic breast augmentation and facial rejuvenation.After successfully completing the Craniomaxillofacial Surgery training at Taiwan Chang Gung University Hospital at the end of 2003, Dr. Hakan returned to Turkey and started Aesthetic Surgery Fellowship with Onur Erol.Doctor Hakan became the first plastic surgeon to successfully complete the written and oral examinations of the Turkish Society of Aesthetic Plastic and Reconstructive Surgery.Throughout his career, he has participated in nearly 100 national and international scientific congresses and has been invited to share his experiences in many of these meetings and he is still invited as a lecturer and speaker to various domestic and international meetings.With years of experience and many academical successes both in Turkey and abroad, patients are very pleased with his great communication skills and his remarkable surgery results.\",\n            \"hasOccupation\": {\n                \"@type\": \"Occupation\",\n                \"name\": \"Plastic Surgeon\"\n            },\n            \"knowsLanguage\": {\n                \"@type\": \"Language\",\n                \"name\": \"English\",\n                \"alternateName\": \"en\"\n            },\n            \"honorificSuffix\": \"Dr.\"\n        },\n        \"hospitalAffiliation\": {\n            \"image\": {\n                \"@type\": \"ImageObject\",\n                \"@id\": \"https:\/\/cliniccenter.co.uk\/wp-content\/uploads\/2021\/12\/hakan.jpg\"\n            }\n        },\n        \"isAcceptingNewPatients\": \"https:\\\/\\\/schema.org\\\/True\",\n        \"isAccessibleForFree\": \"https:\\\/\\\/schema.org\\\/False\",\n        \"medicalSpecialty\": {\n            \"@type\": \"MedicalSpecialty\",\n            \"name\": \"Breast Augmentation (Breast Implants, Breast Enlargement), Breast Lift, Breast Reduction, Rhinoplasty (Nose Job), Septorhinoplasty, Liposuction (Fat Removal), Vaser & Hi-Def Vaser Liposuction, Tummy Tuck, Brazilian Butt Lift (BBL), Facelift (Rhytidectomy), Eyelid Surgery (Blepharoplasty), Gynecomastia (Male Breast Reduction), Mommy Makeover, Thigh Lift (Thighplasty), Neck Lift (Platysmaplasty), Arm Lift  (Brachioplasty), Brow Lift, Cosmetic Ear Surgery (Otoplasty), Cosmetic Surgeries.\"\n        },\n\n        \"memberOf\":\n        {\n            \"@type\":\"Organization\",\n            \"name\":\n            [\n                \"Turkish Medical Association, Turkish Association of Plastic Reconstructive and Aesthetic Surgery, Chang Gung Craniofacial Surgery Club, Aesthetic Plastic Surgery Association\"\n            ]\n        },\n        \"name\": \"Dr. Hakan\"\n    }\n<\/script>\n","protected":false},"excerpt":{"rendered":"<p>Doktor Hakan, Ege \u00dcniversitesi T\u0131p Fak\u00fcltesi&#8217;nden 1994 y\u0131l\u0131nda derece ile mezun olmu\u015ftur. T\u0131pta Uzmanl\u0131k S\u0131nav\u0131nda (TUS) ilk 10 doktor aras\u0131na girmeyi ba\u015faran Dr. Hakan, Estetik Plastik ve Rekonstr\u00fcktif Cerrahi Anabilim Dal\u0131&#8217;nda ara\u015ft\u0131rma g\u00f6revlisi olarak ba\u015flam\u0131\u015ft\u0131r. T\u00fcrkiye&#8217;nin en prestijli kliniklerinden biri olan Ege \u00dcniversitesi T\u0131p Fak\u00fcltesi Klini\u011fi. Doktor Hakan, 2000 y\u0131l\u0131nda sadece uzman doktorlar\u0131n kabul edildi\u011fi [&hellip;]<\/p>\n","protected":false},"author":2,"featured_media":0,"parent":16760,"menu_order":0,"comment_status":"closed","ping_status":"closed","template":"","meta":{"_uag_custom_page_level_css":"","_lmt_disableupdate":"no","_lmt_disable":"","site-sidebar-layout":"default","site-content-layout":"default","ast-site-content-layout":"default","site-content-style":"default","site-sidebar-style":"default","ast-global-header-display":"","ast-banner-title-visibility":"","ast-main-header-display":"","ast-hfb-above-header-display":"","ast-hfb-below-header-display":"","ast-hfb-mobile-header-display":"","site-post-title":"","ast-breadcrumbs-content":"","ast-featured-img":"","footer-sml-layout":"","theme-transparent-header-meta":"default","adv-header-id-meta":"","stick-header-meta":"","header-above-stick-meta":"","header-main-stick-meta":"","header-below-stick-meta":"","astra-migrate-meta-layouts":"set","ast-page-background-enabled":"default","ast-page-background-meta":{"desktop":{"background-color":"","background-image":"","background-repeat":"repeat","background-position":"center center","background-size":"auto","background-attachment":"scroll","background-type":"","background-media":"","overlay-type":"","overlay-color":"","overlay-opacity":"","overlay-gradient":""},"tablet":{"background-color":"","background-image":"","background-repeat":"repeat","background-position":"center center","background-size":"auto","background-attachment":"scroll","background-type":"","background-media":"","overlay-type":"","overlay-color":"","overlay-opacity":"","overlay-gradient":""},"mobile":{"background-color":"","background-image":"","background-repeat":"repeat","background-position":"center center","background-size":"auto","background-attachment":"scroll","background-type":"","background-media":"","overlay-type":"","overlay-color":"","overlay-opacity":"","overlay-gradient":""}},"ast-content-background-meta":{"desktop":{"background-color":"var(--ast-global-color-5)","background-image":"","background-repeat":"repeat","background-position":"center center","background-size":"auto","background-attachment":"scroll","background-type":"","background-media":"","overlay-type":"","overlay-color":"","overlay-opacity":"","overlay-gradient":""},"tablet":{"background-color":"var(--ast-global-color-5)","background-image":"","background-repeat":"repeat","background-position":"center center","background-size":"auto","background-attachment":"scroll","background-type":"","background-media":"","overlay-type":"","overlay-color":"","overlay-opacity":"","overlay-gradient":""},"mobile":{"background-color":"var(--ast-global-color-5)","background-image":"","background-repeat":"repeat","background-position":"center center","background-size":"auto","background-attachment":"scroll","background-type":"","background-media":"","overlay-type":"","overlay-color":"","overlay-opacity":"","overlay-gradient":""}},"footnotes":""},"class_list":["post-44147","page","type-page","status-publish","hentry"],"yoast_head":"<!-- This site is optimized with the Yoast SEO plugin v25.3.1 - https:\/\/yoast.com\/wordpress\/plugins\/seo\/ -->\n<title>Dr. Hakan | Plastik Cerrahi Doktoru | Klinik Merkezi<\/title>\n<meta name=\"description\" content=\"Estetik ve plastik cerrahlarda 25 y\u0131ll\u0131k deneyime sahip Clinic Center&#039;dan Dr. Hakan hakk\u0131nda daha fazlas\u0131n\u0131 okuyun.\" \/>\n<meta name=\"robots\" content=\"index, follow, max-snippet:-1, max-image-preview:large, max-video-preview:-1\" \/>\n<link rel=\"canonical\" href=\"https:\/\/cliniccenter.co.uk\/tr\/doktor-hakan\/\" \/>\n<meta property=\"og:locale\" content=\"tr_TR\" \/>\n<meta property=\"og:type\" content=\"article\" \/>\n<meta property=\"og:title\" content=\"Dr. Hakan | Plastik Cerrahi Doktoru | Klinik Merkezi\" \/>\n<meta property=\"og:description\" content=\"Estetik ve plastik cerrahlarda 25 y\u0131ll\u0131k deneyime sahip Clinic Center&#039;dan Dr. Hakan hakk\u0131nda daha fazlas\u0131n\u0131 okuyun.\" \/>\n<meta property=\"og:url\" content=\"https:\/\/cliniccenter.co.uk\/tr\/doktor-hakan\/\" \/>\n<meta property=\"article:publisher\" content=\"https:\/\/www.facebook.com\/cliniccenter.co.uk\/\" \/>\n<meta property=\"article:modified_time\" content=\"2024-03-28T08:04:22+00:00\" \/>\n<meta property=\"og:image\" content=\"https:\/\/cliniccenter.co.uk\/wp-content\/uploads\/2023\/11\/hakan-gundogan-517x1024-1.webp\" \/>\n<meta name=\"twitter:card\" content=\"summary_large_image\" \/>\n<meta name=\"twitter:site\" content=\"@cliniccenteruk\" \/>\n<meta name=\"twitter:label1\" content=\"Tahmini okuma s\u00fcresi\" \/>\n\t<meta name=\"twitter:data1\" content=\"3 dakika\" \/>\n<!-- \/ Yoast SEO plugin. -->","yoast_head_json":{"title":"Dr. Hakan | Plastik Cerrahi Doktoru | Klinik Merkezi","description":"Estetik ve plastik cerrahlarda 25 y\u0131ll\u0131k deneyime sahip Clinic Center'dan Dr. Hakan hakk\u0131nda daha fazlas\u0131n\u0131 okuyun.","robots":{"index":"index","follow":"follow","max-snippet":"max-snippet:-1","max-image-preview":"max-image-preview:large","max-video-preview":"max-video-preview:-1"},"canonical":"https:\/\/cliniccenter.co.uk\/tr\/doktor-hakan\/","og_locale":"tr_TR","og_type":"article","og_title":"Dr. Hakan | Plastik Cerrahi Doktoru | Klinik Merkezi","og_description":"Estetik ve plastik cerrahlarda 25 y\u0131ll\u0131k deneyime sahip Clinic Center'dan Dr. Hakan hakk\u0131nda daha fazlas\u0131n\u0131 okuyun.","og_url":"https:\/\/cliniccenter.co.uk\/tr\/doktor-hakan\/","article_publisher":"https:\/\/www.facebook.com\/cliniccenter.co.uk\/","article_modified_time":"2024-03-28T08:04:22+00:00","og_image":[{"url":"https:\/\/cliniccenter.co.uk\/wp-content\/uploads\/2023\/11\/hakan-gundogan-517x1024-1.webp","type":"","width":"","height":""}],"twitter_card":"summary_large_image","twitter_site":"@cliniccenteruk","twitter_misc":{"Tahmini okuma s\u00fcresi":"3 dakika"},"schema":{"@context":"https:\/\/schema.org","@graph":[{"@type":"WebPage","@id":"https:\/\/cliniccenter.co.uk\/tr\/doktor-hakan\/","url":"https:\/\/cliniccenter.co.uk\/tr\/doktor-hakan\/","name":"Dr. Hakan | Plastik Cerrahi Doktoru | Klinik Merkezi","isPartOf":{"@id":"https:\/\/cliniccenter.co.uk\/ro\/#website"},"primaryImageOfPage":{"@id":"https:\/\/cliniccenter.co.uk\/tr\/doktor-hakan\/#primaryimage"},"image":{"@id":"https:\/\/cliniccenter.co.uk\/tr\/doktor-hakan\/#primaryimage"},"thumbnailUrl":"https:\/\/cliniccenter.co.uk\/wp-content\/uploads\/2023\/11\/hakan-gundogan-517x1024-1.webp","datePublished":"2019-09-12T15:32:49+00:00","dateModified":"2024-03-28T08:04:22+00:00","description":"Estetik ve plastik cerrahlarda 25 y\u0131ll\u0131k deneyime sahip Clinic Center'dan Dr. Hakan hakk\u0131nda daha fazlas\u0131n\u0131 okuyun.","breadcrumb":{"@id":"https:\/\/cliniccenter.co.uk\/tr\/doktor-hakan\/#breadcrumb"},"inLanguage":"tr","potentialAction":[{"@type":"ReadAction","target":["https:\/\/cliniccenter.co.uk\/tr\/doktor-hakan\/"]}]},{"@type":"ImageObject","inLanguage":"tr","@id":"https:\/\/cliniccenter.co.uk\/tr\/doktor-hakan\/#primaryimage","url":"https:\/\/cliniccenter.co.uk\/wp-content\/uploads\/2023\/11\/hakan-gundogan-517x1024-1.webp","contentUrl":"https:\/\/cliniccenter.co.uk\/wp-content\/uploads\/2023\/11\/hakan-gundogan-517x1024-1.webp"},{"@type":"BreadcrumbList","@id":"https:\/\/cliniccenter.co.uk\/tr\/doktor-hakan\/#breadcrumb","itemListElement":[{"@type":"ListItem","position":1,"name":"Home","item":"https:\/\/cliniccenter.co.uk\/tr\/"},{"@type":"ListItem","position":2,"name":"Doktorlar","item":"https:\/\/cliniccenter.co.uk\/tr\/doktorlar\/"},{"@type":"ListItem","position":3,"name":"Dr. Hakan | Plastik Cerrahi Doktoru | Klinik Merkezi"}]},{"@type":"WebSite","@id":"https:\/\/cliniccenter.co.uk\/ro\/#website","url":"https:\/\/cliniccenter.co.uk\/ro\/","name":"","description":"","potentialAction":[{"@type":"SearchAction","target":{"@type":"EntryPoint","urlTemplate":"https:\/\/cliniccenter.co.uk\/ro\/?s={search_term_string}"},"query-input":{"@type":"PropertyValueSpecification","valueRequired":true,"valueName":"search_term_string"}}],"inLanguage":"tr"}]}},"uagb_featured_image_src":{"full":false,"thumbnail":false,"medium":false,"medium_large":false,"large":false,"1536x1536":false,"2048x2048":false},"uagb_author_info":{"display_name":"Sertac Ceki","author_link":"https:\/\/cliniccenter.co.uk\/tr\/blog\/author\/sertaccliniccenter-co-uk\/"},"uagb_comment_info":0,"uagb_excerpt":"Doktor Hakan, Ege \u00dcniversitesi T\u0131p Fak\u00fcltesi&#8217;nden 1994 y\u0131l\u0131nda derece ile mezun olmu\u015ftur. T\u0131pta Uzmanl\u0131k S\u0131nav\u0131nda (TUS) ilk 10 doktor aras\u0131na girmeyi ba\u015faran Dr. Hakan, Estetik Plastik ve Rekonstr\u00fcktif Cerrahi Anabilim Dal\u0131&#8217;nda ara\u015ft\u0131rma g\u00f6revlisi olarak ba\u015flam\u0131\u015ft\u0131r. T\u00fcrkiye&#8217;nin en prestijli kliniklerinden biri olan Ege \u00dcniversitesi T\u0131p Fak\u00fcltesi Klini\u011fi. Doktor Hakan, 2000 y\u0131l\u0131nda sadece uzman doktorlar\u0131n kabul edildi\u011fi&hellip;","_links":{"self":[{"href":"https:\/\/cliniccenter.co.uk\/tr\/wp-json\/wp\/v2\/pages\/44147"}],"collection":[{"href":"https:\/\/cliniccenter.co.uk\/tr\/wp-json\/wp\/v2\/pages"}],"about":[{"href":"https:\/\/cliniccenter.co.uk\/tr\/wp-json\/wp\/v2\/types\/page"}],"author":[{"embeddable":true,"href":"https:\/\/cliniccenter.co.uk\/tr\/wp-json\/wp\/v2\/users\/2"}],"replies":[{"embeddable":true,"href":"https:\/\/cliniccenter.co.uk\/tr\/wp-json\/wp\/v2\/comments?post=44147"}],"version-history":[{"count":3,"href":"https:\/\/cliniccenter.co.uk\/tr\/wp-json\/wp\/v2\/pages\/44147\/revisions"}],"predecessor-version":[{"id":51109,"href":"https:\/\/cliniccenter.co.uk\/tr\/wp-json\/wp\/v2\/pages\/44147\/revisions\/51109"}],"up":[{"embeddable":true,"href":"https:\/\/cliniccenter.co.uk\/tr\/wp-json\/wp\/v2\/pages\/16760"}],"wp:attachment":[{"href":"https:\/\/cliniccenter.co.uk\/tr\/wp-json\/wp\/v2\/media?parent=44147"}],"curies":[{"name":"wp","href":"https:\/\/api.w.org\/{rel}","templated":true}]}}