{"id":44150,"date":"2022-09-30T13:18:21","date_gmt":"2022-09-30T13:18:21","guid":{"rendered":"https:\/\/cliniccenter.co.uk\/doktorlar\/op-dr-gamze-kurdal\/"},"modified":"2024-11-18T13:33:32","modified_gmt":"2024-11-18T13:33:32","slug":"doktor-gamze","status":"publish","type":"page","link":"https:\/\/cliniccenter.co.uk\/tr\/doktor-gamze\/","title":{"rendered":"Op. Dr. Gamze | Plastik Cerrahi Doktoru | Klinik Merkezi"},"content":{"rendered":"\n<div class=\"wp-block-columns is-layout-flex wp-container-core-columns-is-layout-3 wp-block-columns-is-layout-flex\">\n<div class=\"wp-block-column is-layout-flow wp-block-column-is-layout-flow\" style=\"flex-basis:33.33%\">\n<figure class=\"wp-block-image size-large\"><img decoding=\"async\" src=\"https:\/\/cliniccenter.co.uk\/wp-content\/uploads\/2023\/11\/gamze-kurdal-dik-1-517x1024-1.webp\" alt=\"gamze kurdal dik\" class=\"wp-image-40016 skip-lazy\"\/><\/figure>\n<\/div>\n\n\n\n<div class=\"wp-block-column is-layout-flow wp-block-column-is-layout-flow\" style=\"flex-basis:66.66%\">\n<div class=\"wp-block-columns is-layout-flex wp-container-core-columns-is-layout-1 wp-block-columns-is-layout-flex\">\n<div class=\"wp-block-column leftpadbox is-layout-flow wp-block-column-is-layout-flow\">\n<p>2011 y\u0131l\u0131nda Marmara \u00dcniversitesi T\u0131p Fak\u00fcltesi&#8217;nden mezun olan Doktor Gamze Kurdal, Plastik, Rekonstr\u00fcktif ve Estetik Cerrahi uzmanl\u0131k e\u011fitimini 2018 y\u0131l\u0131nda SB\u00dc Sultan Abd\u00fclhamid Han E\u011fitim ve Ara\u015ft\u0131rma Hastanesi&#8217;nde tamamlad\u0131. Dr. Kurdal, zorunlu hizmetini 2018-2021 y\u0131llar\u0131 aras\u0131nda K\u0131rklareli&#8217;nde tamamlad\u0131.<\/p>\n\n\n\n<p>Dr. Gamze Kurdal, ulusal ve uluslararas\u0131 bir\u00e7ok kongre ve sempozyuma kat\u0131larak, alan\u0131ndaki geli\u015fmeleri ve yenilikleri takip etmektedir. Ba\u015fl\u0131ca ilgi alanlar\u0131 v\u00fccut \u015fekillendirme operasyonlar\u0131, meme esteti\u011fi ve y\u00fcz esteti\u011fi operasyonlar\u0131d\u0131r. Klini\u011finde kozmetoloji alan\u0131nda ameliyats\u0131z i\u015flemler de yapmaktad\u0131r. \u00c7e\u015fitli plastik cerrahiler hakk\u0131nda sunumlar yapt\u0131 ve Ulus Travma Acil Cerrahi Dergisi&#8217;nde makale yazd\u0131.<\/p>\n\n\n\n<p>T\u00fcrkiye&#8217;de uzun y\u0131llara dayanan tecr\u00fcbesi ve bir\u00e7ok akademik ba\u015far\u0131s\u0131yla, ola\u011fan\u00fcst\u00fc ameliyatlar\u0131 ve m\u00fckemmel ileti\u015fim becerileri ile hastalar\u0131 memnun ediyor.<\/p>\n<\/div>\n<\/div>\n\n\n\n<div class=\"wp-block-columns is-layout-flex wp-container-core-columns-is-layout-2 wp-block-columns-is-layout-flex\">\n<div class=\"wp-block-column leftpadbox is-layout-flow wp-block-column-is-layout-flow\">\n<p><strong>Deneyim<\/strong>: 12 y\u0131l<br><strong>Uluslararas\u0131 Tedavi Edilen Hastalar<\/strong>: Birle\u015fik Krall\u0131k, \u0130rlanda, Avustralya, Amerika Birle\u015fik Devletleri, Kanada, Almanya, Fransa, Birle\u015fik Arap Emirlikleri, Suudi Arabistan<br><strong>Fields of Uzmanl\u0131k Alanlar\u0131:<\/strong> Meme B\u00fcy\u00fctme (Meme \u0130mplantlar\u0131, Meme B\u00fcy\u00fctme), Meme Dikle\u015ftirme, Meme K\u00fc\u00e7\u00fcltme, Rinoplasti (Burun Esteti\u011fi), Septorinoplasti, Liposuction (Ya\u011f Ald\u0131rma), Vaser &amp; Hi-Def Vaser Liposuction, Kar\u0131n Germe, Brezilya Poposu Kald\u0131rma (BBL), Y\u00fcz Gerdirme ( Ritidektomi), G\u00f6z Kapa\u011f\u0131 Ameliyat\u0131 (Blefaroplasti), Jinekomasti (Erkek Meme K\u00fc\u00e7\u00fcltme), Annelik Esteti\u011fi, Uyluk Germe (Uyluk Esteti\u011fi), Boyun Germe (Platismaplasti), Kol Germe (Brakioplasti), Ka\u015f Kald\u0131rma, Kulak Esteti\u011fi (Otoplasti), Estetik Ameliyatlar.<br><strong>\u00dcyelikler<\/strong>: T\u00fcrk Plastik, Rekonstr\u00fcktif ve Estetik Cerrahi Derne\u011fi, T\u00fcrk Tabipleri Birli\u011fi, Estetik Plastik Cerrahi Derne\u011fi, Acil El Cerrahisi ve Mikrocerrahi<br><strong>\u015eehir<\/strong>:&nbsp;\u0130stanbul, T\u00fcrkiye<br><strong>\u00c7al\u0131\u015fma G\u00fcnleri<\/strong>: Haftai\u00e7i ve Cumartesi<br><strong>Diller<\/strong>: \u0130ngilizce<br><strong>\u0130leti\u015fim<\/strong>:&nbsp;+44 20 3575 1039 &amp; info@cliniccenter.co.uk<\/p>\n<\/div>\n<\/div>\n<\/div>\n<\/div>\n\n\n\n<script type=\"application\/ld+json\">\n    {\n        \"@context\": \"http:\\\/\\\/schema.org\",\n        \"@type\": \"Physician\",\n        \"@id\": \"https:\/\/cliniccenter.co.uk\/op-dr-gamze-kurdal\/\",\n        \"areaServed\": {\n            \"@type\": \"Place\",\n            \"name\": \"Istanbul, Turkey\"\n        },\n        \"alumniOf\": {\n            \"@type\": \"OrganizationRole\",\n            \"alumniOf\": {\n                \"@type\": \"CollegeOrUniversity\",\n                \"name\": \"Marmara University\"\n            }\n        },\n        \"employee\": {\n            \"@type\": \"Person\",\n            \"@id\": \"https:\/\/cliniccenter.co.uk\/op-dr-gamze-kurdal\/\",\n            \"description\": \"Upon graduating from Marmara University Faculty of Medicine in 2011, Doctor Gamze Kurdal completed his specialty training in Plastic, Reconstructive, and Aesthetic Surgery in 2018 at SB\u00dc Sultan Abd\u00fclhamid Han Training and Research Hospital. Dr. Kurdal completed her compulsory service in K\u0131rklareli between 2018-2021. By participating in many national and international congresses and symposiums, Dr. Gamze Kurdal follows the developments and innovations in her field. Her primary areas of interest are body shaping operations, breast aesthetics, and facial aesthetic operations. She also performs non-surgical procedures in the field of cosmetology in her clinic. She presented presentations about various plastic surgeries and wrote an article in Ulus Travma Acil Cerrahi Magazine. With years of experience and many academic successes in Turkey, patients are pleased with her remarkable surgeries and excellent communication skills.\",\n            \"hasOccupation\": {\n                \"@type\": \"Occupation\",\n                \"name\": \"Plastic Surgeon\"\n            },\n            \"knowsLanguage\": {\n                \"@type\": \"Language\",\n                \"name\": \"English\",\n                \"alternateName\": \"en\"\n            },\n            \"honorificSuffix\": \"Op. Dr. Gamze Kurdal \"\n        },\n        \"hospitalAffiliation\": {\n            \"image\": {\n                \"@type\": \"ImageObject\",\n                \"@id\": \"https:\/\/cliniccenter.co.uk\/wp-content\/uploads\/2022\/09\/gamze-kurdal-kare.jpg\/\"\n            }\n        },\n        \"isAcceptingNewPatients\": \"https:\\\/\\\/schema.org\\\/True\",\n        \"isAccessibleForFree\": \"https:\\\/\\\/schema.org\\\/False\",\n        \"medicalSpecialty\": {\n            \"@type\": \"MedicalSpecialty\",\n            \"name\": \"Breast Augmentation (Breast Implants, Breast Enlargement), Breast Lift, Breast Reduction, Rhinoplasty (Nose Job), Septorhinoplasty, Liposuction (Fat Removal), Vaser & Hi-Def Vaser Liposuction, Tummy Tuck, Brazilian Butt Lift (BBL), Facelift (Rhytidectomy), Eyelid Surgery (Blepharoplasty), Gynecomastia (Male Breast Reduction), Mommy Makeover, Thigh Lift (Thighplasty), Neck Lift (Platysmaplasty), Arm Lift  (Brachioplasty), Brow Lift, Cosmetic Ear Surgery (Otoplasty), Cosmetic Surgeries.\"\n        },\n        \"memberOf\": {\n            \"@type\": \"Organization\",\n            \"name\": [\n                \"Turkish Plastic, Reconstructive and Aesthetic Surgery Association, Turkish Medical Association, Association of Aesthetic Plastic Surgery, Emergency Hand Surgery and Microsurgery\"\n            ]\n        },\n        \"name\": \"Op. Dr. Gamze Kurdal\"\n    }\n<\/script>\n","protected":false},"excerpt":{"rendered":"<p>2011 y\u0131l\u0131nda Marmara \u00dcniversitesi T\u0131p Fak\u00fcltesi&#8217;nden mezun olan Doktor Gamze Kurdal, Plastik, Rekonstr\u00fcktif ve Estetik Cerrahi uzmanl\u0131k e\u011fitimini 2018 y\u0131l\u0131nda SB\u00dc Sultan Abd\u00fclhamid Han E\u011fitim ve Ara\u015ft\u0131rma Hastanesi&#8217;nde tamamlad\u0131. Dr. Kurdal, zorunlu hizmetini 2018-2021 y\u0131llar\u0131 aras\u0131nda K\u0131rklareli&#8217;nde tamamlad\u0131. Dr. Gamze Kurdal, ulusal ve uluslararas\u0131 bir\u00e7ok kongre ve sempozyuma kat\u0131larak, alan\u0131ndaki geli\u015fmeleri ve yenilikleri takip etmektedir. [&hellip;]<\/p>\n","protected":false},"author":15,"featured_media":0,"parent":16760,"menu_order":0,"comment_status":"closed","ping_status":"closed","template":"","meta":{"_uag_custom_page_level_css":"","_lmt_disableupdate":"no","_lmt_disable":"","site-sidebar-layout":"default","site-content-layout":"default","ast-site-content-layout":"default","site-content-style":"default","site-sidebar-style":"default","ast-global-header-display":"","ast-banner-title-visibility":"","ast-main-header-display":"","ast-hfb-above-header-display":"","ast-hfb-below-header-display":"","ast-hfb-mobile-header-display":"","site-post-title":"","ast-breadcrumbs-content":"","ast-featured-img":"","footer-sml-layout":"","theme-transparent-header-meta":"default","adv-header-id-meta":"","stick-header-meta":"","header-above-stick-meta":"","header-main-stick-meta":"","header-below-stick-meta":"","astra-migrate-meta-layouts":"set","ast-page-background-enabled":"default","ast-page-background-meta":{"desktop":{"background-color":"","background-image":"","background-repeat":"repeat","background-position":"center center","background-size":"auto","background-attachment":"scroll","background-type":"","background-media":"","overlay-type":"","overlay-color":"","overlay-opacity":"","overlay-gradient":""},"tablet":{"background-color":"","background-image":"","background-repeat":"repeat","background-position":"center center","background-size":"auto","background-attachment":"scroll","background-type":"","background-media":"","overlay-type":"","overlay-color":"","overlay-opacity":"","overlay-gradient":""},"mobile":{"background-color":"","background-image":"","background-repeat":"repeat","background-position":"center center","background-size":"auto","background-attachment":"scroll","background-type":"","background-media":"","overlay-type":"","overlay-color":"","overlay-opacity":"","overlay-gradient":""}},"ast-content-background-meta":{"desktop":{"background-color":"var(--ast-global-color-5)","background-image":"","background-repeat":"repeat","background-position":"center center","background-size":"auto","background-attachment":"scroll","background-type":"","background-media":"","overlay-type":"","overlay-color":"","overlay-opacity":"","overlay-gradient":""},"tablet":{"background-color":"var(--ast-global-color-5)","background-image":"","background-repeat":"repeat","background-position":"center center","background-size":"auto","background-attachment":"scroll","background-type":"","background-media":"","overlay-type":"","overlay-color":"","overlay-opacity":"","overlay-gradient":""},"mobile":{"background-color":"var(--ast-global-color-5)","background-image":"","background-repeat":"repeat","background-position":"center center","background-size":"auto","background-attachment":"scroll","background-type":"","background-media":"","overlay-type":"","overlay-color":"","overlay-opacity":"","overlay-gradient":""}},"footnotes":""},"class_list":["post-44150","page","type-page","status-publish","hentry"],"yoast_head":"<!-- This site is optimized with the Yoast SEO plugin v25.3.1 - https:\/\/yoast.com\/wordpress\/plugins\/seo\/ -->\n<title>Op. Dr. Gamze Kurdal | Plastik Cerrahi Doktoru | Klinik Merkezi<\/title>\n<meta name=\"description\" content=\"Plastik cerrahide 10 y\u0131ldan fazla deneyime sahip Clinic Center&#039;daki ortak Dr. Gamze Kurdal hakk\u0131nda daha fazla bilgi edinin.\" \/>\n<meta name=\"robots\" content=\"index, follow, max-snippet:-1, max-image-preview:large, max-video-preview:-1\" \/>\n<link rel=\"canonical\" href=\"https:\/\/cliniccenter.co.uk\/tr\/doktor-gamze\/\" \/>\n<meta property=\"og:locale\" content=\"tr_TR\" \/>\n<meta property=\"og:type\" content=\"article\" \/>\n<meta property=\"og:title\" content=\"Op. Dr. Gamze Kurdal | Plastik Cerrahi Doktoru | Klinik Merkezi\" \/>\n<meta property=\"og:description\" content=\"Plastik cerrahide 10 y\u0131ldan fazla deneyime sahip Clinic Center&#039;daki ortak Dr. Gamze Kurdal hakk\u0131nda daha fazla bilgi edinin.\" \/>\n<meta property=\"og:url\" content=\"https:\/\/cliniccenter.co.uk\/tr\/doktor-gamze\/\" \/>\n<meta property=\"article:publisher\" content=\"https:\/\/www.facebook.com\/cliniccenter.co.uk\/\" \/>\n<meta property=\"article:modified_time\" content=\"2024-11-18T13:33:32+00:00\" \/>\n<meta property=\"og:image\" content=\"https:\/\/cliniccenter.co.uk\/wp-content\/uploads\/2023\/11\/gamze-kurdal-dik-1-517x1024-1.webp\" \/>\n<meta name=\"twitter:card\" content=\"summary_large_image\" \/>\n<meta name=\"twitter:site\" content=\"@cliniccenteruk\" \/>\n<meta name=\"twitter:label1\" content=\"Tahmini okuma s\u00fcresi\" \/>\n\t<meta name=\"twitter:data1\" content=\"2 dakika\" \/>\n<!-- \/ Yoast SEO plugin. -->","yoast_head_json":{"title":"Op. Dr. Gamze Kurdal | Plastik Cerrahi Doktoru | Klinik Merkezi","description":"Plastik cerrahide 10 y\u0131ldan fazla deneyime sahip Clinic Center'daki ortak Dr. Gamze Kurdal hakk\u0131nda daha fazla bilgi edinin.","robots":{"index":"index","follow":"follow","max-snippet":"max-snippet:-1","max-image-preview":"max-image-preview:large","max-video-preview":"max-video-preview:-1"},"canonical":"https:\/\/cliniccenter.co.uk\/tr\/doktor-gamze\/","og_locale":"tr_TR","og_type":"article","og_title":"Op. Dr. Gamze Kurdal | Plastik Cerrahi Doktoru | Klinik Merkezi","og_description":"Plastik cerrahide 10 y\u0131ldan fazla deneyime sahip Clinic Center'daki ortak Dr. Gamze Kurdal hakk\u0131nda daha fazla bilgi edinin.","og_url":"https:\/\/cliniccenter.co.uk\/tr\/doktor-gamze\/","article_publisher":"https:\/\/www.facebook.com\/cliniccenter.co.uk\/","article_modified_time":"2024-11-18T13:33:32+00:00","og_image":[{"url":"https:\/\/cliniccenter.co.uk\/wp-content\/uploads\/2023\/11\/gamze-kurdal-dik-1-517x1024-1.webp","type":"","width":"","height":""}],"twitter_card":"summary_large_image","twitter_site":"@cliniccenteruk","twitter_misc":{"Tahmini okuma s\u00fcresi":"2 dakika"},"schema":{"@context":"https:\/\/schema.org","@graph":[{"@type":"WebPage","@id":"https:\/\/cliniccenter.co.uk\/tr\/doktor-gamze\/","url":"https:\/\/cliniccenter.co.uk\/tr\/doktor-gamze\/","name":"Op. Dr. Gamze Kurdal | Plastik Cerrahi Doktoru | Klinik Merkezi","isPartOf":{"@id":"https:\/\/cliniccenter.co.uk\/ro\/#website"},"primaryImageOfPage":{"@id":"https:\/\/cliniccenter.co.uk\/tr\/doktor-gamze\/#primaryimage"},"image":{"@id":"https:\/\/cliniccenter.co.uk\/tr\/doktor-gamze\/#primaryimage"},"thumbnailUrl":"https:\/\/cliniccenter.co.uk\/wp-content\/uploads\/2023\/11\/gamze-kurdal-dik-1-517x1024-1.webp","datePublished":"2022-09-30T13:18:21+00:00","dateModified":"2024-11-18T13:33:32+00:00","description":"Plastik cerrahide 10 y\u0131ldan fazla deneyime sahip Clinic Center'daki ortak Dr. Gamze Kurdal hakk\u0131nda daha fazla bilgi edinin.","breadcrumb":{"@id":"https:\/\/cliniccenter.co.uk\/tr\/doktor-gamze\/#breadcrumb"},"inLanguage":"tr","potentialAction":[{"@type":"ReadAction","target":["https:\/\/cliniccenter.co.uk\/tr\/doktor-gamze\/"]}]},{"@type":"ImageObject","inLanguage":"tr","@id":"https:\/\/cliniccenter.co.uk\/tr\/doktor-gamze\/#primaryimage","url":"https:\/\/cliniccenter.co.uk\/wp-content\/uploads\/2023\/11\/gamze-kurdal-dik-1-517x1024-1.webp","contentUrl":"https:\/\/cliniccenter.co.uk\/wp-content\/uploads\/2023\/11\/gamze-kurdal-dik-1-517x1024-1.webp"},{"@type":"BreadcrumbList","@id":"https:\/\/cliniccenter.co.uk\/tr\/doktor-gamze\/#breadcrumb","itemListElement":[{"@type":"ListItem","position":1,"name":"Home","item":"https:\/\/cliniccenter.co.uk\/tr\/"},{"@type":"ListItem","position":2,"name":"Doktorlar","item":"https:\/\/cliniccenter.co.uk\/tr\/doktorlar\/"},{"@type":"ListItem","position":3,"name":"Op. Dr. Gamze | Plastik Cerrahi Doktoru | Klinik Merkezi"}]},{"@type":"WebSite","@id":"https:\/\/cliniccenter.co.uk\/ro\/#website","url":"https:\/\/cliniccenter.co.uk\/ro\/","name":"","description":"","potentialAction":[{"@type":"SearchAction","target":{"@type":"EntryPoint","urlTemplate":"https:\/\/cliniccenter.co.uk\/ro\/?s={search_term_string}"},"query-input":{"@type":"PropertyValueSpecification","valueRequired":true,"valueName":"search_term_string"}}],"inLanguage":"tr"}]}},"uagb_featured_image_src":{"full":false,"thumbnail":false,"medium":false,"medium_large":false,"large":false,"1536x1536":false,"2048x2048":false},"uagb_author_info":{"display_name":"G\u00f6rkem G\u00fcng\u00f6r","author_link":"https:\/\/cliniccenter.co.uk\/tr\/blog\/author\/gorkem\/"},"uagb_comment_info":0,"uagb_excerpt":"2011 y\u0131l\u0131nda Marmara \u00dcniversitesi T\u0131p Fak\u00fcltesi&#8217;nden mezun olan Doktor Gamze Kurdal, Plastik, Rekonstr\u00fcktif ve Estetik Cerrahi uzmanl\u0131k e\u011fitimini 2018 y\u0131l\u0131nda SB\u00dc Sultan Abd\u00fclhamid Han E\u011fitim ve Ara\u015ft\u0131rma Hastanesi&#8217;nde tamamlad\u0131. Dr. Kurdal, zorunlu hizmetini 2018-2021 y\u0131llar\u0131 aras\u0131nda K\u0131rklareli&#8217;nde tamamlad\u0131. Dr. Gamze Kurdal, ulusal ve uluslararas\u0131 bir\u00e7ok kongre ve sempozyuma kat\u0131larak, alan\u0131ndaki geli\u015fmeleri ve yenilikleri takip etmektedir.&hellip;","_links":{"self":[{"href":"https:\/\/cliniccenter.co.uk\/tr\/wp-json\/wp\/v2\/pages\/44150"}],"collection":[{"href":"https:\/\/cliniccenter.co.uk\/tr\/wp-json\/wp\/v2\/pages"}],"about":[{"href":"https:\/\/cliniccenter.co.uk\/tr\/wp-json\/wp\/v2\/types\/page"}],"author":[{"embeddable":true,"href":"https:\/\/cliniccenter.co.uk\/tr\/wp-json\/wp\/v2\/users\/15"}],"replies":[{"embeddable":true,"href":"https:\/\/cliniccenter.co.uk\/tr\/wp-json\/wp\/v2\/comments?post=44150"}],"version-history":[{"count":5,"href":"https:\/\/cliniccenter.co.uk\/tr\/wp-json\/wp\/v2\/pages\/44150\/revisions"}],"predecessor-version":[{"id":57940,"href":"https:\/\/cliniccenter.co.uk\/tr\/wp-json\/wp\/v2\/pages\/44150\/revisions\/57940"}],"up":[{"embeddable":true,"href":"https:\/\/cliniccenter.co.uk\/tr\/wp-json\/wp\/v2\/pages\/16760"}],"wp:attachment":[{"href":"https:\/\/cliniccenter.co.uk\/tr\/wp-json\/wp\/v2\/media?parent=44150"}],"curies":[{"name":"wp","href":"https:\/\/api.w.org\/{rel}","templated":true}]}}