{"id":44158,"date":"2022-05-05T08:35:49","date_gmt":"2022-05-05T08:35:49","guid":{"rendered":"https:\/\/cliniccenter.co.uk\/doktorlar\/dr-gungor-gul\/"},"modified":"2024-03-28T11:52:59","modified_gmt":"2024-03-28T11:52:59","slug":"dr-gungor","status":"publish","type":"page","link":"https:\/\/cliniccenter.co.uk\/tr\/doktor-gungor\/","title":{"rendered":"Dr. G\u00fcng\u00f6r"},"content":{"rendered":"\n<div class=\"wp-block-columns is-layout-flex wp-container-core-columns-is-layout-3 wp-block-columns-is-layout-flex\">\n<div class=\"wp-block-column is-layout-flow wp-block-column-is-layout-flow\" style=\"flex-basis:33.33%\">\n<figure class=\"wp-block-gallery has-nested-images columns-default is-cropped wp-block-gallery-1 is-layout-flex wp-block-gallery-is-layout-flex\">\n<figure class=\"wp-block-image size-large\"><img decoding=\"async\" src=\"https:\/\/cliniccenter.co.uk\/wp-content\/uploads\/2023\/11\/gungor-gul-dik-517x1024-1.webp\" alt=\"G\u00fcng\u00f6r G\u00fcl Dikey\" class=\"wp-image-37393 skip-lazy\"\/><\/figure>\n<\/figure>\n<\/div>\n\n\n\n<div class=\"wp-block-column is-layout-flow wp-block-column-is-layout-flow\" style=\"flex-basis:66.66%\">\n<div class=\"wp-block-columns is-layout-flex wp-container-core-columns-is-layout-1 wp-block-columns-is-layout-flex\">\n<div class=\"wp-block-column leftpadbox is-layout-flow wp-block-column-is-layout-flow\">\n<p>Dr. G\u00fcng\u00f6r, hastalar\u0131m\u0131za en iyi mide ameliyatlar\u0131n\u0131 sa\u011flamak i\u00e7in Clinic Center ile birlikte \u00e7al\u0131\u015fan deneyimli bir genel cerrahi uzman\u0131d\u0131r. Doktor G\u00fcng\u00f6r, 1998 y\u0131l\u0131nda Marmara \u00dcniversitesi T\u0131p Fak\u00fcltesi&#8217;nden mezun olduktan sonra 24 y\u0131ld\u0131r t\u0131p alan\u0131nda \u00e7al\u0131\u015fmaktad\u0131r.<\/p>\n\n\n\n<p>Bir doktorun en b\u00fcy\u00fck erdeminin empati olmas\u0131 gerekti\u011fine inanan bir cerrah olan Doktor G\u00fcng\u00f6r, bu nedenle hastalar\u0131na kar\u015f\u0131 bir g\u00fcven ve empati temeli olu\u015fturmu\u015ftur. Bunun herhangi bir ameliyat\u0131n en iyi sonucuna yol a\u00e7t\u0131\u011f\u0131na inan\u0131yor. Kariyeri boyunca bir\u00e7ok farkl\u0131 hastanede g\u00f6rev yapan G\u00fcng\u00f6r, \u015fu anda \u00f6zel muayenehanesinde hizmetlerine devam etmektedir.<\/p>\n\n\n\n<p>Clinic Center ile mide ameliyatlar\u0131 yapmaktad\u0131r. Ayr\u0131ca bir\u00e7ok ulusal ve uluslararas\u0131 t\u0131bbi kurulu\u015fun \u00fcyesidir.<\/p>\n<\/div>\n<\/div>\n\n\n\n<div class=\"wp-block-columns is-layout-flex wp-container-core-columns-is-layout-2 wp-block-columns-is-layout-flex\">\n<div class=\"wp-block-column leftpadbox is-layout-flow wp-block-column-is-layout-flow\">\n<p><strong>Deneyim<\/strong>: 24 y\u0131l<br><strong>Uluslararas\u0131 Tedavi Edilen Hastalar<\/strong>: Birle\u015fik Krall\u0131k, \u0130rlanda, Avustralya, Amerika Birle\u015fik Devletleri, Kanada, Almanya, Fransa, Birle\u015fik Arap Emirlikleri, Suudi Arabistan<br><strong>Uzmanl\u0131k Alanlar\u0131:<\/strong> Gastrik Bypass, T\u00fcp Mide, Mide Balonu<br><strong>\u00dcyelikler<\/strong>: T\u00fcrk Tabipler Birli\u011fi, <br><strong>\u015eehir<\/strong>:&nbsp;\u0130stanbul, T\u00fcrkiye<br><strong>\u00c7al\u0131\u015fma G\u00fcnleri<\/strong>: Haftai\u00e7i<br><strong>Diller<\/strong>: \u0130ngilizce, \u0130spanyolca<br><strong>\u0130leti\u015fim<\/strong>:&nbsp;info@cliniccenter.co.uk<\/p>\n<\/div>\n<\/div>\n<\/div>\n<\/div>\n\n\n\n<script type=\"application\/ld+json\">\n    {\n        \"@context\": \"http:\\\/\\\/schema.org\",\n        \"@type\": \"Physician\",\n        \"@id\": \"https:\/\/cliniccenter.co.uk\/dr-gungor\/\",\n        \"areaServed\": {\n            \"@type\": \"Place\",\n            \"name\": \"Istanbul, Turkey\"\n        },\n        \"alumniOf\": {\n            \"@type\": \"OrganizationRole\",\n            \"alumniOf\": {\n                \"@type\": \"CollegeOrUniversity\",\n                \"name\": \"Marmara University Faculty of Medicine\"\n            }\n        },\n        \"employee\": {\n            \"@type\": \"Person\",\n            \"@id\": \"https:\/\/cliniccenter.co.uk\/dr-gungor\/\",\n            \"description\": \"Dr. G\u00fcng\u00f6r is an experienced general surgery specialist who works with Clinic Center in order to provide our patients with the best gastric surgeries. Doctor G\u00fcng\u00f6r has been in the medical field for 24 years, following his graduation from Marmara University Faculty of Medicine in 1998.G\u00fcng\u00f6r is a surgeon who believes that a doctor\u2019s biggest virtue should be empathy, hence why he has built a base of trust and empathy for his patients. He believes that this leads to the best outcome of any surgery. G\u00fcng\u00f6r has worked in several different hospitals throughout his career and is now continuing his services in his private practise.He is performing gastric surgeries with Clinic Center. He is also the member of several national and international medical establishments.\",\n            \"hasOccupation\": {\n                \"@type\": \"Occupation\",\n                \"name\": \"Gastric Surgeon\"\n            },\n            \"knowsLanguage\": {\n                \"@type\": \"Language\",\n                \"name\": \"English\",\n                \"alternateName\": \"en\"\n            },\n            \"honorificSuffix\": \"Dr.\"\n        },\n        \"hospitalAffiliation\": {\n            \"image\": {\n                \"@type\": \"ImageObject\",\n                \"@id\": \"https:\/\/cliniccenter.co.uk\/wp-content\/uploads\/2022\/05\/gungor-dik-517x1024.jpg\"\n            }\n        },\n        \"isAcceptingNewPatients\": \"https:\\\/\\\/schema.org\\\/True\",\n        \"isAccessibleForFree\": \"https:\\\/\\\/schema.org\\\/False\",\n        \"medicalSpecialty\": {\n            \"@type\": \"MedicalSpecialty\",\n            \"name\": \"Gastric Bypass, Gastric Sleeve, Gastric Balloon\"\n        },\n        \"memberOf\": {\n            \"@type\": \"Organization\",\n            \"name\": [\n                \"Turkish Medical Association\"\n            ]\n        },\n        \"name\": \"Dr. G\u00fcng\u00f6r\"\n    }\n<\/script>\n","protected":false},"excerpt":{"rendered":"<p>Dr. G\u00fcng\u00f6r, hastalar\u0131m\u0131za en iyi mide ameliyatlar\u0131n\u0131 sa\u011flamak i\u00e7in Clinic Center ile birlikte \u00e7al\u0131\u015fan deneyimli bir genel cerrahi uzman\u0131d\u0131r. Doktor G\u00fcng\u00f6r, 1998 y\u0131l\u0131nda Marmara \u00dcniversitesi T\u0131p Fak\u00fcltesi&#8217;nden mezun olduktan sonra 24 y\u0131ld\u0131r t\u0131p alan\u0131nda \u00e7al\u0131\u015fmaktad\u0131r. Bir doktorun en b\u00fcy\u00fck erdeminin empati olmas\u0131 gerekti\u011fine inanan bir cerrah olan Doktor G\u00fcng\u00f6r, bu nedenle hastalar\u0131na kar\u015f\u0131 bir g\u00fcven [&hellip;]<\/p>\n","protected":false},"author":14,"featured_media":0,"parent":16760,"menu_order":0,"comment_status":"closed","ping_status":"closed","template":"","meta":{"_uag_custom_page_level_css":"","_lmt_disableupdate":"no","_lmt_disable":"","site-sidebar-layout":"default","site-content-layout":"default","ast-site-content-layout":"default","site-content-style":"default","site-sidebar-style":"default","ast-global-header-display":"","ast-banner-title-visibility":"","ast-main-header-display":"","ast-hfb-above-header-display":"","ast-hfb-below-header-display":"","ast-hfb-mobile-header-display":"","site-post-title":"","ast-breadcrumbs-content":"","ast-featured-img":"","footer-sml-layout":"","theme-transparent-header-meta":"default","adv-header-id-meta":"","stick-header-meta":"","header-above-stick-meta":"","header-main-stick-meta":"","header-below-stick-meta":"","astra-migrate-meta-layouts":"set","ast-page-background-enabled":"default","ast-page-background-meta":{"desktop":{"background-color":"","background-image":"","background-repeat":"repeat","background-position":"center center","background-size":"auto","background-attachment":"scroll","background-type":"","background-media":"","overlay-type":"","overlay-color":"","overlay-opacity":"","overlay-gradient":""},"tablet":{"background-color":"","background-image":"","background-repeat":"repeat","background-position":"center center","background-size":"auto","background-attachment":"scroll","background-type":"","background-media":"","overlay-type":"","overlay-color":"","overlay-opacity":"","overlay-gradient":""},"mobile":{"background-color":"","background-image":"","background-repeat":"repeat","background-position":"center center","background-size":"auto","background-attachment":"scroll","background-type":"","background-media":"","overlay-type":"","overlay-color":"","overlay-opacity":"","overlay-gradient":""}},"ast-content-background-meta":{"desktop":{"background-color":"var(--ast-global-color-5)","background-image":"","background-repeat":"repeat","background-position":"center center","background-size":"auto","background-attachment":"scroll","background-type":"","background-media":"","overlay-type":"","overlay-color":"","overlay-opacity":"","overlay-gradient":""},"tablet":{"background-color":"var(--ast-global-color-5)","background-image":"","background-repeat":"repeat","background-position":"center center","background-size":"auto","background-attachment":"scroll","background-type":"","background-media":"","overlay-type":"","overlay-color":"","overlay-opacity":"","overlay-gradient":""},"mobile":{"background-color":"var(--ast-global-color-5)","background-image":"","background-repeat":"repeat","background-position":"center center","background-size":"auto","background-attachment":"scroll","background-type":"","background-media":"","overlay-type":"","overlay-color":"","overlay-opacity":"","overlay-gradient":""}},"footnotes":""},"class_list":["post-44158","page","type-page","status-publish","hentry"],"yoast_head":"<!-- This site is optimized with the Yoast SEO plugin v25.3.1 - https:\/\/yoast.com\/wordpress\/plugins\/seo\/ -->\n<title>Dr. G\u00fcng\u00f6r | Mide Cerrah\u0131 | Clinic Center<\/title>\n<meta name=\"description\" content=\"T\u0131p alan\u0131nda 24 y\u0131l\u0131 a\u015fk\u0131n deneyime sahip ortak uzman Dr. G\u00fcng\u00f6r hakk\u0131nda bilgi edinmek i\u00e7in daha fazlas\u0131n\u0131 okuyun.\" \/>\n<meta name=\"robots\" content=\"index, follow, max-snippet:-1, max-image-preview:large, max-video-preview:-1\" \/>\n<link rel=\"canonical\" href=\"https:\/\/cliniccenter.co.uk\/tr\/doktor-gungor\/\" \/>\n<meta property=\"og:locale\" content=\"tr_TR\" \/>\n<meta property=\"og:type\" content=\"article\" \/>\n<meta property=\"og:title\" content=\"Dr. G\u00fcng\u00f6r | Mide Cerrah\u0131 | Clinic Center\" \/>\n<meta property=\"og:description\" content=\"T\u0131p alan\u0131nda 24 y\u0131l\u0131 a\u015fk\u0131n deneyime sahip ortak uzman Dr. G\u00fcng\u00f6r hakk\u0131nda bilgi edinmek i\u00e7in daha fazlas\u0131n\u0131 okuyun.\" \/>\n<meta property=\"og:url\" content=\"https:\/\/cliniccenter.co.uk\/tr\/doktor-gungor\/\" \/>\n<meta property=\"article:publisher\" content=\"https:\/\/www.facebook.com\/cliniccenter.co.uk\/\" \/>\n<meta property=\"article:modified_time\" content=\"2024-03-28T11:52:59+00:00\" \/>\n<meta property=\"og:image\" content=\"https:\/\/cliniccenter.co.uk\/wp-content\/uploads\/2023\/11\/gungor-gul-dik-517x1024-1.webp\" \/>\n<meta name=\"twitter:card\" content=\"summary_large_image\" \/>\n<meta name=\"twitter:site\" content=\"@cliniccenteruk\" \/>\n<meta name=\"twitter:label1\" content=\"Tahmini okuma s\u00fcresi\" \/>\n\t<meta name=\"twitter:data1\" content=\"1 dakika\" \/>\n<!-- \/ Yoast SEO plugin. -->","yoast_head_json":{"title":"Dr. G\u00fcng\u00f6r | Mide Cerrah\u0131 | Clinic Center","description":"T\u0131p alan\u0131nda 24 y\u0131l\u0131 a\u015fk\u0131n deneyime sahip ortak uzman Dr. G\u00fcng\u00f6r hakk\u0131nda bilgi edinmek i\u00e7in daha fazlas\u0131n\u0131 okuyun.","robots":{"index":"index","follow":"follow","max-snippet":"max-snippet:-1","max-image-preview":"max-image-preview:large","max-video-preview":"max-video-preview:-1"},"canonical":"https:\/\/cliniccenter.co.uk\/tr\/doktor-gungor\/","og_locale":"tr_TR","og_type":"article","og_title":"Dr. G\u00fcng\u00f6r | Mide Cerrah\u0131 | Clinic Center","og_description":"T\u0131p alan\u0131nda 24 y\u0131l\u0131 a\u015fk\u0131n deneyime sahip ortak uzman Dr. G\u00fcng\u00f6r hakk\u0131nda bilgi edinmek i\u00e7in daha fazlas\u0131n\u0131 okuyun.","og_url":"https:\/\/cliniccenter.co.uk\/tr\/doktor-gungor\/","article_publisher":"https:\/\/www.facebook.com\/cliniccenter.co.uk\/","article_modified_time":"2024-03-28T11:52:59+00:00","og_image":[{"url":"https:\/\/cliniccenter.co.uk\/wp-content\/uploads\/2023\/11\/gungor-gul-dik-517x1024-1.webp","type":"","width":"","height":""}],"twitter_card":"summary_large_image","twitter_site":"@cliniccenteruk","twitter_misc":{"Tahmini okuma s\u00fcresi":"1 dakika"},"schema":{"@context":"https:\/\/schema.org","@graph":[{"@type":"WebPage","@id":"https:\/\/cliniccenter.co.uk\/tr\/doktor-gungor\/","url":"https:\/\/cliniccenter.co.uk\/tr\/doktor-gungor\/","name":"Dr. G\u00fcng\u00f6r | Mide Cerrah\u0131 | Clinic Center","isPartOf":{"@id":"https:\/\/cliniccenter.co.uk\/ro\/#website"},"primaryImageOfPage":{"@id":"https:\/\/cliniccenter.co.uk\/tr\/doktor-gungor\/#primaryimage"},"image":{"@id":"https:\/\/cliniccenter.co.uk\/tr\/doktor-gungor\/#primaryimage"},"thumbnailUrl":"https:\/\/cliniccenter.co.uk\/wp-content\/uploads\/2023\/11\/gungor-gul-dik-517x1024-1.webp","datePublished":"2022-05-05T08:35:49+00:00","dateModified":"2024-03-28T11:52:59+00:00","description":"T\u0131p alan\u0131nda 24 y\u0131l\u0131 a\u015fk\u0131n deneyime sahip ortak uzman Dr. G\u00fcng\u00f6r hakk\u0131nda bilgi edinmek i\u00e7in daha fazlas\u0131n\u0131 okuyun.","breadcrumb":{"@id":"https:\/\/cliniccenter.co.uk\/tr\/doktor-gungor\/#breadcrumb"},"inLanguage":"tr","potentialAction":[{"@type":"ReadAction","target":["https:\/\/cliniccenter.co.uk\/tr\/doktor-gungor\/"]}]},{"@type":"ImageObject","inLanguage":"tr","@id":"https:\/\/cliniccenter.co.uk\/tr\/doktor-gungor\/#primaryimage","url":"https:\/\/cliniccenter.co.uk\/wp-content\/uploads\/2023\/11\/gungor-gul-dik-517x1024-1.webp","contentUrl":"https:\/\/cliniccenter.co.uk\/wp-content\/uploads\/2023\/11\/gungor-gul-dik-517x1024-1.webp"},{"@type":"BreadcrumbList","@id":"https:\/\/cliniccenter.co.uk\/tr\/doktor-gungor\/#breadcrumb","itemListElement":[{"@type":"ListItem","position":1,"name":"Home","item":"https:\/\/cliniccenter.co.uk\/tr\/"},{"@type":"ListItem","position":2,"name":"Doktorlar","item":"https:\/\/cliniccenter.co.uk\/tr\/doktorlar\/"},{"@type":"ListItem","position":3,"name":"Dr. G\u00fcng\u00f6r"}]},{"@type":"WebSite","@id":"https:\/\/cliniccenter.co.uk\/ro\/#website","url":"https:\/\/cliniccenter.co.uk\/ro\/","name":"","description":"","potentialAction":[{"@type":"SearchAction","target":{"@type":"EntryPoint","urlTemplate":"https:\/\/cliniccenter.co.uk\/ro\/?s={search_term_string}"},"query-input":{"@type":"PropertyValueSpecification","valueRequired":true,"valueName":"search_term_string"}}],"inLanguage":"tr"}]}},"uagb_featured_image_src":{"full":false,"thumbnail":false,"medium":false,"medium_large":false,"large":false,"1536x1536":false,"2048x2048":false},"uagb_author_info":{"display_name":"Derya Ayd\u0131n","author_link":"https:\/\/cliniccenter.co.uk\/tr\/blog\/author\/deryacliniccenter-co-uk\/"},"uagb_comment_info":0,"uagb_excerpt":"Dr. G\u00fcng\u00f6r, hastalar\u0131m\u0131za en iyi mide ameliyatlar\u0131n\u0131 sa\u011flamak i\u00e7in Clinic Center ile birlikte \u00e7al\u0131\u015fan deneyimli bir genel cerrahi uzman\u0131d\u0131r. Doktor G\u00fcng\u00f6r, 1998 y\u0131l\u0131nda Marmara \u00dcniversitesi T\u0131p Fak\u00fcltesi&#8217;nden mezun olduktan sonra 24 y\u0131ld\u0131r t\u0131p alan\u0131nda \u00e7al\u0131\u015fmaktad\u0131r. Bir doktorun en b\u00fcy\u00fck erdeminin empati olmas\u0131 gerekti\u011fine inanan bir cerrah olan Doktor G\u00fcng\u00f6r, bu nedenle hastalar\u0131na kar\u015f\u0131 bir g\u00fcven&hellip;","_links":{"self":[{"href":"https:\/\/cliniccenter.co.uk\/tr\/wp-json\/wp\/v2\/pages\/44158"}],"collection":[{"href":"https:\/\/cliniccenter.co.uk\/tr\/wp-json\/wp\/v2\/pages"}],"about":[{"href":"https:\/\/cliniccenter.co.uk\/tr\/wp-json\/wp\/v2\/types\/page"}],"author":[{"embeddable":true,"href":"https:\/\/cliniccenter.co.uk\/tr\/wp-json\/wp\/v2\/users\/14"}],"replies":[{"embeddable":true,"href":"https:\/\/cliniccenter.co.uk\/tr\/wp-json\/wp\/v2\/comments?post=44158"}],"version-history":[{"count":3,"href":"https:\/\/cliniccenter.co.uk\/tr\/wp-json\/wp\/v2\/pages\/44158\/revisions"}],"predecessor-version":[{"id":51141,"href":"https:\/\/cliniccenter.co.uk\/tr\/wp-json\/wp\/v2\/pages\/44158\/revisions\/51141"}],"up":[{"embeddable":true,"href":"https:\/\/cliniccenter.co.uk\/tr\/wp-json\/wp\/v2\/pages\/16760"}],"wp:attachment":[{"href":"https:\/\/cliniccenter.co.uk\/tr\/wp-json\/wp\/v2\/media?parent=44158"}],"curies":[{"name":"wp","href":"https:\/\/api.w.org\/{rel}","templated":true}]}}