{"id":44164,"date":"2022-12-13T06:50:47","date_gmt":"2022-12-13T06:50:47","guid":{"rendered":"https:\/\/cliniccenter.co.uk\/doktorlar\/dentist-bekir-durmaz\/"},"modified":"2024-03-28T08:43:11","modified_gmt":"2024-03-28T08:43:11","slug":"dis-hekimi-bekir","status":"publish","type":"page","link":"https:\/\/cliniccenter.co.uk\/tr\/dis-hekimi-bekir\/","title":{"rendered":"Di\u015f Hekimi Bekir"},"content":{"rendered":"\n<div class=\"wp-block-columns is-layout-flex wp-container-core-columns-is-layout-3 wp-block-columns-is-layout-flex\">\n<div class=\"wp-block-column is-layout-flow wp-block-column-is-layout-flow\" style=\"flex-basis:33.33%\">\n<figure class=\"wp-block-image alignleft size-large\"><img decoding=\"async\" src=\"https:\/\/cliniccenter.co.uk\/wp-content\/uploads\/2023\/11\/UZMAN-DT.-BEKIR-DURMAZ-517x1024-1.webp\" alt=\"\" class=\"wp-image-41270 skip-lazy\"\/><\/figure>\n<\/div>\n\n\n\n<div class=\"wp-block-column is-layout-flow wp-block-column-is-layout-flow\" style=\"flex-basis:66.66%\">\n<div class=\"wp-block-columns is-layout-flex wp-container-core-columns-is-layout-1 wp-block-columns-is-layout-flex\">\n<div class=\"wp-block-column leftpadbox is-layout-flow wp-block-column-is-layout-flow\">\n<p><strong>A\u011f\u0131z ve \u00c7ene Cerrahisi Uzman\u0131<br><\/strong><br>\u0130stanbul \u00dcniversitesi Di\u015f Hekimli\u011fi Fak\u00fcltesi&#8217;ndeki e\u011fitimini tamamlad\u0131ktan sonra Dicle \u00dcniversitesi Di\u015f Hekimli\u011fi Fak\u00fcltesi&#8217;nde A\u011f\u0131z, Di\u015f ve \u00c7ene Cerrahisi Anabilim Dal\u0131&#8217;nda ihtisas\u0131n\u0131 ald\u0131. DST George&#8217;s University Hospitals NHS Oral &amp; Maxillofacial Surgery Department London&#8217;da tez sunumlar\u0131 yapm\u0131\u015ft\u0131r.<\/p>\n\n\n\n<p>Di\u015f Hekimi Bekir kurs ve seminerlere kat\u0131larak a\u011f\u0131z ve \u00e7ene cerrahisi alan\u0131nda kendini geli\u015ftirmi\u015ftir. Di\u015f hekimli\u011fi alan\u0131ndaki mesle\u011fi ve yeni tekniklerin yan\u0131 s\u0131ra, \u0130ngilizce&#8217;yi de iyi bilmekte ve hastalar\u0131n\u0131n tedavi s\u0131ras\u0131nda memnun kalmas\u0131n\u0131 sa\u011flamaktad\u0131r. Di\u015f Hekimi Bekir, bir\u00e7ok kurs ve kongreye kat\u0131larak a\u011f\u0131z ve \u00e7ene cerrahisi konusunda uzmanla\u015ft\u0131.<\/p>\n<\/div>\n<\/div>\n\n\n\n<div class=\"wp-block-columns is-layout-flex wp-container-core-columns-is-layout-2 wp-block-columns-is-layout-flex\">\n<div class=\"wp-block-column leftpadbox is-layout-flow wp-block-column-is-layout-flow\">\n<p><strong>Deneyim<\/strong>: 8 y\u0131l<br><strong>Uluslararas\u0131 Tedavi Edilen Hastalar<\/strong>: Birle\u015fik Krall\u0131k, \u0130rlanda, Avustralya, Amerika Birle\u015fik Devletleri, Birle\u015fik Arap Emirlikleri, Suudi Arabistan, Kuveyt, Avrupa Birli\u011fi \u00dclkeleri<br><strong>Uzmanl\u0131k Alanlar\u0131:<\/strong> Porselen Kaplamalar, Di\u015f Kronlar\u0131, Di\u015f \u0130mplantlar\u0131, Hollywood G\u00fcl\u00fc\u015f\u00fc, Kanal Tedavisi, Gingivoplasti ve Gingivektomi, All-On-4, All-On-6 &amp; All-On-8, Di\u015f Beyazlatma, Di\u015f Tedavileri<br><strong>\u015eehir<\/strong>:&nbsp;\u0130zmir, T\u00fcrkiye<br><strong>\u0130\u015f g\u00fcnleri<\/strong>: Haftai\u00e7i ve Cumartesi<br><strong>\u0130leti\u015fim<\/strong>:&nbsp;+44 20 3575 1039 &amp; info@cliniccenter.co.uk<\/p>\n<\/div>\n<\/div>\n<\/div>\n<\/div>\n\n\n\n<script type=\"application\/ld+json\">\n        {\n            \"@context\": \"http:\\\/\\\/schema.org\",\n            \"@type\": \"Physician\",\n            \"@id\": \"https:\/\/cliniccenter.co.uk\/dentist-bekir\/\",\n            \"areaServed\": {\n                \"@type\": \"Place\",\n                \"name\": \"Istanbul, Turkey\"\n            },\n            \"alumniOf\": {\n                \"@type\": \"OrganizationRole\",\n                \"alumniOf\": {\n                    \"@type\": \"CollegeOrUniversity\",\n                    \"name\": \"Istanbul University\"\n                }\n            },\n            \"employee\": {\n                \"@type\": \"Person\",\n                \"@id\": \"https:\/\/cliniccenter.co.uk\/dentist-bekir\/\",\n                \"description\": \"After completing his education at the Istanbul University Faculty of Dentistry, he received his specialization in the Department of Oral, Dental and Maxillofacial Surgery at Dicle University Faculty of Dentistry. He delivered thesis presentations at DST George's University Hospitals NHS Oral & Maxillofacial Surgery Department London.\",\n                \"hasOccupation\": {\n                    \"@type\": \"Occupation\",\n                    \"name\": \"Dentistry\"\n                },\n                \"knowsLanguage\": {\n                    \"@type\": \"Language\",\n                    \"name\": \"English\",\n                    \"alternateName\": \"en\"\n                },\n                \"honorificSuffix\": \"Dentist\"\n            },\n            \"hospitalAffiliation\": {\n                \"image\": {\n                    \"@type\": \"ImageObject\",\n                    \"@id\": \"https:\/\/cliniccenter.co.uk\/wp-content\/uploads\/2022\/12\/UZMAN-DT.-BEKIR.jpg\"\n                }\n            },\n            \"isAcceptingNewPatients\": \"https:\\\/\\\/schema.org\\\/True\",\n            \"isAccessibleForFree\": \"https:\\\/\\\/schema.org\\\/False\",\n            \"medicalSpecialty\": {\n                \"@type\": \"MedicalSpecialty\",\n                \"name\": \" Porcelain Veneers, Dental Crowns, Dental Implants, Hollywood Smile, Root-Canal Treatment, Gingivoplasty & Gingivectomy, All-On-4 , All-On-6 & All-On-8, Teeth Whitening, Dental Treatments\"\n            },\n\n            \"name\": \"Dentist Bekir\"\n        }\n    <\/script>\n","protected":false},"excerpt":{"rendered":"<p>A\u011f\u0131z ve \u00c7ene Cerrahisi Uzman\u0131\u0130stanbul \u00dcniversitesi Di\u015f Hekimli\u011fi Fak\u00fcltesi&#8217;ndeki e\u011fitimini tamamlad\u0131ktan sonra Dicle \u00dcniversitesi Di\u015f Hekimli\u011fi Fak\u00fcltesi&#8217;nde A\u011f\u0131z, Di\u015f ve \u00c7ene Cerrahisi Anabilim Dal\u0131&#8217;nda ihtisas\u0131n\u0131 ald\u0131. DST George&#8217;s University Hospitals NHS Oral &amp; Maxillofacial Surgery Department London&#8217;da tez sunumlar\u0131 yapm\u0131\u015ft\u0131r. Di\u015f Hekimi Bekir kurs ve seminerlere kat\u0131larak a\u011f\u0131z ve \u00e7ene cerrahisi alan\u0131nda kendini geli\u015ftirmi\u015ftir. Di\u015f [&hellip;]<\/p>\n","protected":false},"author":15,"featured_media":0,"parent":16760,"menu_order":0,"comment_status":"closed","ping_status":"closed","template":"","meta":{"_uag_custom_page_level_css":"","_lmt_disableupdate":"no","_lmt_disable":"","site-sidebar-layout":"default","site-content-layout":"default","ast-site-content-layout":"default","site-content-style":"default","site-sidebar-style":"default","ast-global-header-display":"","ast-banner-title-visibility":"","ast-main-header-display":"","ast-hfb-above-header-display":"","ast-hfb-below-header-display":"","ast-hfb-mobile-header-display":"","site-post-title":"","ast-breadcrumbs-content":"","ast-featured-img":"","footer-sml-layout":"","theme-transparent-header-meta":"default","adv-header-id-meta":"","stick-header-meta":"","header-above-stick-meta":"","header-main-stick-meta":"","header-below-stick-meta":"","astra-migrate-meta-layouts":"set","ast-page-background-enabled":"default","ast-page-background-meta":{"desktop":{"background-color":"","background-image":"","background-repeat":"repeat","background-position":"center center","background-size":"auto","background-attachment":"scroll","background-type":"","background-media":"","overlay-type":"","overlay-color":"","overlay-opacity":"","overlay-gradient":""},"tablet":{"background-color":"","background-image":"","background-repeat":"repeat","background-position":"center center","background-size":"auto","background-attachment":"scroll","background-type":"","background-media":"","overlay-type":"","overlay-color":"","overlay-opacity":"","overlay-gradient":""},"mobile":{"background-color":"","background-image":"","background-repeat":"repeat","background-position":"center center","background-size":"auto","background-attachment":"scroll","background-type":"","background-media":"","overlay-type":"","overlay-color":"","overlay-opacity":"","overlay-gradient":""}},"ast-content-background-meta":{"desktop":{"background-color":"var(--ast-global-color-5)","background-image":"","background-repeat":"repeat","background-position":"center center","background-size":"auto","background-attachment":"scroll","background-type":"","background-media":"","overlay-type":"","overlay-color":"","overlay-opacity":"","overlay-gradient":""},"tablet":{"background-color":"var(--ast-global-color-5)","background-image":"","background-repeat":"repeat","background-position":"center center","background-size":"auto","background-attachment":"scroll","background-type":"","background-media":"","overlay-type":"","overlay-color":"","overlay-opacity":"","overlay-gradient":""},"mobile":{"background-color":"var(--ast-global-color-5)","background-image":"","background-repeat":"repeat","background-position":"center center","background-size":"auto","background-attachment":"scroll","background-type":"","background-media":"","overlay-type":"","overlay-color":"","overlay-opacity":"","overlay-gradient":""}},"footnotes":""},"class_list":["post-44164","page","type-page","status-publish","hentry"],"yoast_head":"<!-- This site is optimized with the Yoast SEO plugin v25.3.1 - https:\/\/yoast.com\/wordpress\/plugins\/seo\/ -->\n<title>Di\u015f Hekimi Bekir | Clinic Center<\/title>\n<meta name=\"description\" content=\"Di\u015f implantlar\u0131, porselen kaplamalar ve di\u015f kaplamalar\u0131 konusunda 8 y\u0131ll\u0131k deneyime sahip Clinic Center&#039;da Partner Di\u015f Hekimi Bekir.\" \/>\n<meta name=\"robots\" content=\"index, follow, max-snippet:-1, max-image-preview:large, max-video-preview:-1\" \/>\n<link rel=\"canonical\" href=\"https:\/\/cliniccenter.co.uk\/tr\/dis-hekimi-bekir\/\" \/>\n<meta property=\"og:locale\" content=\"tr_TR\" \/>\n<meta property=\"og:type\" content=\"article\" \/>\n<meta property=\"og:title\" content=\"Di\u015f Hekimi Bekir | Clinic Center\" \/>\n<meta property=\"og:description\" content=\"Di\u015f implantlar\u0131, porselen kaplamalar ve di\u015f kaplamalar\u0131 konusunda 8 y\u0131ll\u0131k deneyime sahip Clinic Center&#039;da Partner Di\u015f Hekimi Bekir.\" \/>\n<meta property=\"og:url\" content=\"https:\/\/cliniccenter.co.uk\/tr\/dis-hekimi-bekir\/\" \/>\n<meta property=\"article:publisher\" content=\"https:\/\/www.facebook.com\/cliniccenter.co.uk\/\" \/>\n<meta property=\"article:modified_time\" content=\"2024-03-28T08:43:11+00:00\" \/>\n<meta property=\"og:image\" content=\"https:\/\/cliniccenter.co.uk\/wp-content\/uploads\/2023\/11\/UZMAN-DT.-BEKIR-DURMAZ-517x1024-1.webp\" \/>\n<meta name=\"twitter:card\" content=\"summary_large_image\" \/>\n<meta name=\"twitter:site\" content=\"@cliniccenteruk\" \/>\n<meta name=\"twitter:label1\" content=\"Tahmini okuma s\u00fcresi\" \/>\n\t<meta name=\"twitter:data1\" content=\"1 dakika\" \/>\n<!-- \/ Yoast SEO plugin. -->","yoast_head_json":{"title":"Di\u015f Hekimi Bekir | Clinic Center","description":"Di\u015f implantlar\u0131, porselen kaplamalar ve di\u015f kaplamalar\u0131 konusunda 8 y\u0131ll\u0131k deneyime sahip Clinic Center'da Partner Di\u015f Hekimi Bekir.","robots":{"index":"index","follow":"follow","max-snippet":"max-snippet:-1","max-image-preview":"max-image-preview:large","max-video-preview":"max-video-preview:-1"},"canonical":"https:\/\/cliniccenter.co.uk\/tr\/dis-hekimi-bekir\/","og_locale":"tr_TR","og_type":"article","og_title":"Di\u015f Hekimi Bekir | Clinic Center","og_description":"Di\u015f implantlar\u0131, porselen kaplamalar ve di\u015f kaplamalar\u0131 konusunda 8 y\u0131ll\u0131k deneyime sahip Clinic Center'da Partner Di\u015f Hekimi Bekir.","og_url":"https:\/\/cliniccenter.co.uk\/tr\/dis-hekimi-bekir\/","article_publisher":"https:\/\/www.facebook.com\/cliniccenter.co.uk\/","article_modified_time":"2024-03-28T08:43:11+00:00","og_image":[{"url":"https:\/\/cliniccenter.co.uk\/wp-content\/uploads\/2023\/11\/UZMAN-DT.-BEKIR-DURMAZ-517x1024-1.webp","type":"","width":"","height":""}],"twitter_card":"summary_large_image","twitter_site":"@cliniccenteruk","twitter_misc":{"Tahmini okuma s\u00fcresi":"1 dakika"},"schema":{"@context":"https:\/\/schema.org","@graph":[{"@type":"WebPage","@id":"https:\/\/cliniccenter.co.uk\/tr\/dis-hekimi-bekir\/","url":"https:\/\/cliniccenter.co.uk\/tr\/dis-hekimi-bekir\/","name":"Di\u015f Hekimi Bekir | Clinic Center","isPartOf":{"@id":"https:\/\/cliniccenter.co.uk\/ro\/#website"},"primaryImageOfPage":{"@id":"https:\/\/cliniccenter.co.uk\/tr\/dis-hekimi-bekir\/#primaryimage"},"image":{"@id":"https:\/\/cliniccenter.co.uk\/tr\/dis-hekimi-bekir\/#primaryimage"},"thumbnailUrl":"https:\/\/cliniccenter.co.uk\/wp-content\/uploads\/2023\/11\/UZMAN-DT.-BEKIR-DURMAZ-517x1024-1.webp","datePublished":"2022-12-13T06:50:47+00:00","dateModified":"2024-03-28T08:43:11+00:00","description":"Di\u015f implantlar\u0131, porselen kaplamalar ve di\u015f kaplamalar\u0131 konusunda 8 y\u0131ll\u0131k deneyime sahip Clinic Center'da Partner Di\u015f Hekimi Bekir.","breadcrumb":{"@id":"https:\/\/cliniccenter.co.uk\/tr\/dis-hekimi-bekir\/#breadcrumb"},"inLanguage":"tr","potentialAction":[{"@type":"ReadAction","target":["https:\/\/cliniccenter.co.uk\/tr\/dis-hekimi-bekir\/"]}]},{"@type":"ImageObject","inLanguage":"tr","@id":"https:\/\/cliniccenter.co.uk\/tr\/dis-hekimi-bekir\/#primaryimage","url":"https:\/\/cliniccenter.co.uk\/wp-content\/uploads\/2023\/11\/UZMAN-DT.-BEKIR-DURMAZ-517x1024-1.webp","contentUrl":"https:\/\/cliniccenter.co.uk\/wp-content\/uploads\/2023\/11\/UZMAN-DT.-BEKIR-DURMAZ-517x1024-1.webp"},{"@type":"BreadcrumbList","@id":"https:\/\/cliniccenter.co.uk\/tr\/dis-hekimi-bekir\/#breadcrumb","itemListElement":[{"@type":"ListItem","position":1,"name":"Home","item":"https:\/\/cliniccenter.co.uk\/tr\/"},{"@type":"ListItem","position":2,"name":"Doktorlar","item":"https:\/\/cliniccenter.co.uk\/tr\/doktorlar\/"},{"@type":"ListItem","position":3,"name":"Di\u015f Hekimi Bekir"}]},{"@type":"WebSite","@id":"https:\/\/cliniccenter.co.uk\/ro\/#website","url":"https:\/\/cliniccenter.co.uk\/ro\/","name":"","description":"","potentialAction":[{"@type":"SearchAction","target":{"@type":"EntryPoint","urlTemplate":"https:\/\/cliniccenter.co.uk\/ro\/?s={search_term_string}"},"query-input":{"@type":"PropertyValueSpecification","valueRequired":true,"valueName":"search_term_string"}}],"inLanguage":"tr"}]}},"uagb_featured_image_src":{"full":false,"thumbnail":false,"medium":false,"medium_large":false,"large":false,"1536x1536":false,"2048x2048":false},"uagb_author_info":{"display_name":"G\u00f6rkem G\u00fcng\u00f6r","author_link":"https:\/\/cliniccenter.co.uk\/tr\/blog\/author\/gorkem\/"},"uagb_comment_info":0,"uagb_excerpt":"A\u011f\u0131z ve \u00c7ene Cerrahisi Uzman\u0131\u0130stanbul \u00dcniversitesi Di\u015f Hekimli\u011fi Fak\u00fcltesi&#8217;ndeki e\u011fitimini tamamlad\u0131ktan sonra Dicle \u00dcniversitesi Di\u015f Hekimli\u011fi Fak\u00fcltesi&#8217;nde A\u011f\u0131z, Di\u015f ve \u00c7ene Cerrahisi Anabilim Dal\u0131&#8217;nda ihtisas\u0131n\u0131 ald\u0131. DST George&#8217;s University Hospitals NHS Oral &amp; Maxillofacial Surgery Department London&#8217;da tez sunumlar\u0131 yapm\u0131\u015ft\u0131r. Di\u015f Hekimi Bekir kurs ve seminerlere kat\u0131larak a\u011f\u0131z ve \u00e7ene cerrahisi alan\u0131nda kendini geli\u015ftirmi\u015ftir. Di\u015f&hellip;","_links":{"self":[{"href":"https:\/\/cliniccenter.co.uk\/tr\/wp-json\/wp\/v2\/pages\/44164"}],"collection":[{"href":"https:\/\/cliniccenter.co.uk\/tr\/wp-json\/wp\/v2\/pages"}],"about":[{"href":"https:\/\/cliniccenter.co.uk\/tr\/wp-json\/wp\/v2\/types\/page"}],"author":[{"embeddable":true,"href":"https:\/\/cliniccenter.co.uk\/tr\/wp-json\/wp\/v2\/users\/15"}],"replies":[{"embeddable":true,"href":"https:\/\/cliniccenter.co.uk\/tr\/wp-json\/wp\/v2\/comments?post=44164"}],"version-history":[{"count":3,"href":"https:\/\/cliniccenter.co.uk\/tr\/wp-json\/wp\/v2\/pages\/44164\/revisions"}],"predecessor-version":[{"id":51125,"href":"https:\/\/cliniccenter.co.uk\/tr\/wp-json\/wp\/v2\/pages\/44164\/revisions\/51125"}],"up":[{"embeddable":true,"href":"https:\/\/cliniccenter.co.uk\/tr\/wp-json\/wp\/v2\/pages\/16760"}],"wp:attachment":[{"href":"https:\/\/cliniccenter.co.uk\/tr\/wp-json\/wp\/v2\/media?parent=44164"}],"curies":[{"name":"wp","href":"https:\/\/api.w.org\/{rel}","templated":true}]}}