{"id":44170,"date":"2022-12-13T07:46:59","date_gmt":"2022-12-13T07:46:59","guid":{"rendered":"https:\/\/cliniccenter.co.uk\/doktorlar\/dentist-nurullah-karabacak\/"},"modified":"2024-03-28T08:28:58","modified_gmt":"2024-03-28T08:28:58","slug":"dis-hekimi-nurullah","status":"publish","type":"page","link":"https:\/\/cliniccenter.co.uk\/tr\/dis-hekimi-nurullah\/","title":{"rendered":"Di\u015f Hekimi Nurullah"},"content":{"rendered":"\n<div class=\"wp-block-columns is-layout-flex wp-container-core-columns-is-layout-3 wp-block-columns-is-layout-flex\">\n<div class=\"wp-block-column is-layout-flow wp-block-column-is-layout-flow\" style=\"flex-basis:33.33%\">\n<figure class=\"wp-block-image alignleft size-large\"><img decoding=\"async\" src=\"https:\/\/cliniccenter.co.uk\/wp-content\/uploads\/2023\/11\/DT.-NURULLAH-KARABACAK-517x1024-1.webp\" alt=\"\" class=\"wp-image-41306 skip-lazy\"\/><\/figure>\n<\/div>\n\n\n\n<div class=\"wp-block-column is-layout-flow wp-block-column-is-layout-flow\" style=\"flex-basis:66.66%\">\n<div class=\"wp-block-columns is-layout-flex wp-container-core-columns-is-layout-1 wp-block-columns-is-layout-flex\">\n<div class=\"wp-block-column leftpadbox is-layout-flow wp-block-column-is-layout-flow\">\n<p><strong>Di\u015f Hekimi<\/strong><br><br>Lise e\u011fitimini Salihli Anadolu \u00d6\u011fretmen Lisesi&#8217;nde tamamlad\u0131ktan sonra \u0130zmir Ege \u00dcniversitesi Di\u015f Hekimli\u011fi Fak\u00fcltesi&#8217;nden mezun olmu\u015ftur. \u00c7e\u015fitli kongre ve seminerlere kat\u0131ld\u0131. Di\u015f Hekimi Nurullah, verdi\u011fi y\u00fcz g\u00fcld\u00fcr\u00fcc\u00fc sonu\u00e7lar ve ne\u015feli karakteri nedeniyle hastalar\u0131 taraf\u0131ndan sevilmektedir.<\/p>\n\n\n\n<p>Di\u015f Hekimi Nurullah, \u0130zmir Ege \u00dcniversitesi Di\u015f Hekimli\u011fi Fak\u00fcltesi&#8217;ndeki e\u011fitimi s\u00fcresince seminer, kongre, kurs ve konferanslara kat\u0131larak Di\u015f Kaplama, Di\u015f \u0130mplantlar\u0131, Porselen Kaplamalar ve Kanal Tedavisi konular\u0131nda uzmanla\u015ft\u0131. Kal\u0131c\u0131 di\u015f sonu\u00e7lar\u0131 veren Di\u015f Hekimi Nurullah&#8217;\u0131n hastalar\u0131, yeni ve sa\u011fl\u0131kl\u0131 di\u015flerinden memnun olarak ayr\u0131l\u0131yor.<\/p>\n<\/div>\n<\/div>\n\n\n\n<div class=\"wp-block-columns is-layout-flex wp-container-core-columns-is-layout-2 wp-block-columns-is-layout-flex\">\n<div class=\"wp-block-column leftpadbox is-layout-flow wp-block-column-is-layout-flow\">\n<p><strong>Deneyim<\/strong>: 5 y\u0131l<br><strong>Uluslararas\u0131 Tedavi Edilen Hastalar<\/strong>: Birle\u015fik Krall\u0131k, \u0130rlanda, Avustralya, Amerika Birle\u015fik Devletleri, Birle\u015fik Arap Emirlikleri, Suudi Arabistan, Kuveyt, Avrupa Birli\u011fi \u00dclkeleri<br><strong>Uzmanl\u0131k Alanlar\u0131<\/strong>:<a href=\"https:\/\/cliniccenter.co.uk\/porcelain-veneers-in-turkey\/\"> <\/a>Porselen Kaplamalar, Di\u015f Kronlar\u0131, Di\u015f \u0130mplantlar\u0131, Hollywood G\u00fcl\u00fc\u015f\u00fc, Kanal Tedavisi, Gingivoplasti ve Gingivektomi, All-On-4, All-On-6 &amp; All-On-8, Di\u015f Beyazlatma, Di\u015f Tedavileri&nbsp;<br><strong>\u015eehir<\/strong>:&nbsp;\u0130zmir, T\u00fcrkiye<br><strong>\u00c7al\u0131\u015fma G\u00fcnleri<\/strong>: Haftai\u00e7i ve Cumartesi<br><strong>\u0130leti\u015fim<\/strong>:&nbsp;+44 20 3575 1039 &amp; info@cliniccenter.co.uk<\/p>\n<\/div>\n<\/div>\n<\/div>\n<\/div>\n\n\n\n<script type=\"application\/ld+json\">\n        {\n            \"@context\": \"http:\\\/\\\/schema.org\",\n            \"@type\": \"Physician\",\n            \"@id\": \"https:\/\/cliniccenter.co.uk\/dentist-nurullah\/\",\n            \"areaServed\": {\n                \"@type\": \"Place\",\n                \"name\": \"Izmir, Turkey\"\n            },\n            \"alumniOf\": {\n                \"@type\": \"OrganizationRole\",\n                \"alumniOf\": {\n                    \"@type\": \"CollegeOrUniversity\",\n                    \"name\": \"Ege University\"\n                }\n            },\n            \"employee\": {\n                \"@type\": \"Person\",\n                \"@id\": \"https:\/\/cliniccenter.co.uk\/dentist-nurullah\/\",\n                \"description\": \"After completing his high school education at Salihli Anatolian Teacher High School, he graduated from Izmir Ege University Faculty of Dentistry. He participated in various congresses and seminars.\",\n                \"hasOccupation\": {\n                    \"@type\": \"Occupation\",\n                    \"name\": \"Dentistry\"\n                },\n                \"knowsLanguage\": {\n                    \"@type\": \"Language\",\n                    \"name\": \"English\",\n                    \"alternateName\": \"en\"\n                },\n                \"honorificSuffix\": \"Dentist\"\n            },\n            \"hospitalAffiliation\": {\n                \"image\": {\n                    \"@type\": \"ImageObject\",\n                    \"@id\": \"https:\/\/cliniccenter.co.uk\/wp-content\/uploads\/2022\/12\/DT.-NURULLAH.jpg\"\n                }\n            },\n            \"isAcceptingNewPatients\": \"https:\\\/\\\/schema.org\\\/True\",\n            \"isAccessibleForFree\": \"https:\\\/\\\/schema.org\\\/False\",\n            \"medicalSpecialty\": {\n                \"@type\": \"MedicalSpecialty\",\n                \"name\": \" Porcelain Veneers, Dental Crowns, Dental Implants, Hollywood Smile, Root-Canal Treatment, Gingivoplasty & Gingivectomy, All-On-4 , All-On-6 & All-On-8, Teeth Whitening, Dental Treatments\"\n            },\n\n            \"name\": \"Dentist Nurullah\"\n        }\n    <\/script>\n","protected":false},"excerpt":{"rendered":"<p>Di\u015f Hekimi Lise e\u011fitimini Salihli Anadolu \u00d6\u011fretmen Lisesi&#8217;nde tamamlad\u0131ktan sonra \u0130zmir Ege \u00dcniversitesi Di\u015f Hekimli\u011fi Fak\u00fcltesi&#8217;nden mezun olmu\u015ftur. \u00c7e\u015fitli kongre ve seminerlere kat\u0131ld\u0131. Di\u015f Hekimi Nurullah, verdi\u011fi y\u00fcz g\u00fcld\u00fcr\u00fcc\u00fc sonu\u00e7lar ve ne\u015feli karakteri nedeniyle hastalar\u0131 taraf\u0131ndan sevilmektedir. Di\u015f Hekimi Nurullah, \u0130zmir Ege \u00dcniversitesi Di\u015f Hekimli\u011fi Fak\u00fcltesi&#8217;ndeki e\u011fitimi s\u00fcresince seminer, kongre, kurs ve konferanslara kat\u0131larak Di\u015f [&hellip;]<\/p>\n","protected":false},"author":15,"featured_media":0,"parent":16760,"menu_order":0,"comment_status":"closed","ping_status":"closed","template":"","meta":{"_uag_custom_page_level_css":"","_lmt_disableupdate":"no","_lmt_disable":"","site-sidebar-layout":"default","site-content-layout":"default","ast-site-content-layout":"default","site-content-style":"default","site-sidebar-style":"default","ast-global-header-display":"","ast-banner-title-visibility":"","ast-main-header-display":"","ast-hfb-above-header-display":"","ast-hfb-below-header-display":"","ast-hfb-mobile-header-display":"","site-post-title":"","ast-breadcrumbs-content":"","ast-featured-img":"","footer-sml-layout":"","theme-transparent-header-meta":"default","adv-header-id-meta":"","stick-header-meta":"","header-above-stick-meta":"","header-main-stick-meta":"","header-below-stick-meta":"","astra-migrate-meta-layouts":"set","ast-page-background-enabled":"default","ast-page-background-meta":{"desktop":{"background-color":"","background-image":"","background-repeat":"repeat","background-position":"center center","background-size":"auto","background-attachment":"scroll","background-type":"","background-media":"","overlay-type":"","overlay-color":"","overlay-opacity":"","overlay-gradient":""},"tablet":{"background-color":"","background-image":"","background-repeat":"repeat","background-position":"center center","background-size":"auto","background-attachment":"scroll","background-type":"","background-media":"","overlay-type":"","overlay-color":"","overlay-opacity":"","overlay-gradient":""},"mobile":{"background-color":"","background-image":"","background-repeat":"repeat","background-position":"center center","background-size":"auto","background-attachment":"scroll","background-type":"","background-media":"","overlay-type":"","overlay-color":"","overlay-opacity":"","overlay-gradient":""}},"ast-content-background-meta":{"desktop":{"background-color":"var(--ast-global-color-5)","background-image":"","background-repeat":"repeat","background-position":"center center","background-size":"auto","background-attachment":"scroll","background-type":"","background-media":"","overlay-type":"","overlay-color":"","overlay-opacity":"","overlay-gradient":""},"tablet":{"background-color":"var(--ast-global-color-5)","background-image":"","background-repeat":"repeat","background-position":"center center","background-size":"auto","background-attachment":"scroll","background-type":"","background-media":"","overlay-type":"","overlay-color":"","overlay-opacity":"","overlay-gradient":""},"mobile":{"background-color":"var(--ast-global-color-5)","background-image":"","background-repeat":"repeat","background-position":"center center","background-size":"auto","background-attachment":"scroll","background-type":"","background-media":"","overlay-type":"","overlay-color":"","overlay-opacity":"","overlay-gradient":""}},"footnotes":""},"class_list":["post-44170","page","type-page","status-publish","hentry"],"yoast_head":"<!-- This site is optimized with the Yoast SEO plugin v25.3.1 - https:\/\/yoast.com\/wordpress\/plugins\/seo\/ -->\n<title>Di\u015f Hekimi Nurullah | Clinic Center<\/title>\n<meta name=\"description\" content=\"Di\u015f implantlar\u0131, porselen kaplamalar ve di\u015f kronlar\u0131nda 5 y\u0131ll\u0131k deneyime sahip Clinic Center&#039;de Partner Di\u015f Hekimi Nurullah.\" \/>\n<meta name=\"robots\" content=\"index, follow, max-snippet:-1, max-image-preview:large, max-video-preview:-1\" \/>\n<link rel=\"canonical\" href=\"https:\/\/cliniccenter.co.uk\/tr\/dis-hekimi-nurullah\/\" \/>\n<meta property=\"og:locale\" content=\"tr_TR\" \/>\n<meta property=\"og:type\" content=\"article\" \/>\n<meta property=\"og:title\" content=\"Di\u015f Hekimi Nurullah | Clinic Center\" \/>\n<meta property=\"og:description\" content=\"Di\u015f implantlar\u0131, porselen kaplamalar ve di\u015f kronlar\u0131nda 5 y\u0131ll\u0131k deneyime sahip Clinic Center&#039;de Partner Di\u015f Hekimi Nurullah.\" \/>\n<meta property=\"og:url\" content=\"https:\/\/cliniccenter.co.uk\/tr\/dis-hekimi-nurullah\/\" \/>\n<meta property=\"article:publisher\" content=\"https:\/\/www.facebook.com\/cliniccenter.co.uk\/\" \/>\n<meta property=\"article:modified_time\" content=\"2024-03-28T08:28:58+00:00\" \/>\n<meta property=\"og:image\" content=\"https:\/\/cliniccenter.co.uk\/wp-content\/uploads\/2023\/11\/DT.-NURULLAH-KARABACAK-517x1024-1.webp\" \/>\n<meta name=\"twitter:card\" content=\"summary_large_image\" \/>\n<meta name=\"twitter:site\" content=\"@cliniccenteruk\" \/>\n<meta name=\"twitter:label1\" content=\"Tahmini okuma s\u00fcresi\" \/>\n\t<meta name=\"twitter:data1\" content=\"1 dakika\" \/>\n<!-- \/ Yoast SEO plugin. -->","yoast_head_json":{"title":"Di\u015f Hekimi Nurullah | Clinic Center","description":"Di\u015f implantlar\u0131, porselen kaplamalar ve di\u015f kronlar\u0131nda 5 y\u0131ll\u0131k deneyime sahip Clinic Center'de Partner Di\u015f Hekimi Nurullah.","robots":{"index":"index","follow":"follow","max-snippet":"max-snippet:-1","max-image-preview":"max-image-preview:large","max-video-preview":"max-video-preview:-1"},"canonical":"https:\/\/cliniccenter.co.uk\/tr\/dis-hekimi-nurullah\/","og_locale":"tr_TR","og_type":"article","og_title":"Di\u015f Hekimi Nurullah | Clinic Center","og_description":"Di\u015f implantlar\u0131, porselen kaplamalar ve di\u015f kronlar\u0131nda 5 y\u0131ll\u0131k deneyime sahip Clinic Center'de Partner Di\u015f Hekimi Nurullah.","og_url":"https:\/\/cliniccenter.co.uk\/tr\/dis-hekimi-nurullah\/","article_publisher":"https:\/\/www.facebook.com\/cliniccenter.co.uk\/","article_modified_time":"2024-03-28T08:28:58+00:00","og_image":[{"url":"https:\/\/cliniccenter.co.uk\/wp-content\/uploads\/2023\/11\/DT.-NURULLAH-KARABACAK-517x1024-1.webp","type":"","width":"","height":""}],"twitter_card":"summary_large_image","twitter_site":"@cliniccenteruk","twitter_misc":{"Tahmini okuma s\u00fcresi":"1 dakika"},"schema":{"@context":"https:\/\/schema.org","@graph":[{"@type":"WebPage","@id":"https:\/\/cliniccenter.co.uk\/tr\/dis-hekimi-nurullah\/","url":"https:\/\/cliniccenter.co.uk\/tr\/dis-hekimi-nurullah\/","name":"Di\u015f Hekimi Nurullah | Clinic Center","isPartOf":{"@id":"https:\/\/cliniccenter.co.uk\/ro\/#website"},"primaryImageOfPage":{"@id":"https:\/\/cliniccenter.co.uk\/tr\/dis-hekimi-nurullah\/#primaryimage"},"image":{"@id":"https:\/\/cliniccenter.co.uk\/tr\/dis-hekimi-nurullah\/#primaryimage"},"thumbnailUrl":"https:\/\/cliniccenter.co.uk\/wp-content\/uploads\/2023\/11\/DT.-NURULLAH-KARABACAK-517x1024-1.webp","datePublished":"2022-12-13T07:46:59+00:00","dateModified":"2024-03-28T08:28:58+00:00","description":"Di\u015f implantlar\u0131, porselen kaplamalar ve di\u015f kronlar\u0131nda 5 y\u0131ll\u0131k deneyime sahip Clinic Center'de Partner Di\u015f Hekimi Nurullah.","breadcrumb":{"@id":"https:\/\/cliniccenter.co.uk\/tr\/dis-hekimi-nurullah\/#breadcrumb"},"inLanguage":"tr","potentialAction":[{"@type":"ReadAction","target":["https:\/\/cliniccenter.co.uk\/tr\/dis-hekimi-nurullah\/"]}]},{"@type":"ImageObject","inLanguage":"tr","@id":"https:\/\/cliniccenter.co.uk\/tr\/dis-hekimi-nurullah\/#primaryimage","url":"https:\/\/cliniccenter.co.uk\/wp-content\/uploads\/2023\/11\/DT.-NURULLAH-KARABACAK-517x1024-1.webp","contentUrl":"https:\/\/cliniccenter.co.uk\/wp-content\/uploads\/2023\/11\/DT.-NURULLAH-KARABACAK-517x1024-1.webp"},{"@type":"BreadcrumbList","@id":"https:\/\/cliniccenter.co.uk\/tr\/dis-hekimi-nurullah\/#breadcrumb","itemListElement":[{"@type":"ListItem","position":1,"name":"Home","item":"https:\/\/cliniccenter.co.uk\/tr\/"},{"@type":"ListItem","position":2,"name":"Doktorlar","item":"https:\/\/cliniccenter.co.uk\/tr\/doktorlar\/"},{"@type":"ListItem","position":3,"name":"Di\u015f Hekimi Nurullah"}]},{"@type":"WebSite","@id":"https:\/\/cliniccenter.co.uk\/ro\/#website","url":"https:\/\/cliniccenter.co.uk\/ro\/","name":"","description":"","potentialAction":[{"@type":"SearchAction","target":{"@type":"EntryPoint","urlTemplate":"https:\/\/cliniccenter.co.uk\/ro\/?s={search_term_string}"},"query-input":{"@type":"PropertyValueSpecification","valueRequired":true,"valueName":"search_term_string"}}],"inLanguage":"tr"}]}},"uagb_featured_image_src":{"full":false,"thumbnail":false,"medium":false,"medium_large":false,"large":false,"1536x1536":false,"2048x2048":false},"uagb_author_info":{"display_name":"G\u00f6rkem G\u00fcng\u00f6r","author_link":"https:\/\/cliniccenter.co.uk\/tr\/blog\/author\/gorkem\/"},"uagb_comment_info":0,"uagb_excerpt":"Di\u015f Hekimi Lise e\u011fitimini Salihli Anadolu \u00d6\u011fretmen Lisesi&#8217;nde tamamlad\u0131ktan sonra \u0130zmir Ege \u00dcniversitesi Di\u015f Hekimli\u011fi Fak\u00fcltesi&#8217;nden mezun olmu\u015ftur. \u00c7e\u015fitli kongre ve seminerlere kat\u0131ld\u0131. Di\u015f Hekimi Nurullah, verdi\u011fi y\u00fcz g\u00fcld\u00fcr\u00fcc\u00fc sonu\u00e7lar ve ne\u015feli karakteri nedeniyle hastalar\u0131 taraf\u0131ndan sevilmektedir. Di\u015f Hekimi Nurullah, \u0130zmir Ege \u00dcniversitesi Di\u015f Hekimli\u011fi Fak\u00fcltesi&#8217;ndeki e\u011fitimi s\u00fcresince seminer, kongre, kurs ve konferanslara kat\u0131larak Di\u015f&hellip;","_links":{"self":[{"href":"https:\/\/cliniccenter.co.uk\/tr\/wp-json\/wp\/v2\/pages\/44170"}],"collection":[{"href":"https:\/\/cliniccenter.co.uk\/tr\/wp-json\/wp\/v2\/pages"}],"about":[{"href":"https:\/\/cliniccenter.co.uk\/tr\/wp-json\/wp\/v2\/types\/page"}],"author":[{"embeddable":true,"href":"https:\/\/cliniccenter.co.uk\/tr\/wp-json\/wp\/v2\/users\/15"}],"replies":[{"embeddable":true,"href":"https:\/\/cliniccenter.co.uk\/tr\/wp-json\/wp\/v2\/comments?post=44170"}],"version-history":[{"count":3,"href":"https:\/\/cliniccenter.co.uk\/tr\/wp-json\/wp\/v2\/pages\/44170\/revisions"}],"predecessor-version":[{"id":51121,"href":"https:\/\/cliniccenter.co.uk\/tr\/wp-json\/wp\/v2\/pages\/44170\/revisions\/51121"}],"up":[{"embeddable":true,"href":"https:\/\/cliniccenter.co.uk\/tr\/wp-json\/wp\/v2\/pages\/16760"}],"wp:attachment":[{"href":"https:\/\/cliniccenter.co.uk\/tr\/wp-json\/wp\/v2\/media?parent=44170"}],"curies":[{"name":"wp","href":"https:\/\/api.w.org\/{rel}","templated":true}]}}