{"id":44176,"date":"2020-07-10T06:50:37","date_gmt":"2020-07-10T06:50:37","guid":{"rendered":"https:\/\/cliniccenter.co.uk\/tedaviler\/non-surgical-cosmetics\/"},"modified":"2024-04-09T06:35:16","modified_gmt":"2024-04-09T06:35:16","slug":"ameliyatsiz-estetik-islemler","status":"publish","type":"page","link":"https:\/\/cliniccenter.co.uk\/tr\/ameliyatsiz-estetik-islemler\/","title":{"rendered":"Ameliyats\u0131z Estetik \u0130\u015flemler"},"content":{"rendered":"\n<div class=\"wp-block-columns is-layout-flex wp-container-core-columns-is-layout-1 wp-block-columns-is-layout-flex\">\n<div class=\"wp-block-column is-layout-flow wp-block-column-is-layout-flow\">\n<figure class=\"wp-block-image size-large is-resized\"><img decoding=\"async\" width=\"650\" height=\"406\" src=\"https:\/\/cliniccenter.co.uk\/wp-content\/uploads\/2021\/12\/lip-filler-1.jpg\" alt=\"\" class=\"wp-image-23498 skip-lazy\" srcset=\"https:\/\/cliniccenter.co.uk\/wp-content\/uploads\/2021\/12\/lip-filler-1.jpg 650w, https:\/\/cliniccenter.co.uk\/wp-content\/uploads\/2021\/12\/lip-filler-1-300x187.jpg 300w\" sizes=\"(max-width: 650px) 100vw, 650px\" \/><\/figure>\n\n\n\n<h2 class=\"wp-block-heading has-text-align-center\"><span class=\"ez-toc-section\" id=\"Turkiyede_Dudak_Dolgusu\"><\/span>T\u00fcrkiye&#8217;de Dudak Dolgusu<span class=\"ez-toc-section-end\"><\/span><\/h2>\n\n\n\n<p class=\"has-text-align-center\">Dudak dolgusu i\u00e7in en yayg\u0131n kullan\u0131lan teknik dermal dolgudur. Dudaklar\u0131n\u0131za enjekte edilebilecek ba\u015fka dolgu t\u00fcrleri de vard\u0131r.<\/p>\n\n\n\n<center><div class=\"wp-block-button\"><a class=\"wp-block-button__link\" href=\"https:\/\/cliniccenter.co.uk\/lip-filler-in-turkey\/\">T\u00fcrkiye&#8217;de Dudak Dolgusu<\/a><\/div><br><br><\/center>\n<\/div>\n\n\n\n<div class=\"wp-block-column is-layout-flow wp-block-column-is-layout-flow\">\n<figure class=\"wp-block-image size-large is-resized\"><img decoding=\"async\" width=\"650\" height=\"406\" src=\"https:\/\/cliniccenter.co.uk\/wp-content\/uploads\/2021\/12\/fat-transfer-1.jpg\" alt=\"\" class=\"wp-image-23511\" style=\"width:569px;height:355px\" srcset=\"https:\/\/cliniccenter.co.uk\/wp-content\/uploads\/2021\/12\/fat-transfer-1.jpg 650w, https:\/\/cliniccenter.co.uk\/wp-content\/uploads\/2021\/12\/fat-transfer-1-300x187.jpg 300w\" sizes=\"(max-width: 650px) 100vw, 650px\" \/><\/figure>\n\n\n\n<h2 class=\"wp-block-heading has-text-align-center\"><span class=\"ez-toc-section\" id=\"Turkiyede_Dudaklara_Yag_Transferi\"><\/span>T\u00fcrkiye&#8217;de Dudaklara Ya\u011f Transferi<span class=\"ez-toc-section-end\"><\/span><\/h2>\n\n\n\n<p class=\"has-text-align-center\">Cerrahlar\u0131m\u0131z se\u00e7ilen b\u00f6lgelerden ya\u011f al\u0131m\u0131 ile ba\u015flayacaklard\u0131r. Alanlar, isti\u015fare s\u0131ras\u0131nda tart\u0131\u015f\u0131lacakt\u0131r.<\/p><div id=\"ez-toc-container\" class=\"ez-toc-v2_0_80 counter-hierarchy ez-toc-counter ez-toc-grey ez-toc-container-direction\">\n<div class=\"ez-toc-title-container\">\n<p class=\"ez-toc-title\" style=\"cursor:inherit\">Table of Contents<\/p>\n<span class=\"ez-toc-title-toggle\"><a href=\"#\" class=\"ez-toc-pull-right ez-toc-btn ez-toc-btn-xs ez-toc-btn-default ez-toc-toggle\" aria-label=\"\u0130\u00e7indekiler Tablosunu A\u00e7\/Kapat\"><span class=\"ez-toc-js-icon-con\"><span class=\"\"><span class=\"eztoc-hide\" style=\"display:none;\">Toggle<\/span><span class=\"ez-toc-icon-toggle-span\"><svg style=\"fill: #999;color:#999\" xmlns=\"http:\/\/www.w3.org\/2000\/svg\" class=\"list-377408\" width=\"20px\" height=\"20px\" viewBox=\"0 0 24 24\" fill=\"none\"><path d=\"M6 6H4v2h2V6zm14 0H8v2h12V6zM4 11h2v2H4v-2zm16 0H8v2h12v-2zM4 16h2v2H4v-2zm16 0H8v2h12v-2z\" fill=\"currentColor\"><\/path><\/svg><svg style=\"fill: #999;color:#999\" class=\"arrow-unsorted-368013\" xmlns=\"http:\/\/www.w3.org\/2000\/svg\" width=\"10px\" height=\"10px\" viewBox=\"0 0 24 24\" version=\"1.2\" baseProfile=\"tiny\"><path d=\"M18.2 9.3l-6.2-6.3-6.2 6.3c-.2.2-.3.4-.3.7s.1.5.3.7c.2.2.4.3.7.3h11c.3 0 .5-.1.7-.3.2-.2.3-.5.3-.7s-.1-.5-.3-.7zM5.8 14.7l6.2 6.3 6.2-6.3c.2-.2.3-.5.3-.7s-.1-.5-.3-.7c-.2-.2-.4-.3-.7-.3h-11c-.3 0-.5.1-.7.3-.2.2-.3.5-.3.7s.1.5.3.7z\"\/><\/svg><\/span><\/span><\/span><\/a><\/span><\/div>\n<nav><ul class='ez-toc-list ez-toc-list-level-1 ' ><li class='ez-toc-page-1 ez-toc-heading-level-2'><a class=\"ez-toc-link ez-toc-heading-1\" href=\"https:\/\/cliniccenter.co.uk\/tr\/ameliyatsiz-estetik-islemler\/#Turkiyede_Dudak_Dolgusu\" >T\u00fcrkiye&#8217;de Dudak Dolgusu<\/a><\/li><li class='ez-toc-page-1 ez-toc-heading-level-2'><a class=\"ez-toc-link ez-toc-heading-2\" href=\"https:\/\/cliniccenter.co.uk\/tr\/ameliyatsiz-estetik-islemler\/#Turkiyede_Dudaklara_Yag_Transferi\" >T\u00fcrkiye&#8217;de Dudaklara Ya\u011f Transferi<\/a><\/li><li class='ez-toc-page-1 ez-toc-heading-level-2'><a class=\"ez-toc-link ez-toc-heading-3\" href=\"https:\/\/cliniccenter.co.uk\/tr\/ameliyatsiz-estetik-islemler\/#Turkiyede_Ust_Dudak_Kaldirma\" >T\u00fcrkiye&#8217;de \u00dcst Dudak Kald\u0131rma<\/a><\/li><li class='ez-toc-page-1 ez-toc-heading-level-2'><a class=\"ez-toc-link ez-toc-heading-4\" href=\"https:\/\/cliniccenter.co.uk\/tr\/ameliyatsiz-estetik-islemler\/#Turkiyede_Iple_Kaldirma\" >T\u00fcrkiye&#8217;de \u0130ple Kald\u0131rma<\/a><\/li><li class='ez-toc-page-1 ez-toc-heading-level-2'><a class=\"ez-toc-link ez-toc-heading-5\" href=\"https:\/\/cliniccenter.co.uk\/tr\/ameliyatsiz-estetik-islemler\/#Yag_Dondurma_CoolSculpting_Turkiyede_Cryolipolysis\" >Ya\u011f Dondurma, CoolSculpting T\u00fcrkiye&#8217;de (Cryolipolysis)<\/a><\/li><li class='ez-toc-page-1 ez-toc-heading-level-2'><a class=\"ez-toc-link ez-toc-heading-6\" href=\"https:\/\/cliniccenter.co.uk\/tr\/ameliyatsiz-estetik-islemler\/#Yuz_Killari_Tedavisi_Vampir_Yuz_Bakimi\" >Y\u00fcz K\u0131llar\u0131 Tedavisi, Vampir Y\u00fcz Bak\u0131m\u0131<\/a><\/li><\/ul><\/nav><\/div>\n\n\n\n\n<center><div class=\"wp-block-button\"><a class=\"wp-block-button__link\" href=\"https:\/\/cliniccenter.co.uk\/tr\/dudaklara-yag-transferi-turkiye\/\">T\u00fcrkiye&#8217;de Dudaklara Ya\u011f Transferi<\/a><br><br><\/div><\/center>\n<\/div>\n<\/div>\n\n\n\n<div class=\"wp-block-columns is-layout-flex wp-container-core-columns-is-layout-2 wp-block-columns-is-layout-flex\">\n<div class=\"wp-block-column is-layout-flow wp-block-column-is-layout-flow\">\n<figure class=\"wp-block-image size-large\"><img decoding=\"async\" width=\"650\" height=\"406\" src=\"https:\/\/cliniccenter.co.uk\/wp-content\/uploads\/2021\/12\/upper-lip-lift-1.jpg\" alt=\"\" class=\"wp-image-23517\" srcset=\"https:\/\/cliniccenter.co.uk\/wp-content\/uploads\/2021\/12\/upper-lip-lift-1.jpg 650w, https:\/\/cliniccenter.co.uk\/wp-content\/uploads\/2021\/12\/upper-lip-lift-1-300x187.jpg 300w\" sizes=\"(max-width: 650px) 100vw, 650px\" \/><\/figure>\n\n\n\n<h2 class=\"wp-block-heading has-text-align-center\"><span class=\"ez-toc-section\" id=\"Turkiyede_Ust_Dudak_Kaldirma\"><\/span>T\u00fcrkiye&#8217;de \u00dcst Dudak Kald\u0131rma<span class=\"ez-toc-section-end\"><\/span><\/h2>\n\n\n\n<p class=\"has-text-align-center\">\u00dcst dudak kald\u0131rma prosed\u00fcr\u00fc, Clinic Center doktorunun burnun alt k\u0131sm\u0131nda gizlenmi\u015f k\u00fc\u00e7\u00fck bir yara izi olu\u015fturarak fazla deriyi ald\u0131\u011f\u0131 k\u00fc\u00e7\u00fck bir prosed\u00fcrd\u00fcr.<\/p>\n\n\n\n<center><div class=\"wp-block-button\"><a class=\"wp-block-button__link\" href=\"https:\/\/cliniccenter.co.uk\/tr\/ust-dudak-kaldirma-turkiye\/\">T\u00fcrkiye&#8217;de \u00dcst Dudak Kald\u0131rma<\/a><\/div><br><br><\/center>\n<\/div>\n\n\n\n<div class=\"wp-block-column is-layout-flow wp-block-column-is-layout-flow\">\n<figure class=\"wp-block-image size-large is-resized\"><img decoding=\"async\" width=\"650\" height=\"406\" src=\"https:\/\/cliniccenter.co.uk\/wp-content\/uploads\/2021\/12\/thread-lift-1.jpg\" alt=\"\" class=\"wp-image-23523\" style=\"width:572px;height:357px\" srcset=\"https:\/\/cliniccenter.co.uk\/wp-content\/uploads\/2021\/12\/thread-lift-1.jpg 650w, https:\/\/cliniccenter.co.uk\/wp-content\/uploads\/2021\/12\/thread-lift-1-300x187.jpg 300w\" sizes=\"(max-width: 650px) 100vw, 650px\" \/><\/figure>\n\n\n\n<h2 class=\"wp-block-heading has-text-align-center\"><span class=\"ez-toc-section\" id=\"Turkiyede_Iple_Kaldirma\"><\/span>T\u00fcrkiye&#8217;de \u0130ple Kald\u0131rma<span class=\"ez-toc-section-end\"><\/span><\/h2>\n\n\n\n<p class=\"has-text-align-center\">\u0130ple y\u00fcz germe, y\u00fcz\u00fc ve boynu kald\u0131rmak i\u00e7in daha az invaziv bir prosed\u00fcrd\u00fcr. Cerrahlar\u0131m\u0131z istenilen b\u00f6lgenin derisinin alt\u0131na eriyebilen bir diki\u015f atarlar, bu iplik gev\u015fek kaslar\u0131 ve dokular\u0131 yukar\u0131 kald\u0131r\u0131r ve b\u00f6ylece daha p\u00fcr\u00fczs\u00fcz bir cilt sa\u011flar.<\/p>\n\n\n\n<center><div class=\"wp-block-button\"><a class=\"wp-block-button__link\" href=\"https:\/\/cliniccenter.co.uk\/tr\/iplik-yuz-kaldirma-turkiye\/\">T\u00fcrkiye&#8217;de \u0130ple Kald\u0131rma<\/a><br><br><\/div><\/center>\n\n\n\n<p><\/p>\n<\/div>\n<\/div>\n\n\n\n<div class=\"wp-block-columns is-layout-flex wp-container-core-columns-is-layout-3 wp-block-columns-is-layout-flex\">\n<div class=\"wp-block-column is-layout-flow wp-block-column-is-layout-flow\">\n<figure class=\"wp-block-image size-large\"><img decoding=\"async\" width=\"650\" height=\"406\" src=\"https:\/\/cliniccenter.co.uk\/wp-content\/uploads\/2021\/12\/fat-freezing-1.jpg\" alt=\"\" class=\"wp-image-23538\" srcset=\"https:\/\/cliniccenter.co.uk\/wp-content\/uploads\/2021\/12\/fat-freezing-1.jpg 650w, https:\/\/cliniccenter.co.uk\/wp-content\/uploads\/2021\/12\/fat-freezing-1-300x187.jpg 300w\" sizes=\"(max-width: 650px) 100vw, 650px\" \/><\/figure>\n\n\n\n<h2 class=\"wp-block-heading has-text-align-center\"><span class=\"ez-toc-section\" id=\"Yag_Dondurma_CoolSculpting_Turkiyede_Cryolipolysis\"><\/span>Ya\u011f Dondurma, CoolSculpting T\u00fcrkiye&#8217;de (Cryolipolysis)<span class=\"ez-toc-section-end\"><\/span><\/h2>\n\n\n\n<p class=\"has-text-align-center\">\u0130stanbul&#8217;da ya\u011f dondurma cerrahi olmayan ve invaziv olmayan bir tedavidir.<\/p>\n\n\n\n<center><div class=\"wp-block-button\"><a class=\"wp-block-button__link\" href=\"https:\/\/cliniccenter.co.uk\/tr\/yag-dondurma-turkiye\/\">T\u00fcrkiye&#8217;de Ya\u011f Dondurma<\/a><\/div><br><br><\/center>\n<\/div>\n\n\n\n<div class=\"wp-block-column is-layout-flow wp-block-column-is-layout-flow\">\n<figure class=\"wp-block-image size-large\"><img decoding=\"async\" width=\"650\" height=\"406\" src=\"https:\/\/cliniccenter.co.uk\/wp-content\/uploads\/2022\/12\/hair-treatment-1.jpg\" alt=\"hair-treatment-1\" class=\"wp-image-41812\" srcset=\"https:\/\/cliniccenter.co.uk\/wp-content\/uploads\/2022\/12\/hair-treatment-1.jpg 650w, https:\/\/cliniccenter.co.uk\/wp-content\/uploads\/2022\/12\/hair-treatment-1-300x187.jpg 300w\" sizes=\"(max-width: 650px) 100vw, 650px\" \/><\/figure>\n\n\n\n<h2 class=\"wp-block-heading has-text-align-center\"><span class=\"ez-toc-section\" id=\"Yuz_Killari_Tedavisi_Vampir_Yuz_Bakimi\"><\/span>Y\u00fcz K\u0131llar\u0131 Tedavisi, Vampir Y\u00fcz Bak\u0131m\u0131<span class=\"ez-toc-section-end\"><\/span><\/h2>\n\n\n\n<p class=\"has-text-align-center\">Y\u00fczde Sa\u00e7 Tedavisi olarak da bilinen vampir y\u00fcz bak\u0131m\u0131, ya\u015flanman\u0131n etkileriyle sava\u015fmak i\u00e7in cerrahi olmayan bir tedavidir.<\/p>\n\n\n\n<center><div class=\"wp-block-button\"><a class=\"wp-block-button__link\" href=\"https:\/\/cliniccenter.co.uk\/tr\/vampir-yuz-turkiye\/\">T\u00fcrkiye&#8217;de Y\u00fcz K\u0131llar\u0131 Tedavisi<\/a><br><br><\/div><\/center>\n\n\n\n<p><\/p>\n<\/div>\n<\/div>\n\n\n\n<div class=\"wp-block-columns is-layout-flex wp-container-core-columns-is-layout-4 wp-block-columns-is-layout-flex\"><\/div>\n<\/p>","protected":false},"excerpt":{"rendered":"<p>T\u00fcrkiye&#8217;de Dudak Dolgusu Dudak dolgusu i\u00e7in en yayg\u0131n kullan\u0131lan teknik dermal dolgudur. Dudaklar\u0131n\u0131za enjekte edilebilecek ba\u015fka dolgu t\u00fcrleri de vard\u0131r. T\u00fcrkiye&#8217;de Dudak Dolgusu T\u00fcrkiye&#8217;de Dudaklara Ya\u011f Transferi Cerrahlar\u0131m\u0131z se\u00e7ilen b\u00f6lgelerden ya\u011f al\u0131m\u0131 ile ba\u015flayacaklard\u0131r. Alanlar, isti\u015fare s\u0131ras\u0131nda tart\u0131\u015f\u0131lacakt\u0131r. T\u00fcrkiye&#8217;de Dudaklara Ya\u011f Transferi T\u00fcrkiye&#8217;de \u00dcst Dudak Kald\u0131rma \u00dcst dudak kald\u0131rma prosed\u00fcr\u00fc, Clinic Center doktorunun burnun alt [&hellip;]<\/p>\n","protected":false},"author":8,"featured_media":0,"parent":15996,"menu_order":0,"comment_status":"closed","ping_status":"closed","template":"","meta":{"_uag_custom_page_level_css":"","_lmt_disableupdate":"no","_lmt_disable":"","site-sidebar-layout":"default","site-content-layout":"default","ast-site-content-layout":"default","site-content-style":"default","site-sidebar-style":"default","ast-global-header-display":"","ast-banner-title-visibility":"","ast-main-header-display":"","ast-hfb-above-header-display":"","ast-hfb-below-header-display":"","ast-hfb-mobile-header-display":"","site-post-title":"","ast-breadcrumbs-content":"","ast-featured-img":"","footer-sml-layout":"","theme-transparent-header-meta":"default","adv-header-id-meta":"","stick-header-meta":"","header-above-stick-meta":"","header-main-stick-meta":"","header-below-stick-meta":"","astra-migrate-meta-layouts":"set","ast-page-background-enabled":"default","ast-page-background-meta":{"desktop":{"background-color":"","background-image":"","background-repeat":"repeat","background-position":"center center","background-size":"auto","background-attachment":"scroll","background-type":"","background-media":"","overlay-type":"","overlay-color":"","overlay-opacity":"","overlay-gradient":""},"tablet":{"background-color":"","background-image":"","background-repeat":"repeat","background-position":"center center","background-size":"auto","background-attachment":"scroll","background-type":"","background-media":"","overlay-type":"","overlay-color":"","overlay-opacity":"","overlay-gradient":""},"mobile":{"background-color":"","background-image":"","background-repeat":"repeat","background-position":"center center","background-size":"auto","background-attachment":"scroll","background-type":"","background-media":"","overlay-type":"","overlay-color":"","overlay-opacity":"","overlay-gradient":""}},"ast-content-background-meta":{"desktop":{"background-color":"var(--ast-global-color-5)","background-image":"","background-repeat":"repeat","background-position":"center center","background-size":"auto","background-attachment":"scroll","background-type":"","background-media":"","overlay-type":"","overlay-color":"","overlay-opacity":"","overlay-gradient":""},"tablet":{"background-color":"var(--ast-global-color-5)","background-image":"","background-repeat":"repeat","background-position":"center center","background-size":"auto","background-attachment":"scroll","background-type":"","background-media":"","overlay-type":"","overlay-color":"","overlay-opacity":"","overlay-gradient":""},"mobile":{"background-color":"var(--ast-global-color-5)","background-image":"","background-repeat":"repeat","background-position":"center center","background-size":"auto","background-attachment":"scroll","background-type":"","background-media":"","overlay-type":"","overlay-color":"","overlay-opacity":"","overlay-gradient":""}},"footnotes":""},"class_list":["post-44176","page","type-page","status-publish","hentry"],"yoast_head":"<!-- This site is optimized with the Yoast SEO plugin v25.3.1 - https:\/\/yoast.com\/wordpress\/plugins\/seo\/ -->\n<title>Ameliyats\u0131z Estetik \u0130\u015flemler | Clinic Center<\/title>\n<meta name=\"description\" content=\"Clinic Center, yetenekli ve kalifiye uzmanlarla ger\u00e7ekle\u015ftirilen T\u00fcrkiye&#039;nin en iyi cerrahi olmayan kozmetik prosed\u00fcrlerini sunar.\" \/>\n<meta name=\"robots\" content=\"index, follow, max-snippet:-1, max-image-preview:large, max-video-preview:-1\" \/>\n<link rel=\"canonical\" href=\"https:\/\/cliniccenter.co.uk\/tr\/ameliyatsiz-estetik-islemler\/\" \/>\n<meta property=\"og:locale\" content=\"tr_TR\" \/>\n<meta property=\"og:type\" content=\"article\" \/>\n<meta property=\"og:title\" content=\"Ameliyats\u0131z Estetik \u0130\u015flemler | Clinic Center\" \/>\n<meta property=\"og:description\" content=\"Clinic Center, yetenekli ve kalifiye uzmanlarla ger\u00e7ekle\u015ftirilen T\u00fcrkiye&#039;nin en iyi cerrahi olmayan kozmetik prosed\u00fcrlerini sunar.\" \/>\n<meta property=\"og:url\" content=\"https:\/\/cliniccenter.co.uk\/tr\/ameliyatsiz-estetik-islemler\/\" \/>\n<meta property=\"article:publisher\" content=\"https:\/\/www.facebook.com\/cliniccenter.co.uk\/\" \/>\n<meta property=\"article:modified_time\" content=\"2024-04-09T06:35:16+00:00\" \/>\n<meta property=\"og:image\" content=\"https:\/\/cliniccenter.co.uk\/wp-content\/uploads\/2021\/12\/lip-filler-1.jpg\" \/>\n<meta name=\"twitter:card\" content=\"summary_large_image\" \/>\n<meta name=\"twitter:site\" content=\"@cliniccenteruk\" \/>\n<meta name=\"twitter:label1\" content=\"Tahmini okuma s\u00fcresi\" \/>\n\t<meta name=\"twitter:data1\" content=\"2 dakika\" \/>\n<!-- \/ Yoast SEO plugin. -->","yoast_head_json":{"title":"Ameliyats\u0131z Estetik \u0130\u015flemler | Clinic Center","description":"Clinic Center, yetenekli ve kalifiye uzmanlarla ger\u00e7ekle\u015ftirilen T\u00fcrkiye'nin en iyi cerrahi olmayan kozmetik prosed\u00fcrlerini sunar.","robots":{"index":"index","follow":"follow","max-snippet":"max-snippet:-1","max-image-preview":"max-image-preview:large","max-video-preview":"max-video-preview:-1"},"canonical":"https:\/\/cliniccenter.co.uk\/tr\/ameliyatsiz-estetik-islemler\/","og_locale":"tr_TR","og_type":"article","og_title":"Ameliyats\u0131z Estetik \u0130\u015flemler | Clinic Center","og_description":"Clinic Center, yetenekli ve kalifiye uzmanlarla ger\u00e7ekle\u015ftirilen T\u00fcrkiye'nin en iyi cerrahi olmayan kozmetik prosed\u00fcrlerini sunar.","og_url":"https:\/\/cliniccenter.co.uk\/tr\/ameliyatsiz-estetik-islemler\/","article_publisher":"https:\/\/www.facebook.com\/cliniccenter.co.uk\/","article_modified_time":"2024-04-09T06:35:16+00:00","og_image":[{"url":"https:\/\/cliniccenter.co.uk\/wp-content\/uploads\/2021\/12\/lip-filler-1.jpg","type":"","width":"","height":""}],"twitter_card":"summary_large_image","twitter_site":"@cliniccenteruk","twitter_misc":{"Tahmini okuma s\u00fcresi":"2 dakika"},"schema":{"@context":"https:\/\/schema.org","@graph":[{"@type":"WebPage","@id":"https:\/\/cliniccenter.co.uk\/tr\/ameliyatsiz-estetik-islemler\/","url":"https:\/\/cliniccenter.co.uk\/tr\/ameliyatsiz-estetik-islemler\/","name":"Ameliyats\u0131z Estetik \u0130\u015flemler | Clinic Center","isPartOf":{"@id":"https:\/\/cliniccenter.co.uk\/ro\/#website"},"primaryImageOfPage":{"@id":"https:\/\/cliniccenter.co.uk\/tr\/ameliyatsiz-estetik-islemler\/#primaryimage"},"image":{"@id":"https:\/\/cliniccenter.co.uk\/tr\/ameliyatsiz-estetik-islemler\/#primaryimage"},"thumbnailUrl":"https:\/\/cliniccenter.co.uk\/wp-content\/uploads\/2021\/12\/lip-filler-1.jpg","datePublished":"2020-07-10T06:50:37+00:00","dateModified":"2024-04-09T06:35:16+00:00","description":"Clinic Center, yetenekli ve kalifiye uzmanlarla ger\u00e7ekle\u015ftirilen T\u00fcrkiye'nin en iyi cerrahi olmayan kozmetik prosed\u00fcrlerini sunar.","breadcrumb":{"@id":"https:\/\/cliniccenter.co.uk\/tr\/ameliyatsiz-estetik-islemler\/#breadcrumb"},"inLanguage":"tr","potentialAction":[{"@type":"ReadAction","target":["https:\/\/cliniccenter.co.uk\/tr\/ameliyatsiz-estetik-islemler\/"]}]},{"@type":"ImageObject","inLanguage":"tr","@id":"https:\/\/cliniccenter.co.uk\/tr\/ameliyatsiz-estetik-islemler\/#primaryimage","url":"https:\/\/cliniccenter.co.uk\/wp-content\/uploads\/2021\/12\/lip-filler-1.jpg","contentUrl":"https:\/\/cliniccenter.co.uk\/wp-content\/uploads\/2021\/12\/lip-filler-1.jpg"},{"@type":"BreadcrumbList","@id":"https:\/\/cliniccenter.co.uk\/tr\/ameliyatsiz-estetik-islemler\/#breadcrumb","itemListElement":[{"@type":"ListItem","position":1,"name":"Home","item":"https:\/\/cliniccenter.co.uk\/tr\/"},{"@type":"ListItem","position":2,"name":"Tedaviler","item":"https:\/\/cliniccenter.co.uk\/tr\/tedaviler\/"},{"@type":"ListItem","position":3,"name":"Ameliyats\u0131z Estetik \u0130\u015flemler"}]},{"@type":"WebSite","@id":"https:\/\/cliniccenter.co.uk\/ro\/#website","url":"https:\/\/cliniccenter.co.uk\/ro\/","name":"","description":"","potentialAction":[{"@type":"SearchAction","target":{"@type":"EntryPoint","urlTemplate":"https:\/\/cliniccenter.co.uk\/ro\/?s={search_term_string}"},"query-input":{"@type":"PropertyValueSpecification","valueRequired":true,"valueName":"search_term_string"}}],"inLanguage":"tr"}]}},"uagb_featured_image_src":{"full":false,"thumbnail":false,"medium":false,"medium_large":false,"large":false,"1536x1536":false,"2048x2048":false},"uagb_author_info":{"display_name":"Kadir Uysal","author_link":"https:\/\/cliniccenter.co.uk\/tr\/blog\/author\/kadircliniccenter-co-uk\/"},"uagb_comment_info":0,"uagb_excerpt":"T\u00fcrkiye&#8217;de Dudak Dolgusu Dudak dolgusu i\u00e7in en yayg\u0131n kullan\u0131lan teknik dermal dolgudur. Dudaklar\u0131n\u0131za enjekte edilebilecek ba\u015fka dolgu t\u00fcrleri de vard\u0131r. T\u00fcrkiye&#8217;de Dudak Dolgusu T\u00fcrkiye&#8217;de Dudaklara Ya\u011f Transferi Cerrahlar\u0131m\u0131z se\u00e7ilen b\u00f6lgelerden ya\u011f al\u0131m\u0131 ile ba\u015flayacaklard\u0131r. Alanlar, isti\u015fare s\u0131ras\u0131nda tart\u0131\u015f\u0131lacakt\u0131r. T\u00fcrkiye&#8217;de Dudaklara Ya\u011f Transferi T\u00fcrkiye&#8217;de \u00dcst Dudak Kald\u0131rma \u00dcst dudak kald\u0131rma prosed\u00fcr\u00fc, Clinic Center doktorunun burnun alt&hellip;","_links":{"self":[{"href":"https:\/\/cliniccenter.co.uk\/tr\/wp-json\/wp\/v2\/pages\/44176"}],"collection":[{"href":"https:\/\/cliniccenter.co.uk\/tr\/wp-json\/wp\/v2\/pages"}],"about":[{"href":"https:\/\/cliniccenter.co.uk\/tr\/wp-json\/wp\/v2\/types\/page"}],"author":[{"embeddable":true,"href":"https:\/\/cliniccenter.co.uk\/tr\/wp-json\/wp\/v2\/users\/8"}],"replies":[{"embeddable":true,"href":"https:\/\/cliniccenter.co.uk\/tr\/wp-json\/wp\/v2\/comments?post=44176"}],"version-history":[{"count":6,"href":"https:\/\/cliniccenter.co.uk\/tr\/wp-json\/wp\/v2\/pages\/44176\/revisions"}],"predecessor-version":[{"id":52156,"href":"https:\/\/cliniccenter.co.uk\/tr\/wp-json\/wp\/v2\/pages\/44176\/revisions\/52156"}],"up":[{"embeddable":true,"href":"https:\/\/cliniccenter.co.uk\/tr\/wp-json\/wp\/v2\/pages\/15996"}],"wp:attachment":[{"href":"https:\/\/cliniccenter.co.uk\/tr\/wp-json\/wp\/v2\/media?parent=44176"}],"curies":[{"name":"wp","href":"https:\/\/api.w.org\/{rel}","templated":true}]}}