{"id":44850,"date":"2023-07-19T06:28:44","date_gmt":"2023-07-19T06:28:44","guid":{"rendered":"https:\/\/cliniccenter.co.uk\/doktorlar\/dr-cem-arslan\/"},"modified":"2024-03-28T12:21:54","modified_gmt":"2024-03-28T12:21:54","slug":"dr-cem","status":"publish","type":"page","link":"https:\/\/cliniccenter.co.uk\/tr\/dr-cem\/","title":{"rendered":"Dr. Cem"},"content":{"rendered":"\n<div class=\"wp-block-columns is-layout-flex wp-container-core-columns-is-layout-4 wp-block-columns-is-layout-flex\">\n<div class=\"wp-block-column is-layout-flow wp-block-column-is-layout-flow\" style=\"flex-basis:33.33%\">\n<figure class=\"wp-block-gallery has-nested-images columns-default is-cropped wp-block-gallery-1 is-layout-flex wp-block-gallery-is-layout-flex\">\n<figure class=\"wp-block-image size-large\"><img decoding=\"async\" src=\"https:\/\/cliniccenter.co.uk\/wp-content\/uploads\/2023\/11\/cem-arslan-dik-517x1024-1.webp\" alt=\"cem-arslan-dik\" class=\"wp-image-44086 skip-lazy\"\/><\/figure>\n<\/figure>\n<\/div>\n\n\n\n<div class=\"wp-block-column is-layout-flow wp-block-column-is-layout-flow\" style=\"flex-basis:66.66%\">\n<div class=\"wp-block-columns is-layout-flex wp-container-core-columns-is-layout-1 wp-block-columns-is-layout-flex\">\n<div class=\"wp-block-column leftpadbox is-layout-flow wp-block-column-is-layout-flow\">\n<p>Dr. Cem, bariatrik cerrahi alan\u0131nda geni\u015f deneyime sahip yetenekli ve \u00f6zverili bir t\u0131p uzman\u0131d\u0131r. T\u0131p e\u011fitimini \u0130stanbul \u00dcniversitesi T\u0131p Fak\u00fcltesi&#8217;nden alm\u0131\u015ft\u0131r.<\/p>\n\n\n\n<p>Dr. Cem, uzmanl\u0131\u011f\u0131n\u0131 \u0130stanbul Haydarpa\u015fa Numune E\u011fitim ve Ara\u015ft\u0131rma Hastanesi&#8217;nde bariatrik cerrahi ihtisas\u0131 yaparak daha da geli\u015ftirdi. Kariyeri boyunca, hastalar\u0131na y\u00fcksek kaliteli sa\u011fl\u0131k hizmetleri sa\u011flama tutkusunu s\u00fcrekli olarak g\u00f6stermi\u015ftir.<\/p>\n\n\n\n<p>Mesleki yolculu\u011fu onu \u00e7e\u015fitli sa\u011fl\u0131k kurumlar\u0131ndan ge\u00e7irdi. Kariyeri boyunca \u00e7e\u015fitli klinik ve hastanelerde \u00e7al\u0131\u015ft\u0131 ve binlerce bariatrik ameliyat ger\u00e7ekle\u015ftirdi. Clinic Center orta\u011f\u0131 t\u00fcp mide cerrah\u0131 Dr. Cem t\u00fcp mide ameliyat\u0131 i\u00e7in binlerce hastay\u0131 a\u011f\u0131rlam\u0131\u015f ve obezite tedavisinde sadece hastalar\u0131n mutlulu\u011funu hedeflemektedir.<\/p>\n\n\n\n<p>Kapsaml\u0131 t\u0131bbi ge\u00e7mi\u015fi, \u00f6zverili hasta bak\u0131m\u0131 ve farkl\u0131 ilgi alanlar\u0131 ile Dr. Cem, obezite cerrahisi alan\u0131nda olumlu bir etki yaratmaya ve hastalar\u0131n\u0131n hayat\u0131n\u0131 de\u011fi\u015ftirmeye devam ediyor. Dr. Cem, 15 y\u0131ll\u0131k tecr\u00fcbesiyle hayat de\u011fi\u015ftiren obezite ameliyatlar\u0131na imza at\u0131yor.<\/p>\n<\/div>\n<\/div>\n\n\n\n<div class=\"wp-block-columns is-layout-flex wp-container-core-columns-is-layout-2 wp-block-columns-is-layout-flex\">\n<div class=\"wp-block-column is-layout-flow wp-block-column-is-layout-flow\">\n<figure class=\"wp-block-image aligncenter size-large\"><img decoding=\"async\" src=\"https:\/\/cliniccenter.co.uk\/wp-content\/uploads\/2023\/12\/cem-arslan-diplama.webp\" alt=\"cem-arslan-diplama\" class=\"wp-image-44091\"\/><\/figure>\n<\/div>\n\n\n\n<div class=\"wp-block-column is-layout-flow wp-block-column-is-layout-flow\">\n<figure class=\"wp-block-image aligncenter size-large\"><img decoding=\"async\" src=\"https:\/\/cliniccenter.co.uk\/wp-content\/uploads\/2023\/12\/cem-arslan-uzmanlikbelgesi.webp\" alt=\"cem-arslan-uzmanl\u0131kbelgesi\" class=\"wp-image-44101 skip-lazy\"\/><\/figure>\n<\/div>\n<\/div>\n\n\n\n<div class=\"wp-block-columns is-layout-flex wp-container-core-columns-is-layout-3 wp-block-columns-is-layout-flex\">\n<div class=\"wp-block-column leftpadbox is-layout-flow wp-block-column-is-layout-flow\">\n<p><strong>Deneyim<\/strong>: 15 y\u0131l<br><strong>Uluslararas\u0131 Tedavi Edilen Hastalar<\/strong>: Birle\u015fik Krall\u0131k, \u0130rlanda, Avustralya, Amerika Birle\u015fik Devletleri, Kanada, Almanya, Fransa, Birle\u015fik Arap Emirlikleri, Suudi Arabistan<br><strong>Uzmanl\u0131k Alanlar\u0131:<\/strong> <a href=\"https:\/\/cliniccenter.co.uk\/gastric-sleeve-in-turkey\/\">&nbsp;Gastrik Bypass, T\u00fcp Mide, Mide Balonu<\/a><br><strong>\u00dcyelikler<\/strong>: T\u00fcrk Tabipleri Birli\u011fi, T\u00fcrk Gastroenteroloji Derne\u011fi, T\u00fcrk Obezite Cerrahisi Derne\u011fi<br><strong>\u015eehir<\/strong>:&nbsp;\u0130stanbul, Turkiye<br><strong>\u00c7al\u0131\u015fma G\u00fcnleri<\/strong>: Haftai\u00e7i<br><strong>Dil<\/strong>: \u0130ngilizce<br><strong>\u0130leti\u015fim<\/strong>:&nbsp;info@cliniccenter.co.uk<\/p>\n<\/div>\n<\/div>\n<\/div>\n<\/div>\n\n\n\n<script type=\"application\/ld+json\">\n    {\n        \"@context\": \"http:\\\/\\\/schema.org\",\n        \"@type\": \"Physician\",\n        \"@id\": \"https:\/\/cliniccenter.co.uk\/dr-cem\/\",\n        \"areaServed\": {\n            \"@type\": \"Place\",\n            \"name\": \"Istanbul, Turkey\"\n        },\n        \"alumniOf\": {\n            \"@type\": \"OrganizationRole\",\n            \"alumniOf\": {\n                \"@type\": \"CollegeOrUniversity\",\n                \"name\": \"Marmara University Faculty of Medicine\"\n            }\n        },\n        \"employee\": {\n            \"@type\": \"Person\",\n            \"@id\": \"https:\/\/cliniccenter.co.uk\/dr-cem\/\",\n            \"description\": \"Dr Cem is a skilled and dedicated medical professional with extensive experience in the field of general surgery. Born on April 30, 1982, in Turkey, he obtained his education from reputable institutions. He completed his high school education at Gemlik Anatolian Lycee and Tan College, followed by earning his medical degree from Istanbul University's Faculty of Medicine from 2000 to 2006. Dr Arslan further honed his expertise through his residency at Istanbul Haydarpasa Numune Education and Research Hospital, specializing in general surgery from 2008 to 2013. Throughout his career, he has consistently demonstrated a passion for providing high-quality healthcare services to his patients. His professional journey has taken him through various healthcare institutions. From 2014 to 2021, he worked in various clinics and hospitals and performed thousands of bariatric surgery in his career.  With his comprehensive medical background, dedication to patient care, and diverse interests, Dr. Cem continues to make a positive impact in the field of general surgery and the lives of his patients.\",\n            \"hasOccupation\": {\n                \"@type\": \"Occupation\",\n                \"name\": \"Gastric Surgeon\"\n            },\n            \"knowsLanguage\": {\n                \"@type\": \"Language\",\n                \"name\": \"English\",\n                \"alternateName\": \"en\"\n            },\n            \"honorificSuffix\": \"Dr.\"\n        },\n        \"hospitalAffiliation\": {\n            \"image\": {\n                \"@type\": \"ImageObject\",\n                \"@id\": \"https:\/\/cliniccenter.co.uk\/wp-content\/uploads\/2023\/07\/cem-dik.jpg\"\n            }\n        },\n        \"isAcceptingNewPatients\": \"https:\\\/\\\/schema.org\\\/True\",\n        \"isAccessibleForFree\": \"https:\\\/\\\/schema.org\\\/False\",\n        \"medicalSpecialty\": {\n            \"@type\": \"MedicalSpecialty\",\n            \"name\": \"Gastric Bypass, Gastric Sleeve, Gastric Balloon\"\n        },\n        \"memberOf\": {\n            \"@type\": \"Organization\",\n            \"name\": [\n                \"Turkish Medical Association\"\n            ]\n        },\n        \"name\": \"Dr. Cem\"\n    }\n<\/script>\n","protected":false},"excerpt":{"rendered":"<p>Dr. Cem, bariatrik cerrahi alan\u0131nda geni\u015f deneyime sahip yetenekli ve \u00f6zverili bir t\u0131p uzman\u0131d\u0131r. T\u0131p e\u011fitimini \u0130stanbul \u00dcniversitesi T\u0131p Fak\u00fcltesi&#8217;nden alm\u0131\u015ft\u0131r. Dr. Cem, uzmanl\u0131\u011f\u0131n\u0131 \u0130stanbul Haydarpa\u015fa Numune E\u011fitim ve Ara\u015ft\u0131rma Hastanesi&#8217;nde bariatrik cerrahi ihtisas\u0131 yaparak daha da geli\u015ftirdi. Kariyeri boyunca, hastalar\u0131na y\u00fcksek kaliteli sa\u011fl\u0131k hizmetleri sa\u011flama tutkusunu s\u00fcrekli olarak g\u00f6stermi\u015ftir. Mesleki yolculu\u011fu onu \u00e7e\u015fitli sa\u011fl\u0131k [&hellip;]<\/p>\n","protected":false},"author":15,"featured_media":0,"parent":16760,"menu_order":0,"comment_status":"closed","ping_status":"closed","template":"","meta":{"_uag_custom_page_level_css":"","_lmt_disableupdate":"no","_lmt_disable":"","site-sidebar-layout":"default","site-content-layout":"default","ast-site-content-layout":"default","site-content-style":"default","site-sidebar-style":"default","ast-global-header-display":"","ast-banner-title-visibility":"","ast-main-header-display":"","ast-hfb-above-header-display":"","ast-hfb-below-header-display":"","ast-hfb-mobile-header-display":"","site-post-title":"","ast-breadcrumbs-content":"","ast-featured-img":"","footer-sml-layout":"","theme-transparent-header-meta":"default","adv-header-id-meta":"","stick-header-meta":"","header-above-stick-meta":"","header-main-stick-meta":"","header-below-stick-meta":"","astra-migrate-meta-layouts":"set","ast-page-background-enabled":"default","ast-page-background-meta":{"desktop":{"background-color":"","background-image":"","background-repeat":"repeat","background-position":"center center","background-size":"auto","background-attachment":"scroll","background-type":"","background-media":"","overlay-type":"","overlay-color":"","overlay-opacity":"","overlay-gradient":""},"tablet":{"background-color":"","background-image":"","background-repeat":"repeat","background-position":"center center","background-size":"auto","background-attachment":"scroll","background-type":"","background-media":"","overlay-type":"","overlay-color":"","overlay-opacity":"","overlay-gradient":""},"mobile":{"background-color":"","background-image":"","background-repeat":"repeat","background-position":"center center","background-size":"auto","background-attachment":"scroll","background-type":"","background-media":"","overlay-type":"","overlay-color":"","overlay-opacity":"","overlay-gradient":""}},"ast-content-background-meta":{"desktop":{"background-color":"var(--ast-global-color-5)","background-image":"","background-repeat":"repeat","background-position":"center center","background-size":"auto","background-attachment":"scroll","background-type":"","background-media":"","overlay-type":"","overlay-color":"","overlay-opacity":"","overlay-gradient":""},"tablet":{"background-color":"var(--ast-global-color-5)","background-image":"","background-repeat":"repeat","background-position":"center center","background-size":"auto","background-attachment":"scroll","background-type":"","background-media":"","overlay-type":"","overlay-color":"","overlay-opacity":"","overlay-gradient":""},"mobile":{"background-color":"var(--ast-global-color-5)","background-image":"","background-repeat":"repeat","background-position":"center center","background-size":"auto","background-attachment":"scroll","background-type":"","background-media":"","overlay-type":"","overlay-color":"","overlay-opacity":"","overlay-gradient":""}},"footnotes":""},"class_list":["post-44850","page","type-page","status-publish","hentry"],"yoast_head":"<!-- This site is optimized with the Yoast SEO plugin v25.3.1 - https:\/\/yoast.com\/wordpress\/plugins\/seo\/ -->\n<title>Dr. Cem | Mide Cerrah\u0131 | Clinic Center<\/title>\n<meta name=\"description\" content=\"Bariatrik cerrahi alan\u0131nda 15 y\u0131ldan fazla deneyime sahip ortak uzman Dr Cem hakk\u0131nda daha fazlas\u0131n\u0131 okuyun.\" \/>\n<meta name=\"robots\" content=\"index, follow, max-snippet:-1, max-image-preview:large, max-video-preview:-1\" \/>\n<link rel=\"canonical\" href=\"https:\/\/cliniccenter.co.uk\/tr\/dr-cem\/\" \/>\n<meta property=\"og:locale\" content=\"tr_TR\" \/>\n<meta property=\"og:type\" content=\"article\" \/>\n<meta property=\"og:title\" content=\"Dr. Cem | Mide Cerrah\u0131 | Clinic Center\" \/>\n<meta property=\"og:description\" content=\"Bariatrik cerrahi alan\u0131nda 15 y\u0131ldan fazla deneyime sahip ortak uzman Dr Cem hakk\u0131nda daha fazlas\u0131n\u0131 okuyun.\" \/>\n<meta property=\"og:url\" content=\"https:\/\/cliniccenter.co.uk\/tr\/dr-cem\/\" \/>\n<meta property=\"article:publisher\" content=\"https:\/\/www.facebook.com\/cliniccenter.co.uk\/\" \/>\n<meta property=\"article:modified_time\" content=\"2024-03-28T12:21:54+00:00\" \/>\n<meta property=\"og:image\" content=\"https:\/\/cliniccenter.co.uk\/wp-content\/uploads\/2023\/11\/cem-arslan-dik-517x1024-1.webp\" \/>\n<meta name=\"twitter:card\" content=\"summary_large_image\" \/>\n<meta name=\"twitter:site\" content=\"@cliniccenteruk\" \/>\n<meta name=\"twitter:label1\" content=\"Tahmini okuma s\u00fcresi\" \/>\n\t<meta name=\"twitter:data1\" content=\"2 dakika\" \/>\n<!-- \/ Yoast SEO plugin. -->","yoast_head_json":{"title":"Dr. Cem | Mide Cerrah\u0131 | Clinic Center","description":"Bariatrik cerrahi alan\u0131nda 15 y\u0131ldan fazla deneyime sahip ortak uzman Dr Cem hakk\u0131nda daha fazlas\u0131n\u0131 okuyun.","robots":{"index":"index","follow":"follow","max-snippet":"max-snippet:-1","max-image-preview":"max-image-preview:large","max-video-preview":"max-video-preview:-1"},"canonical":"https:\/\/cliniccenter.co.uk\/tr\/dr-cem\/","og_locale":"tr_TR","og_type":"article","og_title":"Dr. Cem | Mide Cerrah\u0131 | Clinic Center","og_description":"Bariatrik cerrahi alan\u0131nda 15 y\u0131ldan fazla deneyime sahip ortak uzman Dr Cem hakk\u0131nda daha fazlas\u0131n\u0131 okuyun.","og_url":"https:\/\/cliniccenter.co.uk\/tr\/dr-cem\/","article_publisher":"https:\/\/www.facebook.com\/cliniccenter.co.uk\/","article_modified_time":"2024-03-28T12:21:54+00:00","og_image":[{"url":"https:\/\/cliniccenter.co.uk\/wp-content\/uploads\/2023\/11\/cem-arslan-dik-517x1024-1.webp","type":"","width":"","height":""}],"twitter_card":"summary_large_image","twitter_site":"@cliniccenteruk","twitter_misc":{"Tahmini okuma s\u00fcresi":"2 dakika"},"schema":{"@context":"https:\/\/schema.org","@graph":[{"@type":"WebPage","@id":"https:\/\/cliniccenter.co.uk\/tr\/dr-cem\/","url":"https:\/\/cliniccenter.co.uk\/tr\/dr-cem\/","name":"Dr. Cem | Mide Cerrah\u0131 | Clinic Center","isPartOf":{"@id":"https:\/\/cliniccenter.co.uk\/ro\/#website"},"primaryImageOfPage":{"@id":"https:\/\/cliniccenter.co.uk\/tr\/dr-cem\/#primaryimage"},"image":{"@id":"https:\/\/cliniccenter.co.uk\/tr\/dr-cem\/#primaryimage"},"thumbnailUrl":"https:\/\/cliniccenter.co.uk\/wp-content\/uploads\/2023\/11\/cem-arslan-dik-517x1024-1.webp","datePublished":"2023-07-19T06:28:44+00:00","dateModified":"2024-03-28T12:21:54+00:00","description":"Bariatrik cerrahi alan\u0131nda 15 y\u0131ldan fazla deneyime sahip ortak uzman Dr Cem hakk\u0131nda daha fazlas\u0131n\u0131 okuyun.","breadcrumb":{"@id":"https:\/\/cliniccenter.co.uk\/tr\/dr-cem\/#breadcrumb"},"inLanguage":"tr","potentialAction":[{"@type":"ReadAction","target":["https:\/\/cliniccenter.co.uk\/tr\/dr-cem\/"]}]},{"@type":"ImageObject","inLanguage":"tr","@id":"https:\/\/cliniccenter.co.uk\/tr\/dr-cem\/#primaryimage","url":"https:\/\/cliniccenter.co.uk\/wp-content\/uploads\/2023\/11\/cem-arslan-dik-517x1024-1.webp","contentUrl":"https:\/\/cliniccenter.co.uk\/wp-content\/uploads\/2023\/11\/cem-arslan-dik-517x1024-1.webp"},{"@type":"BreadcrumbList","@id":"https:\/\/cliniccenter.co.uk\/tr\/dr-cem\/#breadcrumb","itemListElement":[{"@type":"ListItem","position":1,"name":"Home","item":"https:\/\/cliniccenter.co.uk\/tr\/"},{"@type":"ListItem","position":2,"name":"Doktorlar","item":"https:\/\/cliniccenter.co.uk\/tr\/doktorlar\/"},{"@type":"ListItem","position":3,"name":"Dr. Cem"}]},{"@type":"WebSite","@id":"https:\/\/cliniccenter.co.uk\/ro\/#website","url":"https:\/\/cliniccenter.co.uk\/ro\/","name":"","description":"","potentialAction":[{"@type":"SearchAction","target":{"@type":"EntryPoint","urlTemplate":"https:\/\/cliniccenter.co.uk\/ro\/?s={search_term_string}"},"query-input":{"@type":"PropertyValueSpecification","valueRequired":true,"valueName":"search_term_string"}}],"inLanguage":"tr"}]}},"uagb_featured_image_src":{"full":false,"thumbnail":false,"medium":false,"medium_large":false,"large":false,"1536x1536":false,"2048x2048":false},"uagb_author_info":{"display_name":"G\u00f6rkem G\u00fcng\u00f6r","author_link":"https:\/\/cliniccenter.co.uk\/tr\/blog\/author\/gorkem\/"},"uagb_comment_info":0,"uagb_excerpt":"Dr. Cem, bariatrik cerrahi alan\u0131nda geni\u015f deneyime sahip yetenekli ve \u00f6zverili bir t\u0131p uzman\u0131d\u0131r. T\u0131p e\u011fitimini \u0130stanbul \u00dcniversitesi T\u0131p Fak\u00fcltesi&#8217;nden alm\u0131\u015ft\u0131r. Dr. Cem, uzmanl\u0131\u011f\u0131n\u0131 \u0130stanbul Haydarpa\u015fa Numune E\u011fitim ve Ara\u015ft\u0131rma Hastanesi&#8217;nde bariatrik cerrahi ihtisas\u0131 yaparak daha da geli\u015ftirdi. Kariyeri boyunca, hastalar\u0131na y\u00fcksek kaliteli sa\u011fl\u0131k hizmetleri sa\u011flama tutkusunu s\u00fcrekli olarak g\u00f6stermi\u015ftir. Mesleki yolculu\u011fu onu \u00e7e\u015fitli sa\u011fl\u0131k&hellip;","_links":{"self":[{"href":"https:\/\/cliniccenter.co.uk\/tr\/wp-json\/wp\/v2\/pages\/44850"}],"collection":[{"href":"https:\/\/cliniccenter.co.uk\/tr\/wp-json\/wp\/v2\/pages"}],"about":[{"href":"https:\/\/cliniccenter.co.uk\/tr\/wp-json\/wp\/v2\/types\/page"}],"author":[{"embeddable":true,"href":"https:\/\/cliniccenter.co.uk\/tr\/wp-json\/wp\/v2\/users\/15"}],"replies":[{"embeddable":true,"href":"https:\/\/cliniccenter.co.uk\/tr\/wp-json\/wp\/v2\/comments?post=44850"}],"version-history":[{"count":3,"href":"https:\/\/cliniccenter.co.uk\/tr\/wp-json\/wp\/v2\/pages\/44850\/revisions"}],"predecessor-version":[{"id":51149,"href":"https:\/\/cliniccenter.co.uk\/tr\/wp-json\/wp\/v2\/pages\/44850\/revisions\/51149"}],"up":[{"embeddable":true,"href":"https:\/\/cliniccenter.co.uk\/tr\/wp-json\/wp\/v2\/pages\/16760"}],"wp:attachment":[{"href":"https:\/\/cliniccenter.co.uk\/tr\/wp-json\/wp\/v2\/media?parent=44850"}],"curies":[{"name":"wp","href":"https:\/\/api.w.org\/{rel}","templated":true}]}}