{"id":54487,"date":"2023-07-25T10:59:18","date_gmt":"2023-07-25T10:59:18","guid":{"rendered":"https:\/\/cliniccenter.co.uk\/clinic-center-partner-clinics\/"},"modified":"2025-02-18T07:14:44","modified_gmt":"2025-02-18T07:14:44","slug":"clinic-center-partner-klinikler","status":"publish","type":"page","link":"https:\/\/cliniccenter.co.uk\/tr\/clinic-center-partner-klinikler\/","title":{"rendered":"Clinic Center Partner Klinikler"},"content":{"rendered":"\n<div class=\"wp-block-columns is-layout-flex wp-container-core-columns-is-layout-1 wp-block-columns-is-layout-flex\">\n<div class=\"wp-block-column is-layout-flow wp-block-column-is-layout-flow\" style=\"flex-basis:33.33%\">\n<figure class=\"wp-block-image size-full\"><img decoding=\"async\" width=\"500\" height=\"500\" src=\"https:\/\/cliniccenter.co.uk\/wp-content\/uploads\/2024\/02\/wise-and-smile-1.jpg\" alt=\"\" class=\"wp-image-50530\" srcset=\"https:\/\/cliniccenter.co.uk\/wp-content\/uploads\/2024\/02\/wise-and-smile-1.jpg 500w, https:\/\/cliniccenter.co.uk\/wp-content\/uploads\/2024\/02\/wise-and-smile-1-300x300.jpg 300w, https:\/\/cliniccenter.co.uk\/wp-content\/uploads\/2024\/02\/wise-and-smile-1-150x150.jpg 150w\" sizes=\"(max-width: 500px) 100vw, 500px\" \/><\/figure>\n<\/div>\n\n\n\n<div class=\"wp-block-column is-layout-flow wp-block-column-is-layout-flow\" style=\"flex-basis:66.66%\">\n<h2 class=\"wp-block-heading\"><span class=\"ez-toc-section\" id=\"Wise_and_Smile\"><\/span>Wise and Smile <span class=\"ez-toc-section-end\"><\/span><\/h2>\n\n\n\n<p>Clinic Center partner di\u015f klini\u011fi Wise and Smile, hem akademik di\u015f hekimi kadrosu hem de klini\u011fin fiziksel \u00f6zellikleri a\u00e7\u0131s\u0131ndan g\u00fcn\u00fcm\u00fcz teknolojisini ve hasta ihtiya\u00e7lar\u0131n\u0131 takip ederek en iyi ve g\u00fcncel tedavileri sunma vizyonuyla kurulmu\u015ftur. Wise and Smile Di\u015f Klini\u011fi, profesyonel ve deneyimli di\u015f hekimli\u011fi kadrosu, kapsaml\u0131 yakla\u015f\u0131m\u0131, modern te\u015fhis ve tedavi y\u00f6ntemleri ve \u00e7\u00f6z\u00fcm odakl\u0131 hizmetleriyle \u00e7e\u015fitli di\u015f tedavileri ger\u00e7ekle\u015ftirmektedir.<\/p>\n\n\n\n<p>\u0130zmir&#8217;in en pop\u00fcler lokasyonlar\u0131ndan biri olan Bayrakl\u0131&#8217;da yer alan tesis, geni\u015f \u00e7al\u0131\u015fma alan\u0131yla da hastalara hizmet vermektedir. Hizmet kalitesini s\u00fcrekli geli\u015ftirerek yenilik\u00e7i ve uluslararas\u0131 bir di\u015f klini\u011fi olma vizyonuyla hareket eden Wise and Smile, hasta memnuniyetini \u00f6n planda tutarak di\u015f tedavilerini her zaman m\u00fckemmellik ve konforla sunar.<br><\/p><div id=\"ez-toc-container\" class=\"ez-toc-v2_0_82_2 counter-hierarchy ez-toc-counter ez-toc-grey ez-toc-container-direction\">\n<div class=\"ez-toc-title-container\">\n<p class=\"ez-toc-title\" style=\"cursor:inherit\">Table of Contents<\/p>\n<span class=\"ez-toc-title-toggle\"><a href=\"#\" class=\"ez-toc-pull-right ez-toc-btn ez-toc-btn-xs ez-toc-btn-default ez-toc-toggle\" aria-label=\"\u0130\u00e7indekiler Tablosunu A\u00e7\/Kapat\"><span class=\"ez-toc-js-icon-con\"><span class=\"\"><span class=\"eztoc-hide\" style=\"display:none;\">Toggle<\/span><span class=\"ez-toc-icon-toggle-span\"><svg style=\"fill: #999;color:#999\" xmlns=\"http:\/\/www.w3.org\/2000\/svg\" class=\"list-377408\" width=\"20px\" height=\"20px\" viewBox=\"0 0 24 24\" fill=\"none\"><path d=\"M6 6H4v2h2V6zm14 0H8v2h12V6zM4 11h2v2H4v-2zm16 0H8v2h12v-2zM4 16h2v2H4v-2zm16 0H8v2h12v-2z\" fill=\"currentColor\"><\/path><\/svg><svg style=\"fill: #999;color:#999\" class=\"arrow-unsorted-368013\" xmlns=\"http:\/\/www.w3.org\/2000\/svg\" width=\"10px\" height=\"10px\" viewBox=\"0 0 24 24\" version=\"1.2\" baseProfile=\"tiny\"><path d=\"M18.2 9.3l-6.2-6.3-6.2 6.3c-.2.2-.3.4-.3.7s.1.5.3.7c.2.2.4.3.7.3h11c.3 0 .5-.1.7-.3.2-.2.3-.5.3-.7s-.1-.5-.3-.7zM5.8 14.7l6.2 6.3 6.2-6.3c.2-.2.3-.5.3-.7s-.1-.5-.3-.7c-.2-.2-.4-.3-.7-.3h-11c-.3 0-.5.1-.7.3-.2.2-.3.5-.3.7s.1.5.3.7z\"\/><\/svg><\/span><\/span><\/span><\/a><\/span><\/div>\n<nav><ul class='ez-toc-list ez-toc-list-level-1 ' ><li class='ez-toc-page-1 ez-toc-heading-level-2'><a class=\"ez-toc-link ez-toc-heading-1\" href=\"https:\/\/cliniccenter.co.uk\/tr\/clinic-center-partner-klinikler\/#Wise_and_Smile\" >Wise and Smile<\/a><\/li><li class='ez-toc-page-1 ez-toc-heading-level-2'><a class=\"ez-toc-link ez-toc-heading-2\" href=\"https:\/\/cliniccenter.co.uk\/tr\/clinic-center-partner-klinikler\/#Ephesus_Global\" >Ephesus Global<\/a><\/li><li class='ez-toc-page-1 ez-toc-heading-level-2'><a class=\"ez-toc-link ez-toc-heading-3\" href=\"https:\/\/cliniccenter.co.uk\/tr\/clinic-center-partner-klinikler\/#Assoc_Prof_Dr_Daghan\" >Assoc. Prof. Dr. Da\u011fhan<\/a><\/li><li class='ez-toc-page-1 ez-toc-heading-level-2'><a class=\"ez-toc-link ez-toc-heading-4\" href=\"https:\/\/cliniccenter.co.uk\/tr\/clinic-center-partner-klinikler\/#Prof_Dr_Aydin\" >Prof. Dr. Ayd\u0131n<\/a><\/li><li class='ez-toc-page-1 ez-toc-heading-level-2'><a class=\"ez-toc-link ez-toc-heading-5\" href=\"https:\/\/cliniccenter.co.uk\/tr\/clinic-center-partner-klinikler\/#Dr_Cagri\" >Dr. \u00c7a\u011fr\u0131<\/a><\/li><li class='ez-toc-page-1 ez-toc-heading-level-2'><a class=\"ez-toc-link ez-toc-heading-6\" href=\"https:\/\/cliniccenter.co.uk\/tr\/clinic-center-partner-klinikler\/#Dr_Gungor\" >Dr. G\u00fcng\u00f6r<\/a><\/li><\/ul><\/nav><\/div>\n\n<\/div>\n<\/div>\n\n\n\n<div class=\"wp-block-columns is-layout-flex wp-container-core-columns-is-layout-2 wp-block-columns-is-layout-flex\">\n<div class=\"wp-block-column is-layout-flow wp-block-column-is-layout-flow\" style=\"flex-basis:66.66%\">\n<h2 class=\"wp-block-heading\"><span class=\"ez-toc-section\" id=\"Ephesus_Global\"><\/span>Ephesus Global<span class=\"ez-toc-section-end\"><\/span><\/h2>\n\n\n\n<p>Clinic Center partner di\u015f klini\u011fi Ephesus Global, \u0130zmir Alsancak&#8217;ta bulunan modern klini\u011fi ile hastalar\u0131 en iyi \u015fekilde a\u011f\u0131rlamay\u0131, di\u015f tedavilerini en k\u0131sa ve ideal \u015fekilde tamamlamay\u0131 ve m\u00fckemmel hasta memnuniyeti sa\u011flamay\u0131 ilke edinmi\u015ftir.<\/p>\n\n\n\n<p>Son derece deneyimli ve uzman di\u015f hekimli\u011fi kadrosu ve son teknoloji ekipmanlara sahip olan Ephesus, alan\u0131nda y\u0131llar\u0131n tecr\u00fcbesiyle \u00e7e\u015fitli estetik ve medikal tedavilerin yan\u0131 s\u0131ra hijyen, profesyonellik ve ileti\u015fim konusunda hastalara g\u00f6n\u00fcl rahatl\u0131\u011f\u0131 ve g\u00fcven sunuyor.<\/p>\n<\/div>\n\n\n\n<div class=\"wp-block-column is-layout-flow wp-block-column-is-layout-flow\" style=\"flex-basis:33.33%\">\n<figure class=\"wp-block-image size-full is-resized\"><img decoding=\"async\" width=\"500\" height=\"500\" src=\"https:\/\/cliniccenter.co.uk\/wp-content\/uploads\/2024\/02\/ephesus-dental-clinic-1.jpg\" alt=\"\" class=\"wp-image-50535\" style=\"width:352px;height:auto\" srcset=\"https:\/\/cliniccenter.co.uk\/wp-content\/uploads\/2024\/02\/ephesus-dental-clinic-1.jpg 500w, https:\/\/cliniccenter.co.uk\/wp-content\/uploads\/2024\/02\/ephesus-dental-clinic-1-300x300.jpg 300w, https:\/\/cliniccenter.co.uk\/wp-content\/uploads\/2024\/02\/ephesus-dental-clinic-1-150x150.jpg 150w\" sizes=\"(max-width: 500px) 100vw, 500px\" \/><\/figure>\n<\/div>\n<\/div>\n\n\n\n<div class=\"wp-block-columns is-layout-flex wp-container-core-columns-is-layout-3 wp-block-columns-is-layout-flex\">\n<div class=\"wp-block-column is-layout-flow wp-block-column-is-layout-flow\" style=\"flex-basis:33.33%\">\n<figure class=\"wp-block-image size-full\"><img decoding=\"async\" width=\"500\" height=\"500\" src=\"https:\/\/cliniccenter.co.uk\/wp-content\/uploads\/2024\/01\/daghan-isik-1.jpg\" alt=\"\" class=\"wp-image-50307\" srcset=\"https:\/\/cliniccenter.co.uk\/wp-content\/uploads\/2024\/01\/daghan-isik-1.jpg 500w, https:\/\/cliniccenter.co.uk\/wp-content\/uploads\/2024\/01\/daghan-isik-1-300x300.jpg 300w, https:\/\/cliniccenter.co.uk\/wp-content\/uploads\/2024\/01\/daghan-isik-1-150x150.jpg 150w\" sizes=\"(max-width: 500px) 100vw, 500px\" \/><\/figure>\n<\/div>\n\n\n\n<div class=\"wp-block-column is-layout-flow wp-block-column-is-layout-flow\" style=\"flex-basis:66.66%\">\n<h2 class=\"wp-block-heading\"><span class=\"ez-toc-section\" id=\"Assoc_Prof_Dr_Daghan\"><\/span>Assoc. Prof. Dr. Da\u011fhan <span class=\"ez-toc-section-end\"><\/span><\/h2>\n\n\n\n<p>Clinic Center partner doktoru Da\u011fhan, son derece tecr\u00fcbeli bir Plastik, Rekonstr\u00fcktif ve Estetik Cerrahi Uzman\u0131d\u0131r. Dokuz Eyl\u00fcl \u00dcniversitesi T\u0131p Fak\u00fcltesi&#8217;nden 1999 y\u0131l\u0131nda mezun olmu\u015ftur. 2005 y\u0131l\u0131nda Gaziantep \u00dcniversitesi&#8217;nde uzmanl\u0131k e\u011fitimini tamamlam\u0131\u015f ve 2007 y\u0131l\u0131na kadar Gaziantep&#8217;te g\u00f6rev yapm\u0131\u015ft\u0131r. Dr. Da\u011fhan, 2008 y\u0131l\u0131nda Ohio State \u00dcniversitesi Plastik Cerrahi Klini\u011finde yeteneklerini geli\u015ftirdi. 2008-2013 y\u0131llar\u0131 aras\u0131nda Van Y\u00fcz\u00fcnc\u00fc Y\u0131l \u00dcniversitesi&#8217;nde ders verdi ve sonunda Plastik, Rekonstr\u00fcktif ve Estetik Cerrahi Anabilim Dal\u0131 ba\u015fkan\u0131 oldu. \u00c7ene Cerrahisi alan\u0131nda uzmanla\u015farak 2012 y\u0131l\u0131nda Do\u00e7ent \u00fcnvan\u0131n\u0131 ald\u0131. Daha sonra 2013-2016 y\u0131llar\u0131 aras\u0131nda \u0130zmir Katip \u00c7elebi \u00dcniversitesi T\u0131p Fak\u00fcltesi&#8217;ne katk\u0131da bulundu.<br><br>Dr. Da\u011fhan, T\u00fcrk Plastik, Rekonstr\u00fcktif ve Estetik Cerrahi Derne\u011fi ve T\u00fcrk Tabipleri Birli\u011fi&#8217;ne ba\u011fl\u0131d\u0131r. Yakla\u015f\u0131k 60 uluslararas\u0131 ve 20 ulusal makaleden olu\u015fan geni\u015f bir yay\u0131n ge\u00e7mi\u015fine sahiptir. Dr. Da\u011fhan ak\u0131c\u0131 bir \u015fekilde \u0130ngilizce bilmektedir ve cerrahi uzmanl\u0131\u011f\u0131 ve etkili ileti\u015fim becerileri ile son derece sayg\u0131 g\u00f6rmektedir. Clinic Center&#8217;\u0131n partner doktoru olarak hastalar onun engin deneyiminden ve akademik ba\u015far\u0131lar\u0131ndan faydalanmaktad\u0131r.<\/p>\n<\/div>\n<\/div>\n\n\n\n<div class=\"wp-block-columns is-layout-flex wp-container-core-columns-is-layout-4 wp-block-columns-is-layout-flex\">\n<div class=\"wp-block-column is-layout-flow wp-block-column-is-layout-flow\" style=\"flex-basis:66.66%\">\n<h2 class=\"wp-block-heading\"><span class=\"ez-toc-section\" id=\"Prof_Dr_Aydin\"><\/span>Prof. Dr. Ayd\u0131n <span class=\"ez-toc-section-end\"><\/span><\/h2>\n\n\n\n<p>Dr. Ayd\u0131n, \u00e7e\u015fitli estetik prosed\u00fcrlerdeki uzmanl\u0131\u011f\u0131yla tan\u0131nan, sayg\u0131n bir plastik cerraht\u0131r. T\u0131p e\u011fitimini 1990 y\u0131l\u0131nda Hacettepe \u00dcniversitesi T\u0131p Fak\u00fcltesi&#8217;nde tamamlayarak Plastik, Rekonstr\u00fcktif ve Estetik Cerrahi alan\u0131nda uzmanla\u015ft\u0131. Kariyeri boyunca Fran\u00e7ois Rabelais \u00dcniversitesi, T\u0131p Fak\u00fcltesi (Tours, Fransa) ve Virginia Arlington Hastanesi (Washington DC) dahil olmak \u00fczere yurt i\u00e7i ve yurt d\u0131\u015f\u0131nda prestijli kurumlarda g\u00f6rev ald\u0131. Clinic Center partner doktoru Ayd\u0131n, mikrocerrahi alan\u0131nda geni\u015f deneyime sahiptir ve meme ameliyatlar\u0131, estetik y\u00fcz ameliyatlar\u0131, v\u00fccut \u015fekillendirme prosed\u00fcrleri, burun ameliyatlar\u0131 ve g\u00f6z kapa\u011f\u0131 ameliyatlar\u0131na odaklanm\u0131\u015ft\u0131r.<\/p>\n\n\n\n<p>ISAPS gibi \u00f6nde gelen kurulu\u015flar\u0131n \u00fcyesidir ve alan\u0131ndaki en son teknikler ve geli\u015fmelerden haberdar olmak i\u00e7in toplant\u0131lara aktif olarak kat\u0131lmaktad\u0131r. Dr. Ayd\u0131n, \u0130stanbul Okan \u00dcniversitesi Plastik, Rekonstr\u00fcktif ve Estetik Cerrahi Anabilim Dal\u0131&#8217;n\u0131n kurulmas\u0131nda \u00f6nemli rol oynad\u0131. Hastalar onun m\u00fckemmel ileti\u015fim becerilerini ve elde etti\u011fi ola\u011fan\u00fcst\u00fc sonu\u00e7lar\u0131 takdir ediyor. Dr. Ayd\u0131n, 28 y\u0131ll\u0131k tecr\u00fcbesiyle plastik cerrahi alan\u0131nda ulusal ve uluslararas\u0131 alanda \u00f6nc\u00fc isim olmaya devam ediyor.<\/p>\n<\/div>\n\n\n\n<div class=\"wp-block-column is-layout-flow wp-block-column-is-layout-flow\" style=\"flex-basis:33.33%\">\n<figure class=\"wp-block-image size-full is-resized\"><img decoding=\"async\" width=\"500\" height=\"500\" src=\"https:\/\/cliniccenter.co.uk\/wp-content\/uploads\/2024\/01\/aydin-g_z_-1.jpg\" alt=\"\" class=\"wp-image-50279\" style=\"width:352px;height:auto\" srcset=\"https:\/\/cliniccenter.co.uk\/wp-content\/uploads\/2024\/01\/aydin-g_z_-1.jpg 500w, https:\/\/cliniccenter.co.uk\/wp-content\/uploads\/2024\/01\/aydin-g_z_-1-300x300.jpg 300w, https:\/\/cliniccenter.co.uk\/wp-content\/uploads\/2024\/01\/aydin-g_z_-1-150x150.jpg 150w\" sizes=\"(max-width: 500px) 100vw, 500px\" \/><\/figure>\n<\/div>\n<\/div>\n\n\n\n<div class=\"wp-block-columns is-layout-flex wp-container-core-columns-is-layout-5 wp-block-columns-is-layout-flex\">\n<div class=\"wp-block-column is-layout-flow wp-block-column-is-layout-flow\" style=\"flex-basis:33.33%\">\n<figure class=\"wp-block-image size-full\"><img decoding=\"async\" width=\"500\" height=\"500\" src=\"https:\/\/cliniccenter.co.uk\/wp-content\/uploads\/2024\/01\/cagri-sade-2-1.jpg\" alt=\"\" class=\"wp-image-50277\" srcset=\"https:\/\/cliniccenter.co.uk\/wp-content\/uploads\/2024\/01\/cagri-sade-2-1.jpg 500w, https:\/\/cliniccenter.co.uk\/wp-content\/uploads\/2024\/01\/cagri-sade-2-1-300x300.jpg 300w, https:\/\/cliniccenter.co.uk\/wp-content\/uploads\/2024\/01\/cagri-sade-2-1-150x150.jpg 150w\" sizes=\"(max-width: 500px) 100vw, 500px\" \/><\/figure>\n<\/div>\n\n\n\n<div class=\"wp-block-column is-layout-flow wp-block-column-is-layout-flow\" style=\"flex-basis:66.66%\">\n<h2 class=\"wp-block-heading\"><span class=\"ez-toc-section\" id=\"Dr_Cagri\"><\/span>Dr. \u00c7a\u011fr\u0131 <span class=\"ez-toc-section-end\"><\/span><\/h2>\n\n\n\n<p>Dr. \u00c7a\u011fr\u0131, son derece deneyimli bir plastik ve rekonstr\u00fcktif cerrah olup, 1994 y\u0131l\u0131nda Ankara \u00dcniversitesi T\u0131p Fak\u00fcltesi&#8217;nden mezun olmu\u015ftur. \u0130htisas\u0131n\u0131 2001 y\u0131l\u0131nda \u0130stanbul&#8217;da \u00f6nde gelen isimlerden e\u011fitim ald\u0131\u011f\u0131 tan\u0131nm\u0131\u015f bir e\u011fitim ve ara\u015ft\u0131rma hastanesinde tamamlam\u0131\u015ft\u0131r. Clinic Center partner doktoru \u00c7a\u011fr\u0131, 2002 y\u0131l\u0131nda Amerikal\u0131 plastik cerrah Dr. Sherrell J. Aston&#8217;un g\u00f6zlem program\u0131na kat\u0131larak uzmanl\u0131\u011f\u0131n\u0131 daha da ileri ta\u015f\u0131m\u0131\u015ft\u0131r. Daha sonra \u0130stanbul Amerikan Hastanesi&#8217;nde kadrolu cerrah olmu\u015ftur. 18 y\u0131l\u0131 a\u015fk\u0131n tecr\u00fcbesiyle Dr. \u00c7a\u011fr\u0131, hem erkek hem de kad\u0131nlara y\u00f6nelik cerrahi ve cerrahi olmayan estetik ve rekonstr\u00fcktif prosed\u00fcrlerde uzmanla\u015fm\u0131\u015ft\u0131r. Hastalar onun dost canl\u0131s\u0131 yakla\u015f\u0131m\u0131n\u0131, etkili ileti\u015fim becerilerini ve m\u00fckemmel cerrahi sonu\u00e7lar\u0131n\u0131 takdir ediyor.<\/p>\n<\/div>\n<\/div>\n\n\n\n<div class=\"wp-block-columns is-layout-flex wp-container-core-columns-is-layout-6 wp-block-columns-is-layout-flex\">\n<div class=\"wp-block-column is-layout-flow wp-block-column-is-layout-flow\" style=\"flex-basis:66.66%\">\n<h2 class=\"wp-block-heading\"><span class=\"ez-toc-section\" id=\"Dr_Gungor\"><\/span>Dr. G\u00fcng\u00f6r <span class=\"ez-toc-section-end\"><\/span><\/h2>\n\n\n\n<p>Dr. G\u00fcng\u00f6r, tan\u0131nm\u0131\u015f bir genel cerrahi uzman\u0131d\u0131r ve en kaliteli mide ameliyatlar\u0131n\u0131 sunmak i\u00e7in Clinic Center ile birlikte \u00e7al\u0131\u015fmaktad\u0131r. 1998 y\u0131l\u0131nda Marmara \u00dcniversitesi T\u0131p Fak\u00fcltesi&#8217;nden mezun olan Dr. G\u00fcng\u00f6r, 24 y\u0131ll\u0131k t\u0131p uzmanl\u0131\u011f\u0131na sahiptir. Dr. G\u00fcng\u00f6r, ba\u015far\u0131l\u0131 cerrahi sonu\u00e7lar\u0131n ayr\u0131lmaz bir par\u00e7as\u0131 oldu\u011funa inanarak hasta bak\u0131m\u0131nda empatiye \u00f6ncelik veriyor. \u00d6zel muayenehanesini kurmadan \u00f6nce \u00e7e\u015fitli hastanelerde \u00e7al\u0131\u015farak kariyeri boyunca hastalarla g\u00fcven ve yak\u0131nl\u0131k kurmu\u015ftur.<\/p>\n\n\n\n<p>Dr. G\u00fcng\u00f6r&#8217;\u00fcn Clinic Center&#8217;daki hizmetleri mide ameliyatlar\u0131na odaklanmakta olup, \u00e7e\u015fitli ulusal ve uluslararas\u0131 t\u0131bbi kurulu\u015flara \u00fcyeli\u011fi de bulunmaktad\u0131r. \u0130ngilizce ve \u0130spanyolcay\u0131 ak\u0131c\u0131 bir \u015fekilde konu\u015fur ve b\u00f6ylece farkl\u0131 \u00fclkelerden gelen hastalarla etkili ileti\u015fim sa\u011flar.<\/p>\n<\/div>\n\n\n\n<div class=\"wp-block-column is-layout-flow wp-block-column-is-layout-flow\" style=\"flex-basis:33.33%\">\n<figure class=\"wp-block-image size-full is-resized\"><img decoding=\"async\" width=\"500\" height=\"500\" src=\"https:\/\/cliniccenter.co.uk\/wp-content\/uploads\/2024\/01\/gungor-gul.webp\" alt=\"\" class=\"wp-image-50216\" style=\"width:352px;height:auto\" srcset=\"https:\/\/cliniccenter.co.uk\/wp-content\/uploads\/2024\/01\/gungor-gul.webp 500w, https:\/\/cliniccenter.co.uk\/wp-content\/uploads\/2024\/01\/gungor-gul-300x300.webp 300w, https:\/\/cliniccenter.co.uk\/wp-content\/uploads\/2024\/01\/gungor-gul-150x150.webp 150w\" sizes=\"(max-width: 500px) 100vw, 500px\" \/><\/figure>\n<\/div>\n<\/div>\n\n\n\n<style>\n@media only screen and (max-width: 768px) {\nfigure.alignright.size-large.is-resized {\n    width: 100%;\n}\n\nfigure  img {\n    width: 100%;\n}\n}\n\n<\/style>\n<\/p>","protected":false},"excerpt":{"rendered":"<p>Wise and Smile Clinic Center partner di\u015f klini\u011fi Wise and Smile, hem akademik di\u015f hekimi kadrosu hem de klini\u011fin fiziksel \u00f6zellikleri a\u00e7\u0131s\u0131ndan g\u00fcn\u00fcm\u00fcz teknolojisini ve hasta ihtiya\u00e7lar\u0131n\u0131 takip ederek en iyi ve g\u00fcncel tedavileri sunma vizyonuyla kurulmu\u015ftur. Wise and Smile Di\u015f Klini\u011fi, profesyonel ve deneyimli di\u015f hekimli\u011fi kadrosu, kapsaml\u0131 yakla\u015f\u0131m\u0131, modern te\u015fhis ve tedavi y\u00f6ntemleri [&hellip;]<\/p>\n","protected":false},"author":15,"featured_media":0,"parent":0,"menu_order":0,"comment_status":"closed","ping_status":"closed","template":"","meta":{"_uag_custom_page_level_css":"","_lmt_disableupdate":"","_lmt_disable":"","site-sidebar-layout":"default","site-content-layout":"default","ast-site-content-layout":"default","site-content-style":"default","site-sidebar-style":"default","ast-global-header-display":"","ast-banner-title-visibility":"","ast-main-header-display":"","ast-hfb-above-header-display":"","ast-hfb-below-header-display":"","ast-hfb-mobile-header-display":"","site-post-title":"","ast-breadcrumbs-content":"","ast-featured-img":"","footer-sml-layout":"","theme-transparent-header-meta":"default","adv-header-id-meta":"","stick-header-meta":"","header-above-stick-meta":"","header-main-stick-meta":"","header-below-stick-meta":"","astra-migrate-meta-layouts":"set","ast-page-background-enabled":"default","ast-page-background-meta":{"desktop":{"background-color":"","background-image":"","background-repeat":"repeat","background-position":"center center","background-size":"auto","background-attachment":"scroll","background-type":"","background-media":"","overlay-type":"","overlay-color":"","overlay-opacity":"","overlay-gradient":""},"tablet":{"background-color":"","background-image":"","background-repeat":"repeat","background-position":"center center","background-size":"auto","background-attachment":"scroll","background-type":"","background-media":"","overlay-type":"","overlay-color":"","overlay-opacity":"","overlay-gradient":""},"mobile":{"background-color":"","background-image":"","background-repeat":"repeat","background-position":"center center","background-size":"auto","background-attachment":"scroll","background-type":"","background-media":"","overlay-type":"","overlay-color":"","overlay-opacity":"","overlay-gradient":""}},"ast-content-background-meta":{"desktop":{"background-color":"var(--ast-global-color-5)","background-image":"","background-repeat":"repeat","background-position":"center center","background-size":"auto","background-attachment":"scroll","background-type":"","background-media":"","overlay-type":"","overlay-color":"","overlay-opacity":"","overlay-gradient":""},"tablet":{"background-color":"var(--ast-global-color-5)","background-image":"","background-repeat":"repeat","background-position":"center center","background-size":"auto","background-attachment":"scroll","background-type":"","background-media":"","overlay-type":"","overlay-color":"","overlay-opacity":"","overlay-gradient":""},"mobile":{"background-color":"var(--ast-global-color-5)","background-image":"","background-repeat":"repeat","background-position":"center center","background-size":"auto","background-attachment":"scroll","background-type":"","background-media":"","overlay-type":"","overlay-color":"","overlay-opacity":"","overlay-gradient":""}},"footnotes":""},"class_list":["post-54487","page","type-page","status-publish","hentry"],"yoast_head":"<!-- This site is optimized with the Yoast SEO plugin v25.3.1 - https:\/\/yoast.com\/wordpress\/plugins\/seo\/ -->\n<title>Clinic Center Partner Klinikler<\/title>\n<meta name=\"description\" content=\"Clinic Center, Medikal Turizm \u015eirketi, t\u0131bbi klinikler ve doktorlarla birlikte \u00e7al\u0131\u015fmaktad\u0131r. Daha fazla bilgi i\u00e7in g\u00f6z at\u0131n.\" \/>\n<meta name=\"robots\" content=\"noindex, follow\" \/>\n<meta property=\"og:locale\" content=\"tr_TR\" \/>\n<meta property=\"og:type\" content=\"article\" \/>\n<meta property=\"og:title\" content=\"Clinic Center Partner Klinikler\" \/>\n<meta property=\"og:description\" content=\"Clinic Center, Medikal Turizm \u015eirketi, t\u0131bbi klinikler ve doktorlarla birlikte \u00e7al\u0131\u015fmaktad\u0131r. Daha fazla bilgi i\u00e7in g\u00f6z at\u0131n.\" \/>\n<meta property=\"og:url\" content=\"https:\/\/cliniccenter.co.uk\/tr\/clinic-center-partner-klinikler\/\" \/>\n<meta property=\"article:publisher\" content=\"https:\/\/www.facebook.com\/cliniccenter.co.uk\/\" \/>\n<meta property=\"article:modified_time\" content=\"2025-02-18T07:14:44+00:00\" \/>\n<meta property=\"og:image\" content=\"https:\/\/cliniccenter.co.uk\/wp-content\/uploads\/2024\/02\/wise-and-smile-1.jpg\" \/>\n<meta name=\"twitter:card\" content=\"summary_large_image\" \/>\n<meta name=\"twitter:site\" content=\"@cliniccenteruk\" \/>\n<meta name=\"twitter:label1\" content=\"Tahmini okuma s\u00fcresi\" \/>\n\t<meta name=\"twitter:data1\" content=\"5 dakika\" \/>\n<!-- \/ Yoast SEO plugin. -->","yoast_head_json":{"title":"Clinic Center Partner Klinikler","description":"Clinic Center, Medikal Turizm \u015eirketi, t\u0131bbi klinikler ve doktorlarla birlikte \u00e7al\u0131\u015fmaktad\u0131r. Daha fazla bilgi i\u00e7in g\u00f6z at\u0131n.","robots":{"index":"noindex","follow":"follow"},"og_locale":"tr_TR","og_type":"article","og_title":"Clinic Center Partner Klinikler","og_description":"Clinic Center, Medikal Turizm \u015eirketi, t\u0131bbi klinikler ve doktorlarla birlikte \u00e7al\u0131\u015fmaktad\u0131r. Daha fazla bilgi i\u00e7in g\u00f6z at\u0131n.","og_url":"https:\/\/cliniccenter.co.uk\/tr\/clinic-center-partner-klinikler\/","article_publisher":"https:\/\/www.facebook.com\/cliniccenter.co.uk\/","article_modified_time":"2025-02-18T07:14:44+00:00","og_image":[{"url":"https:\/\/cliniccenter.co.uk\/wp-content\/uploads\/2024\/02\/wise-and-smile-1.jpg","type":"","width":"","height":""}],"twitter_card":"summary_large_image","twitter_site":"@cliniccenteruk","twitter_misc":{"Tahmini okuma s\u00fcresi":"5 dakika"},"schema":{"@context":"https:\/\/schema.org","@graph":[{"@type":"WebPage","@id":"https:\/\/cliniccenter.co.uk\/tr\/clinic-center-partner-klinikler\/","url":"https:\/\/cliniccenter.co.uk\/tr\/clinic-center-partner-klinikler\/","name":"Clinic Center Partner Klinikler","isPartOf":{"@id":"https:\/\/cliniccenter.co.uk\/ro\/#website"},"primaryImageOfPage":{"@id":"https:\/\/cliniccenter.co.uk\/tr\/clinic-center-partner-klinikler\/#primaryimage"},"image":{"@id":"https:\/\/cliniccenter.co.uk\/tr\/clinic-center-partner-klinikler\/#primaryimage"},"thumbnailUrl":"https:\/\/cliniccenter.co.uk\/wp-content\/uploads\/2024\/02\/wise-and-smile-1.jpg","datePublished":"2023-07-25T10:59:18+00:00","dateModified":"2025-02-18T07:14:44+00:00","description":"Clinic Center, Medikal Turizm \u015eirketi, t\u0131bbi klinikler ve doktorlarla birlikte \u00e7al\u0131\u015fmaktad\u0131r. Daha fazla bilgi i\u00e7in g\u00f6z at\u0131n.","breadcrumb":{"@id":"https:\/\/cliniccenter.co.uk\/tr\/clinic-center-partner-klinikler\/#breadcrumb"},"inLanguage":"tr","potentialAction":[{"@type":"ReadAction","target":["https:\/\/cliniccenter.co.uk\/tr\/clinic-center-partner-klinikler\/"]}]},{"@type":"ImageObject","inLanguage":"tr","@id":"https:\/\/cliniccenter.co.uk\/tr\/clinic-center-partner-klinikler\/#primaryimage","url":"https:\/\/cliniccenter.co.uk\/wp-content\/uploads\/2024\/02\/wise-and-smile-1.jpg","contentUrl":"https:\/\/cliniccenter.co.uk\/wp-content\/uploads\/2024\/02\/wise-and-smile-1.jpg"},{"@type":"BreadcrumbList","@id":"https:\/\/cliniccenter.co.uk\/tr\/clinic-center-partner-klinikler\/#breadcrumb","itemListElement":[{"@type":"ListItem","position":1,"name":"Home","item":"https:\/\/cliniccenter.co.uk\/tr\/"},{"@type":"ListItem","position":2,"name":"Clinic Center Partner Klinikler"}]},{"@type":"WebSite","@id":"https:\/\/cliniccenter.co.uk\/ro\/#website","url":"https:\/\/cliniccenter.co.uk\/ro\/","name":"","description":"","potentialAction":[{"@type":"SearchAction","target":{"@type":"EntryPoint","urlTemplate":"https:\/\/cliniccenter.co.uk\/ro\/?s={search_term_string}"},"query-input":{"@type":"PropertyValueSpecification","valueRequired":true,"valueName":"search_term_string"}}],"inLanguage":"tr"}]}},"uagb_featured_image_src":{"full":false,"thumbnail":false,"medium":false,"medium_large":false,"large":false,"1536x1536":false,"2048x2048":false},"uagb_author_info":{"display_name":"G\u00f6rkem G\u00fcng\u00f6r","author_link":"https:\/\/cliniccenter.co.uk\/tr\/blog\/author\/gorkem\/"},"uagb_comment_info":0,"uagb_excerpt":"Wise and Smile Clinic Center partner di\u015f klini\u011fi Wise and Smile, hem akademik di\u015f hekimi kadrosu hem de klini\u011fin fiziksel \u00f6zellikleri a\u00e7\u0131s\u0131ndan g\u00fcn\u00fcm\u00fcz teknolojisini ve hasta ihtiya\u00e7lar\u0131n\u0131 takip ederek en iyi ve g\u00fcncel tedavileri sunma vizyonuyla kurulmu\u015ftur. Wise and Smile Di\u015f Klini\u011fi, profesyonel ve deneyimli di\u015f hekimli\u011fi kadrosu, kapsaml\u0131 yakla\u015f\u0131m\u0131, modern te\u015fhis ve tedavi y\u00f6ntemleri&hellip;","_links":{"self":[{"href":"https:\/\/cliniccenter.co.uk\/tr\/wp-json\/wp\/v2\/pages\/54487"}],"collection":[{"href":"https:\/\/cliniccenter.co.uk\/tr\/wp-json\/wp\/v2\/pages"}],"about":[{"href":"https:\/\/cliniccenter.co.uk\/tr\/wp-json\/wp\/v2\/types\/page"}],"author":[{"embeddable":true,"href":"https:\/\/cliniccenter.co.uk\/tr\/wp-json\/wp\/v2\/users\/15"}],"replies":[{"embeddable":true,"href":"https:\/\/cliniccenter.co.uk\/tr\/wp-json\/wp\/v2\/comments?post=54487"}],"version-history":[{"count":5,"href":"https:\/\/cliniccenter.co.uk\/tr\/wp-json\/wp\/v2\/pages\/54487\/revisions"}],"predecessor-version":[{"id":59310,"href":"https:\/\/cliniccenter.co.uk\/tr\/wp-json\/wp\/v2\/pages\/54487\/revisions\/59310"}],"wp:attachment":[{"href":"https:\/\/cliniccenter.co.uk\/tr\/wp-json\/wp\/v2\/media?parent=54487"}],"curies":[{"name":"wp","href":"https:\/\/api.w.org\/{rel}","templated":true}]}}